{"id":26375,"date":"2020-12-04T12:35:27","date_gmt":"2020-12-04T12:35:27","guid":{"rendered":"https:\/\/pureobagi.com\/clenziderm\/"},"modified":"2022-03-21T17:14:23","modified_gmt":"2022-03-21T17:14:23","slug":"clenziderm","status":"publish","type":"page","link":"https:\/\/pureobagi.com\/de\/erkunde-das-sortiment\/clenziderm\/","title":{"rendered":"CLENZIderm"},"content":{"rendered":"\n<div class=\"wp-block-columns is-layout-flex wp-container-core-columns-is-layout-28f84493 wp-block-columns-is-layout-flex\">\n<div class=\"wp-block-column is-layout-flow wp-block-column-is-layout-flow\">\n<div class=\"wp-block-cover aligncenter is-light\"><span aria-hidden=\"true\" class=\"has-background-dim-0 wp-block-cover__gradient-background has-background-dim\"><\/span><img decoding=\"async\" width=\"1000\" height=\"1000\" class=\"wp-block-cover__image-background wp-image-46817\" alt=\"Obagi CLENZIderm M.D.\u00ae Daily Care Foaming Cleanser\" src=\"https:\/\/pureobagi.com\/wp-content\/uploads\/2020\/10\/clenziderm-lifestyle-1000x1000-1.jpg\" data-object-fit=\"cover\" srcset=\"https:\/\/pureobagi.com\/wp-content\/uploads\/2020\/10\/clenziderm-lifestyle-1000x1000-1.jpg 1000w, https:\/\/pureobagi.com\/wp-content\/uploads\/2020\/10\/clenziderm-lifestyle-1000x1000-1-300x300.jpg 300w, https:\/\/pureobagi.com\/wp-content\/uploads\/2020\/10\/clenziderm-lifestyle-1000x1000-1-150x150.jpg 150w, https:\/\/pureobagi.com\/wp-content\/uploads\/2020\/10\/clenziderm-lifestyle-1000x1000-1-768x768.jpg 768w, https:\/\/pureobagi.com\/wp-content\/uploads\/2020\/10\/clenziderm-lifestyle-1000x1000-1-600x600.jpg 600w, https:\/\/pureobagi.com\/wp-content\/uploads\/2020\/10\/clenziderm-lifestyle-1000x1000-1-324x324.jpg 324w, https:\/\/pureobagi.com\/wp-content\/uploads\/2020\/10\/clenziderm-lifestyle-1000x1000-1-416x416.jpg 416w, https:\/\/pureobagi.com\/wp-content\/uploads\/2020\/10\/clenziderm-lifestyle-1000x1000-1-100x100.jpg 100w\" sizes=\"(max-width: 1000px) 100vw, 1000px\" \/><div class=\"wp-block-cover__inner-container is-layout-flow wp-block-cover-is-layout-flow\">\n<p class=\"has-text-align-center has-large-font-size\"><\/p>\n<\/div><\/div>\n<\/div>\n\n\n\n<div class=\"wp-block-column is-layout-flow wp-block-column-is-layout-flow\">\n<p>Obagi CLENZIderm Daily Care Foaming Cleanser ist ein leichter, sch\u00e4umender Reiniger mit 2&nbsp;% Salicyls\u00e4ure, der die Poren \u00f6ffnet und abgestorbene Hautzellen abw\u00e4scht.<\/p>\n\n\n\n<p>Salicyls\u00e4ure l\u00f6st effektiv die abgestorbenen Hautzellen und \u00d6le, die die Poren verstopfen und Akneanzeichen wie Mitesser und Pickel verursachen k\u00f6nnen.<\/p>\n\n\n\n<p>Sanft genug, um es morgens und abends zu benutzen, ist Obagi CLENZIderm Daily Care Foaming Cleanser ein Gesichtsreiniger, der auf deiner Haut ein sauberes und erfrischtes Gef\u00fchl zur\u00fcckl\u00e4sst, ohne dass sie sich trocken, gespannt oder schuppig anf\u00fchlt. Mit Menthol, um irritierte Haut zu k\u00fchlen.<\/p>\n\n\n\n<p><em>Wusstest du schon?<\/em> Salicyls\u00e4ure wirkt, indem sie tief in die Poren eindringt, um zu verhindern, dass die Haarfollikel verstopfen, und sie verbessert die Aufnahme und das Eindringen der folgenden Hauptinhaltsstoffe.<\/p>\n\n\n\n<div class=\"wp-block-buttons is-layout-flex wp-block-buttons-is-layout-flex\">\n<div class=\"wp-block-button\"><a class=\"wp-block-button__link\" href=\"https:\/\/pureobagi.com\/de\/produkt-kategorie\/produktpalette\/clenziderm-m-d-de\/\">Kaufen Obagi CLENZIderm<\/a><\/div>\n<\/div>\n<\/div>\n<\/div>\n\n\n\n<div class=\"wp-block-columns is-layout-flex wp-container-core-columns-is-layout-28f84493 wp-block-columns-is-layout-flex\">\n<div class=\"wp-block-column is-layout-flow wp-block-column-is-layout-flow\" style=\"flex-basis:100%\">\n<div class=\"wp-block-columns is-layout-flex wp-container-core-columns-is-layout-28f84493 wp-block-columns-is-layout-flex\">\n<div class=\"wp-block-column is-layout-flow wp-block-column-is-layout-flow\">\n<h3 class=\"po-standout-text wp-block-heading\">2%<\/h3>\n\n\n\n<p>2&nbsp;% Salicyls\u00e4ure dringt tief in die Poren ein. Da Obagi CLENZIderm Daily Care Foaming Cleanser nach jeder Anwendung abgesp\u00fclt wird, ist es sanft genug f\u00fcr die Anwendung morgens und abends.<br><\/p>\n\n\n\n<h3 class=\"po-standout-text wp-block-heading\">K\u00dcHLEND<\/h3>\n\n\n\n<p>Das im CLENZIderm Daily Care Foaming Cleanser enthaltene Menthol sorgt daf\u00fcr, dass sich irritierte Haut nach jeder Anwendung k\u00fchl und erfrischt anf\u00fchlt.<br><\/p>\n<\/div>\n\n\n\n<div class=\"wp-block-column is-layout-flow wp-block-column-is-layout-flow\">\n<div class=\"wp-block-cover aligncenter is-light\"><span aria-hidden=\"true\" class=\"has-background-dim-0 wp-block-cover__gradient-background has-background-dim\"><\/span><img decoding=\"async\" width=\"1080\" height=\"1080\" class=\"wp-block-cover__image-background wp-image-49823\" alt=\"Obagi CLENZIderm M.D.\u00ae Daily Care Foaming Cleanser\" src=\"https:\/\/pureobagi.com\/wp-content\/uploads\/2022\/03\/248451669_1288630451608519_3101319382158432202_n.jpg\" style=\"object-position:48% 37%\" data-object-fit=\"cover\" data-object-position=\"48% 37%\" srcset=\"https:\/\/pureobagi.com\/wp-content\/uploads\/2022\/03\/248451669_1288630451608519_3101319382158432202_n.jpg 1080w, https:\/\/pureobagi.com\/wp-content\/uploads\/2022\/03\/248451669_1288630451608519_3101319382158432202_n-300x300.jpg 300w, https:\/\/pureobagi.com\/wp-content\/uploads\/2022\/03\/248451669_1288630451608519_3101319382158432202_n-1024x1024.jpg 1024w, https:\/\/pureobagi.com\/wp-content\/uploads\/2022\/03\/248451669_1288630451608519_3101319382158432202_n-150x150.jpg 150w, https:\/\/pureobagi.com\/wp-content\/uploads\/2022\/03\/248451669_1288630451608519_3101319382158432202_n-768x768.jpg 768w, https:\/\/pureobagi.com\/wp-content\/uploads\/2022\/03\/248451669_1288630451608519_3101319382158432202_n-600x600.jpg 600w, https:\/\/pureobagi.com\/wp-content\/uploads\/2022\/03\/248451669_1288630451608519_3101319382158432202_n-324x324.jpg 324w, https:\/\/pureobagi.com\/wp-content\/uploads\/2022\/03\/248451669_1288630451608519_3101319382158432202_n-416x416.jpg 416w, https:\/\/pureobagi.com\/wp-content\/uploads\/2022\/03\/248451669_1288630451608519_3101319382158432202_n-100x100.jpg 100w\" sizes=\"(max-width: 1080px) 100vw, 1080px\" \/><div class=\"wp-block-cover__inner-container is-layout-flow wp-block-cover-is-layout-flow\">\n<p class=\"has-text-align-center has-large-font-size\"><\/p>\n<\/div><\/div>\n<\/div>\n<\/div>\n<\/div>\n<\/div>\n\n\n\n<div class=\"wp-block-columns reverse-mobile is-layout-flex wp-container-core-columns-is-layout-28f84493 wp-block-columns-is-layout-flex\">\n<div class=\"wp-block-column is-layout-flow wp-block-column-is-layout-flow\">\n<div class=\"wp-block-cover aligncenter is-light\"><span aria-hidden=\"true\" class=\"has-background-dim-0 wp-block-cover__gradient-background has-background-dim\"><\/span><img decoding=\"async\" class=\"wp-block-cover__image-background wp-image-15861\" alt=\"\" src=\"https:\/\/pureobagi.com\/wp-content\/uploads\/2020\/12\/Product_Range_Images_00022_CLENZIderm_3.png\" data-object-fit=\"cover\"\/><div class=\"wp-block-cover__inner-container is-layout-flow wp-block-cover-is-layout-flow\">\n<p class=\"has-text-align-center has-large-font-size\"><\/p>\n<\/div><\/div>\n<\/div>\n\n\n\n<div class=\"wp-block-column is-layout-flow wp-block-column-is-layout-flow\">\n<h2 class=\"wp-block-heading\">WICHTIGE INHALTSSTOFFE<\/h2>\n\n\n\n<p>Obagi CLENZIderm Daily Care Foaming Cleanser gebraucht:<\/p>\n\n\n\n<ul class=\"wp-block-list\"><li>2&nbsp;% Salicyls\u00e4ure<br>um abgestorbene Hautzellen sanft abzuwaschen und eine ges\u00fcndere Haut zu enth\u00fcllen<\/li><li>Menthol<br> k\u00fchlt und beruhigt irritierte Haut<\/li><\/ul>\n\n\n\n<p>Erfahre mehr \u00fcber diese wichtigen Inhaltsstoffe, die in unseren Blogs vorgestellt werden<\/p>\n<\/div>\n<\/div>\n\n\n\n<div class=\"wp-block-columns is-layout-flex wp-container-core-columns-is-layout-28f84493 wp-block-columns-is-layout-flex\">\n<div class=\"wp-block-column is-layout-flow wp-block-column-is-layout-flow\">\n<h2 class=\"wp-block-heading\">Obagi CLENZIderm Produkt<\/h2>\n\n\n\n<p>Obagi CLENZIderm Daily Care Foaming Cleanser ist f\u00fcr alle mit zu Akne neigender, oder durch #Maskne belastete Haut geeignet.<\/p>\n\n\n\n<p>Bist du unsicher, ob Obagi CLENZIderm etwas f\u00fcr dich ist? Frag unseren medizinischen Partner<\/p>\n\n\n\n<div class=\"wp-block-buttons is-layout-flex wp-block-buttons-is-layout-flex\">\n<div class=\"wp-block-button\"><a class=\"wp-block-button__link\" href=\"https:\/\/pureobagi.com\/de\/skinstation\/\">Kontakt<\/a><\/div>\n<\/div>\n<\/div>\n\n\n\n<div class=\"wp-block-column is-layout-flow wp-block-column-is-layout-flow\">\n<figure class=\"wp-block-embed aligncenter is-type-video is-provider-vimeo wp-block-embed-vimeo wp-embed-aspect-16-9 wp-has-aspect-ratio\"><div class=\"wp-block-embed__wrapper\">\n<iframe loading=\"lazy\" title=\"CLENZIderm Cleanser\" src=\"https:\/\/player.vimeo.com\/video\/492522897?h=72d30d974c&amp;dnt=1&amp;app_id=122963\" width=\"980\" height=\"551\" frameborder=\"0\" allow=\"autoplay; fullscreen; picture-in-picture\" allowfullscreen><\/iframe>\n<\/div><\/figure>\n<\/div>\n<\/div>\n\n\n<div  class=\"wp-block-product-blocks-product-grid-3 wopb-block-2bb491 \"><div class=\"wopb-block-wrapper\"><div class=\"wopb-wrapper-main-content\"><div class=\"wopb-product-blocks-slide\" data-slidestoshow=\"3-2-1\" data-autoplay=\"\" data-slidespeed=\"3000\" data-showdots=\"\" data-showarrows=\"1\"><div class=\"wopb-block-item \"><div class=\"wopb-block-content-wrap\"><div class=\"wopb-block-image wopb-block-image-none\"><div class=\"wopb-onsale-hot\"><\/div><div class=\"wopb-product-new-meta\"><\/div><div class=\"wopb-quick-cart\"><div class=\"wopb-product-btn\"><div class=\"wopb-product-btn \"><span class=\"wopb-cart-action \" data-postid=\"29485\"><a href=\"\/de\/wp-json\/wp\/v2\/pages\/26375?add-to-cart=29485\" class=\"add_to_cart_button ajax_add_to_cart wopb-cart-normal\" data-stock=\"\" aria-label=\"In den Warenkorb legen: \u201eSUZANOBAGIMD\u2122 Intensive Daily Repair (IDR)\u201c\" data-quantity=\"1\" data-product_id=\"29485\" data-product_sku=\"SOMDIDREXFO\" rel=\"nofollow\">In den Warenkorb<\/a><a href=\"https:\/\/pureobagi.com\/de\/cart-2\/\" class=\"wopb-cart-active\">View Cart<\/a><\/span><\/div><\/div><\/div><a href=\"https:\/\/pureobagi.com\/de\/produkt\/suzanobagimd-intensive-daily-repair-idr\/\"><img decoding=\"async\" src=\"https:\/\/pureobagi.com\/wp-content\/uploads\/2020\/10\/IDR-bottle-1000x1000-1.png\" alt=\"SUZANOBAGIMD\u2122 Intensive Daily Repair (IDR)\" \/><\/a><\/div><div class=\"wopb-pg-cl wopb-pg-cl1\"><div class=\"wopb-product-cat-price\"><div class=\"wopb-product-price\"><span class=\"woocommerce-Price-amount amount\"><bdi><span class=\"woocommerce-Price-currencySymbol\">&euro;<\/span>64.80<\/bdi><\/span> <small class=\"woocommerce-price-suffix\">inkl. MwSt.<\/small><\/div><\/div><div class=\"wopb-product-title-review\"><h3 class=\"wopb-block-title\"><a title=\"SUZANOBAGIMD\u2122 Intensive Daily Repair (IDR)\"  href=\"https:\/\/pureobagi.com\/de\/produkt\/suzanobagimd-intensive-daily-repair-idr\/\">SUZANOBAGIMD\u2122 Intensive Daily Repair (IDR)<\/a><\/h3><\/div><\/div><\/div><\/div><div class=\"wopb-block-item \"><div class=\"wopb-block-content-wrap\"><div class=\"wopb-block-image wopb-block-image-none\"><div class=\"wopb-onsale-hot\"><\/div><div class=\"wopb-product-new-meta\"><\/div><div class=\"wopb-quick-cart\"><div class=\"wopb-product-btn\"><div class=\"wopb-product-btn \"><span class=\"wopb-cart-action \" data-postid=\"29510\"><a href=\"\/de\/wp-json\/wp\/v2\/pages\/26375?add-to-cart=29510\" class=\"add_to_cart_button ajax_add_to_cart wopb-cart-normal\" data-stock=\"\" aria-label=\"In den Warenkorb legen: \u201eSUZANOBAGIMD\u2122 Foaming Cleanser 200ml\u201c\" data-quantity=\"1\" data-product_id=\"29510\" data-product_sku=\"SOMDFOAMCLE\" rel=\"nofollow\">In den Warenkorb<\/a><a href=\"https:\/\/pureobagi.com\/de\/cart-2\/\" class=\"wopb-cart-active\">View Cart<\/a><\/span><\/div><\/div><\/div><a href=\"https:\/\/pureobagi.com\/de\/produkt\/suzanobagimd-foaming-cleanser-200ml\/\"><img decoding=\"async\" src=\"https:\/\/pureobagi.com\/wp-content\/uploads\/2020\/12\/somd-foaming-cleanser-bottle-1000x1000-1.png\" alt=\"SUZANOBAGIMD\u2122 Foaming Cleanser 200ml\" \/><\/a><\/div><div class=\"wopb-pg-cl wopb-pg-cl1\"><div class=\"wopb-product-cat-price\"><div class=\"wopb-product-price\"><span class=\"woocommerce-Price-amount amount\"><bdi><span class=\"woocommerce-Price-currencySymbol\">&euro;<\/span>36.90<\/bdi><\/span> <small class=\"woocommerce-price-suffix\">inkl. MwSt.<\/small><\/div><\/div><div class=\"wopb-product-title-review\"><h3 class=\"wopb-block-title\"><a title=\"SUZANOBAGIMD\u2122 Foaming Cleanser 200ml\"  href=\"https:\/\/pureobagi.com\/de\/produkt\/suzanobagimd-foaming-cleanser-200ml\/\">SUZANOBAGIMD\u2122 Foaming Cleanser 200ml<\/a><\/h3><\/div><\/div><\/div><\/div><div class=\"wopb-block-item \"><div class=\"wopb-block-content-wrap\"><div class=\"wopb-block-image wopb-block-image-none\"><div class=\"wopb-onsale-hot\"><\/div><div class=\"wopb-product-new-meta\"><\/div><div class=\"wopb-quick-cart\"><div class=\"wopb-product-btn\"><div class=\"wopb-product-btn \"><span class=\"wopb-cart-action \" data-postid=\"29506\"><a href=\"\/de\/wp-json\/wp\/v2\/pages\/26375?add-to-cart=29506\" class=\"add_to_cart_button ajax_add_to_cart wopb-cart-normal\" data-stock=\"\" aria-label=\"In den Warenkorb legen: \u201eSUZANOBAGIMD\u2122 Balancing Toner 200ml\u201c\" data-quantity=\"1\" data-product_id=\"29506\" data-product_sku=\"SOMDBALTONE\" rel=\"nofollow\">In den Warenkorb<\/a><a href=\"https:\/\/pureobagi.com\/de\/cart-2\/\" class=\"wopb-cart-active\">View Cart<\/a><\/span><\/div><\/div><\/div><a href=\"https:\/\/pureobagi.com\/de\/produkt\/suzanobagimd-balancing-toner-200ml\/\"><img decoding=\"async\" src=\"https:\/\/pureobagi.com\/wp-content\/uploads\/2020\/12\/somd-toner-bottle-1000x1000-1.png\" alt=\"SUZANOBAGIMD\u2122 Balancing Toner 200ml\" \/><\/a><\/div><div class=\"wopb-pg-cl wopb-pg-cl1\"><div class=\"wopb-product-cat-price\"><div class=\"wopb-product-price\"><span class=\"woocommerce-Price-amount amount\"><bdi><span class=\"woocommerce-Price-currencySymbol\">&euro;<\/span>36.90<\/bdi><\/span> <small class=\"woocommerce-price-suffix\">inkl. MwSt.<\/small><\/div><\/div><div class=\"wopb-product-title-review\"><h3 class=\"wopb-block-title\"><a title=\"SUZANOBAGIMD\u2122 Balancing Toner 200ml\"  href=\"https:\/\/pureobagi.com\/de\/produkt\/suzanobagimd-balancing-toner-200ml\/\">SUZANOBAGIMD\u2122 Balancing Toner 200ml<\/a><\/h3><\/div><\/div><\/div><\/div><div class=\"wopb-block-item \"><div class=\"wopb-block-content-wrap\"><div class=\"wopb-block-image wopb-block-image-none\"><div class=\"wopb-onsale-hot\"><\/div><div class=\"wopb-product-new-meta\"><\/div><div class=\"wopb-quick-cart\"><div class=\"wopb-product-btn\"><div class=\"wopb-product-btn \"><span class=\"wopb-cart-action \" data-postid=\"29488\"><a href=\"\/de\/wp-json\/wp\/v2\/pages\/26375?add-to-cart=29488\" class=\"add_to_cart_button ajax_add_to_cart wopb-cart-normal\" data-stock=\"6\" aria-label=\"In den Warenkorb legen: \u201eSUZANOBAGIMD Retivance\u00ae Skin Rejuvenating Complex\u201c\" data-quantity=\"1\" data-product_id=\"29488\" data-product_sku=\"SOMDRETIVAN\" rel=\"nofollow\">In den Warenkorb<\/a><a href=\"https:\/\/pureobagi.com\/de\/cart-2\/\" class=\"wopb-cart-active\">View Cart<\/a><\/span><\/div><\/div><\/div><a href=\"https:\/\/pureobagi.com\/de\/produkt\/suzanobagimd-retivance-skin-rejuvenating-complex\/\"><img decoding=\"async\" src=\"https:\/\/pureobagi.com\/wp-content\/uploads\/2020\/10\/retivance-bottle-1000x1000-1.png\" alt=\"SUZANOBAGIMD Retivance\u00ae Skin Rejuvenating Complex\" \/><\/a><\/div><div class=\"wopb-pg-cl wopb-pg-cl1\"><div class=\"wopb-product-cat-price\"><div class=\"wopb-product-price\"><span class=\"woocommerce-Price-amount amount\"><bdi><span class=\"woocommerce-Price-currencySymbol\">&euro;<\/span>116.10<\/bdi><\/span> <small class=\"woocommerce-price-suffix\">inkl. MwSt.<\/small><\/div><\/div><div class=\"wopb-product-title-review\"><h3 class=\"wopb-block-title\"><a title=\"SUZANOBAGIMD Retivance\u00ae Skin Rejuvenating Complex\"  href=\"https:\/\/pureobagi.com\/de\/produkt\/suzanobagimd-retivance-skin-rejuvenating-complex\/\">SUZANOBAGIMD Retivance\u00ae Skin Rejuvenating Complex<\/a><\/h3><\/div><\/div><\/div><\/div><div class=\"wopb-block-item \"><div class=\"wopb-block-content-wrap\"><div class=\"wopb-block-image wopb-block-image-none\"><div class=\"wopb-onsale-hot\"><\/div><div class=\"wopb-product-new-meta\"><\/div><div class=\"wopb-quick-cart\"><div class=\"wopb-product-btn\"><div class=\"wopb-product-btn \"><span class=\"wopb-cart-action \" data-postid=\"29477\"><a href=\"\/de\/wp-json\/wp\/v2\/pages\/26375?add-to-cart=29477\" class=\"add_to_cart_button ajax_add_to_cart wopb-cart-normal\" data-stock=\"47\" aria-label=\"In den Warenkorb legen: \u201eObagi360\u00ae Retinol 0.5\u201c\" data-quantity=\"1\" data-product_id=\"29477\" data-product_sku=\"RET050OBA05\" rel=\"nofollow\">In den Warenkorb<\/a><a href=\"https:\/\/pureobagi.com\/de\/cart-2\/\" class=\"wopb-cart-active\">View Cart<\/a><\/span><\/div><\/div><\/div><a href=\"https:\/\/pureobagi.com\/de\/produkt\/obagi360-retinol-0-5\/\"><img decoding=\"async\" src=\"https:\/\/pureobagi.com\/wp-content\/uploads\/2020\/10\/retinol-0.5-e1647617873185.png\" alt=\"Obagi360\u00ae Retinol 0.5\" \/><\/a><\/div><div class=\"wopb-pg-cl wopb-pg-cl1\"><div class=\"wopb-product-cat-price\"><div class=\"wopb-product-price\"><span class=\"woocommerce-Price-amount amount\"><bdi><span class=\"woocommerce-Price-currencySymbol\">&euro;<\/span>70.00<\/bdi><\/span> <small class=\"woocommerce-price-suffix\">inkl. MwSt.<\/small><\/div><\/div><div class=\"wopb-product-title-review\"><h3 class=\"wopb-block-title\"><a title=\"Obagi360\u00ae Retinol 0.5\"  href=\"https:\/\/pureobagi.com\/de\/produkt\/obagi360-retinol-0-5\/\">Obagi360\u00ae Retinol 0.5<\/a><\/h3><\/div><\/div><\/div><\/div><div class=\"wopb-block-item \"><div class=\"wopb-block-content-wrap\"><div class=\"wopb-block-image wopb-block-image-none\"><div class=\"wopb-onsale-hot\"><\/div><div class=\"wopb-product-new-meta\"><\/div><div class=\"wopb-quick-cart\"><div class=\"wopb-product-btn\"><div class=\"wopb-product-btn \"><span class=\"wopb-cart-action \" data-postid=\"29482\"><a href=\"\/de\/wp-json\/wp\/v2\/pages\/26375?add-to-cart=29482\" class=\"add_to_cart_button ajax_add_to_cart wopb-cart-normal\" data-stock=\"10\" aria-label=\"In den Warenkorb legen: \u201eObagi360 HydraFactor\u00ae Broad Spectrum SPF 30\u201c\" data-quantity=\"1\" data-product_id=\"29482\" data-product_sku=\"360HYMOBA01\" rel=\"nofollow\">In den Warenkorb<\/a><a href=\"https:\/\/pureobagi.com\/de\/cart-2\/\" class=\"wopb-cart-active\">View Cart<\/a><\/span><\/div><\/div><\/div><a href=\"https:\/\/pureobagi.com\/de\/produkt\/obagi-hydrafactor-spf30\/\"><img decoding=\"async\" src=\"https:\/\/pureobagi.com\/wp-content\/uploads\/2020\/10\/hydrafactor-bottle-1000x1000-1.png\" alt=\"Obagi360 HydraFactor\u00ae Broad Spectrum SPF 30\" \/><\/a><\/div><div class=\"wopb-pg-cl wopb-pg-cl1\"><div class=\"wopb-product-cat-price\"><div class=\"wopb-product-price\"><span class=\"woocommerce-Price-amount amount\"><bdi><span class=\"woocommerce-Price-currencySymbol\">&euro;<\/span>58.00<\/bdi><\/span> <small class=\"woocommerce-price-suffix\">inkl. MwSt.<\/small><\/div><\/div><div class=\"wopb-product-title-review\"><h3 class=\"wopb-block-title\"><a title=\"Obagi360 HydraFactor\u00ae Broad Spectrum SPF 30\"  href=\"https:\/\/pureobagi.com\/de\/produkt\/obagi-hydrafactor-spf30\/\">Obagi360 HydraFactor\u00ae Broad Spectrum SPF 30<\/a><\/h3><\/div><\/div><\/div><\/div><\/div><div class=\"wopb-slick-nav\" style=\"display:none\"><div class=\"wopb-slick-prev\"><div class=\"slick-arrow slick-prev\"><svg enable-background=\"new 0 0 477.175 477.175\" version=\"1.1\" viewBox=\"0 0 477.18 477.18\"><path d=\"m145.19 238.58 215.5-215.5c5.3-5.3 5.3-13.8 0-19.1s-13.8-5.3-19.1 0l-225.1 225.1c-5.3 5.3-5.3 13.8 0 19.1l225.1 225c2.6 2.6 6.1 4 9.5 4s6.9-1.3 9.5-4c5.3-5.3 5.3-13.8 0-19.1l-215.4-215.5z\"\/><\/svg><\/div><\/div><div class=\"wopb-slick-next\"><div class=\"slick-arrow slick-next\"><svg enable-background=\"new 0 0 477.175 477.175\" version=\"1.1\" viewBox=\"0 0 477.18 477.18\"><path d=\"m360.73 229.08-225.1-225.1c-5.3-5.3-13.8-5.3-19.1 0s-5.3 13.8 0 19.1l215.5 215.5-215.5 215.5c-5.3 5.3-5.3 13.8 0 19.1 2.6 2.6 6.1 4 9.5 4s6.9-1.3 9.5-4l225.1-225.1c5.3-5.2 5.3-13.8 0.1-19z\"\/><\/svg><\/div><\/div><\/div><\/div><\/div><\/div>","protected":false},"excerpt":{"rendered":"<p>Obagi CLENZIderm Daily Care Foaming Cleanser ist ein leichter, sch\u00e4umender Reiniger mit 2&nbsp;% Salicyls\u00e4ure, der die Poren \u00f6ffnet und abgestorbene Hautzellen abw\u00e4scht. Salicyls\u00e4ure l\u00f6st effektiv die abgestorbenen Hautzellen und \u00d6le, die die Poren verstopfen und Akneanzeichen wie Mitesser und Pickel verursachen k\u00f6nnen. Sanft genug, um es morgens und abends zu benutzen, ist Obagi CLENZIderm Daily [&hellip;]<\/p>\n","protected":false},"author":1,"featured_media":22981,"parent":26437,"menu_order":0,"comment_status":"closed","ping_status":"closed","template":"template-fullwidth.php","meta":{"_acf_changed":false,"footnotes":""},"class_list":["post-26375","page","type-page","status-publish","has-post-thumbnail","hentry"],"acf":[],"_links":{"self":[{"href":"https:\/\/pureobagi.com\/de\/wp-json\/wp\/v2\/pages\/26375","targetHints":{"allow":["GET"]}}],"collection":[{"href":"https:\/\/pureobagi.com\/de\/wp-json\/wp\/v2\/pages"}],"about":[{"href":"https:\/\/pureobagi.com\/de\/wp-json\/wp\/v2\/types\/page"}],"author":[{"embeddable":true,"href":"https:\/\/pureobagi.com\/de\/wp-json\/wp\/v2\/users\/1"}],"replies":[{"embeddable":true,"href":"https:\/\/pureobagi.com\/de\/wp-json\/wp\/v2\/comments?post=26375"}],"version-history":[{"count":6,"href":"https:\/\/pureobagi.com\/de\/wp-json\/wp\/v2\/pages\/26375\/revisions"}],"predecessor-version":[{"id":49829,"href":"https:\/\/pureobagi.com\/de\/wp-json\/wp\/v2\/pages\/26375\/revisions\/49829"}],"up":[{"embeddable":true,"href":"https:\/\/pureobagi.com\/de\/wp-json\/wp\/v2\/pages\/26437"}],"wp:featuredmedia":[{"embeddable":true,"href":"https:\/\/pureobagi.com\/de\/wp-json\/wp\/v2\/media\/22981"}],"wp:attachment":[{"href":"https:\/\/pureobagi.com\/de\/wp-json\/wp\/v2\/media?parent=26375"}],"curies":[{"name":"wp","href":"https:\/\/api.w.org\/{rel}","templated":true}]}}