{"id":26386,"date":"2020-12-04T12:35:52","date_gmt":"2020-12-04T12:35:52","guid":{"rendered":"https:\/\/pureobagi.com\/obagi-hydrators\/"},"modified":"2022-03-24T17:19:36","modified_gmt":"2022-03-24T17:19:36","slug":"hydrators","status":"publish","type":"page","link":"https:\/\/pureobagi.com\/de\/erkunde-das-sortiment\/hydrators\/","title":{"rendered":"Obagi Hydrators"},"content":{"rendered":"\n<div class=\"wp-block-columns is-layout-flex wp-container-core-columns-is-layout-28f84493 wp-block-columns-is-layout-flex\">\n<div class=\"wp-block-column is-layout-flow wp-block-column-is-layout-flow\">\n<div class=\"wp-block-cover aligncenter is-light\"><span aria-hidden=\"true\" class=\"has-background-dim-0 wp-block-cover__gradient-background has-background-dim\"><\/span><img decoding=\"async\" width=\"1000\" height=\"1000\" class=\"wp-block-cover__image-background wp-image-44619\" alt=\"Obagi Hydrators\" src=\"https:\/\/pureobagi.com\/wp-content\/uploads\/2022\/01\/hydrators-new-1000x1000-1.jpg\" data-object-fit=\"cover\" srcset=\"https:\/\/pureobagi.com\/wp-content\/uploads\/2022\/01\/hydrators-new-1000x1000-1.jpg 1000w, https:\/\/pureobagi.com\/wp-content\/uploads\/2022\/01\/hydrators-new-1000x1000-1-300x300.jpg 300w, https:\/\/pureobagi.com\/wp-content\/uploads\/2022\/01\/hydrators-new-1000x1000-1-150x150.jpg 150w, https:\/\/pureobagi.com\/wp-content\/uploads\/2022\/01\/hydrators-new-1000x1000-1-768x768.jpg 768w, https:\/\/pureobagi.com\/wp-content\/uploads\/2022\/01\/hydrators-new-1000x1000-1-600x600.jpg 600w, https:\/\/pureobagi.com\/wp-content\/uploads\/2022\/01\/hydrators-new-1000x1000-1-324x324.jpg 324w, https:\/\/pureobagi.com\/wp-content\/uploads\/2022\/01\/hydrators-new-1000x1000-1-416x416.jpg 416w, https:\/\/pureobagi.com\/wp-content\/uploads\/2022\/01\/hydrators-new-1000x1000-1-100x100.jpg 100w\" sizes=\"(max-width: 1000px) 100vw, 1000px\" \/><div class=\"wp-block-cover__inner-container is-layout-flow wp-block-cover-is-layout-flow\">\n<p class=\"has-text-align-center has-large-font-size\"><\/p>\n<\/div><\/div>\n<\/div>\n\n\n\n<div class=\"wp-block-column is-layout-flow wp-block-column-is-layout-flow\">\n<p>Erhalte sofortige und ganzt\u00e4gige Feuchtigkeitszufuhr mit Obagi Hydrators.<\/p>\n\n\n\n<p>Mit zunehmendem Alter ben\u00f6tigt die nat\u00fcrliche Barrierefunktion deiner Haut t\u00e4glich Feuchtigkeit und Unterst\u00fctzung, um sie vor \u00e4u\u00dferen Bedrohungen wie Infektionserregern und Allergenen zu sch\u00fctzen und den Wasserverlust der Haut zu verhindern.<\/p>\n\n\n\n<p>Die dermatologisch getesteten Obagi Hydrators Feuchtigkeitscremes sind nicht komedogen, verstopfen also nicht die Poren, sind hypoallergen, nicht reizend und helfen, die Haut zu gl\u00e4tten.<\/p>\n\n\n\n<p>Erh\u00e4ltlich in verschiedenen Formeln, darunter eine balsam\u00e4hnliche Textur f\u00fcr die Nacht und innovative, leichte Tropfen, die deine Haut sofort mit Feuchtigkeit versorgen und diese acht Stunden lang speichern.<br><\/p>\n<\/div>\n<\/div>\n\n\n\n<div class=\"wp-block-columns is-layout-flex wp-container-core-columns-is-layout-28f84493 wp-block-columns-is-layout-flex\">\n<div class=\"wp-block-column is-layout-flow wp-block-column-is-layout-flow\">\n<h3 class=\"po-standout-text wp-block-heading\">8&nbsp;STUNDEN<\/h3>\n\n\n\n<p>Acht Stunden Feuchtigkeitsspeicherung f\u00fcr die Haut mit innovativem 2-in-1Hydromanil\u2122 Technology (Hydrate<sup>\u00ae<\/sup> und Hydrate Luxe<sup>\u00ae<\/sup>) und Isoplentix\u2122 Technology (Daily Hydro-Drops\u2122)<br><\/p>\n\n\n\n<h3 class=\"po-standout-text wp-block-heading\">92%<\/h3>\n\n\n\n<p>92\u00a0% Verbesserung des Feuchtigkeitsgehalts der Haut innerhalb von 2\u00a0Stunden mit Obagi Hydrate Luxe<sup>\u00ae<\/sup>*<\/p>\n<\/div>\n\n\n\n<div class=\"wp-block-column is-layout-flow wp-block-column-is-layout-flow\">\n<div class=\"wp-block-cover aligncenter is-light\"><span aria-hidden=\"true\" class=\"has-background-dim-0 wp-block-cover__gradient-background has-background-dim\"><\/span><img decoding=\"async\" class=\"wp-block-cover__image-background wp-image-15738\" alt=\"\" src=\"https:\/\/pureobagi.com\/wp-content\/uploads\/2020\/12\/Product_Range_Images_00026_Hydrators_2.png\" data-object-fit=\"cover\"\/><div class=\"wp-block-cover__inner-container is-layout-flow wp-block-cover-is-layout-flow\">\n<p class=\"has-text-align-center has-large-font-size\"><\/p>\n<\/div><\/div>\n<\/div>\n<\/div>\n\n\n\n<h2 class=\"has-text-align-center wp-block-heading\">VORHER &amp; NACHHER<\/h2>\n\n\n\n<h4 class=\"has-text-align-center wp-block-heading\">Echte Menschen, echte Ergebnisse<\/h4>\n\n\n\n<div class=\"wp-block-columns is-layout-flex wp-container-core-columns-is-layout-28f84493 wp-block-columns-is-layout-flex\">\n<div class=\"wp-block-column is-layout-flow wp-block-column-is-layout-flow\"><\/div>\n\n\n\n<div class=\"wp-block-column is-layout-flow wp-block-column-is-layout-flow\">\n<figure class=\"wp-block-nelio-compare-images aligncenter\"><div class=\"wp-block-nelio-compare-images__comparison-wrapper wp-block-nelio-compare-images__comparison-wrapper--horizontally\" data-position=\"50\" data-direction=\"horizontal\"><div class=\"wp-block-nelio-compare-images__before-image wp-block-nelio-compare-images__before-image--horizontal\"><img decoding=\"async\" width=\"750\" height=\"786\" class=\"wp-image-7098\" src=\"https:\/\/pureobagi.com\/wp-content\/uploads\/2020\/12\/Dani_Before_Hydrate_Luxe.png\" alt=\"\" srcset=\"https:\/\/pureobagi.com\/wp-content\/uploads\/2020\/12\/Dani_Before_Hydrate_Luxe.png 750w, https:\/\/pureobagi.com\/wp-content\/uploads\/2020\/12\/Dani_Before_Hydrate_Luxe-416x436.png 416w, https:\/\/pureobagi.com\/wp-content\/uploads\/2020\/12\/Dani_Before_Hydrate_Luxe-286x300.png 286w\" sizes=\"(max-width: 750px) 100vw, 750px\" \/><\/div><div class=\"wp-block-nelio-compare-images__after-image wp-block-nelio-compare-images__after-image--horizontal\" style=\"width:50%\"><img decoding=\"async\" width=\"750\" height=\"786\" class=\"wp-image-7082\" src=\"https:\/\/pureobagi.com\/wp-content\/uploads\/2020\/12\/Dani_After_1_week.png\" alt=\"\" srcset=\"https:\/\/pureobagi.com\/wp-content\/uploads\/2020\/12\/Dani_After_1_week.png 750w, https:\/\/pureobagi.com\/wp-content\/uploads\/2020\/12\/Dani_After_1_week-416x436.png 416w, https:\/\/pureobagi.com\/wp-content\/uploads\/2020\/12\/Dani_After_1_week-286x300.png 286w\" sizes=\"(max-width: 750px) 100vw, 750px\" \/><\/div><div class=\"wp-block-nelio-compare-images__divider wp-block-nelio-compare-images__divider--vertical\"><\/div><div class=\"wp-block-nelio-compare-images__handler wp-block-nelio-compare-images__handler--vertical\"><\/div><\/div><\/figure>\n<\/div>\n\n\n\n<div class=\"wp-block-column is-layout-flow wp-block-column-is-layout-flow\"><\/div>\n<\/div>\n\n\n\n<div class=\"wp-block-columns reverse-mobile is-layout-flex wp-container-core-columns-is-layout-28f84493 wp-block-columns-is-layout-flex\">\n<div class=\"wp-block-column is-layout-flow wp-block-column-is-layout-flow\">\n<div class=\"wp-block-cover aligncenter is-light\"><span aria-hidden=\"true\" class=\"has-background-dim-0 wp-block-cover__gradient-background has-background-dim\"><\/span><img decoding=\"async\" width=\"1000\" height=\"1000\" class=\"wp-block-cover__image-background wp-image-44630\" alt=\"Obagi Hydrate\u00ae and Hydrate Luxe\u00ae\" src=\"https:\/\/pureobagi.com\/wp-content\/uploads\/2022\/01\/Hydrate-Luxe-new-1000x1000-1.jpg\" data-object-fit=\"cover\" srcset=\"https:\/\/pureobagi.com\/wp-content\/uploads\/2022\/01\/Hydrate-Luxe-new-1000x1000-1.jpg 1000w, https:\/\/pureobagi.com\/wp-content\/uploads\/2022\/01\/Hydrate-Luxe-new-1000x1000-1-300x300.jpg 300w, https:\/\/pureobagi.com\/wp-content\/uploads\/2022\/01\/Hydrate-Luxe-new-1000x1000-1-150x150.jpg 150w, https:\/\/pureobagi.com\/wp-content\/uploads\/2022\/01\/Hydrate-Luxe-new-1000x1000-1-768x768.jpg 768w, https:\/\/pureobagi.com\/wp-content\/uploads\/2022\/01\/Hydrate-Luxe-new-1000x1000-1-600x600.jpg 600w, https:\/\/pureobagi.com\/wp-content\/uploads\/2022\/01\/Hydrate-Luxe-new-1000x1000-1-324x324.jpg 324w, https:\/\/pureobagi.com\/wp-content\/uploads\/2022\/01\/Hydrate-Luxe-new-1000x1000-1-416x416.jpg 416w, https:\/\/pureobagi.com\/wp-content\/uploads\/2022\/01\/Hydrate-Luxe-new-1000x1000-1-100x100.jpg 100w\" sizes=\"(max-width: 1000px) 100vw, 1000px\" \/><div class=\"wp-block-cover__inner-container is-layout-flow wp-block-cover-is-layout-flow\">\n<p class=\"has-text-align-center has-large-font-size\"><\/p>\n<\/div><\/div>\n<\/div>\n\n\n\n<div class=\"wp-block-column is-layout-flow wp-block-column-is-layout-flow\">\n<h2 class=\"wp-block-heading\">WICHTIGE INHALTSSTOFFE<\/h2>\n\n\n\n<p>Obagi Hydrate<sup>\u00ae<\/sup>&nbsp;und Hydrate Luxe<sup>\u00ae<\/sup> beinhalten:<\/p>\n\n\n\n<ul class=\"wp-block-list\"><li>Hydromanil\u2122 Technology<\/li><li>Avocado\u00f6l<\/li><li>Glycerin<\/li><li>Mangobutter<\/li><li>Sheabutter<\/li><\/ul>\n\n\n\n<p>Obagi Daily Hydro-Drops\u2122 beinhaltet:<\/p>\n\n\n\n<ul class=\"wp-block-list\"><li>Abessinier\u00f6l<\/li><li>Hibiskus\u00f6l<\/li><li>Isoplentix\u2122 Technology<\/li><li>Omega-6<\/li><li>Omega-9<\/li><li>Vitamin&nbsp;B3<br><\/li><\/ul>\n\n\n\n<p>Erfahre mehr \u00fcber diese wichtigen Inhaltsstoffe, die in unseren Blogs vorgestellt werden<\/p>\n<\/div>\n<\/div>\n\n\n\n<div class=\"wp-block-columns is-layout-flex wp-container-core-columns-is-layout-28f84493 wp-block-columns-is-layout-flex\">\n<div class=\"wp-block-column is-layout-flow wp-block-column-is-layout-flow\">\n<h2 class=\"wp-block-heading\">OBAGI HYDRATOREN UND FEUCHTIGKEITSSPENDER UMFASSEN:<\/h2>\n\n\n\n<ul class=\"wp-block-list\"><li>Obagi Daily Hydro-Drops\u2122 \u2013 f\u00fcr normale bis fettige Haut<\/li><li>Obagi Hydrate<sup>\u00ae<\/sup> \u2013 f\u00fcr alle Hauttypen<\/li><li>Obagi Hydrate Luxe<sup>\u00ae<\/sup> \u2013 f\u00fcr zus\u00e4tzliche und n\u00e4chtliche Fl\u00fcssigkeitszufuhr<\/li><\/ul>\n\n\n\n<p>Unsicher, welche Obagi Hydrator du w\u00e4hlen sollst? Frag unseren medizinischen Partner<\/p>\n\n\n\n<div class=\"wp-block-buttons is-layout-flex wp-block-buttons-is-layout-flex\">\n<div class=\"wp-block-button\"><a class=\"wp-block-button__link\" href=\"https:\/\/pureobagi.com\/de\/skinstation\/\">Kontakt<\/a><\/div>\n<\/div>\n<\/div>\n\n\n\n<div class=\"wp-block-column is-layout-flow wp-block-column-is-layout-flow\">\n<figure class=\"wp-block-embed aligncenter is-type-video is-provider-vimeo wp-block-embed-vimeo\"><div class=\"wp-block-embed__wrapper\">\n<iframe loading=\"lazy\" title=\"Obagi -- Daily Hydro Drops\" src=\"https:\/\/player.vimeo.com\/video\/429914926?h=7a5db6f888&amp;dnt=1&amp;app_id=122963\" width=\"980\" height=\"517\" frameborder=\"0\" allow=\"autoplay; fullscreen; picture-in-picture\" allowfullscreen><\/iframe>\n<\/div><\/figure>\n\n\n\n<p><\/p>\n<\/div>\n<\/div>\n\n\n<div  class=\"wp-block-product-blocks-product-grid-3 wopb-block-402a03 \"><div class=\"wopb-block-wrapper\"><div class=\"wopb-wrapper-main-content\"><div class=\"wopb-product-blocks-slide\" data-slidestoshow=\"3-2-1\" data-autoplay=\"\" data-slidespeed=\"3000\" data-showdots=\"\" data-showarrows=\"1\"><div class=\"wopb-block-item \"><div class=\"wopb-block-content-wrap\"><div class=\"wopb-block-image wopb-block-image-none\"><div class=\"wopb-onsale-hot\"><\/div><div class=\"wopb-product-new-meta\"><\/div><div class=\"wopb-quick-cart\"><div class=\"wopb-product-btn\"><div class=\"wopb-product-btn \"><span class=\"wopb-cart-action \" data-postid=\"29477\"><a href=\"\/de\/wp-json\/wp\/v2\/pages\/26386?add-to-cart=29477\" class=\"add_to_cart_button ajax_add_to_cart wopb-cart-normal\" data-stock=\"46\" aria-label=\"In den Warenkorb legen: \u201eObagi360\u00ae Retinol 0.5\u201c\" data-quantity=\"1\" data-product_id=\"29477\" data-product_sku=\"RET050OBA05\" rel=\"nofollow\">In den Warenkorb<\/a><a href=\"https:\/\/pureobagi.com\/de\/cart-2\/\" class=\"wopb-cart-active\">View Cart<\/a><\/span><\/div><\/div><\/div><a href=\"https:\/\/pureobagi.com\/de\/produkt\/obagi360-retinol-0-5\/\"><img decoding=\"async\" src=\"https:\/\/pureobagi.com\/wp-content\/uploads\/2020\/10\/retinol-0.5-e1647617873185.png\" alt=\"Obagi360\u00ae Retinol 0.5\" \/><\/a><\/div><div class=\"wopb-pg-cl wopb-pg-cl1\"><div class=\"wopb-product-cat-price\"><div class=\"wopb-product-price\"><span class=\"woocommerce-Price-amount amount\"><bdi><span class=\"woocommerce-Price-currencySymbol\">&euro;<\/span>70.00<\/bdi><\/span> <small class=\"woocommerce-price-suffix\">inkl. MwSt.<\/small><\/div><\/div><div class=\"wopb-product-title-review\"><h3 class=\"wopb-block-title\"><a title=\"Obagi360\u00ae Retinol 0.5\"  href=\"https:\/\/pureobagi.com\/de\/produkt\/obagi360-retinol-0-5\/\">Obagi360\u00ae Retinol 0.5<\/a><\/h3><\/div><\/div><\/div><\/div><div class=\"wopb-block-item \"><div class=\"wopb-block-content-wrap\"><div class=\"wopb-block-image wopb-block-image-none\"><div class=\"wopb-onsale-hot\"><\/div><div class=\"wopb-product-new-meta\"><\/div><div class=\"wopb-quick-cart\"><div class=\"wopb-product-btn\"><div class=\"wopb-product-btn \"><span class=\"wopb-cart-action \" data-postid=\"29494\"><a href=\"https:\/\/pureobagi.com\/de\/produkt\/obagi-hydrate\/\" class=\"add_to_cart_button ajax_add_to_cart wopb-cart-normal\" data-stock=\"0\" aria-label=\"Lese mehr \u00fcber &#8222;Obagi Hydrate\u00ae&#8220;\" data-quantity=\"1\" data-product_id=\"29494\" data-product_sku=\"HYD048OBA01\" rel=\"nofollow\">Weiterlesen<\/a><a href=\"https:\/\/pureobagi.com\/de\/cart-2\/\" class=\"wopb-cart-active\">View Cart<\/a><\/span><\/div><\/div><\/div><div class=\"wopb-product-outofstock\"><span>Nicht vorr\u00e4tig<\/span><\/div><a href=\"https:\/\/pureobagi.com\/de\/produkt\/obagi-hydrate\/\"><img decoding=\"async\" src=\"https:\/\/pureobagi.com\/wp-content\/uploads\/2020\/10\/hydrate-bottle-1000x1000-1.png\" alt=\"Obagi Hydrate\u00ae\" \/><\/a><\/div><div class=\"wopb-pg-cl wopb-pg-cl1\"><div class=\"wopb-product-cat-price\"><div class=\"wopb-product-price\"><span class=\"woocommerce-Price-amount amount\"><bdi><span class=\"woocommerce-Price-currencySymbol\">&euro;<\/span>53.00<\/bdi><\/span> <small class=\"woocommerce-price-suffix\">inkl. MwSt.<\/small><\/div><\/div><div class=\"wopb-product-title-review\"><h3 class=\"wopb-block-title\"><a title=\"Obagi Hydrate\u00ae\"  href=\"https:\/\/pureobagi.com\/de\/produkt\/obagi-hydrate\/\">Obagi Hydrate\u00ae<\/a><\/h3><\/div><\/div><\/div><\/div><div class=\"wopb-block-item \"><div class=\"wopb-block-content-wrap\"><div class=\"wopb-block-image wopb-block-image-none\"><div class=\"wopb-onsale-hot\"><\/div><div class=\"wopb-product-new-meta\"><\/div><div class=\"wopb-quick-cart\"><div class=\"wopb-product-btn\"><div class=\"wopb-product-btn \"><span class=\"wopb-cart-action \" data-postid=\"29513\"><a href=\"\/de\/wp-json\/wp\/v2\/pages\/26386?add-to-cart=29513\" class=\"add_to_cart_button ajax_add_to_cart wopb-cart-normal\" data-stock=\"11\" aria-label=\"In den Warenkorb legen: \u201eObagi Daily Hydro-Drops\u2122 Facial Serum 30ml\u201c\" data-quantity=\"1\" data-product_id=\"29513\" data-product_sku=\"HYDROPOBA03\" rel=\"nofollow\">In den Warenkorb<\/a><a href=\"https:\/\/pureobagi.com\/de\/cart-2\/\" class=\"wopb-cart-active\">View Cart<\/a><\/span><\/div><\/div><\/div><a href=\"https:\/\/pureobagi.com\/de\/produkt\/daily-hydro-drops-facial-serum-30ml\/\"><img decoding=\"async\" src=\"https:\/\/pureobagi.com\/wp-content\/uploads\/2020\/12\/DHD-main-1000x1000-1.png\" alt=\"Obagi Daily Hydro-Drops\u2122 Facial Serum 30ml\" \/><\/a><\/div><div class=\"wopb-pg-cl wopb-pg-cl1\"><div class=\"wopb-product-cat-price\"><div class=\"wopb-product-price\"><span class=\"woocommerce-Price-amount amount\"><bdi><span class=\"woocommerce-Price-currencySymbol\">&euro;<\/span>94.00<\/bdi><\/span> <small class=\"woocommerce-price-suffix\">inkl. MwSt.<\/small><\/div><\/div><div class=\"wopb-product-title-review\"><h3 class=\"wopb-block-title\"><a title=\"Obagi Daily Hydro-Drops\u2122 Facial Serum 30ml\"  href=\"https:\/\/pureobagi.com\/de\/produkt\/daily-hydro-drops-facial-serum-30ml\/\">Obagi Daily Hydro-Drops\u2122 Facial Serum 30ml<\/a><\/h3><\/div><\/div><\/div><\/div><div class=\"wopb-block-item \"><div class=\"wopb-block-content-wrap\"><div class=\"wopb-block-image wopb-block-image-none\"><div class=\"wopb-onsale-hot\"><\/div><div class=\"wopb-product-new-meta\"><\/div><div class=\"wopb-quick-cart\"><div class=\"wopb-product-btn\"><div class=\"wopb-product-btn \"><span class=\"wopb-cart-action \" data-postid=\"29468\"><a href=\"\/de\/wp-json\/wp\/v2\/pages\/26386?add-to-cart=29468\" class=\"add_to_cart_button ajax_add_to_cart wopb-cart-normal\" data-stock=\"5\" aria-label=\"In den Warenkorb legen: \u201eObagi CLENZIderm Daily Care Foaming Cleanser\u201c\" data-quantity=\"1\" data-product_id=\"29468\" data-product_sku=\"CLE001OBA01\" rel=\"nofollow\">In den Warenkorb<\/a><a href=\"https:\/\/pureobagi.com\/de\/cart-2\/\" class=\"wopb-cart-active\">View Cart<\/a><\/span><\/div><\/div><\/div><a href=\"https:\/\/pureobagi.com\/de\/produkt\/clenziderm-daily-care-foaming-cleanser\/\"><img decoding=\"async\" src=\"https:\/\/pureobagi.com\/wp-content\/uploads\/2020\/10\/clenziderm-bottle-1000x1000-1.png\" alt=\"Obagi CLENZIderm Daily Care Foaming Cleanser\" \/><\/a><\/div><div class=\"wopb-pg-cl wopb-pg-cl1\"><div class=\"wopb-product-cat-price\"><div class=\"wopb-product-price\"><span class=\"woocommerce-Price-amount amount\"><bdi><span class=\"woocommerce-Price-currencySymbol\">&euro;<\/span>41.00<\/bdi><\/span> <small class=\"woocommerce-price-suffix\">inkl. MwSt.<\/small><\/div><\/div><div class=\"wopb-product-title-review\"><h3 class=\"wopb-block-title\"><a title=\"Obagi CLENZIderm Daily Care Foaming Cleanser\"  href=\"https:\/\/pureobagi.com\/de\/produkt\/clenziderm-daily-care-foaming-cleanser\/\">Obagi CLENZIderm Daily Care Foaming Cleanser<\/a><\/h3><\/div><\/div><\/div><\/div><div class=\"wopb-block-item \"><div class=\"wopb-block-content-wrap\"><div class=\"wopb-block-image wopb-block-image-none\"><div class=\"wopb-onsale-hot\"><\/div><div class=\"wopb-product-new-meta\"><\/div><div class=\"wopb-quick-cart\"><div class=\"wopb-product-btn\"><div class=\"wopb-product-btn \"><span class=\"wopb-cart-action \" data-postid=\"29470\"><a href=\"\/de\/wp-json\/wp\/v2\/pages\/26386?add-to-cart=29470\" class=\"add_to_cart_button ajax_add_to_cart wopb-cart-normal\" data-stock=\"7\" aria-label=\"In den Warenkorb legen: \u201eObagi Hydrate Luxe\u00ae\u201c\" data-quantity=\"1\" data-product_id=\"29470\" data-product_sku=\"HYDLUXOBA01\" rel=\"nofollow\">In den Warenkorb<\/a><a href=\"https:\/\/pureobagi.com\/de\/cart-2\/\" class=\"wopb-cart-active\">View Cart<\/a><\/span><\/div><\/div><\/div><a href=\"https:\/\/pureobagi.com\/de\/produkt\/obagi-hydrate-luxe\/\"><img decoding=\"async\" src=\"https:\/\/pureobagi.com\/wp-content\/uploads\/2020\/10\/hydrate-luxe-bottle-1000x1000-1.jpg\" alt=\"Obagi Hydrate Luxe\u00ae\" \/><\/a><\/div><div class=\"wopb-pg-cl wopb-pg-cl1\"><div class=\"wopb-product-cat-price\"><div class=\"wopb-product-price\"><span class=\"woocommerce-Price-amount amount\"><bdi><span class=\"woocommerce-Price-currencySymbol\">&euro;<\/span>75.00<\/bdi><\/span> <small class=\"woocommerce-price-suffix\">inkl. MwSt.<\/small><\/div><\/div><div class=\"wopb-product-title-review\"><h3 class=\"wopb-block-title\"><a title=\"Obagi Hydrate Luxe\u00ae\"  href=\"https:\/\/pureobagi.com\/de\/produkt\/obagi-hydrate-luxe\/\">Obagi Hydrate Luxe\u00ae<\/a><\/h3><\/div><\/div><\/div><\/div><div class=\"wopb-block-item \"><div class=\"wopb-block-content-wrap\"><div class=\"wopb-block-image wopb-block-image-none\"><div class=\"wopb-onsale-hot\"><\/div><div class=\"wopb-product-new-meta\"><\/div><div class=\"wopb-quick-cart\"><div class=\"wopb-product-btn\"><div class=\"wopb-product-btn \"><span class=\"wopb-cart-action \" data-postid=\"29469\"><a href=\"\/de\/wp-json\/wp\/v2\/pages\/26386?add-to-cart=29469\" class=\"add_to_cart_button ajax_add_to_cart wopb-cart-normal\" data-stock=\"11\" aria-label=\"In den Warenkorb legen: \u201eObagi Professional-C\u00ae Serum 15%\u201c\" data-quantity=\"1\" data-product_id=\"29469\" data-product_sku=\"PRO015OBA02\" rel=\"nofollow\">In den Warenkorb<\/a><a href=\"https:\/\/pureobagi.com\/de\/cart-2\/\" class=\"wopb-cart-active\">View Cart<\/a><\/span><\/div><\/div><\/div><a href=\"https:\/\/pureobagi.com\/de\/produkt\/obagi-professional-c-serum-15\/\"><img decoding=\"async\" src=\"https:\/\/pureobagi.com\/wp-content\/uploads\/2020\/10\/pro-c-15-bottle-1000x1000-1.png\" alt=\"Obagi Professional-C\u00ae Serum 15%\" \/><\/a><\/div><div class=\"wopb-pg-cl wopb-pg-cl1\"><div class=\"wopb-product-cat-price\"><div class=\"wopb-product-price\"><span class=\"woocommerce-Price-amount amount\"><bdi><span class=\"woocommerce-Price-currencySymbol\">&euro;<\/span>111.00<\/bdi><\/span> <small class=\"woocommerce-price-suffix\">inkl. MwSt.<\/small><\/div><\/div><div class=\"wopb-product-title-review\"><h3 class=\"wopb-block-title\"><a title=\"Obagi Professional-C\u00ae Serum 15%\"  href=\"https:\/\/pureobagi.com\/de\/produkt\/obagi-professional-c-serum-15\/\">Obagi Professional-C\u00ae Serum 15%<\/a><\/h3><\/div><\/div><\/div><\/div><\/div><div class=\"wopb-slick-nav\" style=\"display:none\"><div class=\"wopb-slick-prev\"><div class=\"slick-arrow slick-prev\"><svg enable-background=\"new 0 0 477.175 477.175\" version=\"1.1\" viewBox=\"0 0 477.18 477.18\"><path d=\"m145.19 238.58 215.5-215.5c5.3-5.3 5.3-13.8 0-19.1s-13.8-5.3-19.1 0l-225.1 225.1c-5.3 5.3-5.3 13.8 0 19.1l225.1 225c2.6 2.6 6.1 4 9.5 4s6.9-1.3 9.5-4c5.3-5.3 5.3-13.8 0-19.1l-215.4-215.5z\"\/><\/svg><\/div><\/div><div class=\"wopb-slick-next\"><div class=\"slick-arrow slick-next\"><svg enable-background=\"new 0 0 477.175 477.175\" version=\"1.1\" viewBox=\"0 0 477.18 477.18\"><path d=\"m360.73 229.08-225.1-225.1c-5.3-5.3-13.8-5.3-19.1 0s-5.3 13.8 0 19.1l215.5 215.5-215.5 215.5c-5.3 5.3-5.3 13.8 0 19.1 2.6 2.6 6.1 4 9.5 4s6.9-1.3 9.5-4l225.1-225.1c5.3-5.2 5.3-13.8 0.1-19z\"\/><\/svg><\/div><\/div><\/div><\/div><\/div><\/div>","protected":false},"excerpt":{"rendered":"<p>Erhalte sofortige und ganzt\u00e4gige Feuchtigkeitszufuhr mit Obagi Hydrators. Mit zunehmendem Alter ben\u00f6tigt die nat\u00fcrliche Barrierefunktion deiner Haut t\u00e4glich Feuchtigkeit und Unterst\u00fctzung, um sie vor \u00e4u\u00dferen Bedrohungen wie Infektionserregern und Allergenen zu sch\u00fctzen und den Wasserverlust der Haut zu verhindern. Die dermatologisch getesteten Obagi Hydrators Feuchtigkeitscremes sind nicht komedogen, verstopfen also nicht die Poren, sind hypoallergen, [&hellip;]<\/p>\n","protected":false},"author":1,"featured_media":20044,"parent":26437,"menu_order":0,"comment_status":"closed","ping_status":"closed","template":"template-fullwidth.php","meta":{"_acf_changed":false,"footnotes":""},"class_list":["post-26386","page","type-page","status-publish","has-post-thumbnail","hentry"],"acf":[],"_links":{"self":[{"href":"https:\/\/pureobagi.com\/de\/wp-json\/wp\/v2\/pages\/26386","targetHints":{"allow":["GET"]}}],"collection":[{"href":"https:\/\/pureobagi.com\/de\/wp-json\/wp\/v2\/pages"}],"about":[{"href":"https:\/\/pureobagi.com\/de\/wp-json\/wp\/v2\/types\/page"}],"author":[{"embeddable":true,"href":"https:\/\/pureobagi.com\/de\/wp-json\/wp\/v2\/users\/1"}],"replies":[{"embeddable":true,"href":"https:\/\/pureobagi.com\/de\/wp-json\/wp\/v2\/comments?post=26386"}],"version-history":[{"count":9,"href":"https:\/\/pureobagi.com\/de\/wp-json\/wp\/v2\/pages\/26386\/revisions"}],"predecessor-version":[{"id":50057,"href":"https:\/\/pureobagi.com\/de\/wp-json\/wp\/v2\/pages\/26386\/revisions\/50057"}],"up":[{"embeddable":true,"href":"https:\/\/pureobagi.com\/de\/wp-json\/wp\/v2\/pages\/26437"}],"wp:featuredmedia":[{"embeddable":true,"href":"https:\/\/pureobagi.com\/de\/wp-json\/wp\/v2\/media\/20044"}],"wp:attachment":[{"href":"https:\/\/pureobagi.com\/de\/wp-json\/wp\/v2\/media?parent=26386"}],"curies":[{"name":"wp","href":"https:\/\/api.w.org\/{rel}","templated":true}]}}