{"id":26407,"date":"2020-12-04T12:36:29","date_gmt":"2020-12-04T12:36:29","guid":{"rendered":"https:\/\/pureobagi.com\/obagi-professional-c-portfolio\/"},"modified":"2022-03-21T16:55:13","modified_gmt":"2022-03-21T16:55:13","slug":"professional-c-portfolio","status":"publish","type":"page","link":"https:\/\/pureobagi.com\/de\/erkunde-das-sortiment\/professional-c-portfolio\/","title":{"rendered":"Obagi Professional-C Portfolio"},"content":{"rendered":"\n<div class=\"wp-block-columns is-layout-flex wp-container-core-columns-is-layout-28f84493 wp-block-columns-is-layout-flex\">\n<div class=\"wp-block-column is-layout-flow wp-block-column-is-layout-flow\">\n<div class=\"wp-block-cover aligncenter is-light\"><span aria-hidden=\"true\" class=\"has-background-dim-0 wp-block-cover__gradient-background has-background-dim\"><\/span><img decoding=\"async\" class=\"wp-block-cover__image-background wp-image-15495\" alt=\"\" src=\"https:\/\/pureobagi.com\/wp-content\/uploads\/2020\/12\/Product_Range_Images_0002_Professional-C_Portfolio_1.jpg\" data-object-fit=\"cover\"\/><div class=\"wp-block-cover__inner-container is-layout-flow wp-block-cover-is-layout-flow\">\n<p class=\"has-text-align-center has-large-font-size\"><\/p>\n<\/div><\/div>\n<\/div>\n\n\n\n<div class=\"wp-block-column is-layout-flow wp-block-column-is-layout-flow\">\n<p>Vitamin&nbsp;C ist dank seiner zahlreichen Vorteile einer der beliebtesten Inhaltsstoffe in der Hautpflege.<\/p>\n\n\n\n<p>Vitamin&nbsp;C in der Hautpflege f\u00f6rdert die Kollagenproduktion und mindert das Erscheinungsbild von feinen Linien und Falten. Vitamin&nbsp;C ist auch ein Antioxidans, was bedeutet, dass es deine Haut vor Sch\u00e4den durch freie Radikale und Umwelteinfl\u00fcsse wie UV-Strahlung sch\u00fctzt und diese abwehrt. Vitamin&nbsp;C verst\u00e4rkt au\u00dferdem die Wirkung deines LSF-Sonnenschutzes.<\/p>\n\n\n\n<p>Obagi Professional-C\u00ae Portfolio verwendet L-Ascorbins\u00e4ure, den wissenschaftlichen Namen f\u00fcr reines Vitamin&nbsp;C, das in St\u00e4rken von 10&nbsp;% bis 30&nbsp;% erh\u00e4ltlich ist, um verschiedenen Hauttypen gerecht zu werden.<\/p>\n\n\n\n<p><em>Wusstest du schon?<\/em> L-Ascorbins\u00e4ure \u2013 die aktive Form von Vitamin&nbsp;C \u2013 hilft, die Haut zu beruhigen und aufzuhellen, w\u00e4hrend sie gleichzeitig Feuchtigkeit speichert und dir ein sofortiges Strahlen verleiht.<br><\/p>\n\n\n\n<div class=\"wp-block-buttons is-layout-flex wp-block-buttons-is-layout-flex\">\n<div class=\"wp-block-button\"><a class=\"wp-block-button__link\" href=\"https:\/\/pureobagi.com\/de\/produkt-kategorie\/produktpalette\/professional-c-portfolio-de\/\">Kaufen Professional-C<\/a><\/div>\n<\/div>\n<\/div>\n<\/div>\n\n\n\n<div class=\"wp-block-columns is-layout-flex wp-container-core-columns-is-layout-28f84493 wp-block-columns-is-layout-flex\">\n<div class=\"wp-block-column is-layout-flow wp-block-column-is-layout-flow\">\n<h3 class=\"po-standout-text wp-block-heading\">VITAMIN&nbsp;C<\/h3>\n\n\n\n<p>Was sind die Vorteile von Vitamin&nbsp;C?<\/p>\n\n\n\n<ul class=\"wp-block-list\"><li>Beugt vor und reduziert Anzeichen der Hautalterung, wie feine Linien und F\u00e4ltchen<\/li><li>Sch\u00fctzt vor zuk\u00fcnftigen Sch\u00e4den, die durch freie Radikale verursacht werden<\/li><li>Stimuliert die Kollagenproduktion f\u00fcr eine straffere, elastischere Haut<\/li><li>Hellt die Haut auf und sorgt f\u00fcr einen ebenm\u00e4\u00dfigen Teint<br><\/li><\/ul>\n\n\n\n<h3 class=\"po-standout-text wp-block-heading\">5&nbsp;X BESSER<\/h3>\n\n\n\n<p>5&nbsp;x bessere Aufnahme von Professional-C\u00ae Serum 20% im Vergleich zu SkinCeuticals Serum 20.* 91&nbsp;% der Professional-C Serum Anwender berichteten, dass ihre Haut heller und\/oder hydratisierter erschien.*<\/p>\n<\/div>\n\n\n\n<div class=\"wp-block-column is-layout-flow wp-block-column-is-layout-flow\">\n<div class=\"wp-block-cover aligncenter is-light\"><span aria-hidden=\"true\" class=\"has-background-dim-0 wp-block-cover__gradient-background has-background-dim\"><\/span><img decoding=\"async\" class=\"wp-block-cover__image-background wp-image-15512\" alt=\"\" src=\"https:\/\/pureobagi.com\/wp-content\/uploads\/2020\/12\/Product_Range_Images_0001_Professional-C_Portfolio_2.jpg\" data-object-fit=\"cover\"\/><div class=\"wp-block-cover__inner-container is-layout-flow wp-block-cover-is-layout-flow\">\n<p class=\"has-text-align-center has-large-font-size\"><\/p>\n<\/div><\/div>\n<\/div>\n<\/div>\n\n\n\n<div class=\"wp-block-columns reverse-mobile is-layout-flex wp-container-core-columns-is-layout-28f84493 wp-block-columns-is-layout-flex\">\n<div class=\"wp-block-column is-layout-flow wp-block-column-is-layout-flow\">\n<div class=\"wp-block-cover aligncenter is-light\"><span aria-hidden=\"true\" class=\"has-background-dim-0 wp-block-cover__gradient-background has-background-dim\"><\/span><img decoding=\"async\" class=\"wp-block-cover__image-background wp-image-15528\" alt=\"\" src=\"https:\/\/pureobagi.com\/wp-content\/uploads\/2020\/12\/Product_Range_Images_0000_Professional-C_Portfolio_3.jpg\" data-object-fit=\"cover\"\/><div class=\"wp-block-cover__inner-container is-layout-flow wp-block-cover-is-layout-flow\">\n<p class=\"has-text-align-center has-large-font-size\"><\/p>\n<\/div><\/div>\n<\/div>\n\n\n\n<div class=\"wp-block-column is-layout-flow wp-block-column-is-layout-flow\">\n<h2 class=\"wp-block-heading\">WICHTIGE INHALTSSTOFFE<\/h2>\n\n\n\n<p>Professional-C\u00ae-Produkte verwenden den Hauptinhaltsstoff L-Ascorbins\u00e4ure in verschiedenen St\u00e4rken<\/p>\n\n\n\n<ul class=\"wp-block-list\"><li>10&nbsp;% geeignet f\u00fcr empfindliche Hauttypen<\/li><li>15&nbsp;% f\u00fcr die meisten Hauttypen geeignet<\/li><li>20&nbsp;% geeignet f\u00fcr fettige Hauttypen<\/li><li>30&nbsp;% in polish + mask, absp\u00fclbare Rezeptur f\u00fcr die Anwendung bis zu drei Mal pro Woche<\/li><\/ul>\n\n\n\n<p>Erfahre mehr \u00fcber L-Ascorbins\u00e4ure in unseren Blogs<\/p>\n<\/div>\n<\/div>\n\n\n\n<div class=\"wp-block-columns is-layout-flex wp-container-core-columns-is-layout-28f84493 wp-block-columns-is-layout-flex\">\n<div class=\"wp-block-column is-layout-flow wp-block-column-is-layout-flow\">\n<h2 class=\"wp-block-heading\">OBAGI PROFESSIONAL-C HAUTPFLEGEPRODUKTE<\/h2>\n\n\n\n<ul class=\"wp-block-list\"><li>Professional-C\u00ae Serum 10&nbsp;%, mit L-Ascorbins\u00e4ure (Vitamin&nbsp;C)<\/li><li>Professional-C\u00ae Serum 15&nbsp;%, mit L-Ascorbins\u00e4ure (Vitamin&nbsp;C)<\/li><li>Professional-C\u00ae Serum 20&nbsp;%, mit L-Ascorbins\u00e4ure (Vitamin&nbsp;C)<\/li><li>Professional-C\u00ae Microdermabrasion Polish + Mask mit 30&nbsp;% L-Ascorbins\u00e4ure (Vitamin&nbsp;C)<\/li><\/ul>\n\n\n\n<p>Bist du unsicher, ob Obagi Professional-C\u00ae etwas f\u00fcr dich ist? Frag unseren medizinischen Partner<\/p>\n\n\n\n<div class=\"wp-block-buttons is-layout-flex wp-block-buttons-is-layout-flex\">\n<div class=\"wp-block-button\"><a class=\"wp-block-button__link\" href=\"https:\/\/pureobagi.com\/de\/skinstation\/\">Kontakt<\/a><\/div>\n<\/div>\n<\/div>\n\n\n\n<div class=\"wp-block-column is-layout-flow wp-block-column-is-layout-flow\">\n<figure class=\"wp-block-embed aligncenter is-type-video is-provider-vimeo wp-block-embed-vimeo wp-embed-aspect-16-9 wp-has-aspect-ratio\"><div class=\"wp-block-embed__wrapper\">\n<iframe loading=\"lazy\" title=\"Obagi Professional-C Microdermabrasion Polish + Mask\" src=\"https:\/\/player.vimeo.com\/video\/483977781?h=c1416b0473&amp;dnt=1&amp;app_id=122963\" width=\"980\" height=\"551\" frameborder=\"0\" allow=\"autoplay; fullscreen; picture-in-picture\" allowfullscreen><\/iframe>\n<\/div><\/figure>\n<\/div>\n<\/div>\n\n\n<div  class=\"wp-block-product-blocks-product-grid-3 wopb-block-269e5b \"><div class=\"wopb-block-wrapper\"><div class=\"wopb-wrapper-main-content\"><div class=\"wopb-product-blocks-slide\" data-slidestoshow=\"3-2-1\" data-autoplay=\"\" data-slidespeed=\"3000\" data-showdots=\"\" data-showarrows=\"1\"><div class=\"wopb-block-item \"><div class=\"wopb-block-content-wrap\"><div class=\"wopb-block-image wopb-block-image-none\"><div class=\"wopb-onsale-hot\"><\/div><div class=\"wopb-product-new-meta\"><\/div><div class=\"wopb-quick-cart\"><div class=\"wopb-product-btn\"><div class=\"wopb-product-btn \"><span class=\"wopb-cart-action \" data-postid=\"29477\"><a href=\"\/de\/wp-json\/wp\/v2\/pages\/26407?add-to-cart=29477\" class=\"add_to_cart_button ajax_add_to_cart wopb-cart-normal\" data-stock=\"47\" aria-label=\"In den Warenkorb legen: \u201eObagi360\u00ae Retinol 0.5\u201c\" data-quantity=\"1\" data-product_id=\"29477\" data-product_sku=\"RET050OBA05\" rel=\"nofollow\">In den Warenkorb<\/a><a href=\"https:\/\/pureobagi.com\/de\/cart-2\/\" class=\"wopb-cart-active\">View Cart<\/a><\/span><\/div><\/div><\/div><a href=\"https:\/\/pureobagi.com\/de\/produkt\/obagi360-retinol-0-5\/\"><img decoding=\"async\" src=\"https:\/\/pureobagi.com\/wp-content\/uploads\/2020\/10\/retinol-0.5-e1647617873185.png\" alt=\"Obagi360\u00ae Retinol 0.5\" \/><\/a><\/div><div class=\"wopb-pg-cl wopb-pg-cl1\"><div class=\"wopb-product-cat-price\"><div class=\"wopb-product-price\"><span class=\"woocommerce-Price-amount amount\"><bdi><span class=\"woocommerce-Price-currencySymbol\">&euro;<\/span>70.00<\/bdi><\/span> <small class=\"woocommerce-price-suffix\">inkl. MwSt.<\/small><\/div><\/div><div class=\"wopb-product-title-review\"><h3 class=\"wopb-block-title\"><a title=\"Obagi360\u00ae Retinol 0.5\"  href=\"https:\/\/pureobagi.com\/de\/produkt\/obagi360-retinol-0-5\/\">Obagi360\u00ae Retinol 0.5<\/a><\/h3><\/div><\/div><\/div><\/div><div class=\"wopb-block-item \"><div class=\"wopb-block-content-wrap\"><div class=\"wopb-block-image wopb-block-image-none\"><div class=\"wopb-onsale-hot\"><\/div><div class=\"wopb-product-new-meta\"><\/div><div class=\"wopb-quick-cart\"><div class=\"wopb-product-btn\"><div class=\"wopb-product-btn \"><span class=\"wopb-cart-action \" data-postid=\"29497\"><a href=\"\/de\/wp-json\/wp\/v2\/pages\/26407?add-to-cart=29497\" class=\"add_to_cart_button ajax_add_to_cart wopb-cart-normal\" data-stock=\"\" aria-label=\"In den Warenkorb legen: \u201eObagi Professional-C\u00ae Serum 10%\u201c\" data-quantity=\"1\" data-product_id=\"29497\" data-product_sku=\"PRO01OBA02\" rel=\"nofollow\">In den Warenkorb<\/a><a href=\"https:\/\/pureobagi.com\/de\/cart-2\/\" class=\"wopb-cart-active\">View Cart<\/a><\/span><\/div><\/div><\/div><a href=\"https:\/\/pureobagi.com\/de\/produkt\/obagi-professional-c-serum-10\/\"><img decoding=\"async\" src=\"https:\/\/pureobagi.com\/wp-content\/uploads\/2020\/10\/pro-c-10-bottle-1000x1000-1.png\" alt=\"Obagi Professional-C\u00ae Serum 10%\" \/><\/a><\/div><div class=\"wopb-pg-cl wopb-pg-cl1\"><div class=\"wopb-product-cat-price\"><div class=\"wopb-product-price\"><span class=\"woocommerce-Price-amount amount\"><bdi><span class=\"woocommerce-Price-currencySymbol\">&euro;<\/span>92.00<\/bdi><\/span> <small class=\"woocommerce-price-suffix\">inkl. MwSt.<\/small><\/div><\/div><div class=\"wopb-product-title-review\"><h3 class=\"wopb-block-title\"><a title=\"Obagi Professional-C\u00ae Serum 10%\"  href=\"https:\/\/pureobagi.com\/de\/produkt\/obagi-professional-c-serum-10\/\">Obagi Professional-C\u00ae Serum 10%<\/a><\/h3><\/div><\/div><\/div><\/div><div class=\"wopb-block-item \"><div class=\"wopb-block-content-wrap\"><div class=\"wopb-block-image wopb-block-image-none\"><div class=\"wopb-onsale-hot\"><\/div><div class=\"wopb-product-new-meta\"><\/div><div class=\"wopb-quick-cart\"><div class=\"wopb-product-btn\"><div class=\"wopb-product-btn \"><span class=\"wopb-cart-action \" data-postid=\"29455\"><a href=\"\/de\/wp-json\/wp\/v2\/pages\/26407?add-to-cart=29455\" class=\"add_to_cart_button ajax_add_to_cart wopb-cart-normal\" data-stock=\"\" aria-label=\"In den Warenkorb legen: \u201eObagi Nu-Derm\u00ae Clear Fx\u201c\" data-quantity=\"1\" data-product_id=\"29455\" data-product_sku=\"CLE060POL02\" rel=\"nofollow\">In den Warenkorb<\/a><a href=\"https:\/\/pureobagi.com\/de\/cart-2\/\" class=\"wopb-cart-active\">View Cart<\/a><\/span><\/div><\/div><\/div><a href=\"https:\/\/pureobagi.com\/de\/produkt\/obagi-nu-derm-clear-fx\/\"><img decoding=\"async\" src=\"https:\/\/pureobagi.com\/wp-content\/uploads\/2020\/10\/Clear-Fx-1000x1000-1.png\" alt=\"Obagi Nu-Derm\u00ae Clear Fx\" \/><\/a><\/div><div class=\"wopb-pg-cl wopb-pg-cl1\"><div class=\"wopb-product-cat-price\"><div class=\"wopb-product-price\"><span class=\"woocommerce-Price-amount amount\"><bdi><span class=\"woocommerce-Price-currencySymbol\">&euro;<\/span>107.00<\/bdi><\/span> <small class=\"woocommerce-price-suffix\">inkl. MwSt.<\/small><\/div><\/div><div class=\"wopb-product-title-review\"><h3 class=\"wopb-block-title\"><a title=\"Obagi Nu-Derm\u00ae Clear Fx\"  href=\"https:\/\/pureobagi.com\/de\/produkt\/obagi-nu-derm-clear-fx\/\">Obagi Nu-Derm\u00ae Clear Fx<\/a><\/h3><\/div><\/div><\/div><\/div><div class=\"wopb-block-item \"><div class=\"wopb-block-content-wrap\"><div class=\"wopb-block-image wopb-block-image-none\"><div class=\"wopb-onsale-hot\"><\/div><div class=\"wopb-product-new-meta\"><\/div><div class=\"wopb-quick-cart\"><div class=\"wopb-product-btn\"><div class=\"wopb-product-btn \"><span class=\"wopb-cart-action \" data-postid=\"29468\"><a href=\"\/de\/wp-json\/wp\/v2\/pages\/26407?add-to-cart=29468\" class=\"add_to_cart_button ajax_add_to_cart wopb-cart-normal\" data-stock=\"\" aria-label=\"In den Warenkorb legen: \u201eObagi CLENZIderm Daily Care Foaming Cleanser\u201c\" data-quantity=\"1\" data-product_id=\"29468\" data-product_sku=\"CLE001OBA01\" rel=\"nofollow\">In den Warenkorb<\/a><a href=\"https:\/\/pureobagi.com\/de\/cart-2\/\" class=\"wopb-cart-active\">View Cart<\/a><\/span><\/div><\/div><\/div><a href=\"https:\/\/pureobagi.com\/de\/produkt\/clenziderm-daily-care-foaming-cleanser\/\"><img decoding=\"async\" src=\"https:\/\/pureobagi.com\/wp-content\/uploads\/2020\/10\/clenziderm-bottle-1000x1000-1.png\" alt=\"Obagi CLENZIderm Daily Care Foaming Cleanser\" \/><\/a><\/div><div class=\"wopb-pg-cl wopb-pg-cl1\"><div class=\"wopb-product-cat-price\"><div class=\"wopb-product-price\"><span class=\"woocommerce-Price-amount amount\"><bdi><span class=\"woocommerce-Price-currencySymbol\">&euro;<\/span>41.00<\/bdi><\/span> <small class=\"woocommerce-price-suffix\">inkl. MwSt.<\/small><\/div><\/div><div class=\"wopb-product-title-review\"><h3 class=\"wopb-block-title\"><a title=\"Obagi CLENZIderm Daily Care Foaming Cleanser\"  href=\"https:\/\/pureobagi.com\/de\/produkt\/clenziderm-daily-care-foaming-cleanser\/\">Obagi CLENZIderm Daily Care Foaming Cleanser<\/a><\/h3><\/div><\/div><\/div><\/div><div class=\"wopb-block-item \"><div class=\"wopb-block-content-wrap\"><div class=\"wopb-block-image wopb-block-image-none\"><div class=\"wopb-onsale-hot\"><\/div><div class=\"wopb-product-new-meta\"><\/div><div class=\"wopb-quick-cart\"><div class=\"wopb-product-btn\"><div class=\"wopb-product-btn \"><span class=\"wopb-cart-action \" data-postid=\"29495\"><a href=\"\/de\/wp-json\/wp\/v2\/pages\/26407?add-to-cart=29495\" class=\"add_to_cart_button ajax_add_to_cart wopb-cart-normal\" data-stock=\"\" aria-label=\"In den Warenkorb legen: \u201eObagi ELASTIderm\u00ae Facial Serum\u201c\" data-quantity=\"1\" data-product_id=\"29495\" data-product_sku=\"ELAFACOBA01\" rel=\"nofollow\">In den Warenkorb<\/a><a href=\"https:\/\/pureobagi.com\/de\/cart-2\/\" class=\"wopb-cart-active\">View Cart<\/a><\/span><\/div><\/div><\/div><a href=\"https:\/\/pureobagi.com\/de\/produkt\/obagi-elastiderm-facial-serum\/\"><img decoding=\"async\" src=\"https:\/\/pureobagi.com\/wp-content\/uploads\/2020\/12\/EFS-bottle-1000x1000-1.jpg\" alt=\"Obagi ELASTIderm\u00ae Facial Serum\" \/><\/a><\/div><div class=\"wopb-pg-cl wopb-pg-cl1\"><div class=\"wopb-product-cat-price\"><div class=\"wopb-product-price\"><span class=\"woocommerce-Price-amount amount\"><bdi><span class=\"woocommerce-Price-currencySymbol\">&euro;<\/span>186.00<\/bdi><\/span> <small class=\"woocommerce-price-suffix\">inkl. MwSt.<\/small><\/div><\/div><div class=\"wopb-product-title-review\"><h3 class=\"wopb-block-title\"><a title=\"Obagi ELASTIderm\u00ae Facial Serum\"  href=\"https:\/\/pureobagi.com\/de\/produkt\/obagi-elastiderm-facial-serum\/\">Obagi ELASTIderm\u00ae Facial Serum<\/a><\/h3><\/div><\/div><\/div><\/div><div class=\"wopb-block-item \"><div class=\"wopb-block-content-wrap\"><div class=\"wopb-block-image wopb-block-image-none\"><div class=\"wopb-onsale-hot\"><\/div><div class=\"wopb-product-new-meta\"><\/div><div class=\"wopb-quick-cart\"><div class=\"wopb-product-btn\"><div class=\"wopb-product-btn \"><span class=\"wopb-cart-action \" data-postid=\"29513\"><a href=\"\/de\/wp-json\/wp\/v2\/pages\/26407?add-to-cart=29513\" class=\"add_to_cart_button ajax_add_to_cart wopb-cart-normal\" data-stock=\"\" aria-label=\"In den Warenkorb legen: \u201eObagi Daily Hydro-Drops\u2122 Facial Serum 30ml\u201c\" data-quantity=\"1\" data-product_id=\"29513\" data-product_sku=\"HYDROPOBA03\" rel=\"nofollow\">In den Warenkorb<\/a><a href=\"https:\/\/pureobagi.com\/de\/cart-2\/\" class=\"wopb-cart-active\">View Cart<\/a><\/span><\/div><\/div><\/div><a href=\"https:\/\/pureobagi.com\/de\/produkt\/daily-hydro-drops-facial-serum-30ml\/\"><img decoding=\"async\" src=\"https:\/\/pureobagi.com\/wp-content\/uploads\/2020\/12\/DHD-main-1000x1000-1.png\" alt=\"Obagi Daily Hydro-Drops\u2122 Facial Serum 30ml\" \/><\/a><\/div><div class=\"wopb-pg-cl wopb-pg-cl1\"><div class=\"wopb-product-cat-price\"><div class=\"wopb-product-price\"><span class=\"woocommerce-Price-amount amount\"><bdi><span class=\"woocommerce-Price-currencySymbol\">&euro;<\/span>94.00<\/bdi><\/span> <small class=\"woocommerce-price-suffix\">inkl. MwSt.<\/small><\/div><\/div><div class=\"wopb-product-title-review\"><h3 class=\"wopb-block-title\"><a title=\"Obagi Daily Hydro-Drops\u2122 Facial Serum 30ml\"  href=\"https:\/\/pureobagi.com\/de\/produkt\/daily-hydro-drops-facial-serum-30ml\/\">Obagi Daily Hydro-Drops\u2122 Facial Serum 30ml<\/a><\/h3><\/div><\/div><\/div><\/div><\/div><div class=\"wopb-slick-nav\" style=\"display:none\"><div class=\"wopb-slick-prev\"><div class=\"slick-arrow slick-prev\"><svg enable-background=\"new 0 0 477.175 477.175\" version=\"1.1\" viewBox=\"0 0 477.18 477.18\"><path d=\"m145.19 238.58 215.5-215.5c5.3-5.3 5.3-13.8 0-19.1s-13.8-5.3-19.1 0l-225.1 225.1c-5.3 5.3-5.3 13.8 0 19.1l225.1 225c2.6 2.6 6.1 4 9.5 4s6.9-1.3 9.5-4c5.3-5.3 5.3-13.8 0-19.1l-215.4-215.5z\"\/><\/svg><\/div><\/div><div class=\"wopb-slick-next\"><div class=\"slick-arrow slick-next\"><svg enable-background=\"new 0 0 477.175 477.175\" version=\"1.1\" viewBox=\"0 0 477.18 477.18\"><path d=\"m360.73 229.08-225.1-225.1c-5.3-5.3-13.8-5.3-19.1 0s-5.3 13.8 0 19.1l215.5 215.5-215.5 215.5c-5.3 5.3-5.3 13.8 0 19.1 2.6 2.6 6.1 4 9.5 4s6.9-1.3 9.5-4l225.1-225.1c5.3-5.2 5.3-13.8 0.1-19z\"\/><\/svg><\/div><\/div><\/div><\/div><\/div><\/div>","protected":false},"excerpt":{"rendered":"<p>Vitamin&nbsp;C ist dank seiner zahlreichen Vorteile einer der beliebtesten Inhaltsstoffe in der Hautpflege. Vitamin&nbsp;C in der Hautpflege f\u00f6rdert die Kollagenproduktion und mindert das Erscheinungsbild von feinen Linien und Falten. Vitamin&nbsp;C ist auch ein Antioxidans, was bedeutet, dass es deine Haut vor Sch\u00e4den durch freie Radikale und Umwelteinfl\u00fcsse wie UV-Strahlung sch\u00fctzt und diese abwehrt. Vitamin&nbsp;C verst\u00e4rkt [&hellip;]<\/p>\n","protected":false},"author":1,"featured_media":20104,"parent":26437,"menu_order":0,"comment_status":"closed","ping_status":"closed","template":"template-fullwidth.php","meta":{"_acf_changed":false,"footnotes":""},"class_list":["post-26407","page","type-page","status-publish","has-post-thumbnail","hentry"],"acf":[],"_links":{"self":[{"href":"https:\/\/pureobagi.com\/de\/wp-json\/wp\/v2\/pages\/26407","targetHints":{"allow":["GET"]}}],"collection":[{"href":"https:\/\/pureobagi.com\/de\/wp-json\/wp\/v2\/pages"}],"about":[{"href":"https:\/\/pureobagi.com\/de\/wp-json\/wp\/v2\/types\/page"}],"author":[{"embeddable":true,"href":"https:\/\/pureobagi.com\/de\/wp-json\/wp\/v2\/users\/1"}],"replies":[{"embeddable":true,"href":"https:\/\/pureobagi.com\/de\/wp-json\/wp\/v2\/comments?post=26407"}],"version-history":[{"count":9,"href":"https:\/\/pureobagi.com\/de\/wp-json\/wp\/v2\/pages\/26407\/revisions"}],"predecessor-version":[{"id":49794,"href":"https:\/\/pureobagi.com\/de\/wp-json\/wp\/v2\/pages\/26407\/revisions\/49794"}],"up":[{"embeddable":true,"href":"https:\/\/pureobagi.com\/de\/wp-json\/wp\/v2\/pages\/26437"}],"wp:featuredmedia":[{"embeddable":true,"href":"https:\/\/pureobagi.com\/de\/wp-json\/wp\/v2\/media\/20104"}],"wp:attachment":[{"href":"https:\/\/pureobagi.com\/de\/wp-json\/wp\/v2\/media?parent=26407"}],"curies":[{"name":"wp","href":"https:\/\/api.w.org\/{rel}","templated":true}]}}