{"id":26413,"date":"2020-12-04T12:36:06","date_gmt":"2020-12-04T12:36:06","guid":{"rendered":"https:\/\/pureobagi.com\/obagi360-systems\/"},"modified":"2021-08-23T16:04:50","modified_gmt":"2021-08-23T15:04:50","slug":"obagi360-system","status":"publish","type":"page","link":"https:\/\/pureobagi.com\/de\/erkunde-das-sortiment\/obagi360-system\/","title":{"rendered":"OBAGI360 Systems"},"content":{"rendered":"\n<div class=\"wp-block-columns is-layout-flex wp-container-core-columns-is-layout-28f84493 wp-block-columns-is-layout-flex\">\n<div class=\"wp-block-column is-layout-flow wp-block-column-is-layout-flow\">\n<div class=\"wp-block-cover aligncenter\"><img decoding=\"async\" class=\"wp-block-cover__image-background wp-image-15605\" alt=\"\" src=\"https:\/\/pureobagi.com\/wp-content\/uploads\/2020\/12\/Product_Range_Images_0005_OBAGI360_1.jpg\" data-object-fit=\"cover\"\/><div class=\"wp-block-cover__inner-container is-layout-flow wp-block-cover-is-layout-flow\">\n<p class=\"has-text-align-center has-large-font-size\"><\/p>\n<\/div><\/div>\n<\/div>\n\n\n\n<div class=\"wp-block-column is-layout-flow wp-block-column-is-layout-flow\">\n<p>Das OBAGI360 System ist ein komplettes Hautpflegesystem, das zur proaktiven Erhaltung jugendlich aussehender Haut beitr\u00e4gt. Entwickelt f\u00fcr j\u00fcngere Patienten im Alter von 20-30 Jahren, wenn Probleme wie Akne noch h\u00e4ufig auftreten, erh\u00e4lt OBAGI360 System ein Leben lang eine jugendliche, strahlend aussehende Haut, zu einem Zeitpunkt, an dem sonst die ersten Zeichen der Hautalterung wie Hautverf\u00e4rbungen, ungleichm\u00e4\u00dfige Textur und feine Linien und Falten auftreten.<\/p>\n\n\n\n<p>OBAGI360 System hilft, deine Haut heute zu sch\u00fctzen und sie auf morgen vorzubereiten. Dieses umfassende System wurde zum Schutz und zur Vorbeugung gegen Zeichen der Hautalterung entwickelt. Es beinhaltet ein sanftes Peeling, f\u00f6rdert die Zellerneuerung und sch\u00fctzt die Haut vor sch\u00e4dlichen UVA- und UVB-Strahlen, damit deine Haut ein Leben lang durchh\u00e4lt.<\/p>\n\n\n\n<div class=\"wp-block-buttons is-layout-flex wp-block-buttons-is-layout-flex\">\n<div class=\"wp-block-button\"><a class=\"wp-block-button__link\" href=\"https:\/\/pureobagi.com\/de\/produkt-kategorie\/produktpalette\/obagi360-system-de\/\">Kaufen Obagi360<\/a><\/div>\n<\/div>\n<\/div>\n<\/div>\n\n\n\n<div class=\"wp-block-columns is-layout-flex wp-container-core-columns-is-layout-28f84493 wp-block-columns-is-layout-flex\">\n<div class=\"wp-block-column is-layout-flow wp-block-column-is-layout-flow\">\n<h3 class=\"po-standout-text wp-block-heading\">360<\/h3>\n\n\n\n<p>OBAGI360 System verbessert das Aussehen von:<\/p>\n\n\n\n<ul class=\"wp-block-list\"><li>Fahle, unebene Haut<\/li><li>Minimale feine Linien und F\u00e4ltchen<\/li><li>Sichtbare (als gro\u00df bezeichnete) Poren<\/li><li>Trockenes Hautbild<\/li><li>Ungleichm\u00e4\u00dfiger Teint und Hautunreinheiten<\/li><li>Fehlende Ausstrahlung der Haut und elastisches Gef\u00fchl<br><\/li><\/ul>\n\n\n\n<h3 class=\"po-standout-text wp-block-heading\">97%<\/h3>\n\n\n\n<p>97&nbsp;% der Patienten sahen eine Verbesserung ihrer Haut innerhalb der ersten Woche der Anwendung.*<\/p>\n\n\n\n<p>*Wenn es als Teil eines umfassenden Sonnenschutzprogramms verwendet wird, das das Auftragen eines broad-spectrum Sonnenschutzmittels wie HydraFactor SPF30, das Tragen von sonnensch\u00fctzender Kleidung einschlie\u00dflich Hut und Sonnenbrille beinhaltet<\/p>\n<\/div>\n\n\n\n<div class=\"wp-block-column is-layout-flow wp-block-column-is-layout-flow\">\n<div class=\"wp-block-cover aligncenter\"><img decoding=\"async\" class=\"wp-block-cover__image-background wp-image-15622\" alt=\"\" src=\"https:\/\/pureobagi.com\/wp-content\/uploads\/2020\/12\/Product_Range_Images_0004_OBAGI360_System_2.jpg\" data-object-fit=\"cover\"\/><div class=\"wp-block-cover__inner-container is-layout-flow wp-block-cover-is-layout-flow\">\n<p class=\"has-text-align-center has-large-font-size\"><\/p>\n<\/div><\/div>\n<\/div>\n<\/div>\n\n\n\n<h2 class=\"has-text-align-center wp-block-heading\">VORHER &amp; NACHHER<\/h2>\n\n\n\n<h4 class=\"has-text-align-center wp-block-heading\">Echte Menschen, echte Ergebnisse<\/h4>\n\n\n\n<div class=\"wp-block-columns is-layout-flex wp-container-core-columns-is-layout-28f84493 wp-block-columns-is-layout-flex\">\n<div class=\"wp-block-column is-layout-flow wp-block-column-is-layout-flow\"><\/div>\n\n\n\n<div class=\"wp-block-column is-layout-flow wp-block-column-is-layout-flow\">\n<figure class=\"wp-block-nelio-compare-images\"><div class=\"wp-block-nelio-compare-images__comparison-wrapper wp-block-nelio-compare-images__comparison-wrapper--horizontally\" data-position=\"50\" data-direction=\"horizontal\"><div class=\"wp-block-nelio-compare-images__before-image wp-block-nelio-compare-images__before-image--horizontal\"><img decoding=\"async\" width=\"400\" height=\"300\" class=\"wp-image-9119\" src=\"https:\/\/pureobagi.com\/wp-content\/uploads\/2020\/11\/Pure_Obagi_Before_1.jpg\" alt=\"\" srcset=\"https:\/\/pureobagi.com\/wp-content\/uploads\/2020\/11\/Pure_Obagi_Before_1.jpg 400w, https:\/\/pureobagi.com\/wp-content\/uploads\/2020\/11\/Pure_Obagi_Before_1-300x225.jpg 300w\" sizes=\"(max-width: 400px) 100vw, 400px\" \/><\/div><div class=\"wp-block-nelio-compare-images__after-image wp-block-nelio-compare-images__after-image--horizontal\" style=\"width:50%\"><img decoding=\"async\" width=\"400\" height=\"300\" class=\"wp-image-9120\" src=\"https:\/\/pureobagi.com\/wp-content\/uploads\/2020\/11\/Pure_Obagi_After_1.jpg\" alt=\"\" srcset=\"https:\/\/pureobagi.com\/wp-content\/uploads\/2020\/11\/Pure_Obagi_After_1.jpg 400w, https:\/\/pureobagi.com\/wp-content\/uploads\/2020\/11\/Pure_Obagi_After_1-300x225.jpg 300w\" sizes=\"(max-width: 400px) 100vw, 400px\" \/><\/div><div class=\"wp-block-nelio-compare-images__divider wp-block-nelio-compare-images__divider--vertical\"><\/div><div class=\"wp-block-nelio-compare-images__handler wp-block-nelio-compare-images__handler--vertical\"><\/div><\/div><\/figure>\n<\/div>\n\n\n\n<div class=\"wp-block-column is-layout-flow wp-block-column-is-layout-flow\"><\/div>\n<\/div>\n\n\n\n<div class=\"wp-block-columns reverse-mobile is-layout-flex wp-container-core-columns-is-layout-28f84493 wp-block-columns-is-layout-flex\">\n<div class=\"wp-block-column is-layout-flow wp-block-column-is-layout-flow\">\n<div class=\"wp-block-cover aligncenter\"><img decoding=\"async\" class=\"wp-block-cover__image-background wp-image-15640\" alt=\"\" src=\"https:\/\/pureobagi.com\/wp-content\/uploads\/2020\/12\/Product_Range_Images_0003_OBAGI360_System_3-e1628162594436.jpg\" data-object-fit=\"cover\"\/><div class=\"wp-block-cover__inner-container is-layout-flow wp-block-cover-is-layout-flow\">\n<p class=\"has-text-align-center has-large-font-size\"><\/p>\n<\/div><\/div>\n<\/div>\n\n\n\n<div class=\"wp-block-column is-layout-flow wp-block-column-is-layout-flow\">\n<h2 class=\"wp-block-heading\">WICHTIGE INHALTSSTOFFE<\/h2>\n\n\n\n<p>Die einzelnen Produkte von OBAGI360 verwenden eine Reihe von wichtigen Inhaltsstoffen, darunter:<\/p>\n\n\n\n<ul class=\"wp-block-list\"><li>Verkn\u00fcpftes Papain \u2013 Papaya Frucht Enzym<\/li><li>Vitamin&nbsp;A \u2013 eingeschlossenes Retinol&nbsp;0,5 Vitamin&nbsp;A<\/li><li>Glycerin<\/li><li>Hydromanil Technology<\/li><\/ul>\n\n\n\n<p>Erfahre mehr \u00fcber diese wichtigen Inhaltsstoffe, die in unseren Blogs vorgestellt werden<\/p>\n<\/div>\n<\/div>\n\n\n\n<div class=\"wp-block-columns is-layout-flex wp-container-core-columns-is-layout-28f84493 wp-block-columns-is-layout-flex\">\n<div class=\"wp-block-column is-layout-flow wp-block-column-is-layout-flow\">\n<h2 class=\"wp-block-heading\">OBAGI360 SYSTEM PRODUKTE UMFASSEN:<\/h2>\n\n\n\n<ul class=\"wp-block-list\"><li>Exfoliating Cleanser<\/li><li>Retinol 0.5%<\/li><li>HydraFactor\u00ae Broad Spectrum SPF30<\/li><\/ul>\n\n\n\n<p>Bist du unsicher, ob OBAGI360 System etwas f\u00fcr dich ist? Frag unseren medizinischen Partner<\/p>\n\n\n\n<div class=\"wp-block-buttons is-layout-flex wp-block-buttons-is-layout-flex\">\n<div class=\"wp-block-button\"><a class=\"wp-block-button__link\" href=\"https:\/\/pureobagi.com\/de\/skinstation\/\">Kontakt<\/a><\/div>\n<\/div>\n<\/div>\n\n\n\n<div class=\"wp-block-column is-layout-flow wp-block-column-is-layout-flow\">\n<figure class=\"wp-block-embed aligncenter is-type-video is-provider-vimeo wp-block-embed-vimeo wp-embed-aspect-16-9 wp-has-aspect-ratio\"><div class=\"wp-block-embed__wrapper\">\n<iframe loading=\"lazy\" src=\"https:\/\/player.vimeo.com\/video\/491154289?dnt=1&amp;app_id=122963\" width=\"980\" height=\"551\" frameborder=\"0\" allow=\"autoplay; fullscreen; picture-in-picture\" allowfullscreen><\/iframe>\n<\/div><\/figure>\n<\/div>\n<\/div>\n\n\n<div  class=\"wp-block-product-blocks-product-grid-3 wopb-block-404145 \"><div class=\"wopb-block-wrapper\"><div class=\"wopb-wrapper-main-content\"><div class=\"wopb-product-blocks-slide\" data-slidestoshow=\"3-2-1\" data-autoplay=\"\" data-slidespeed=\"3000\" data-showdots=\"\" data-showarrows=\"1\"><div class=\"wopb-block-item \"><div class=\"wopb-block-content-wrap\"><div class=\"wopb-block-image wopb-block-image-none\"><div class=\"wopb-onsale-hot\"><\/div><div class=\"wopb-product-new-meta\"><\/div><div class=\"wopb-quick-cart\"><div class=\"wopb-product-btn\"><div class=\"wopb-product-btn \"><span class=\"wopb-cart-action \" data-postid=\"29485\"><a href=\"\/de\/wp-json\/wp\/v2\/pages\/26413?add-to-cart=29485\" class=\"add_to_cart_button ajax_add_to_cart wopb-cart-normal\" data-stock=\"\" aria-label=\"In den Warenkorb legen: \u201eSUZANOBAGIMD\u2122 Intensive Daily Repair (IDR)\u201c\" data-quantity=\"1\" data-product_id=\"29485\" data-product_sku=\"SOMDIDREXFO\" rel=\"nofollow\">In den Warenkorb<\/a><a href=\"https:\/\/pureobagi.com\/de\/cart-2\/\" class=\"wopb-cart-active\">View Cart<\/a><\/span><\/div><\/div><\/div><a href=\"https:\/\/pureobagi.com\/de\/produkt\/suzanobagimd-intensive-daily-repair-idr\/\"><img decoding=\"async\" src=\"https:\/\/pureobagi.com\/wp-content\/uploads\/2020\/10\/IDR-bottle-1000x1000-1.png\" alt=\"SUZANOBAGIMD\u2122 Intensive Daily Repair (IDR)\" \/><\/a><\/div><div class=\"wopb-pg-cl wopb-pg-cl1\"><div class=\"wopb-product-cat-price\"><div class=\"wopb-product-price\"><span class=\"woocommerce-Price-amount amount\"><bdi><span class=\"woocommerce-Price-currencySymbol\">&euro;<\/span>64.80<\/bdi><\/span> <small class=\"woocommerce-price-suffix\">inkl. MwSt.<\/small><\/div><\/div><div class=\"wopb-product-title-review\"><h3 class=\"wopb-block-title\"><a title=\"SUZANOBAGIMD\u2122 Intensive Daily Repair (IDR)\"  href=\"https:\/\/pureobagi.com\/de\/produkt\/suzanobagimd-intensive-daily-repair-idr\/\">SUZANOBAGIMD\u2122 Intensive Daily Repair (IDR)<\/a><\/h3><\/div><\/div><\/div><\/div><div class=\"wopb-block-item \"><div class=\"wopb-block-content-wrap\"><div class=\"wopb-block-image wopb-block-image-none\"><div class=\"wopb-onsale-hot\"><\/div><div class=\"wopb-product-new-meta\"><\/div><div class=\"wopb-quick-cart\"><div class=\"wopb-product-btn\"><div class=\"wopb-product-btn \"><span class=\"wopb-cart-action \" data-postid=\"29510\"><a href=\"\/de\/wp-json\/wp\/v2\/pages\/26413?add-to-cart=29510\" class=\"add_to_cart_button ajax_add_to_cart wopb-cart-normal\" data-stock=\"\" aria-label=\"In den Warenkorb legen: \u201eSUZANOBAGIMD\u2122 Foaming Cleanser 200ml\u201c\" data-quantity=\"1\" data-product_id=\"29510\" data-product_sku=\"SOMDFOAMCLE\" rel=\"nofollow\">In den Warenkorb<\/a><a href=\"https:\/\/pureobagi.com\/de\/cart-2\/\" class=\"wopb-cart-active\">View Cart<\/a><\/span><\/div><\/div><\/div><a href=\"https:\/\/pureobagi.com\/de\/produkt\/suzanobagimd-foaming-cleanser-200ml\/\"><img decoding=\"async\" src=\"https:\/\/pureobagi.com\/wp-content\/uploads\/2020\/12\/somd-foaming-cleanser-bottle-1000x1000-1.png\" alt=\"SUZANOBAGIMD\u2122 Foaming Cleanser 200ml\" \/><\/a><\/div><div class=\"wopb-pg-cl wopb-pg-cl1\"><div class=\"wopb-product-cat-price\"><div class=\"wopb-product-price\"><span class=\"woocommerce-Price-amount amount\"><bdi><span class=\"woocommerce-Price-currencySymbol\">&euro;<\/span>36.90<\/bdi><\/span> <small class=\"woocommerce-price-suffix\">inkl. MwSt.<\/small><\/div><\/div><div class=\"wopb-product-title-review\"><h3 class=\"wopb-block-title\"><a title=\"SUZANOBAGIMD\u2122 Foaming Cleanser 200ml\"  href=\"https:\/\/pureobagi.com\/de\/produkt\/suzanobagimd-foaming-cleanser-200ml\/\">SUZANOBAGIMD\u2122 Foaming Cleanser 200ml<\/a><\/h3><\/div><\/div><\/div><\/div><div class=\"wopb-block-item \"><div class=\"wopb-block-content-wrap\"><div class=\"wopb-block-image wopb-block-image-none\"><div class=\"wopb-onsale-hot\"><\/div><div class=\"wopb-product-new-meta\"><\/div><div class=\"wopb-quick-cart\"><div class=\"wopb-product-btn\"><div class=\"wopb-product-btn \"><span class=\"wopb-cart-action \" data-postid=\"29506\"><a href=\"\/de\/wp-json\/wp\/v2\/pages\/26413?add-to-cart=29506\" class=\"add_to_cart_button ajax_add_to_cart wopb-cart-normal\" data-stock=\"\" aria-label=\"In den Warenkorb legen: \u201eSUZANOBAGIMD\u2122 Balancing Toner 200ml\u201c\" data-quantity=\"1\" data-product_id=\"29506\" data-product_sku=\"SOMDBALTONE\" rel=\"nofollow\">In den Warenkorb<\/a><a href=\"https:\/\/pureobagi.com\/de\/cart-2\/\" class=\"wopb-cart-active\">View Cart<\/a><\/span><\/div><\/div><\/div><a href=\"https:\/\/pureobagi.com\/de\/produkt\/suzanobagimd-balancing-toner-200ml\/\"><img decoding=\"async\" src=\"https:\/\/pureobagi.com\/wp-content\/uploads\/2020\/12\/somd-toner-bottle-1000x1000-1.png\" alt=\"SUZANOBAGIMD\u2122 Balancing Toner 200ml\" \/><\/a><\/div><div class=\"wopb-pg-cl wopb-pg-cl1\"><div class=\"wopb-product-cat-price\"><div class=\"wopb-product-price\"><span class=\"woocommerce-Price-amount amount\"><bdi><span class=\"woocommerce-Price-currencySymbol\">&euro;<\/span>36.90<\/bdi><\/span> <small class=\"woocommerce-price-suffix\">inkl. MwSt.<\/small><\/div><\/div><div class=\"wopb-product-title-review\"><h3 class=\"wopb-block-title\"><a title=\"SUZANOBAGIMD\u2122 Balancing Toner 200ml\"  href=\"https:\/\/pureobagi.com\/de\/produkt\/suzanobagimd-balancing-toner-200ml\/\">SUZANOBAGIMD\u2122 Balancing Toner 200ml<\/a><\/h3><\/div><\/div><\/div><\/div><div class=\"wopb-block-item \"><div class=\"wopb-block-content-wrap\"><div class=\"wopb-block-image wopb-block-image-none\"><div class=\"wopb-onsale-hot\"><\/div><div class=\"wopb-product-new-meta\"><\/div><div class=\"wopb-quick-cart\"><div class=\"wopb-product-btn\"><div class=\"wopb-product-btn \"><span class=\"wopb-cart-action \" data-postid=\"29488\"><a href=\"\/de\/wp-json\/wp\/v2\/pages\/26413?add-to-cart=29488\" class=\"add_to_cart_button ajax_add_to_cart wopb-cart-normal\" data-stock=\"6\" aria-label=\"In den Warenkorb legen: \u201eSUZANOBAGIMD Retivance\u00ae Skin Rejuvenating Complex\u201c\" data-quantity=\"1\" data-product_id=\"29488\" data-product_sku=\"SOMDRETIVAN\" rel=\"nofollow\">In den Warenkorb<\/a><a href=\"https:\/\/pureobagi.com\/de\/cart-2\/\" class=\"wopb-cart-active\">View Cart<\/a><\/span><\/div><\/div><\/div><a href=\"https:\/\/pureobagi.com\/de\/produkt\/suzanobagimd-retivance-skin-rejuvenating-complex\/\"><img decoding=\"async\" src=\"https:\/\/pureobagi.com\/wp-content\/uploads\/2020\/10\/retivance-bottle-1000x1000-1.png\" alt=\"SUZANOBAGIMD Retivance\u00ae Skin Rejuvenating Complex\" \/><\/a><\/div><div class=\"wopb-pg-cl wopb-pg-cl1\"><div class=\"wopb-product-cat-price\"><div class=\"wopb-product-price\"><span class=\"woocommerce-Price-amount amount\"><bdi><span class=\"woocommerce-Price-currencySymbol\">&euro;<\/span>116.10<\/bdi><\/span> <small class=\"woocommerce-price-suffix\">inkl. MwSt.<\/small><\/div><\/div><div class=\"wopb-product-title-review\"><h3 class=\"wopb-block-title\"><a title=\"SUZANOBAGIMD Retivance\u00ae Skin Rejuvenating Complex\"  href=\"https:\/\/pureobagi.com\/de\/produkt\/suzanobagimd-retivance-skin-rejuvenating-complex\/\">SUZANOBAGIMD Retivance\u00ae Skin Rejuvenating Complex<\/a><\/h3><\/div><\/div><\/div><\/div><div class=\"wopb-block-item \"><div class=\"wopb-block-content-wrap\"><div class=\"wopb-block-image wopb-block-image-none\"><div class=\"wopb-onsale-hot\"><\/div><div class=\"wopb-product-new-meta\"><\/div><div class=\"wopb-quick-cart\"><div class=\"wopb-product-btn\"><div class=\"wopb-product-btn \"><span class=\"wopb-cart-action \" data-postid=\"29477\"><a href=\"\/de\/wp-json\/wp\/v2\/pages\/26413?add-to-cart=29477\" class=\"add_to_cart_button ajax_add_to_cart wopb-cart-normal\" data-stock=\"47\" aria-label=\"In den Warenkorb legen: \u201eObagi360\u00ae Retinol 0.5\u201c\" data-quantity=\"1\" data-product_id=\"29477\" data-product_sku=\"RET050OBA05\" rel=\"nofollow\">In den Warenkorb<\/a><a href=\"https:\/\/pureobagi.com\/de\/cart-2\/\" class=\"wopb-cart-active\">View Cart<\/a><\/span><\/div><\/div><\/div><a href=\"https:\/\/pureobagi.com\/de\/produkt\/obagi360-retinol-0-5\/\"><img decoding=\"async\" src=\"https:\/\/pureobagi.com\/wp-content\/uploads\/2020\/10\/retinol-0.5-e1647617873185.png\" alt=\"Obagi360\u00ae Retinol 0.5\" \/><\/a><\/div><div class=\"wopb-pg-cl wopb-pg-cl1\"><div class=\"wopb-product-cat-price\"><div class=\"wopb-product-price\"><span class=\"woocommerce-Price-amount amount\"><bdi><span class=\"woocommerce-Price-currencySymbol\">&euro;<\/span>70.00<\/bdi><\/span> <small class=\"woocommerce-price-suffix\">inkl. MwSt.<\/small><\/div><\/div><div class=\"wopb-product-title-review\"><h3 class=\"wopb-block-title\"><a title=\"Obagi360\u00ae Retinol 0.5\"  href=\"https:\/\/pureobagi.com\/de\/produkt\/obagi360-retinol-0-5\/\">Obagi360\u00ae Retinol 0.5<\/a><\/h3><\/div><\/div><\/div><\/div><div class=\"wopb-block-item \"><div class=\"wopb-block-content-wrap\"><div class=\"wopb-block-image wopb-block-image-none\"><div class=\"wopb-onsale-hot\"><\/div><div class=\"wopb-product-new-meta\"><\/div><div class=\"wopb-quick-cart\"><div class=\"wopb-product-btn\"><div class=\"wopb-product-btn \"><span class=\"wopb-cart-action \" data-postid=\"29482\"><a href=\"\/de\/wp-json\/wp\/v2\/pages\/26413?add-to-cart=29482\" class=\"add_to_cart_button ajax_add_to_cart wopb-cart-normal\" data-stock=\"10\" aria-label=\"In den Warenkorb legen: \u201eObagi360 HydraFactor\u00ae Broad Spectrum SPF 30\u201c\" data-quantity=\"1\" data-product_id=\"29482\" data-product_sku=\"360HYMOBA01\" rel=\"nofollow\">In den Warenkorb<\/a><a href=\"https:\/\/pureobagi.com\/de\/cart-2\/\" class=\"wopb-cart-active\">View Cart<\/a><\/span><\/div><\/div><\/div><a href=\"https:\/\/pureobagi.com\/de\/produkt\/obagi-hydrafactor-spf30\/\"><img decoding=\"async\" src=\"https:\/\/pureobagi.com\/wp-content\/uploads\/2020\/10\/hydrafactor-bottle-1000x1000-1.png\" alt=\"Obagi360 HydraFactor\u00ae Broad Spectrum SPF 30\" \/><\/a><\/div><div class=\"wopb-pg-cl wopb-pg-cl1\"><div class=\"wopb-product-cat-price\"><div class=\"wopb-product-price\"><span class=\"woocommerce-Price-amount amount\"><bdi><span class=\"woocommerce-Price-currencySymbol\">&euro;<\/span>58.00<\/bdi><\/span> <small class=\"woocommerce-price-suffix\">inkl. MwSt.<\/small><\/div><\/div><div class=\"wopb-product-title-review\"><h3 class=\"wopb-block-title\"><a title=\"Obagi360 HydraFactor\u00ae Broad Spectrum SPF 30\"  href=\"https:\/\/pureobagi.com\/de\/produkt\/obagi-hydrafactor-spf30\/\">Obagi360 HydraFactor\u00ae Broad Spectrum SPF 30<\/a><\/h3><\/div><\/div><\/div><\/div><\/div><div class=\"wopb-slick-nav\" style=\"display:none\"><div class=\"wopb-slick-prev\"><div class=\"slick-arrow slick-prev\"><svg enable-background=\"new 0 0 477.175 477.175\" version=\"1.1\" viewBox=\"0 0 477.18 477.18\"><path d=\"m145.19 238.58 215.5-215.5c5.3-5.3 5.3-13.8 0-19.1s-13.8-5.3-19.1 0l-225.1 225.1c-5.3 5.3-5.3 13.8 0 19.1l225.1 225c2.6 2.6 6.1 4 9.5 4s6.9-1.3 9.5-4c5.3-5.3 5.3-13.8 0-19.1l-215.4-215.5z\"\/><\/svg><\/div><\/div><div class=\"wopb-slick-next\"><div class=\"slick-arrow slick-next\"><svg enable-background=\"new 0 0 477.175 477.175\" version=\"1.1\" viewBox=\"0 0 477.18 477.18\"><path d=\"m360.73 229.08-225.1-225.1c-5.3-5.3-13.8-5.3-19.1 0s-5.3 13.8 0 19.1l215.5 215.5-215.5 215.5c-5.3 5.3-5.3 13.8 0 19.1 2.6 2.6 6.1 4 9.5 4s6.9-1.3 9.5-4l225.1-225.1c5.3-5.2 5.3-13.8 0.1-19z\"\/><\/svg><\/div><\/div><\/div><\/div><\/div><\/div>","protected":false},"excerpt":{"rendered":"<p>Das OBAGI360 System ist ein komplettes Hautpflegesystem, das zur proaktiven Erhaltung jugendlich aussehender Haut beitr\u00e4gt. Entwickelt f\u00fcr j\u00fcngere Patienten im Alter von 20-30 Jahren, wenn Probleme wie Akne noch h\u00e4ufig auftreten, erh\u00e4lt OBAGI360 System ein Leben lang eine jugendliche, strahlend aussehende Haut, zu einem Zeitpunkt, an dem sonst die ersten Zeichen der Hautalterung wie Hautverf\u00e4rbungen, [&hellip;]<\/p>\n","protected":false},"author":1,"featured_media":20089,"parent":26437,"menu_order":0,"comment_status":"closed","ping_status":"closed","template":"template-fullwidth.php","meta":{"_acf_changed":false,"footnotes":""},"class_list":["post-26413","page","type-page","status-publish","has-post-thumbnail","hentry"],"acf":[],"_links":{"self":[{"href":"https:\/\/pureobagi.com\/de\/wp-json\/wp\/v2\/pages\/26413","targetHints":{"allow":["GET"]}}],"collection":[{"href":"https:\/\/pureobagi.com\/de\/wp-json\/wp\/v2\/pages"}],"about":[{"href":"https:\/\/pureobagi.com\/de\/wp-json\/wp\/v2\/types\/page"}],"author":[{"embeddable":true,"href":"https:\/\/pureobagi.com\/de\/wp-json\/wp\/v2\/users\/1"}],"replies":[{"embeddable":true,"href":"https:\/\/pureobagi.com\/de\/wp-json\/wp\/v2\/comments?post=26413"}],"version-history":[{"count":7,"href":"https:\/\/pureobagi.com\/de\/wp-json\/wp\/v2\/pages\/26413\/revisions"}],"predecessor-version":[{"id":31053,"href":"https:\/\/pureobagi.com\/de\/wp-json\/wp\/v2\/pages\/26413\/revisions\/31053"}],"up":[{"embeddable":true,"href":"https:\/\/pureobagi.com\/de\/wp-json\/wp\/v2\/pages\/26437"}],"wp:featuredmedia":[{"embeddable":true,"href":"https:\/\/pureobagi.com\/de\/wp-json\/wp\/v2\/media\/20089"}],"wp:attachment":[{"href":"https:\/\/pureobagi.com\/de\/wp-json\/wp\/v2\/media?parent=26413"}],"curies":[{"name":"wp","href":"https:\/\/api.w.org\/{rel}","templated":true}]}}