{"id":26439,"date":"2020-12-17T13:38:46","date_gmt":"2020-12-17T13:38:46","guid":{"rendered":"https:\/\/pureobagi.com\/retinoide\/"},"modified":"2021-08-18T09:21:18","modified_gmt":"2021-08-18T08:21:18","slug":"retinoide","status":"publish","type":"page","link":"https:\/\/pureobagi.com\/de\/retinoide\/","title":{"rendered":"Retinoide"},"content":{"rendered":"\n<div class=\"wp-block-columns is-layout-flex wp-container-core-columns-is-layout-28f84493 wp-block-columns-is-layout-flex\">\n<div class=\"wp-block-column is-layout-flow wp-block-column-is-layout-flow\">\n<div class=\"wp-block-cover aligncenter\"><img decoding=\"async\" class=\"wp-block-cover__image-background wp-image-18772\" alt=\"\" src=\"https:\/\/pureobagi.com\/wp-content\/uploads\/2021\/05\/retinoids-1000x1000-grey-background.png\" data-object-fit=\"cover\"\/><div class=\"wp-block-cover__inner-container is-layout-flow wp-block-cover-is-layout-flow\">\n<p class=\"has-text-align-center has-large-font-size\"><\/p>\n<\/div><\/div>\n<\/div>\n\n\n\n<div class=\"wp-block-column is-layout-flow wp-block-column-is-layout-flow\">\n<p><\/p>\n\n\n\n<p>Retinoide werden als der m\u00e4chtigste Hautpflege-Wirkstoff der Welt bezeichnet.<\/p>\n\n\n\n<p>Am h\u00e4ufigsten werden Retinoide als Anti-Ageing-Wirkstoff eingesetzt. Sie helfen, feine Linien und Falten sowie andere Zeichen der Hautalterung zu reduzieren, indem sie die Kollagenproduktion der Haut ankurbeln und den Zellumsatz erh\u00f6hen.<\/p>\n\n\n\n<p>Retinoide sind auch wirksam bei der Verbesserung des Hautbildes, bei der Reinigung der Poren und der Reduzierung von Ausbr\u00fcchen sowie bei der Verbesserung des Erscheinungsbildes von Sonnenflecken und Hyperpigmentierung.<\/p>\n\n\n\n<div class=\"wp-block-buttons is-layout-flex wp-block-buttons-is-layout-flex\">\n<div class=\"wp-block-button\"><a class=\"wp-block-button__link\" href=\"https:\/\/pureobagi.com\/de\/produkt-kategorie\/produkttyp\/retinoide\/\">Kaufen Obagi Retinoids<\/a><\/div>\n<\/div>\n<\/div>\n<\/div>\n\n\n\n<div class=\"wp-block-columns is-layout-flex wp-container-core-columns-is-layout-28f84493 wp-block-columns-is-layout-flex\">\n<div class=\"wp-block-column is-layout-flow wp-block-column-is-layout-flow\">\n<h3 class=\"po-standout-text wp-block-heading\">Was sind Retinoide?<\/h3>\n\n\n\n<p>Retinoide ist der \u00dcberbegriff f\u00fcr Arten von Retinolen, w\u00e4hrend Retinole selbst Derivate von Vitamin&nbsp;A sind. Es gibt zahlreiche Formen und St\u00e4rken von Retinolen, darunter einige, die nur auf Rezept erh\u00e4ltlich sind.<\/p>\n\n\n\n<p>Auch das Retinal \u201eRetinaldehyd\u201c wird von <strong>SUZAN<\/strong>OBAGI<strong>MD<\/strong> in seine Produkte integriert. Retinaldehyd, ein gut vertr\u00e4glicher Inhaltsstoff f\u00fcr alle Hauttypen, auch f\u00fcr sensible oder empfindliche Haut.<\/p>\n<\/div>\n\n\n\n<div class=\"wp-block-column is-layout-flow wp-block-column-is-layout-flow\">\n<div class=\"wp-block-cover\" style=\"min-height:567px;aspect-ratio:unset;\"><img decoding=\"async\" class=\"wp-block-cover__image-background wp-image-22119\" alt=\"\" src=\"https:\/\/pureobagi.com\/wp-content\/uploads\/2021\/05\/Obagi360-Retinol-0.5-e1622634178853.png\" data-object-fit=\"cover\"\/><div class=\"wp-block-cover__inner-container is-layout-flow wp-block-cover-is-layout-flow\">\n<p class=\"has-text-align-center has-large-font-size\"><\/p>\n<\/div><\/div>\n<\/div>\n<\/div>\n\n\n\n<div class=\"wp-block-columns reverse-mobile is-layout-flex wp-container-core-columns-is-layout-28f84493 wp-block-columns-is-layout-flex\">\n<div class=\"wp-block-column is-layout-flow wp-block-column-is-layout-flow\">\n<div class=\"wp-block-cover\"><img decoding=\"async\" width=\"1000\" height=\"1000\" class=\"wp-block-cover__image-background wp-image-22089\" alt=\"\" src=\"https:\/\/pureobagi.com\/wp-content\/uploads\/2021\/05\/retivance-in-bathroom-sink-1000x1000-1.png\" data-object-fit=\"cover\" srcset=\"https:\/\/pureobagi.com\/wp-content\/uploads\/2021\/05\/retivance-in-bathroom-sink-1000x1000-1.png 1000w, https:\/\/pureobagi.com\/wp-content\/uploads\/2021\/05\/retivance-in-bathroom-sink-1000x1000-1-300x300.png 300w, https:\/\/pureobagi.com\/wp-content\/uploads\/2021\/05\/retivance-in-bathroom-sink-1000x1000-1-150x150.png 150w, https:\/\/pureobagi.com\/wp-content\/uploads\/2021\/05\/retivance-in-bathroom-sink-1000x1000-1-768x768.png 768w, https:\/\/pureobagi.com\/wp-content\/uploads\/2021\/05\/retivance-in-bathroom-sink-1000x1000-1-600x600.png 600w, https:\/\/pureobagi.com\/wp-content\/uploads\/2021\/05\/retivance-in-bathroom-sink-1000x1000-1-324x324.png 324w, https:\/\/pureobagi.com\/wp-content\/uploads\/2021\/05\/retivance-in-bathroom-sink-1000x1000-1-416x416.png 416w, https:\/\/pureobagi.com\/wp-content\/uploads\/2021\/05\/retivance-in-bathroom-sink-1000x1000-1-100x100.png 100w, https:\/\/pureobagi.com\/wp-content\/uploads\/2021\/05\/retivance-in-bathroom-sink-1000x1000-1-60x60.png 60w, https:\/\/pureobagi.com\/wp-content\/uploads\/2021\/05\/retivance-in-bathroom-sink-1000x1000-1-90x90.png 90w\" sizes=\"(max-width: 1000px) 100vw, 1000px\" \/><div class=\"wp-block-cover__inner-container is-layout-flow wp-block-cover-is-layout-flow\">\n<p class=\"has-text-align-center has-large-font-size\"><\/p>\n<\/div><\/div>\n<\/div>\n\n\n\n<div class=\"wp-block-column is-layout-flow wp-block-column-is-layout-flow\">\n<h2 class=\"wp-block-heading\">WICHTIGE INHALTSSTOFFE<\/h2>\n\n\n\n<p>Obagi Retinoids sind erh\u00e4ltlich in:<\/p>\n\n\n\n<ul class=\"wp-block-list\"><li>OBAGI360 Retinol 0.5<\/li><\/ul>\n\n\n\n<p>eine Low-Level-Retinol-Creme, die hilft, deinen Teint zu verbessern und Unebenheiten zu gl\u00e4tten, um klarer aussehende Haut mit minimalen Irritationen zu enth\u00fcllen.<\/p>\n\n\n\n<p><strong>SUZAN<\/strong>OBAGI<strong>MD <\/strong>Retinaldehyde erh\u00e4ltlich in:<\/p>\n\n\n\n<ul class=\"wp-block-list\"><li>Retivance\u00ae Skin Rejuvenating Complex<\/li><\/ul>\n\n\n\n<p>formuliert, um das Erscheinungsbild von feinen Linien und Falten zu minimieren und gleichzeitig die allgemeine Textur und den Ton deiner Haut zu verbessern.<\/p>\n\n\n\n<p>Erfahre mehr \u00fcber diese wichtigen Inhaltsstoffe, die in unseren Blogs vorgestellt werden<\/p>\n<\/div>\n<\/div>\n\n\n\n<div class=\"wp-block-columns is-layout-flex wp-container-core-columns-is-layout-28f84493 wp-block-columns-is-layout-flex\">\n<div class=\"wp-block-column is-layout-flow wp-block-column-is-layout-flow\">\n<h2 class=\"wp-block-heading\">Obagi Retinoids<\/h2>\n\n\n\n<p>Bist du unsicher, ob Obagi Retinoids etwas f\u00fcr dich sind? Frag unsere medizinischen Partner<\/p>\n\n\n\n<div class=\"wp-block-buttons is-layout-flex wp-block-buttons-is-layout-flex\">\n<div class=\"wp-block-button\"><a class=\"wp-block-button__link\" href=\"https:\/\/pureobagi.com\/de\/skinstation\/\">Kontakt<\/a><\/div>\n<\/div>\n<\/div>\n\n\n\n<div class=\"wp-block-column is-layout-flow wp-block-column-is-layout-flow\">\n<figure class=\"wp-block-embed aligncenter is-type-video is-provider-vimeo wp-block-embed-vimeo wp-embed-aspect-16-9 wp-has-aspect-ratio\"><div class=\"wp-block-embed__wrapper\">\n<iframe loading=\"lazy\" src=\"https:\/\/player.vimeo.com\/video\/432524400?dnt=1&amp;app_id=122963&amp;h=7292fbf7b2\" width=\"980\" height=\"551\" frameborder=\"0\" allow=\"autoplay; fullscreen; picture-in-picture\" allowfullscreen><\/iframe>\n<\/div><\/figure>\n\n\n\n<p><\/p>\n<\/div>\n<\/div>\n\n\n<div  class=\"wp-block-product-blocks-product-grid-1 wopb-block-7312a4 \"><div class=\"wopb-block-wrapper\"><div class=\"wopb-wrapper-main-content\"><div class=\"wopb-product-blocks-slide\" data-slidestoshow=\"4-2-1\" data-autoplay=\"1\" data-slidespeed=\"3000\" data-showdots=\"\" data-showarrows=\"1\"><div class=\"wopb-block-item \"><div class=\"wopb-block-content-wrap\"><div class=\"wopb-block-image wopb-block-image-none\"><div class=\"wopb-onsale-hot\"><\/div><div class=\"wopb-product-new-meta\"><\/div><a href=\"https:\/\/pureobagi.com\/de\/produkt\/obagi-sun-shield-tint-broad-spectrum-spf-50-cool-2\/\"><img decoding=\"async\" src=\"https:\/\/pureobagi.com\/wp-content\/uploads\/2022\/02\/Sun-Shield-Tint-cool-1000x1000-1.png\" alt=\"Obagi Sun Shield Matte\u2122 Broad Spectrum SPF\u00a050 Cool\" \/><\/a><\/div><h3 class=\"wopb-block-title\"><a title=\"Obagi Sun Shield Matte\u2122 Broad Spectrum SPF\u00a050 Cool\"  href=\"https:\/\/pureobagi.com\/de\/produkt\/obagi-sun-shield-tint-broad-spectrum-spf-50-cool-2\/\">Obagi Sun Shield Matte\u2122 Broad Spectrum SPF\u00a050 Cool<\/a><\/h3><div class=\"wopb-product-price\"><span class=\"woocommerce-Price-amount amount\"><bdi><span class=\"woocommerce-Price-currencySymbol\">&euro;<\/span>53.00<\/bdi><\/span> <small class=\"woocommerce-price-suffix\">inkl. MwSt.<\/small><\/div><div class=\"wopb-product-btn\"><div class=\"wopb-product-btn \"><span class=\"wopb-cart-action \" data-postid=\"47543\"><a href=\"\/de\/wp-json\/wp\/v2\/pages\/26439?add-to-cart=47543\" class=\"add_to_cart_button ajax_add_to_cart wopb-cart-normal\" data-stock=\"\" aria-label=\"In den Warenkorb legen: \u201eObagi Sun Shield Matte\u2122 Broad Spectrum SPF\u00a050 Cool\u201c\" data-quantity=\"1\" data-product_id=\"47543\" data-product_sku=\"SUNCOOLOBA02\" rel=\"nofollow\">In den Warenkorb<\/a><a href=\"https:\/\/pureobagi.com\/de\/cart-2\/\" class=\"wopb-cart-active\">View Cart<\/a><\/span><\/div><\/div><\/div><\/div><div class=\"wopb-block-item \"><div class=\"wopb-block-content-wrap\"><div class=\"wopb-block-image wopb-block-image-none\"><div class=\"wopb-onsale-hot\"><\/div><div class=\"wopb-product-new-meta\"><\/div><a href=\"https:\/\/pureobagi.com\/de\/produkt\/obagi-sun-shield-tint-broad-spectrum-spf-50-warm-2\/\"><img decoding=\"async\" src=\"https:\/\/pureobagi.com\/wp-content\/uploads\/2022\/02\/Sun-Shield-Tint-Warm-1000x1000-1.png\" alt=\"Obagi Sun Shield\u2122 Tint Broad Spectrum SPF\u00a050 Warm\" \/><\/a><\/div><h3 class=\"wopb-block-title\"><a title=\"Obagi Sun Shield\u2122 Tint Broad Spectrum SPF\u00a050 Warm\"  href=\"https:\/\/pureobagi.com\/de\/produkt\/obagi-sun-shield-tint-broad-spectrum-spf-50-warm-2\/\">Obagi Sun Shield\u2122 Tint Broad Spectrum SPF\u00a050 Warm<\/a><\/h3><div class=\"wopb-product-price\"><span class=\"woocommerce-Price-amount amount\"><bdi><span class=\"woocommerce-Price-currencySymbol\">&euro;<\/span>53.00<\/bdi><\/span> <small class=\"woocommerce-price-suffix\">inkl. MwSt.<\/small><\/div><div class=\"wopb-product-btn\"><div class=\"wopb-product-btn \"><span class=\"wopb-cart-action \" data-postid=\"47547\"><a href=\"\/de\/wp-json\/wp\/v2\/pages\/26439?add-to-cart=47547\" class=\"add_to_cart_button ajax_add_to_cart wopb-cart-normal\" data-stock=\"\" aria-label=\"In den Warenkorb legen: \u201eObagi Sun Shield\u2122 Tint Broad Spectrum SPF\u00a050 Warm\u201c\" data-quantity=\"1\" data-product_id=\"47547\" data-product_sku=\"SUNWARMOBA01\" rel=\"nofollow\">In den Warenkorb<\/a><a href=\"https:\/\/pureobagi.com\/de\/cart-2\/\" class=\"wopb-cart-active\">View Cart<\/a><\/span><\/div><\/div><\/div><\/div><div class=\"wopb-block-item \"><div class=\"wopb-block-content-wrap\"><div class=\"wopb-block-image wopb-block-image-none\"><div class=\"wopb-onsale-hot\"><\/div><div class=\"wopb-product-new-meta\"><\/div><a href=\"https:\/\/pureobagi.com\/de\/produkt\/obagi-gentle-men-kit-normal-dry\/\"><img decoding=\"async\" src=\"https:\/\/pureobagi.com\/wp-content\/uploads\/2021\/05\/Gentle-Men-Kit-1000x1000-1-e1634131248948.png\" alt=\"Obagi Gentle Men&#039;s Kit for Normal-Dry Skin\" \/><\/a><\/div><h3 class=\"wopb-block-title\"><a title=\"Obagi Gentle Men&#039;s Kit for Normal-Dry Skin\"  href=\"https:\/\/pureobagi.com\/de\/produkt\/obagi-gentle-men-kit-normal-dry\/\">Obagi Gentle Men&#8217;s Kit for Normal-Dry Skin<\/a><\/h3><div class=\"wopb-product-price\"><span class=\"woocommerce-Price-amount amount\"><bdi><span class=\"woocommerce-Price-currencySymbol\">&euro;<\/span>173.70<\/bdi><\/span> <small class=\"woocommerce-price-suffix\">inkl. MwSt.<\/small><\/div><div class=\"wopb-product-btn\"><div class=\"wopb-product-btn \"><span class=\"wopb-cart-action \" data-postid=\"29508\"><a href=\"\/de\/wp-json\/wp\/v2\/pages\/26439?add-to-cart=29508\" class=\"add_to_cart_button ajax_add_to_cart wopb-cart-normal\" data-stock=\"\" aria-label=\"In den Warenkorb legen: \u201eObagi Gentle Men&#039;s Kit for Normal-Dry Skin\u201c\" data-quantity=\"1\" data-product_id=\"29508\" data-product_sku=\"OBAGENMENDRY\" rel=\"nofollow\">In den Warenkorb<\/a><a href=\"https:\/\/pureobagi.com\/de\/cart-2\/\" class=\"wopb-cart-active\">View Cart<\/a><\/span><\/div><\/div><\/div><\/div><div class=\"wopb-block-item \"><div class=\"wopb-block-content-wrap\"><div class=\"wopb-block-image wopb-block-image-none\"><div class=\"wopb-onsale-hot\"><\/div><div class=\"wopb-product-new-meta\"><\/div><a href=\"https:\/\/pureobagi.com\/de\/produkt\/vitamin-c-advanced-kit\/\"><img decoding=\"async\" src=\"https:\/\/pureobagi.com\/wp-content\/uploads\/2021\/03\/Vitamin-C-Advanced-V2.jpg\" alt=\"Obagi Vitamin C Advanced Kit\" \/><\/a><\/div><h3 class=\"wopb-block-title\"><a title=\"Obagi Vitamin C Advanced Kit\"  href=\"https:\/\/pureobagi.com\/de\/produkt\/vitamin-c-advanced-kit\/\">Obagi Vitamin C Advanced Kit<\/a><\/h3><div class=\"wopb-product-price\"><span class=\"woocommerce-Price-amount amount\"><bdi><span class=\"woocommerce-Price-currencySymbol\">&euro;<\/span>209.70<\/bdi><\/span> <small class=\"woocommerce-price-suffix\">inkl. MwSt.<\/small><\/div><div class=\"wopb-product-btn\"><div class=\"wopb-product-btn \"><span class=\"wopb-cart-action \" data-postid=\"29520\"><a href=\"\/de\/wp-json\/wp\/v2\/pages\/26439?add-to-cart=29520\" class=\"add_to_cart_button ajax_add_to_cart wopb-cart-normal\" data-stock=\"\" aria-label=\"In den Warenkorb legen: \u201eObagi Vitamin C Advanced Kit\u201c\" data-quantity=\"1\" data-product_id=\"29520\" data-product_sku=\"OBAVITCADV\" rel=\"nofollow\">In den Warenkorb<\/a><a href=\"https:\/\/pureobagi.com\/de\/cart-2\/\" class=\"wopb-cart-active\">View Cart<\/a><\/span><\/div><\/div><\/div><\/div><div class=\"wopb-block-item \"><div class=\"wopb-block-content-wrap\"><div class=\"wopb-block-image wopb-block-image-none\"><div class=\"wopb-onsale-hot\"><\/div><div class=\"wopb-product-new-meta\"><\/div><a href=\"https:\/\/pureobagi.com\/de\/produkt\/vitamin-c-intermediate-kit\/\"><img decoding=\"async\" src=\"https:\/\/pureobagi.com\/wp-content\/uploads\/2021\/03\/Vitamin-C-Intermediate-V2.jpg\" alt=\"Obagi Vitamin C Intermediate Kit\" \/><\/a><\/div><h3 class=\"wopb-block-title\"><a title=\"Obagi Vitamin C Intermediate Kit\"  href=\"https:\/\/pureobagi.com\/de\/produkt\/vitamin-c-intermediate-kit\/\">Obagi Vitamin C Intermediate Kit<\/a><\/h3><div class=\"wopb-product-price\"><span class=\"woocommerce-Price-amount amount\"><bdi><span class=\"woocommerce-Price-currencySymbol\">&euro;<\/span>186.30<\/bdi><\/span> <small class=\"woocommerce-price-suffix\">inkl. MwSt.<\/small><\/div><div class=\"wopb-product-btn\"><div class=\"wopb-product-btn \"><span class=\"wopb-cart-action \" data-postid=\"29517\"><a href=\"\/de\/wp-json\/wp\/v2\/pages\/26439?add-to-cart=29517\" class=\"add_to_cart_button ajax_add_to_cart wopb-cart-normal\" data-stock=\"\" aria-label=\"In den Warenkorb legen: \u201eObagi Vitamin C Intermediate Kit\u201c\" data-quantity=\"1\" data-product_id=\"29517\" data-product_sku=\"OBAVITCMED\" rel=\"nofollow\">In den Warenkorb<\/a><a href=\"https:\/\/pureobagi.com\/de\/cart-2\/\" class=\"wopb-cart-active\">View Cart<\/a><\/span><\/div><\/div><\/div><\/div><div class=\"wopb-block-item \"><div class=\"wopb-block-content-wrap\"><div class=\"wopb-block-image wopb-block-image-none\"><div class=\"wopb-onsale-hot\"><\/div><div class=\"wopb-product-new-meta\"><\/div><a href=\"https:\/\/pureobagi.com\/de\/produkt\/vitamin-c-starter-set\/\"><img decoding=\"async\" src=\"https:\/\/pureobagi.com\/wp-content\/uploads\/2021\/03\/Vitamin-C-Starter-V2.jpg\" alt=\"Obagi Vitamin C Starter Kit\" \/><\/a><\/div><h3 class=\"wopb-block-title\"><a title=\"Obagi Vitamin C Starter Kit\"  href=\"https:\/\/pureobagi.com\/de\/produkt\/vitamin-c-starter-set\/\">Obagi Vitamin C Starter Kit<\/a><\/h3><div class=\"wopb-product-price\"><span class=\"woocommerce-Price-amount amount\"><bdi><span class=\"woocommerce-Price-currencySymbol\">&euro;<\/span>169.20<\/bdi><\/span> <small class=\"woocommerce-price-suffix\">inkl. MwSt.<\/small><\/div><div class=\"wopb-product-btn\"><div class=\"wopb-product-btn \"><span class=\"wopb-cart-action \" data-postid=\"29514\"><a href=\"\/de\/wp-json\/wp\/v2\/pages\/26439?add-to-cart=29514\" class=\"add_to_cart_button ajax_add_to_cart wopb-cart-normal\" data-stock=\"\" aria-label=\"In den Warenkorb legen: \u201eObagi Vitamin C Starter Kit\u201c\" data-quantity=\"1\" data-product_id=\"29514\" data-product_sku=\"OBAVITCSTART\" rel=\"nofollow\">In den Warenkorb<\/a><a href=\"https:\/\/pureobagi.com\/de\/cart-2\/\" class=\"wopb-cart-active\">View Cart<\/a><\/span><\/div><\/div><\/div><\/div><\/div><div class=\"wopb-slick-nav\" style=\"display:none\"><div class=\"wopb-slick-prev\"><div class=\"slick-arrow slick-prev\"><svg enable-background=\"new 0 0 477.175 477.175\" version=\"1.1\" viewBox=\"0 0 477.18 477.18\"><path d=\"m145.19 238.58 215.5-215.5c5.3-5.3 5.3-13.8 0-19.1s-13.8-5.3-19.1 0l-225.1 225.1c-5.3 5.3-5.3 13.8 0 19.1l225.1 225c2.6 2.6 6.1 4 9.5 4s6.9-1.3 9.5-4c5.3-5.3 5.3-13.8 0-19.1l-215.4-215.5z\"\/><\/svg><\/div><\/div><div class=\"wopb-slick-next\"><div class=\"slick-arrow slick-next\"><svg enable-background=\"new 0 0 477.175 477.175\" version=\"1.1\" viewBox=\"0 0 477.18 477.18\"><path d=\"m360.73 229.08-225.1-225.1c-5.3-5.3-13.8-5.3-19.1 0s-5.3 13.8 0 19.1l215.5 215.5-215.5 215.5c-5.3 5.3-5.3 13.8 0 19.1 2.6 2.6 6.1 4 9.5 4s6.9-1.3 9.5-4l225.1-225.1c5.3-5.2 5.3-13.8 0.1-19z\"\/><\/svg><\/div><\/div><\/div><\/div><\/div><\/div>","protected":false},"excerpt":{"rendered":"<p>Retinoide werden als der m\u00e4chtigste Hautpflege-Wirkstoff der Welt bezeichnet. Am h\u00e4ufigsten werden Retinoide als Anti-Ageing-Wirkstoff eingesetzt. Sie helfen, feine Linien und Falten sowie andere Zeichen der Hautalterung zu reduzieren, indem sie die Kollagenproduktion der Haut ankurbeln und den Zellumsatz erh\u00f6hen. Retinoide sind auch wirksam bei der Verbesserung des Hautbildes, bei der Reinigung der Poren und [&hellip;]<\/p>\n","protected":false},"author":1,"featured_media":0,"parent":0,"menu_order":0,"comment_status":"closed","ping_status":"closed","template":"template-fullwidth.php","meta":{"_acf_changed":false,"footnotes":""},"class_list":["post-26439","page","type-page","status-publish","hentry"],"acf":[],"_links":{"self":[{"href":"https:\/\/pureobagi.com\/de\/wp-json\/wp\/v2\/pages\/26439","targetHints":{"allow":["GET"]}}],"collection":[{"href":"https:\/\/pureobagi.com\/de\/wp-json\/wp\/v2\/pages"}],"about":[{"href":"https:\/\/pureobagi.com\/de\/wp-json\/wp\/v2\/types\/page"}],"author":[{"embeddable":true,"href":"https:\/\/pureobagi.com\/de\/wp-json\/wp\/v2\/users\/1"}],"replies":[{"embeddable":true,"href":"https:\/\/pureobagi.com\/de\/wp-json\/wp\/v2\/comments?post=26439"}],"version-history":[{"count":5,"href":"https:\/\/pureobagi.com\/de\/wp-json\/wp\/v2\/pages\/26439\/revisions"}],"predecessor-version":[{"id":30576,"href":"https:\/\/pureobagi.com\/de\/wp-json\/wp\/v2\/pages\/26439\/revisions\/30576"}],"wp:attachment":[{"href":"https:\/\/pureobagi.com\/de\/wp-json\/wp\/v2\/media?parent=26439"}],"curies":[{"name":"wp","href":"https:\/\/api.w.org\/{rel}","templated":true}]}}