{"id":26593,"date":"2020-12-14T23:06:16","date_gmt":"2020-12-14T23:06:16","guid":{"rendered":"https:\/\/pureobagi.com\/cookie-richtlinie\/"},"modified":"2021-07-01T16:15:12","modified_gmt":"2021-07-01T15:15:12","slug":"cookie-richtlinie","status":"publish","type":"page","link":"https:\/\/pureobagi.com\/de\/cookie-richtlinie\/","title":{"rendered":"Cookie-Richtlinie"},"content":{"rendered":"\n<p>Diese website verwendet cookies. Indem Sie diese website nutzen und der nachstehenden Richtlinie zustimmen, stimmen Sie der PureObagi Verwendungvon cookies durch, wie in den Bedingungen dieserrichtlinie dargelegt, zu.<\/p>\n\n<p>Cookies sind Dateien, die von einem webserver an einen webbrowser gesendetwerden und, sofernnicht anders angegeben, vondiesem webbrowser gespeichert werden. Dieseinformationen werden dannjedes Mal, wenn eine Seite vom server angefordert wird, vom webbrowser an den webserver zur\u00fcck gegeben. Dieser Prozess erm\u00f6glicht es web Servern, webbrowser undbestimmte Arten vonaktivit\u00e4ten zu identifizieren und zu verfolgen.<\/p>\n\n<p>PureObagi Verwendungvon Cookies<\/p>\n\n<p>Unserewebsite verwendet cookies f\u00fcr diefolgenden Zwecke:<\/p>\n\n<ul class=\"wp-block-list\"><li>Cookies, die f\u00fcr wesentliche website-Zwecke und-Funktionen erforderlichsind<\/li><li>Website &#8211; Erweiterung Cookies<\/li><li>Website-Funktionalit\u00e4t cookies von Vimeo (f\u00fcr video Wiedergabe)<\/li><li>Analyse-Cookies f\u00fcr tracking und Berichterstellung<\/li><\/ul>\n\n<p>Google &#8211; Cookies<\/p>\n\n<p>Unserewebsite verwendet auch cookies, um dienutzung dieser Website\u00fcber Google Analytics zu analysieren. Die Erfassungdieser Datenwird verwendet, um die Leistung derwebsite zu melden und zu analysieren. PureObagi Google istdaf\u00fcr verantwortlich, dieseinformationen sicher zu speichern, und Sie k\u00f6nnen mehr \u00fcberderen Datenschutzrichtlinien lesen.<\/p>\n\n<p>Die PureObagi website f\u00f6rdert keine Werbung vondritten undzeigt daherkeine Inhalte von der Google Adsense &#8211; Plattform an.<\/p>\n\n<p>Deaktivieren von Cookies<\/p>\n\n<p>Cookies erh\u00f6hen im allgemeinen die Benutzerfreundlichkeit und das Erlebnis dieser website. Wenn Siejedoch aufunserer Website surfen m\u00f6chten, ohne cookies zu verwenden, erhalten Sie von denmeisten Browsern die M\u00f6glichkeit, cookies abzulehnen.<\/p>\n\n<p>Obwohl die Einstellungen von dem browser abh\u00e4ngen, den Sie verwenden, k\u00f6nnen Sie Ihre Einstellungen in derregel \u00fcber das Men\u00fc tools anpassen.<\/p>\n","protected":false},"excerpt":{"rendered":"<p>Diese website verwendet cookies. Indem Sie diese website nutzen und der nachstehenden Richtlinie zustimmen, stimmen Sie der PureObagi Verwendungvon cookies durch, wie in den Bedingungen dieserrichtlinie dargelegt, zu. Cookies sind Dateien, die von einem webserver an einen webbrowser gesendetwerden und, sofernnicht anders angegeben, vondiesem webbrowser gespeichert werden. Dieseinformationen werden dannjedes Mal, wenn eine Seite vom [&hellip;]<\/p>\n","protected":false},"author":1,"featured_media":0,"parent":0,"menu_order":0,"comment_status":"closed","ping_status":"closed","template":"","meta":{"_acf_changed":false,"footnotes":""},"class_list":["post-26593","page","type-page","status-publish","hentry"],"acf":[],"_links":{"self":[{"href":"https:\/\/pureobagi.com\/de\/wp-json\/wp\/v2\/pages\/26593","targetHints":{"allow":["GET"]}}],"collection":[{"href":"https:\/\/pureobagi.com\/de\/wp-json\/wp\/v2\/pages"}],"about":[{"href":"https:\/\/pureobagi.com\/de\/wp-json\/wp\/v2\/types\/page"}],"author":[{"embeddable":true,"href":"https:\/\/pureobagi.com\/de\/wp-json\/wp\/v2\/users\/1"}],"replies":[{"embeddable":true,"href":"https:\/\/pureobagi.com\/de\/wp-json\/wp\/v2\/comments?post=26593"}],"version-history":[{"count":3,"href":"https:\/\/pureobagi.com\/de\/wp-json\/wp\/v2\/pages\/26593\/revisions"}],"predecessor-version":[{"id":26596,"href":"https:\/\/pureobagi.com\/de\/wp-json\/wp\/v2\/pages\/26593\/revisions\/26596"}],"wp:attachment":[{"href":"https:\/\/pureobagi.com\/de\/wp-json\/wp\/v2\/media?parent=26593"}],"curies":[{"name":"wp","href":"https:\/\/api.w.org\/{rel}","templated":true}]}}