{"id":26604,"date":"2020-10-19T17:33:04","date_gmt":"2020-10-19T16:33:04","guid":{"rendered":"https:\/\/pureobagi.com\/lieferung-und-ruecksendungen\/"},"modified":"2022-03-31T10:58:03","modified_gmt":"2022-03-31T09:58:03","slug":"lieferung-und-ruecksendungen","status":"publish","type":"page","link":"https:\/\/pureobagi.com\/de\/lieferung-und-ruecksendungen\/","title":{"rendered":"Lieferung und R\u00fccksendungen"},"content":{"rendered":"\n<p>Wir bieten kostenlosen Standardversand f\u00fcr alle Bestellungen \u00fcber 60 \u20ac mit DPD oder DHL in die meisten europ\u00e4ischen L\u00e4nder (\u00d6sterreich, Belgien, Bulgarien, Kroatien, Tschechische Republik, D\u00e4nemark, Estland, Finnland, Frankreich, Deutschland, Griechenland, Ungarn, Italien, Lettland , Litauen, Luxemburg, Monaco, Niederlande, Polen, Portugal, Slowakei, Slowenien, Spanien, Schweden).<\/p>\n\n<p>Wir bieten auch Express-Lieferoptionen mit DHL an. Alle anfallenden Geb\u00fchren werden an der Kasse angezeigt und k\u00f6nnen je nach Land variieren.<\/p>\n\n<p>F\u00fcr alle Bestellungen, die von DPD International Signed For versandt werden, ist eine Unterschrift bei Lieferung erforderlich. Weitereinformationen zu den Lieferkosten und dervoraus sichtlichen Zeitfinden Sie auf der checkout-Seite. In dem unwahrscheinlichen Fall, dass Ihre Bestellung nichtinnerhalb der angegebenen Zeit eintrifft, bitten wir Sie, sichfreundlicherweise unterangabe ihrer Sendungsverfolgungsnummer an DPD zu wenden.<\/p>\n\n<p>Wenn Sie nach Erhaltihrer Ware entscheiden, dass sie diese nicht mehr verwenden m\u00f6chten, haben sie das Recht, die Ware innerhalbvon 14 Tagennach Erhalt zur\u00fcck zusenden, sofern Sieuns unversehrt und unge\u00f6ffnet zur\u00fcckgegeben wird. Wir erstatten Ihnennach Erhalt der R\u00fccksendung abz\u00fcglich etwaiger Versand Kosten. Die R\u00fcckerstattung erfolgt auf die Kredit &#8211; oder Debitkarte, die f\u00fcr die Bestellung verwendet wird. Wir behalten uns dasrecht vor, Ihnen dieanfallenden Versand &#8211; und Verpackungskosten in Rechnung zu stellen. Bitte gebensie Ihren Namen, Ihre Bestell Nummer, Kontaktdaten und den Grund f\u00fcr die R\u00fccksendung des Produkts an dieunten stehende Adresse an.<\/p>\n\n<p>Pure Obagi&#13;\nUnit 16 The Exchange&#13;\nCalmount Business Park&#13;\nBallymount&#13;\nDublin 12<\/p>\n\n<p>Bitte beachten Sie, dass R\u00fcckerstattungen bis zu 10 Werktage dauern k\u00f6nnen, bis Sie aufihrem Konto erscheinen. R\u00fccksendekosten werden vompatienten \u00fcbernommen.<\/p>\n\n<p><b>Fehlerhafter Artikel<\/b><\/p>\n\n<p>Wenn der Artikel, den sieerhalten haben, fehlerhaft ist, wenden Sie sichbitte an denkunden Dienst unterangabe Ihrer Bestell Nummer, Ihres Namens undihrer Adresse, der Produktdetails und des R\u00fcckgabegrundes sowie der Frage, ob Sie eine R\u00fcckerstattung oder einen Ersatz ben\u00f6tigen. Anschliessend beraten wir Sie, wie mit der R\u00fcckgabe fortzufahren ist. Sie haben 30 Tagenach Erhalt desfehlerhaften Artikels Zeit, uns den Artikel zur\u00fcck zusenden.<\/p>\n\n<p><b>Ich habe denfalschen Artikel<\/b> erhalten<\/p>\n\n<p>Wenn der Artikel, den sieerhalten haben, nicht das ist, was sieurspr\u00fcnglich bestellt haben, kontaktieren Sieuns bitte unter <a href=\"mailto:info@pureobagi.com\"> Angabe<\/a> Ihrer Bestell Nummer, Ihres Namens undihrer Adresse, der Produktdetails und des R\u00fcckgabegrundes unter info@pureobagi.com undgeben Sie an, ob Sie eine R\u00fcckerstattung oder einen Ersatz ben\u00f6tigen. Anschliessend beraten wir Sie, wie mit der R\u00fcckgabe fortzufahren ist.<\/p>\n\n<p><b>Abgelehnte und unzustellbare Bestellungen<\/b><\/p>\n\n<p>Alle unzustellbaren Pakete, dieaufgrund eines falschen Namens oder einerfalschen Adresse oder wegenmangelnder Abholung nicht abgeholt wurden, werden erstattet, abz\u00fcglich etwaiger Versandkosten Pure Obagi , die beim Versand der Bestellung an sie entstanden sind.<\/p>\n","protected":false},"excerpt":{"rendered":"<p>Wir bieten kostenlosen Standardversand f\u00fcr alle Bestellungen \u00fcber 60 \u20ac mit DPD oder DHL in die meisten europ\u00e4ischen L\u00e4nder (\u00d6sterreich, Belgien, Bulgarien, Kroatien, Tschechische Republik, D\u00e4nemark, Estland, Finnland, Frankreich, Deutschland, Griechenland, Ungarn, Italien, Lettland , Litauen, Luxemburg, Monaco, Niederlande, Polen, Portugal, Slowakei, Slowenien, Spanien, Schweden). Wir bieten auch Express-Lieferoptionen mit DHL an. Alle anfallenden Geb\u00fchren [&hellip;]<\/p>\n","protected":false},"author":1,"featured_media":0,"parent":0,"menu_order":0,"comment_status":"closed","ping_status":"closed","template":"","meta":{"_acf_changed":false,"footnotes":""},"class_list":["post-26604","page","type-page","status-publish","hentry"],"acf":[],"_links":{"self":[{"href":"https:\/\/pureobagi.com\/de\/wp-json\/wp\/v2\/pages\/26604","targetHints":{"allow":["GET"]}}],"collection":[{"href":"https:\/\/pureobagi.com\/de\/wp-json\/wp\/v2\/pages"}],"about":[{"href":"https:\/\/pureobagi.com\/de\/wp-json\/wp\/v2\/types\/page"}],"author":[{"embeddable":true,"href":"https:\/\/pureobagi.com\/de\/wp-json\/wp\/v2\/users\/1"}],"replies":[{"embeddable":true,"href":"https:\/\/pureobagi.com\/de\/wp-json\/wp\/v2\/comments?post=26604"}],"version-history":[{"count":4,"href":"https:\/\/pureobagi.com\/de\/wp-json\/wp\/v2\/pages\/26604\/revisions"}],"predecessor-version":[{"id":50776,"href":"https:\/\/pureobagi.com\/de\/wp-json\/wp\/v2\/pages\/26604\/revisions\/50776"}],"wp:attachment":[{"href":"https:\/\/pureobagi.com\/de\/wp-json\/wp\/v2\/media?parent=26604"}],"curies":[{"name":"wp","href":"https:\/\/api.w.org\/{rel}","templated":true}]}}