{"id":29915,"date":"2020-10-19T17:33:09","date_gmt":"2020-10-19T16:33:09","guid":{"rendered":"https:\/\/pureobagi.com\/datenschutzerklaerung\/"},"modified":"2021-08-12T15:09:44","modified_gmt":"2021-08-12T14:09:44","slug":"datenschutzerklaerung","status":"publish","type":"page","link":"https:\/\/pureobagi.com\/de\/datenschutzerklaerung\/","title":{"rendered":"Datenschutzerkl\u00e4rung"},"content":{"rendered":"\n<ul class=\"wp-block-list\"><li>1. Datenschutzerkl\u00e4rung<\/li><li>2. Datenschutzbestimmungen<\/li><li>3. Welche Informationen erfassen wir von Ihnen?<\/li><li>4. Cookies<\/li><li>5. Wie nutzen wir die Informationen?<\/li><li>6. Wie handhaben wir Ihre Informationen?<\/li><li>7. wem d\u00fcrfen wir ihre Daten offenlegen?<\/li><li>8. Wie kann ich dieverwendung meiner Informationen kontrollieren?<\/li><li>9. \u00c4nderungen der Datenschutzerkl\u00e4rung<\/li><li>10. ihr Beschwerderecht<\/li><\/ul>\n\n<p>Clever Aesthetic Tech Ltd (\u201cPure Obagi\u201d) (\u201ewir\u201c, \u201euns\u201c, \u201eunser\u201c) Datenschutz Erkl\u00e4rung. Dies istunsere Datenschutz Erkl\u00e4rung, in der angegeben ist, wie wir Ihre personenbezogenen Daten (\u201ePersonen Bezogene Daten\u201c) verwenden, wenn Sieunsere Website www.pureobagi.com. nutzen. Wirnehmen unsere Verantwortungf\u00fcr den Datenschutz ernst.<\/p>\n\n<p>1 Datenschutzerkl\u00e4rung<\/p>\n\n<p>1.1 Diese Website befindetsich im Besitzeines in Unit 16 The Exchange, Calmount Business Park, Ballymount, Dublin, D12 RF43 eingetragenen Unternehmens mit der Firmennummer 676949. Clever Aesthetic Tech Ltd (\u201cPure Obagi\u201d) Pure Obagi\u2019s Die Registrierungsnummer bei der Office of the Data Protection Commissioners in Guernsey, Kanal Inseln, lautet 64473.<\/p>\n\n<p>1.2 Das Datenschutzgesetz (Bailiwick of Guernsey) 2017, das Datenschutzgesetz (Jersey) 2018 und dieneue europ\u00e4ische Datenschutz &#8211; Grundverordnung (umgesetzt im Vereinigtenk\u00f6nigreich am 25. Mai 2018) (die \u201e- Verordnungen\u201c) legen unsere Verantwortlichkeiten fest. Wirm\u00fcssen ihre Daten sch\u00fctzen.<\/p>\n\n<p>1.3 Diese Datenschutzerkl\u00e4rung legt fest, wie wir Ihre personenbezogenen Daten erhalten und speichern werden. Dieswird als \u201eVerarbeitung\u201c bezeichnet. Wenn diese Datenschutzerkl\u00e4rung zusammen mitunseren Nutzungsbedingungen und der Cookie-Richtlinie gelesen wird, deckt sieunsere Beziehung zu Ihnen in Bezug auf diese Website ab. Indem Sie diese Website weiterhin besuchen und nutzen, stimmen Siedieser Datenschutzerkl\u00e4rung zu. Sollten Sie einemteil dieser Datenschutzerkl\u00e4rung nicht zustimmen, verwenden Siebitte nichtunsere Website.<\/p>\n\n<p>1.4 alle Fragen, Kommentare und Anfragen, die Sie zu dieser Datenschutzerkl\u00e4rung haben, sind willkommen undsollten an folgende Adresse gerichtet werden: Datenschutzbeauftragter unter info@pureobagi.com.<\/p>\n\n<p>2 Datenschutzbestimmungen<\/p>\n\n<p>2.1 Im Sinnedieser Datenschutz Erkl\u00e4rung: (a) Wir bestimmen die Zwecke und die Art und Weise, in der ihre personenbezogenen Daten sind, oder verarbeitetwerden soll, und wir sind als Datenverantwortlicher (\u201eDaten Verantwortlicher\u201c) bekannt; und (b) bei der \u00dcbermittlung Ihrer Daten und Informationen an uns, Handhabung und Prozess, Sie sind die Person, die Gegenstand der Daten ist (die \u201ebetroffene Person\u201c); und (c) bei derverarbeitung Ihrer Daten und Informationen, alleanderen Parteien, Die mit derverarbeitung vondaten durch denverantwortlichen beauftragt sind, werden als (\u201eAuftrag Verarbeiter\u201c) bezeichnet.<\/p>\n\n<ol class=\"wp-block-list\" start=\"3\"><li>Welche Informationen erfassen wir von Ihnen?<\/li><\/ol>\n\n<p>3.1 Wir k\u00f6nnen diefolgenden Daten und Informationen erfassen und verarbeiten, die Sieuns geben, Wenn Sie ein Konto registrieren, Eine Bestellung f\u00fcr Waren aufgeben, oder wenn Sie Inhalte aufunserer Website oderanderweitig durch korrespondierende per E-Mail oderanderweitig einreichen: (a) name und Geburt Datum; (b) Kontaktdaten einschlie\u00dflich Adresse, E-Mail-Adresse, Telefon Nummer; (c) Informationen, Die f\u00fcr die \u00dcbermittlung einer Bestellung erforderlich sind.<\/p>\n\n<p>3.2 wir verstehen, dass die in 3.1(c) erfassten Daten Personenbezogene Daten sind.<\/p>\n\n<p>3.3 Wir erheben undverarbeiten diefolgenden Daten automatischvon Ihrem Besuch aufunserer Website: (a) technische Informationen, einschlie\u00dflich der internet Protokoll-Adresse (IP-Adresse), Die f\u00fcr dieverbindung Ihres Computers mit dem Internet verwendet wird, Ihre login-Daten, browsertyp und &#8211; version, Zeitzonen-Einstellung, browser-plug &#8211; in-Typen und &#8211; Versionen, Betriebssystem und Plattform; (b) Informationen\u00fcber Ihren Besuch, einschlie\u00dflich desvollst\u00e4ndigen einheitlichen Ressourcen &#8211; Locators (URL), Clickstream zu, \u00fcber und vonunserer Website (einschlie\u00dflich Datum und Uhrzeit), Produkte, die Sie gesehenoder gesucht haben, Seite Reaktion Zeiten, download &#8211; Fehler, Dauer der Besuche bestimmter Seiten, Seite Interaktion Informationen (wie Scrollen, Klicks, und mouse-overs), Methoden, Dieverwendet werden, Um von derseite weg zu browsen, undjede Telefon Nummer, Dieverwendet wird, Um unsere Kundendienstnummer und alleanderen anonymisierten Datenoder Metriken zu kontaktieren, die das Benutzerverhalten und die Gewohnheiten von web Besuchern identifizieren.<\/p>\n\n<ol class=\"wp-block-list\" start=\"4\"><li>Cookies<\/li><\/ol>\n\n<p>4.1 Durch den Besuch dieser website stimmen Sie derverwendung von cookies zur Unterscheidung vonanderen Benutzern zu. Dieverwendung von cookies gibt uns in keiner Weise Zugriff aufihren computer oder aufandere personenbezogene Daten als die Daten und Informationen, die Sie mit uns teilen.<\/p>\n\n<p>4.2 Sie k\u00f6nnen cookies akzeptierenoder ablehnen, indem Sie die Einstellungen Ihreseigenen Browsers \u00e4ndern.<\/p>\n\n<p>4.3 Weitereinformationen zu den cookies, die wir verwenden, und zu derenfunktionsweise finden Sie in unserer Cookie-Richtlinie.<\/p>\n\n<ol class=\"wp-block-list\" start=\"5\"><li>Wie nutzen wir die Informationen?<\/li><\/ol>\n\n<p>5.1 Wirverwenden die Daten und Informationen, die Sieuns geben: (a) Um Ihnen dieeinrichtung eines Kontos auf derwebsite zu erm\u00f6glichen; (b) zur analyse, Prozess, Verpacken undliefern Sie Ihre Bestellung(en); (c) um unsereninternen Gesch\u00e4ftsunterlagen aufzubewahren und aufzubewahren; (d) f\u00fcrunsere internen Schulung Zwecke; e) wenn ein berechtigtes Interesse besteht, Um Ihnen unsereeigenen ma\u00dfgeschneiderten marketinginformationen zurverf\u00fcgung zu stellen, Dieunserer Meinungnach ihren Interessen und Bed\u00fcrfnissen entsprechen.<\/p>\n\n<p>5.2 Wir behalten uns dasrecht vor, dienutzung Liste in Ziffer 5.1 zu erg\u00e4nzen. Wir werden im Vorfeld erhobene Daten und Informationennicht f\u00fcr eineneue Nutzung Ihrer Daten verwenden, ohne sie zu konsultieren und ihre ausdr\u00fcckliche Zustimmung einzuholen, wenn wir dazu gem\u00e4\u00df dem-Reglement verpflichtet sind.<\/p>\n\n<p>5.3 wenn Sieuns Informationen zu den obenbeschriebenen Zwecken der Kontoregistrierung und Bestellungen zurverf\u00fcgung stellen, k\u00f6nnen wir dieseinformationen zur\u00fcberpr\u00fcfung der bereitgestellten Informationen, zur Bearbeitung Ihres Antrags und zur Bestellung verwenden. Wir k\u00f6nnen die Datenauch an unsere Auftragsverarbeiter \u00fcbermitteln, um Ihre Bestellung zu erf\u00fcllenoder zu analysieren.<\/p>\n\n<p>5.4 Wir behalten uns dasrecht vor, ihre Daten zu anonymisieren, um Analysen zu erhalten undgleichzeitig ihre Privatsph\u00e4re zu wahren.<\/p>\n\n<ol class=\"wp-block-list\" start=\"6\"><li>Wie handhaben wir Ihre Informationen?<\/li><\/ol>\n\n<p>6.1 Die Daten und Informationen, die wir vonihnen erheben, werden an unseren Drittanbieter Linode mitsitz in Frankfurt (Deutschland) \u00fcbertragen undsicher gespeichert.<\/p>\n\n<p>6.2. Wir verpflichten uns, sicher zustellen, dass Ihre Daten und Informationen sicher sind. Um einen unbefugten Zugriff oder eine unbefugte Offenlegung zu verhindern, Wir haben geeignete physische, Elektronische und offizielle Verfahrenzum Schutz und zur Sicherung der Daten, die wir online erfassen, Einschlie\u00dflich: (a) Alle Daten und Informationen, die Sieuns zurverf\u00fcgung stellen, auf sicheren Servern gespeichert werden; (b) alle Zahlungsvorg\u00e4nge werden mit der SSL-Technologie verschl\u00fcsselt; (c) Wenn wirihnen ein Passwort gegebenhaben (oder Sie es gew\u00e4hlt haben) , mit dem sie aufbestimmte Teile unsererwebsite zugreifen k\u00f6nnen, Sie sinddaf\u00fcr verantwortlich, Dieses Passwort vertraulich zu behandeln. Wirbitten Sie, kein Passwort mit jemandem zu teilen; (d) Informationen zu l\u00f6schen und gespeicherte Kopien zu vernichten; (e) unser Pr\u00fcfverfahren regelm\u00e4\u00dfig zu aktualisieren.<\/p>\n\n<p>6.3 personenbezogene Daten, die wir gem\u00e4\u00df Ziffer 3.1 erheben, werden in \u00dcbereinstimmung mit den Vorschriften verarbeitet, und zwar nur, um es uns zu erm\u00f6glichen, ihren Antrag oder Ihre Anfrage zu bearbeiten. Ihre personenbezogenen Datenwerden sicher gespeichert und nicht an Dritte weiter gegeben.<\/p>\n\n<ol class=\"wp-block-list\" start=\"7\"><li>Wem d\u00fcrfen wir ihre Daten offenlegen?<\/li><\/ol>\n\n<p>7.1 durch die Bereitstellung vondaten und Informationen, Sie erkl\u00e4rensich damit einverstanden, dass wir solche Informationen offenlegen k\u00f6nnen, Wenndies f\u00fcr die In Ziffer 5 aufgef\u00fchrten Zwecke und Verwendungen erforderlich ist, zu: (a) unsere Mitarbeiter, Vertreter und alle Auftrag Verarbeiter, Die offiziell mit derverarbeitung der Daten in unserem Auftrag beauftragt sind; (b) ausgew\u00e4hlte Dritte, Einschlie\u00dflich: (i) Gesch\u00e4ft Partner, Lieferanten und Subunternehmer f\u00fcr dieerf\u00fcllung eines Vertrags, den wir mitihnen abschlie\u00dfen; (ii) analytische und Suchmaschinen &#8211; Anbieter, dieuns bei derverbesserung undoptimierung unsererwebsite unterst\u00fctzen; (iii) Zahlungskarte H\u00e4ndler, die die PCI\/DSS Vorschriften einhalten (c) alleanderen Dritten, denenwir gesetzlichverpflichtet sind, Ihre Daten gegen\u00fcber offen zulegen.<\/p>\n\n<p>7.2 Wir werden Ihre personenbezogenen Daten nur an Parteien weiter geben, die eineausreichende rechtlicheverantwortung f\u00fcrihren Schutz tragen und \u00fcber ausreichende Datenschutz-und Sicherheitsma\u00dfnahmen verf\u00fcgen, um sicher zustellen, dass sie angemessengesch\u00fctzt und behandelt werden.<\/p>\n\n<p>7.3 Wir k\u00f6nnen Ihre personenbezogenen Daten an Dritte weiter geben: (a) f\u00fcr den Fall, dass wir Gesch\u00e4fteoder Verm\u00f6genswerte verkaufenoder kaufen, in diesemfall werden wir Ihre personenbezogenen Daten gegen\u00fcberdem potenziellen Verk\u00e4ufer oder K\u00e4ufer solcher Gesch\u00e4fteoder Verm\u00f6genswerte offenlegen; (b) wenn unser Verm\u00f6gen, oder im Wesentlichen alle unsere Verm\u00f6genswerte vondritten erworben werden, in diesemfall geh\u00f6ren die von ihm \u00fcberunsere Kunden gespeicherten personenbezogenen Daten zu den \u00fcbertragenen Verm\u00f6gen Werten; (c) wenn wir zur Offenlegung oder Weitergabe Ihrer personenbezogenen Daten verpflichtet sind, um rechtlichen Verpflichtungen nachzukommen, oder um unsere Nutzungsbedingungen durchzusetzen oder anzuwenden; oder um unsere Rechte zu sch\u00fctzen, Eigentum oder Sicherheit unserer Kundenoder anderer. Dazugeh\u00f6rt deraustausch voninformationen mitanderen Unternehmen undorganisationen zumzwecke des Betrugs-und Kreditrisiko Schutzes.<\/p>\n\n<ol class=\"wp-block-list\" start=\"8\"><li>Wie kann ich dieverwendung meiner Informationen kontrollieren?<\/li><\/ol>\n\n<p>8.1 Sie k\u00f6nnen die Erhebung oder Nutzung Ihrer personenbezogenen Daten einschr\u00e4nken, wenn Sieuns zuvor zugestimmt haben, Ihre personenbezogenen Datenf\u00fcr Direktmarketingzwecke zu verwenden. Sie k\u00f6nnen Ihremeinung jederzeit \u00e4ndern, indem Sieuns bei, Datenschutz Beauftragter, unter info@pureobagi.com schreiben.<\/p>\n\n<p>8.2 Das Reglement gibt ihnen das Recht, auf die \u00fcber sie gespeicherten Informationen zuzugreifen. Ihr Zugriffsrecht kanngem\u00e4\u00df demgesetz ausge\u00fcbt werden. Jede Zugriffsanfrage ist kostenlos. Wenn Sie eine Kopie der \u00fcber sie gespeicherten Informationen w\u00fcnschen, schreiben Sieuns bitte an den Datenschutzbeauftragten unter info@pureobagi.com<\/p>\n\n<p>8.3 Wenn Sie dermeinung sind, dass irgendwelche Informationen, die wir beiihnen aufbewahren, falschoder unvollst\u00e4ndig sind, schreiben Sieuns bitte so schnellwie m\u00f6glich an oder senden Sieuns eine E-Mail an die obengenannte Adresse. Wir werden alle Informationen, die alsfalsch eingestuft wurden, umgehend korrigieren.<\/p>\n\n<ol class=\"wp-block-list\" start=\"9\"><li>\u00c4nderungen der Datenschutzerkl\u00e4rung<\/li><\/ol>\n\n<p>9.1 Wir behalten uns dasrecht vor, \u00c4nderungen an dieserrichtlinie durch die Aktualisierung dieser Seite von Zeit zu Zeit ohnevorherige Ank\u00fcndigung vorzunehmen. Bitte \u00fcberpr\u00fcfen Sie jedes Mal, wenn Sieunsere Website nutzen m\u00f6chten, die Erkl\u00e4rung, um sicher zustellen, dass Sie die zu diesemzeitpunkt geltenden Bedingungen verstehen.<\/p>\n\n<p>9.2 Dieaktuelle Stellungnahme beinhaltet dieanforderungen des GDPR, der am 25. Mai 2018 in Kraftgetreten ist.<\/p>\n\n<ol class=\"wp-block-list\" start=\"10\"><li>Ihr Recht, sich zu beschweren<\/li><\/ol>\n\n<p>10.1 Wenn Sie dermeinung sind, dass Ihre beiuns gespeicherten Informationennicht ordnungsgem\u00e4\u00df verarbeitet werden, haben sie das Recht, sich beim Datenschutzbeauftragten zu beschweren.<\/p>\n","protected":false},"excerpt":{"rendered":"<p>1. Datenschutzerkl\u00e4rung 2. Datenschutzbestimmungen 3. Welche Informationen erfassen wir von Ihnen? 4. Cookies 5. Wie nutzen wir die Informationen? 6. Wie handhaben wir Ihre Informationen? 7. wem d\u00fcrfen wir ihre Daten offenlegen? 8. Wie kann ich dieverwendung meiner Informationen kontrollieren? 9. \u00c4nderungen der Datenschutzerkl\u00e4rung 10. ihr Beschwerderecht Clever Aesthetic Tech Ltd (\u201cPure Obagi\u201d) (\u201ewir\u201c, \u201euns\u201c, [&hellip;]<\/p>\n","protected":false},"author":1,"featured_media":0,"parent":0,"menu_order":0,"comment_status":"closed","ping_status":"closed","template":"","meta":{"_acf_changed":false,"footnotes":""},"class_list":["post-29915","page","type-page","status-publish","hentry"],"acf":[],"_links":{"self":[{"href":"https:\/\/pureobagi.com\/de\/wp-json\/wp\/v2\/pages\/29915","targetHints":{"allow":["GET"]}}],"collection":[{"href":"https:\/\/pureobagi.com\/de\/wp-json\/wp\/v2\/pages"}],"about":[{"href":"https:\/\/pureobagi.com\/de\/wp-json\/wp\/v2\/types\/page"}],"author":[{"embeddable":true,"href":"https:\/\/pureobagi.com\/de\/wp-json\/wp\/v2\/users\/1"}],"replies":[{"embeddable":true,"href":"https:\/\/pureobagi.com\/de\/wp-json\/wp\/v2\/comments?post=29915"}],"version-history":[{"count":1,"href":"https:\/\/pureobagi.com\/de\/wp-json\/wp\/v2\/pages\/29915\/revisions"}],"predecessor-version":[{"id":29916,"href":"https:\/\/pureobagi.com\/de\/wp-json\/wp\/v2\/pages\/29915\/revisions\/29916"}],"wp:attachment":[{"href":"https:\/\/pureobagi.com\/de\/wp-json\/wp\/v2\/media?parent=29915"}],"curies":[{"name":"wp","href":"https:\/\/api.w.org\/{rel}","templated":true}]}}