{"id":30158,"date":"2020-10-19T17:33:06","date_gmt":"2020-10-19T16:33:06","guid":{"rendered":"https:\/\/pureobagi.com\/allgemeine-geschaeftsbedingungen\/"},"modified":"2022-03-22T17:05:55","modified_gmt":"2022-03-22T17:05:55","slug":"allgemeine-geschaeftsbedingungen","status":"publish","type":"page","link":"https:\/\/pureobagi.com\/de\/allgemeine-geschaeftsbedingungen\/","title":{"rendered":"Allgemeine Gesch\u00e4ftsbedingungen"},"content":{"rendered":"\n<p>Bitte lesen Sie diefolgenden Informationen, bevor Sie die PureObagi Website erkunden.<\/p>\n\n<p>Die auf derwebsite enthaltenen Informationendienen allgemeinen Informationen und Einkauf Funktionen. Es ist wichtig, dass sie denallgemeinen Gesch\u00e4ftsbedingungen vor der Nutzung derwebsite in vollemumfang zustimmen.<\/p>\n\n<p>Indem Sie einesunserer Produkte bestellen, stimmen Sie zu, an unserenallgemeinen Gesch\u00e4ftsbedingungen gebunden zu sein.<\/p>\n\n<p><b>Lizenz zur Nutzung der website<\/b><\/p>\n\n<p>Sofernnicht anders angegeben, PureObagi besitzt diegeistigen Eigentumsrechte an derwebsite und dem in derwebsite enthaltenen material.<\/p>\n\n<p>Sie k\u00f6nnen sich dasmaterial ansehen, es f\u00fcrihren pers\u00f6nlichen Gebrauch herunterladen und Seiten f\u00fcr denpers\u00f6nlichen Gebrauch drucken, vorbehaltlich derunten stehenden Einschr\u00e4nkungen;<\/p>\n\n<p>Sied\u00fcrfen nicht:<\/p>\n\n<ul class=\"wp-block-list\"><li>Direktes material vom Standortneu ver\u00f6ffentlichen<\/li><li>Informationenvon derwebsite verkaufen<\/li><li>jegliches material von den website-Seiten in \u00f6ffentlicher Form anzeigen<\/li><li>Materialf\u00fcr kommerzielle Zwecke reproduzieren<\/li><li>material von derwebsite bearbeiten oder\u00e4ndern<\/li><li>Material vom Standortneu verteilen<\/li><\/ul>\n\n<p><b>Ihre Verantwortung<\/b><br\/>durch dienutzung dieser Website \u00fcbernehmensie dievolle Verantwortungf\u00fcr alle Risiken, die mit 14dem Zugriff auf diewebsite und der Nutzungdieser verbunden sind. Dazugeh\u00f6rt auch die Kontamination durch computer Viren.<br\/>Durch den Besuch derwebsite m\u00fcssen Sie sich verpflichten, keine Urheberrechte zu verletzen. Es istihnen nicht gestattet, dasmaterial zu verwendenoder Kopien anzufertigen, au\u00dfer f\u00fcrihren pers\u00f6nlichen Gebrauch.<br\/> Wenn Sie eine Bestellung aufgeben, best\u00e4tigen Sie, dass sie rechtlich in der Lage sind, einen verbindlichen Vertrag abzuschlie\u00dfen, und dass Siemindestens 18 Jahrealt sind.<br\/><br\/><b>Unsere Verantwortung<\/b><br\/>wir k\u00f6nnen nicht garantieren, dass diewebsite jederzeit zug\u00e4nglich ist, und behalten uns dasrecht vor, Informationen und Produktenohne vorherige Ank\u00fcndigung zur\u00fcck zuziehen.<br\/> Die vondieser Website bereitgestellten Informationen und Ratschl\u00e4ge dienen lediglich informationszwecken und ersetzennicht die Beratung und Behandlung eines Arztes.<br\/>PureObagi kann links zu externen websites bereit stellen. Diese links dienen Ihrer Bequemlichkeit und PureObagi \u00fcbernehmenkeine Haftung f\u00fcr Ihre Inhalte. Derzugriff aufsolche websites erfolgt streng aufihr eigenes Risiko.<br\/><br\/><b>Vertrag Verh\u00e4ltnis<\/b><br\/>die Preise derprodukte auf der PureObagi website verstehen sich inklusive Steuern und werden dem Kunden zu den angezeigten Preisen zum Verkauf angeboten, gegebenenfalls zuz\u00fcglich Versand Kosten.<br\/>Nachdem Sie eine Bestellung aufgegeben haben, erhalten Sie eineautomatische E-mail von PureObagi mit der Best\u00e4tigung, dass wir Ihre Bestellung erhalten haben.<br\/>Wir verpflichten uns, Ihre Bestellung zu erf\u00fcllen und die Ware an die bei Aufgabe der Bestellung angegebene Lieferadresse zu liefern.F\u00fcr alle Bestellungen verwenden wir die DPD erfasste Lieferung und in denmeisten F\u00e4llen werden die Bestellungen innerhalbvon 2-7 Werktagen nach demversand geliefert.In einigen F\u00e4llen kann dielieferung l\u00e4nger dauern, und der Kunde muss bis zu 14 Tage f\u00fcr den Eingang seiner Bestellung Zeit haben. Wenn Sie sich in Europa aufhalten und die Ware nichtinnerhalb von 14 Tagennach Annahme der Bestellung beiuns erhalten haben, PureObagi wirdihnen eine Ersatzbestellung kostenlos zusenden.<br\/>Bitte beachten Sie, dass Sie Ihre Bestellung nach Erhalt unterzeichnen m\u00fcssen.Dies ist eine vertragliche Verpflichtung des Kunden und eine Best\u00e4tigung, dass die Ware an den Adressaten geliefert wurde.Der Empf\u00e4nger muss den Empfang der Lieferung unterschreiben.<br\/>\u00a0<br\/><b>Akzeptable Nutzung der website<\/b><br\/>Sie d\u00fcrfen diewebsite nicht in einer Weise nutzen, die zu Sch\u00e4den an derwebsite f\u00fchren k\u00f6nnte, oder die in irgendeiner Weise illegal, betr\u00fcgerisch oder sch\u00e4dlich ist.<br\/>Sie d\u00fcrfen unserewebsite nicht f\u00fcr sch\u00e4dliche computersoftware verwenden.<br\/>Sie d\u00fcrfen ohne unsere schriftliche Zustimmung keinedaten vonunserer Website erhebenoder zu marketingzwecken verwenden.<br\/><br\/><b>eingeschr\u00e4nkter Zugriff<\/b><br\/>Wir behalten uns dasrecht vor, den Zugriff aufunsere Website nach unserem Ermessen einzuschr\u00e4nken. Durch dienutzung derwebsite stimmen Sie den Allgemeinen Gesch\u00e4ftsbedingungen zu.<br\/><br\/><b>Beschr\u00e4nkte Garantien<\/b><br\/>obwohl es unser Ziel ist, dies zu tun, garantieren wir nicht die Vollst\u00e4ndigkeit oder Richtigkeit der Informationen, die aufdieser websitever\u00f6ffentlicht werden, oder dass sie kontinuierlich auf demneuesten Standgehalten werden.<br\/>Wir Gew\u00e4hrleistung, dassunsere Produktevon zufriedenstellender Qualit\u00e4t sind und dassunsere Haftung auf den Kaufpreis des Produkts beschr\u00e4nkt ist.<br\/><br\/><b>Ausschluss Haftung nichts in diesen Gesch\u00e4ftsbedingungen kann unsere Haftung f\u00fcr Tododer Personensch\u00e4den aufgrundvon Fahrl\u00e4ssigkeit, Betrugoder betr\u00fcgerischer Falschdarstellung einschr\u00e4nkenoder ausschlie\u00dfen.<\/b><br\/><br\/>Wir haften nicht f\u00fcr Verluste, die sich aus einem Ereignis ergeben, dasau\u00dferhalb unserer zumutbaren Kontrolle liegt, einschlie\u00dflich, aber nicht beschr\u00e4nkt auf: Streiks, Arbeit K\u00e4mpfe, Zivil K\u00e4mpfe, Natur Katastrophen, staatliche Beschr\u00e4nkungen und Gesetze.<br\/>Wir haftet nicht f\u00fcr Verluste oder Korruption vondaten oder software, dieau\u00dferhalb unserer Kontrolle liegen.<br\/> Dieallgemeinen Gesch\u00e4ftsbedingungen sind nicht zumvorteil Dritter oder zum Ausschlussjeglicher Haftung f\u00fcr Dritte bestimmt.<br\/><br\/><b> derallgemeinen Gesch\u00e4ftsbedingungen unbeschadet unserer Rechte k\u00f6nnen wir, wenn sie gegen diese Allgemeinen Gesch\u00e4ftsbedingungen versto\u00dfen, dieerforderlichen Ma\u00dfnahmen ergreifen, um den Versto\u00df zu beheben und Schadensersatz zu verlangen, einschlie\u00dflich der Einleitung von Gericht Verfahren, diegesetzlich vorgeschrieben sind.<\/b><br\/><br\/><br\/><b>Preise, Zahlung und Lieferung<\/b><br\/>der f\u00fcr die Waren zu zahlende Preis ist der auf derwebsite angegebene Preis plus Versand f\u00fcr die zutreffenden Regionen. Diezahlung erfolgt vor demversand der Ware.<br\/>Kunden m\u00fcssen eine g\u00fcltige Rechnungsadresse angeben, die mit deradresse \u00fcberein stimmt, unter der Ihre debit &#8211; oder Kreditkarte registriert ist.Geschiehtdies nicht, kanndies dazu f\u00fchren, dass die Transaktion vom Zahlungsdienstleister abgelehnt wird.Wenn eine ung\u00fcltige Adresseangegeben wird, PureObagi kann denkunden bitten, Belege als Nachweis f\u00fcr die Rechnungsadresse vorzulegen, wieetwa eine debit &#8211; oder Kreditkartenabrechnung oder eine Gas -, Wasser &#8211; oder Strom Rechnung.<br\/>Die Ware wird an die bei der Bestellung angegebene Adresse geliefert.<br\/>Alle Bestellungen werden \u00fcber einen aufgezeichneten Lieferservice versandt undm\u00fcssen nach Erhalt beim Empf\u00e4nger unterschrieben werden.Falls der Empf\u00e4nger zumzeitpunkt der Lieferung nichtanwesend ist, kann die Bestellung zur Abholung oder erneuten Zustellung in einem lokalen Postzentrum aufbewahrt werden.Es liegt in derverantwortung des Kunden, die Abholung oder erneute Lieferung desartikels zu veranlassen.Wenn Siedies nicht tun, wird derartikel an PureObagi zur\u00fcck geschickt.Wenn ein Artikel zur\u00fcckgeschickt wird, PureObagi wird denkunden kontaktieren, um eineerneute Lieferung an dieselbeoder eineandere Adresse zu arrangieren. PureObagi beh\u00e4lt sich dasrecht vor, dem Kunden bei einererneuten Lieferung derartikel Versandkosten in Rechnung zu stellen.<br\/>die Lieferung derartikel erfolgt\u00fcber einen Dritten, kann PureObagi also dielieferung bis zu einembestimmten Termin nicht garantieren.Der Gro\u00dfteil der Bestellungen wirdinnerhalb von 2-7 Werktagen geliefert. Die Kundenm\u00fcssen jedochbis zu 14 Werktage Zeit f\u00fcr dielieferung haben, bevor PureObagi eine Bestellung erneut versendet. <br\/><br\/>Alle Produkte und Verpackungen werden gegebenenfalls den EU-Vorschriften entsprechen. Das bedeutet, dass in einigen F\u00e4llen die Verpackung und das Produkt leicht von den in den USA gelieferten Produkten abweichen. Der Hauptunterschied wird eine Politik ohne Parabene sein, die auf eine\u00e4nderung der EU-Recht Vorschriften in Bezug aufbestimmte Chemikalien zur\u00fcckzuf\u00fchren ist. Die Produkte produzieren nachweislich diegleichen therapeutischen Wirkungen, und wir garantieren, dass alle Obagi &#8211; Produkte vom Obagi &#8211; Hersteller bezogen werden, mit einem nachvollziehbaren Pr\u00fcf Pfad, um sicher zustellen, dass sie echte vollst\u00e4ndig klinisch getestete Produkte erhalten.<br\/>Wir bedauern, dass wir Produkte nichtzur\u00fcck nehmenoder zur\u00fcckerstatten k\u00f6nnen, nachdem sie ge\u00f6ffnet wurden. Obwohlwir versuchen, sicher zustellen, dass alle Produkte ein Ablaufdatum haben, das \u00fcber 6 Monatenach demablauf Datum liegt, k\u00f6nnen wir keine \u201everaltete Produkte \u201cersetzen oder zur\u00fcck erstatten, dieihnen l\u00e4nger als 3 Kalendermonate nach demablauf Datum zugestellt wurden. Im Falle von fehlerhaften Produkten senden Siebitte die Produkte zur\u00fcck, damitwir den Hersteller kontaktieren undihnen gegebenenfalls einen Ersatz und eine R\u00fcckerstattung zukommenlassen k\u00f6nnen.<br\/>Abgelehnte und unzustellbare Bestellungen \u2013 alle unzustellbaren Pakete, dieaufgrund eines falschen Namens oder einerfalschen Adresse oderaufgrund einesfehlers bei der Abholung nichtvorhanden sind, werden erstattet, abz\u00fcglich etwaiger Versandkosten PureObagi , die beim Versenden der Bestellung an denkunden entstanden sind.<br\/>Wenn eine Bestellung nichtinnerhalb der zugewiesenen Zeit abgeholt wurde und der Kunde sieerneut versenden m\u00f6chte,behalten wir uns dasrecht vor, zus\u00e4tzliche Postkosten in Rechnung zu stellen.<br\/>Wir behalten uns das Recht vor, die Waren nicht zu liefern, obwohl der Kunde m\u00f6glicherweise eine Bestellung aufgegeben hat.<br\/><br\/><b>Internationale Bestellungen<\/b><br\/>alle Z\u00f6lle oder Einfuhrz\u00f6lle werden erhoben, sobald das Paket seinziel Land erreicht hat. Diese Geb\u00fchren sind vom Paketempf\u00e4nger zu bezahlen.<br\/>Leider Wir habenkeine Kontrolle\u00fcber diese Geb\u00fchren und k\u00f6nnen Ihnennicht sagen, wiehoch diekosten w\u00e4ren, da diezoll Politik und die Einfuhrz\u00f6lle von Land zu Landsehr unterschiedlich sind.<br\/>Es Vielleicht ist es einegute Idee, Ihr \u00f6rtliches Zollamt f\u00fcr aktuelle Geb\u00fchren zu kontaktieren, bevor Sie bestellen, damitsie nicht von Geb\u00fchren \u00fcberrascht sind, die Sie nichterwartet haben.<br\/><br\/><b>Rechts zur R\u00fccksendung von Waren<\/b><br\/>, wenn Sie nach Erhaltihrer Waren entscheiden, dass sie diese nicht mehr verwenden m\u00f6chten, haben sie das Recht, die Ware innerhalbvon 14 Tagennach Erhalt zur\u00fcck zusenden, voraus gesetzt, dass sieuns unversehrt und unge\u00f6ffnet zur\u00fcckgegeben wird. Wir erstatten Ihnennach Erhalt der retournierten Ware eine R\u00fcckerstattung. Die R\u00fcckerstattung erfolgt auf die Kredit &#8211; oder Debitkarte, die f\u00fcr die Bestellung verwendet wird. Wir behalten uns dasrecht vor, Ihnen dieanfallenden Versand &#8211; und Verpackungskosten in Rechnung zu stellen.<br\/>Bitte beachten Sie, dass es aufgrundunterschiedlicher Bearbeitungszeiten zwischen den Zahlungsdienstleistern bis zu 10 Werktage dauern kann, bis R\u00fcckerstattungen aufihrem Konto angezeigt werden.<br\/><br\/><b>Fehlerhafte\/besch\u00e4digte Artikel<\/b><br\/>wir senden Ihnennur neue Produkte zu, die sich in einwandfreiem Zustand befinden. Wenn Sieihr Paket zur Unterschrift von derpost erhalten und es als besch\u00e4digt erscheint, pr\u00fcfen Siebitte den Inhalt, bevor Sie es unterzeichnen. Wenn der Inhalt besch\u00e4digt zu sein scheint, lehnen Sie es ab, das Paket zu unterzeichnen, und es wird an uns zur\u00fcck geschickt. Wir werden Ihneneinen sofortigen Ersatz zurverf\u00fcgung stellen.<br\/>Sollten Sie nach der Unterzeichnung des Pakets feststellen, dasseines ihrer Produkte besch\u00e4digt oder fehlerhaft ist, m\u00fcssen Sieuns innerhalbvon 48 Stunden nach Erhalt benachrichtigen und die Ware in ihrer originalverpackung an uns zur\u00fcck senden. Wir werden Ihnennach Erhalt der R\u00fccksendung ein Ersatzprodukt ausstellen.<br\/><br\/><b>Datenschutz &#8211;<\/b><br\/>PureObagi Richtlinie respektiert in \u00dcbereinstimmung mit dem Datenschutzgesetz (Bailiwick of Guernsey) von 2017 und der EU-Datenschutz &#8211; Grundverordnung (mit Wirkungvom Mai 2018) ihre Datenschutzrechte und erkennt dienotwendigkeit an, pers\u00f6nlich identifizierbares material, das Sie mit uns teilen, angemessen zu sch\u00fctzen und zu verwalten.<br\/>Bitte Lesen undstellen Sie sicher, dass Sieunsere Datenschutzrichtlinievollst\u00e4ndig verstehen und dass Siedamit einverstanden sind, wie wir Ihre Daten bei der Erfassung verwenden.<br\/><br\/><b>Nicht identifizierbar Nach dem Besuch PureObagi von Informationen<\/b><br\/>werden wir automatisch Informationen\u00fcber Ihren computer erheben und tempor\u00e4r speichern, einschlie\u00dflichihrer Dom\u00e4ne, ihres Hosts, Ihrer internetadresse undihrer website, von der aus Sie mit dem PureObagi verlinkt sind. Unterbestimmten Umst\u00e4nden k\u00f6nnen wir dasdatum und die Uhrzeit Ihres Besuchs auf derwebsite sowie diedauer Ihres Besuchs speichern. M\u00f6glicherweise sehenwir uns auch die Seiten an, die Sie besucht haben. Wir werden keine dieser Informationen verwenden, um sie zu identifizieren oder dieseinformationen an Dritte weiter zugeben. Einigedieser Informationenk\u00f6nnen aufihrem computer in form einer \u201ecookie\u201c &#8211; Datei gespeichert werden.<br\/>Bitte lesen undstellen Sie sicher, dass Sieunsere cookies-Richtlinie vollst\u00e4ndig verstehen und dass Siedamit einverstanden sind, wie wir Ihre Daten bei der Erfassung verwenden.<br\/><br\/><b>Websites von Dritt Anbietern<\/b><br\/>alle Websites, mitdenen von der PureObagi Website verlinkt wird, habenm\u00f6glicherweise andere Datenschutz Richtlinien, daher ist es wichtig, die Richtlinien jeder Website unabh\u00e4ngig zu lesen, um sicher zustellen, dass Sieihren individuellen Praktiken zustimmen.<\/p>\n","protected":false},"excerpt":{"rendered":"<p>Bitte lesen Sie diefolgenden Informationen, bevor Sie die PureObagi Website erkunden. Die auf derwebsite enthaltenen Informationendienen allgemeinen Informationen und Einkauf Funktionen. Es ist wichtig, dass sie denallgemeinen Gesch\u00e4ftsbedingungen vor der Nutzung derwebsite in vollemumfang zustimmen. Indem Sie einesunserer Produkte bestellen, stimmen Sie zu, an unserenallgemeinen Gesch\u00e4ftsbedingungen gebunden zu sein. Lizenz zur Nutzung der website Sofernnicht [&hellip;]<\/p>\n","protected":false},"author":1,"featured_media":0,"parent":0,"menu_order":0,"comment_status":"closed","ping_status":"closed","template":"","meta":{"_acf_changed":false,"footnotes":""},"class_list":["post-30158","page","type-page","status-publish","hentry"],"acf":[],"_links":{"self":[{"href":"https:\/\/pureobagi.com\/de\/wp-json\/wp\/v2\/pages\/30158","targetHints":{"allow":["GET"]}}],"collection":[{"href":"https:\/\/pureobagi.com\/de\/wp-json\/wp\/v2\/pages"}],"about":[{"href":"https:\/\/pureobagi.com\/de\/wp-json\/wp\/v2\/types\/page"}],"author":[{"embeddable":true,"href":"https:\/\/pureobagi.com\/de\/wp-json\/wp\/v2\/users\/1"}],"replies":[{"embeddable":true,"href":"https:\/\/pureobagi.com\/de\/wp-json\/wp\/v2\/comments?post=30158"}],"version-history":[{"count":2,"href":"https:\/\/pureobagi.com\/de\/wp-json\/wp\/v2\/pages\/30158\/revisions"}],"predecessor-version":[{"id":49947,"href":"https:\/\/pureobagi.com\/de\/wp-json\/wp\/v2\/pages\/30158\/revisions\/49947"}],"wp:attachment":[{"href":"https:\/\/pureobagi.com\/de\/wp-json\/wp\/v2\/media?parent=30158"}],"curies":[{"name":"wp","href":"https:\/\/api.w.org\/{rel}","templated":true}]}}