{"id":30223,"date":"2020-10-28T23:29:00","date_gmt":"2020-10-28T23:29:00","guid":{"rendered":"https:\/\/pureobagi.com\/ueber-obagi\/"},"modified":"2021-08-25T10:07:24","modified_gmt":"2021-08-25T09:07:24","slug":"ueber-obagi","status":"publish","type":"page","link":"https:\/\/pureobagi.com\/de\/ueber-obagi\/","title":{"rendered":"\u00dcber Obagi"},"content":{"rendered":"\n<p class=\"has-text-align-center po-tagline\">Pure Obagi<\/p>\n\n\n\n<h2 class=\"has-text-align-center wp-block-heading\">Warum Obagi Medical ?<\/h2>\n\n\n\n<p class=\"has-text-align-center\">Obagi\u00ae ist davon \u00fcberzeugt, dass es bei der Hautpflege um mehr geht als um Korrektur und Pr\u00e4vention. Es geht darum, das volle Potenzial deiner Haut zu entfesseln.<br>Mit \u00fcber 30 Jahren klinisch erprobter Ergebnisse hat Obagi nur eine Vision: die Hautindustrie zu transformieren und das Feld der Hautpflege, die funktioniert, anzuf\u00fchren.<\/p>\n\n\n\n<div style=\"height:50px\" aria-hidden=\"true\" class=\"wp-block-spacer\"><\/div>\n\n\n\n<div class=\"wp-block-columns reverse-mobile is-layout-flex wp-container-core-columns-is-layout-28f84493 wp-block-columns-is-layout-flex\">\n<div class=\"wp-block-column is-layout-flow wp-block-column-is-layout-flow\">\n<h2 class=\"wp-block-heading\">\u00dcBER OBAGI<\/h2>\n\n\n\n<p>Obagi Medical Products\u00ae wurden speziell formuliert, um die Haut von innen heraus zu transformieren, was zu einer j\u00fcngeren, ges\u00fcnder aussehenden Haut und einem selbstbewussteren Auftreten f\u00fchrt.<\/p>\n\n\n\n<p>Obagi\u00ae ist stolz darauf, die globale Vielfalt, die wir alle mitbringen, zu unterst\u00fctzen, indem es eine Produktreihe anbietet, die von Dermatologen genehmigt und f\u00fcr jeden Hauttyp getestet wurde, um dem gesamten Fitzpatrick-Hautspektrum gerecht zu werden.<\/p>\n\n\n\n<p>Die wissenschaftlich untermauerte Obagi Medical\u00ae Produktpalette wurde entwickelt, um eine Vielzahl von Hautproblemen zu bek\u00e4mpfen. Von der Reduzierung der sichtbaren Zeichen der Hautalterung wie feine Linien, Falten, Melasma (dunkle Flecken) und Hyperpigmentierung bis hin zu gezielten Behandlungen gegen Akne und Sonnenschutz: Es gibt f\u00fcr jeden eine Obagi-L\u00f6sung.<\/p>\n<\/div>\n\n\n\n<div class=\"wp-block-column is-vertically-aligned-center is-layout-flow wp-block-column-is-layout-flow\">\n<figure class=\"wp-block-embed is-type-video is-provider-vimeo wp-block-embed-vimeo wp-embed-aspect-16-9 wp-has-aspect-ratio\"><div class=\"wp-block-embed__wrapper\">\n<iframe loading=\"lazy\" src=\"https:\/\/player.vimeo.com\/video\/490844509?dnt=1&amp;app_id=122963&amp;h=87c5cc3ecd\" width=\"980\" height=\"551\" frameborder=\"0\" allow=\"autoplay; fullscreen; picture-in-picture\" allowfullscreen><\/iframe>\n<\/div><\/figure>\n<\/div>\n<\/div>\n\n\n\n<div class=\"wp-block-columns reverse-mobile is-layout-flex wp-container-core-columns-is-layout-28f84493 wp-block-columns-is-layout-flex\">\n<div class=\"wp-block-column is-layout-flow wp-block-column-is-layout-flow\">\n<div class=\"wp-block-image\"><figure class=\"alignright size-large\"><img decoding=\"async\" src=\"https:\/\/pureobagi.com\/wp-content\/uploads\/2021\/04\/Obagi_women_4.jpg\" alt=\"\" class=\"wp-image-15993\"\/><\/figure><\/div>\n<\/div>\n\n\n\n<div class=\"wp-block-column is-layout-flow wp-block-column-is-layout-flow\">\n<h2 class=\"wp-block-heading\">\u00dcBER PURE OBAGI<\/h2>\n\n\n\n<p>Gegr\u00fcndet in den USA, hat Obagi seit 1988 transformative Forschung betrieben und Hautpflegeprodukte entwickelt, die die Bed\u00fcrfnisse jedes Hauttons und -typs erf\u00fcllen.<\/p>\n\n\n\n<p>Jetzt ist Pure Obagi in der Lage, die Wissenschaft und Innovation hinter der Obagi Medical\u00ae-Produktpalette zum ersten Mal \u00fcberhaupt in die EU zu bringen.<\/p>\n\n\n\n<div class=\"wp-block-buttons is-layout-flex wp-block-buttons-is-layout-flex\">\n<div class=\"wp-block-button\"><a class=\"wp-block-button__link\" href=\"https:\/\/pureobagi.com\/shop\/\">JETZT&nbsp;EINKAUFEN<\/a><\/div>\n<\/div>\n<\/div>\n<\/div>\n\n\n\n<div class=\"wp-block-columns is-layout-flex wp-container-core-columns-is-layout-28f84493 wp-block-columns-is-layout-flex\">\n<div class=\"wp-block-column is-layout-flow wp-block-column-is-layout-flow\">\n<h2 class=\"wp-block-heading\">INNOVATION &amp; VERST\u00c4NDNIS<\/h2>\n\n\n\n<p>Innovation beginnt mit einem tiefen Verst\u00e4ndnis daf\u00fcr, wie unsere Haut auf zellul\u00e4rer Ebene funktioniert. Mit dieser Grundlage ist Obagi in der Lage, jede Gelegenheit sorgf\u00e4ltig einzusch\u00e4tzen, um einen positiven Einfluss zu nehmen und deine Gesundheit und optimale Leistung zu unterst\u00fctzen. Obagis immer besser werdendes Verst\u00e4ndnis unserer Haut treibt ihre Forschung zu innovativen Formulierungen zur Unterst\u00fctzung der Gesundheit der Haut an.<\/p>\n\n\n\n<p>Indem wir uns auf die essentiellen Proteine konzentrieren, die unsere Haut braucht, die sich aber mit dem Alter abbauen, entwickelt Obagi transformative Produkte, die echte, sichtbare Ergebnisse liefern und deine Haut jugendlich und gesund halten.<\/p>\n<\/div>\n\n\n\n<div class=\"wp-block-column is-layout-flow wp-block-column-is-layout-flow\">\n<div class=\"wp-block-image\"><figure class=\"alignleft size-large\"><img decoding=\"async\" src=\"https:\/\/pureobagi.com\/wp-content\/uploads\/2021\/04\/Innovation_Understanding-600x400-1.png\" alt=\"\" class=\"wp-image-15071\"\/><\/figure><\/div>\n<\/div>\n<\/div>\n\n\n\n<div class=\"wp-block-columns reverse-mobile is-layout-flex wp-container-core-columns-is-layout-28f84493 wp-block-columns-is-layout-flex\">\n<div class=\"wp-block-column is-layout-flow wp-block-column-is-layout-flow\">\n<div class=\"wp-block-image\"><figure class=\"alignright size-large\"><img decoding=\"async\" src=\"https:\/\/pureobagi.com\/wp-content\/uploads\/2021\/04\/Product_Development-600x400-1.png\" alt=\"\" class=\"wp-image-15093\"\/><\/figure><\/div>\n<\/div>\n\n\n\n<div class=\"wp-block-column is-layout-flow wp-block-column-is-layout-flow\">\n<h2 class=\"wp-block-heading\">PRODUKTENTWICKLUNG<\/h2>\n\n\n\n<p>Obagi erforscht Tausende von Inhaltsstoffen, um die effektivsten zu finden, und mit rigorosen Produktentwicklungs- und festgelegten Prozessen bleibt wenig dem Unbekannten \u00fcberlassen. Obagi \u00fcberpr\u00fcft jede Form dieser Inhaltsstoffe, um die hochwertigsten Varianten in der am besten bioverf\u00fcgbaren Form f\u00fcr ihre umfangreiche Produktpalette zu identifizieren.<\/p>\n<\/div>\n<\/div>\n\n\n\n<div class=\"wp-block-columns is-layout-flex wp-container-core-columns-is-layout-28f84493 wp-block-columns-is-layout-flex\">\n<div class=\"wp-block-column is-layout-flow wp-block-column-is-layout-flow\">\n<h2 class=\"wp-block-heading\">INTEGRIT\u00c4T, SICHERHEIT &amp; WIRKSAMKEIT<\/h2>\n\n\n\n<p>Obagi hat sich verpflichtet, in jeder Phase des Entwicklungsprozesses die h\u00f6chsten Standards bei Produkttests zu setzen und aufrechtzuerhalten, von der pr\u00e4klinischen Bewertung bis hin zu Verbraucherpr\u00e4ferenz- und Nutzungsstudien.<\/p>\n\n\n\n<p>Die drei Grunds\u00e4tze der Produktstandards von Obagi sind Integrit\u00e4t, Sicherheit und Wirksamkeit. Jedes Produkt muss diese Reihe von Tests durchlaufen, bevor es dem Verbraucher vorgestellt wird.\r\n\r\nIntegrit\u00e4tstests best\u00e4tigen, dass jeder Tropfen des Produkts mit dem n\u00e4chsten identisch ist und unsere Qualit\u00e4tsstandards f\u00fcr Stabilit\u00e4t erf\u00fcllt, sodass du darauf vertrauen kannst, dass jede Flasche wie versprochen wirkt. Die Sicherheitsstandards von Obagi stellen sicher, dass nicht nur jeder Inhaltsstoff sicherheitsgepr\u00fcft ist, sondern die endg\u00fcltige Formel auch von Dermatologen auf Dinge wie Allergenit\u00e4t und Irritationen getestet wurde. Die Wirksamkeitsstudien von Obagi sind un\u00fcbertroffen.<\/p>\n<\/div>\n\n\n\n<div class=\"wp-block-column is-layout-flow wp-block-column-is-layout-flow\">\n<div class=\"wp-block-image\"><figure class=\"alignleft size-large\"><img decoding=\"async\" src=\"https:\/\/pureobagi.com\/wp-content\/uploads\/2021\/04\/Integrity_Safety_Eficacy-600x400-1.png\" alt=\"\" class=\"wp-image-15110\"\/><\/figure><\/div>\n<\/div>\n<\/div>\n\n\n\n<h2 class=\"has-text-align-center wp-block-heading\">VORHER &amp; NACHHER<\/h2>\n\n\n\n<h4 class=\"has-text-align-center wp-block-heading\">Echte Menschen, echte Ergebnisse<\/h4>\n\n\n\n<div class=\"wp-block-columns is-layout-flex wp-container-core-columns-is-layout-28f84493 wp-block-columns-is-layout-flex\">\n<div class=\"wp-block-column is-layout-flow wp-block-column-is-layout-flow\">\n<figure class=\"wp-block-nelio-compare-images aligncenter\"><div class=\"wp-block-nelio-compare-images__comparison-wrapper wp-block-nelio-compare-images__comparison-wrapper--horizontally\" data-position=\"50\" data-direction=\"horizontal\"><div class=\"wp-block-nelio-compare-images__before-image wp-block-nelio-compare-images__before-image--horizontal\"><img decoding=\"async\" width=\"400\" height=\"300\" class=\"wp-image-9113\" src=\"https:\/\/pureobagi.com\/wp-content\/uploads\/2020\/11\/Pure_Obagi_Before_4.jpg\" alt=\"\" srcset=\"https:\/\/pureobagi.com\/wp-content\/uploads\/2020\/11\/Pure_Obagi_Before_4.jpg 400w, https:\/\/pureobagi.com\/wp-content\/uploads\/2020\/11\/Pure_Obagi_Before_4-300x225.jpg 300w\" sizes=\"(max-width: 400px) 100vw, 400px\" \/><\/div><div class=\"wp-block-nelio-compare-images__after-image wp-block-nelio-compare-images__after-image--horizontal\" style=\"width:50%\"><img decoding=\"async\" width=\"400\" height=\"300\" class=\"wp-image-9114\" src=\"https:\/\/pureobagi.com\/wp-content\/uploads\/2020\/11\/Pure_Obagi_After_4.jpg\" alt=\"\" srcset=\"https:\/\/pureobagi.com\/wp-content\/uploads\/2020\/11\/Pure_Obagi_After_4.jpg 400w, https:\/\/pureobagi.com\/wp-content\/uploads\/2020\/11\/Pure_Obagi_After_4-300x225.jpg 300w\" sizes=\"(max-width: 400px) 100vw, 400px\" \/><\/div><div class=\"wp-block-nelio-compare-images__divider wp-block-nelio-compare-images__divider--vertical\"><\/div><div class=\"wp-block-nelio-compare-images__handler wp-block-nelio-compare-images__handler--vertical\"><\/div><\/div><figcaption class=\"wp-block-nelio-compare-images__caption\"><a href=\"https:\/\/pureobagi.com\/de\/produkt\/obagi-elastiderm-facial-serum\/\">Obagi ELASTIderm\u00ae Facial Serum<\/a><\/figcaption><\/figure>\n\n\n\n<p><\/p>\n<\/div>\n\n\n\n<div class=\"wp-block-column is-layout-flow wp-block-column-is-layout-flow\">\n<figure class=\"wp-block-nelio-compare-images aligncenter\"><div class=\"wp-block-nelio-compare-images__comparison-wrapper wp-block-nelio-compare-images__comparison-wrapper--horizontally\" data-position=\"50\" data-direction=\"horizontal\"><div class=\"wp-block-nelio-compare-images__before-image wp-block-nelio-compare-images__before-image--horizontal\"><img decoding=\"async\" width=\"400\" height=\"300\" class=\"wp-image-9115\" src=\"https:\/\/pureobagi.com\/wp-content\/uploads\/2020\/11\/Pure_Obagi_Before_2.jpg\" alt=\"\" srcset=\"https:\/\/pureobagi.com\/wp-content\/uploads\/2020\/11\/Pure_Obagi_Before_2.jpg 400w, https:\/\/pureobagi.com\/wp-content\/uploads\/2020\/11\/Pure_Obagi_Before_2-300x225.jpg 300w\" sizes=\"(max-width: 400px) 100vw, 400px\" \/><\/div><div class=\"wp-block-nelio-compare-images__after-image wp-block-nelio-compare-images__after-image--horizontal\" style=\"width:50%\"><img decoding=\"async\" width=\"400\" height=\"300\" class=\"wp-image-9116\" src=\"https:\/\/pureobagi.com\/wp-content\/uploads\/2020\/11\/Pure_Obagi_After_2.jpg\" alt=\"\" srcset=\"https:\/\/pureobagi.com\/wp-content\/uploads\/2020\/11\/Pure_Obagi_After_2.jpg 400w, https:\/\/pureobagi.com\/wp-content\/uploads\/2020\/11\/Pure_Obagi_After_2-300x225.jpg 300w\" sizes=\"(max-width: 400px) 100vw, 400px\" \/><\/div><div class=\"wp-block-nelio-compare-images__divider wp-block-nelio-compare-images__divider--vertical\"><\/div><div class=\"wp-block-nelio-compare-images__handler wp-block-nelio-compare-images__handler--vertical\"><\/div><\/div><figcaption class=\"wp-block-nelio-compare-images__caption\"><a href=\"https:\/\/pureobagi.com\/de\/produkt\/obagi-professional-c-serum-10\/\">Obagi Professional-C\u00ae Serum 10%<\/a><\/figcaption><\/figure>\n<\/div>\n\n\n\n<div class=\"wp-block-column is-layout-flow wp-block-column-is-layout-flow\">\n<figure class=\"wp-block-nelio-compare-images aligncenter\"><div class=\"wp-block-nelio-compare-images__comparison-wrapper wp-block-nelio-compare-images__comparison-wrapper--horizontally\" data-position=\"50\" data-direction=\"horizontal\"><div class=\"wp-block-nelio-compare-images__before-image wp-block-nelio-compare-images__before-image--horizontal\"><img decoding=\"async\" width=\"400\" height=\"300\" class=\"wp-image-9117\" src=\"https:\/\/pureobagi.com\/wp-content\/uploads\/2020\/11\/Pure_Obagi_Before_3.jpg\" alt=\"\" srcset=\"https:\/\/pureobagi.com\/wp-content\/uploads\/2020\/11\/Pure_Obagi_Before_3.jpg 400w, https:\/\/pureobagi.com\/wp-content\/uploads\/2020\/11\/Pure_Obagi_Before_3-300x225.jpg 300w\" sizes=\"(max-width: 400px) 100vw, 400px\" \/><\/div><div class=\"wp-block-nelio-compare-images__after-image wp-block-nelio-compare-images__after-image--horizontal\" style=\"width:50%\"><img decoding=\"async\" width=\"400\" height=\"300\" class=\"wp-image-9118\" src=\"https:\/\/pureobagi.com\/wp-content\/uploads\/2020\/11\/Pure_Obagi_After_3.jpg\" alt=\"\" srcset=\"https:\/\/pureobagi.com\/wp-content\/uploads\/2020\/11\/Pure_Obagi_After_3.jpg 400w, https:\/\/pureobagi.com\/wp-content\/uploads\/2020\/11\/Pure_Obagi_After_3-300x225.jpg 300w\" sizes=\"(max-width: 400px) 100vw, 400px\" \/><\/div><div class=\"wp-block-nelio-compare-images__divider wp-block-nelio-compare-images__divider--vertical\"><\/div><div class=\"wp-block-nelio-compare-images__handler wp-block-nelio-compare-images__handler--vertical\"><\/div><\/div><figcaption class=\"wp-block-nelio-compare-images__caption\"><a href=\"https:\/\/pureobagi.com\/de\/produkt\/obagi-elastiderm-eye-complete-complex-serum\/\">Obagi ELASTIderm\u00ae Eye Complete Complex Serum<\/a><\/figcaption><\/figure>\n<\/div>\n\n\n\n<div class=\"wp-block-column is-layout-flow wp-block-column-is-layout-flow\">\n<figure class=\"wp-block-nelio-compare-images aligncenter\"><div class=\"wp-block-nelio-compare-images__comparison-wrapper wp-block-nelio-compare-images__comparison-wrapper--horizontally\" data-position=\"50\" data-direction=\"horizontal\"><div class=\"wp-block-nelio-compare-images__before-image wp-block-nelio-compare-images__before-image--horizontal\"><img decoding=\"async\" width=\"400\" height=\"300\" class=\"wp-image-9119\" src=\"https:\/\/pureobagi.com\/wp-content\/uploads\/2020\/11\/Pure_Obagi_Before_1.jpg\" alt=\"\" srcset=\"https:\/\/pureobagi.com\/wp-content\/uploads\/2020\/11\/Pure_Obagi_Before_1.jpg 400w, https:\/\/pureobagi.com\/wp-content\/uploads\/2020\/11\/Pure_Obagi_Before_1-300x225.jpg 300w\" sizes=\"(max-width: 400px) 100vw, 400px\" \/><\/div><div class=\"wp-block-nelio-compare-images__after-image wp-block-nelio-compare-images__after-image--horizontal\" style=\"width:50%\"><img decoding=\"async\" width=\"400\" height=\"300\" class=\"wp-image-9120\" src=\"https:\/\/pureobagi.com\/wp-content\/uploads\/2020\/11\/Pure_Obagi_After_1.jpg\" alt=\"\" srcset=\"https:\/\/pureobagi.com\/wp-content\/uploads\/2020\/11\/Pure_Obagi_After_1.jpg 400w, https:\/\/pureobagi.com\/wp-content\/uploads\/2020\/11\/Pure_Obagi_After_1-300x225.jpg 300w\" sizes=\"(max-width: 400px) 100vw, 400px\" \/><\/div><div class=\"wp-block-nelio-compare-images__divider wp-block-nelio-compare-images__divider--vertical\"><\/div><div class=\"wp-block-nelio-compare-images__handler wp-block-nelio-compare-images__handler--vertical\"><\/div><\/div><figcaption class=\"wp-block-nelio-compare-images__caption\"><a href=\"https:\/\/pureobagi.com\/en\/product-category\/product-range\/obagi360-system\/\">Obagi360\u00ae System<\/a><\/figcaption><\/figure>\n<\/div>\n<\/div>\n\n\n\n<div class=\"wp-block-cover has-black-background-color has-background-dim ticss-90098142 po-block-cover\"><div class=\"wp-block-cover__inner-container is-layout-flow wp-block-cover-is-layout-flow\">\n<h4 class=\"has-text-align-center has-white-color has-text-color wp-block-heading\">UNSERE PARTNER<\/h4>\n\n\n\n<div style=\"height:20px\" aria-hidden=\"true\" class=\"wp-block-spacer\"><\/div>\n\n\n\n<p class=\"has-text-align-center\">Pure Obagi ist der autorisierte europ\u00e4ische Partner von obagi.com und wir arbeiten eng mit unseren Partnern zusammen, um dir den besten Fernservice zu bieten.<\/p>\n\n\n\n<p class=\"has-text-align-center\">BRAUCHST DU MEHR? Die Teams von Skinstation und Aesthetic Skin Clinic stehen dir zur Verf\u00fcgung, um deine Fragen zu beantworten und dich bei allen klinischen Anliegen zu unterst\u00fctzen.<\/p>\n\n\n\n<p class=\"has-text-align-center\">Lass uns wissen, was du brauchst und wir leiten deine Anfrage an diejenigen weiter, die dir helfen k\u00f6nnen.<\/p>\n\n\n\n<div style=\"height:50px\" aria-hidden=\"true\" class=\"wp-block-spacer\"><\/div>\n\n\n\n<div class=\"wp-block-columns are-vertically-aligned-center is-layout-flex wp-container-core-columns-is-layout-28f84493 wp-block-columns-is-layout-flex\">\n<div class=\"wp-block-column is-vertically-aligned-center is-layout-flow wp-block-column-is-layout-flow\">\n<div class=\"wp-block-image\"><figure class=\"aligncenter size-large\"><img decoding=\"async\" src=\"https:\/\/pureobagi.com\/wp-content\/uploads\/2021\/03\/skinstation_logo_white.png\" alt=\"\"\/><\/figure><\/div>\n<\/div>\n\n\n\n<div class=\"wp-block-column is-vertically-aligned-center is-layout-flow wp-block-column-is-layout-flow\">\n<div class=\"wp-block-image\"><figure class=\"aligncenter size-large\"><img decoding=\"async\" src=\"https:\/\/pureobagi.com\/wp-content\/uploads\/2021\/03\/Obagi_2019_Logo_for_photo_backgrounds-150x150.png\" alt=\"\"\/><\/figure><\/div>\n\n\n\n<p><\/p>\n<\/div>\n\n\n\n<div class=\"wp-block-column is-vertically-aligned-center is-layout-flow wp-block-column-is-layout-flow\">\n<div class=\"wp-block-image\"><figure class=\"aligncenter size-large\"><img decoding=\"async\" src=\"https:\/\/pureobagi.com\/wp-content\/uploads\/2021\/03\/ASC.png\" alt=\"\"\/><\/figure><\/div>\n<\/div>\n<\/div>\n\n\n\n<div class=\"wp-block-buttons is-content-justification-center is-layout-flex wp-block-buttons-is-layout-flex\">\n<div class=\"wp-block-button\"><a class=\"wp-block-button__link\" href=\"https:\/\/pureobagi.com\/de\/skinstation\/\">KONTAKT AUFNEHMEN<\/a><\/div>\n<\/div>\n<\/div><\/div>\n\n\n\n<div style=\"height:50px\" aria-hidden=\"true\" class=\"wp-block-spacer\"><\/div>\n\n\n\n<h2 class=\"has-text-align-center wp-block-heading\">OBAGI BERICHTE<\/h2>\n\n\n\n<p class=\"has-text-align-center\">In unseren aktuellen Blogs findest du alles, was du \u00fcber unsere Produkte wissen musst.<\/p>\n\n\n<div  class=\"wp-block-ultimate-post-post-grid-1 ultp-block-b7fb98\"><div class=\"ultp-block-wrapper\"><div class=\"ultp-loading\"><div class=\"ultp-loading-blocks\" style=\"width:100%;height:100%;\"><div style=\"left: 0;top: 0;animation-delay:0s;\"><\/div><div style=\"left: 21px;top: 0;animation-delay:0.125s;\"><\/div><div style=\"left: 42px;top: 0;animation-delay:0.25s;\"><\/div><div style=\"left: 0;top: 21px;animation-delay:0.875s;\"><\/div><div style=\"left: 42px;top: 21px;animation-delay:0.375s;\"><\/div><div style=\"left: 0;top: 42px;animation-delay:0.75s;\"><\/div><div style=\"left: 42px;top: 42px;animation-delay:0.625s;\"><\/div><div style=\"left: 21px;top: 42px;animation-delay:0.5s;\"><\/div><\/div><\/div><div class=\"ultp-heading-filter\"><div class=\"ultp-heading-filter-in\"><div class=\"ultp-filter-navigation\"><\/div><\/div><\/div><div class=\"ultp-block-items-wrap ultp-block-row ultp-pg1a-style1 ultp-block-column-4 ultp-layout1\"><div class=\"ultp-block-item post-id-83406\"><div class=\"ultp-block-content-wrap\"><div class=\"ultp-block-image ultp-block-image-opacity\"><a href=\"https:\/\/pureobagi.com\/de\/do-you-need-spf-in-your-50s\/\" ><img decoding=\"async\"  alt=\"Do You Need SPF In Your 50s?\"  src=\"https:\/\/pureobagi.com\/wp-content\/uploads\/2022\/12\/sun-shield-matte-group-1000x1000-1-870x570.jpg\" \/><\/a><\/div><div class=\"ultp-block-content\"><div class=\"ultp-category-grid ultp-category-classic ultp-category-aboveTitle\"><div class=\"ultp-category-in\"><a class=\"ultp-cat-skin-concerns\" href=\"https:\/\/pureobagi.com\/de\/category\/skin-concerns\/\"  >Skin Concerns<\/a><\/div><\/div><h3 class=\"ultp-block-title \"><a href=\"https:\/\/pureobagi.com\/de\/do-you-need-spf-in-your-50s\/\" >Do You Need SPF In Your 50s?<\/a><\/h3><\/div><\/div><\/div><div class=\"ultp-block-item post-id-82886\"><div class=\"ultp-block-content-wrap\"><div class=\"ultp-block-image ultp-block-image-opacity\"><a href=\"https:\/\/pureobagi.com\/de\/suzan-obagi-collection-unique-strengths-you-need-in-your-skincare-2\/\" ><img decoding=\"async\"  alt=\"Suzan Obagi Collection\"  src=\"https:\/\/pureobagi.com\/wp-content\/uploads\/2022\/12\/somd-foaming-cleanser-bottle-1000x1000-1-1-870x570.png\" \/><\/a><\/div><div class=\"ultp-block-content\"><div class=\"ultp-category-grid ultp-category-classic ultp-category-aboveTitle\"><div class=\"ultp-category-in\"><a class=\"ultp-cat-product-ranges\" href=\"https:\/\/pureobagi.com\/de\/category\/product-ranges\/\"  >Product Ranges<\/a><\/div><\/div><h3 class=\"ultp-block-title \"><a href=\"https:\/\/pureobagi.com\/de\/suzan-obagi-collection-unique-strengths-you-need-in-your-skincare-2\/\" >Suzan Obagi Collection: Unique Strengths You Need In Your Skincare<\/a><\/h3><\/div><\/div><\/div><div class=\"ultp-block-item post-id-82717\"><div class=\"ultp-block-content-wrap\"><div class=\"ultp-block-image ultp-block-image-opacity\"><a href=\"https:\/\/pureobagi.com\/de\/why-do-we-get-rosacea-flare-ups\/\" ><img decoding=\"async\"  alt=\"roseacea flare-ups\"  src=\"https:\/\/pureobagi.com\/wp-content\/uploads\/2022\/12\/Untitled-design-2022-12-16T094620.761-800x570.jpg\" \/><\/a><\/div><div class=\"ultp-block-content\"><div class=\"ultp-category-grid ultp-category-classic ultp-category-aboveTitle\"><div class=\"ultp-category-in\"><a class=\"ultp-cat-product-ranges\" href=\"https:\/\/pureobagi.com\/de\/category\/product-ranges\/\"  >Product Ranges<\/a><\/div><\/div><h3 class=\"ultp-block-title \"><a href=\"https:\/\/pureobagi.com\/de\/why-do-we-get-rosacea-flare-ups\/\" >Why Do We Get Rosacea Flare-Ups?<\/a><\/h3><\/div><\/div><\/div><div class=\"ultp-block-item post-id-82670\"><div class=\"ultp-block-content-wrap\"><div class=\"ultp-block-image ultp-block-image-opacity\"><a href=\"https:\/\/pureobagi.com\/de\/our-how-to-guide-on-avoiding-crepe-skin-on-your-decolletage\/\" ><img decoding=\"async\"  alt=\"avoiding crepe skin\"  src=\"https:\/\/pureobagi.com\/wp-content\/uploads\/2022\/12\/retivance-lifestyle-1000x1000-1-768x768-1-768x570.jpg\" \/><\/a><\/div><div class=\"ultp-block-content\"><div class=\"ultp-category-grid ultp-category-classic ultp-category-aboveTitle\"><div class=\"ultp-category-in\"><a class=\"ultp-cat-product-ranges\" href=\"https:\/\/pureobagi.com\/de\/category\/product-ranges\/\"  >Product Ranges<\/a><\/div><\/div><h3 class=\"ultp-block-title \"><a href=\"https:\/\/pureobagi.com\/de\/our-how-to-guide-on-avoiding-crepe-skin-on-your-decolletage\/\" >Our How-To Guide On Avoiding Crepe Skin On Your D\u00e9colletage<\/a><\/h3><\/div><\/div><\/div><\/div><div class=\"ultp-pagination-wrap ultp-pagination-ajax-action\" data-paged=\"1\" data-expost=\"\"  data-blockid=\"b7fb98\" data-postid=\"30223\" data-pages=\"40\" data-blockname=\"ultimate-post_post-grid-1\" data-selfpostid=\"no\"><ul class=\"ultp-pagination\"><li class=\"ultp-prev-page-numbers\" style=\"display:none\"><a href=\"https:\/\/pureobagi.com\/de\/wp-json\/wp\/v2\/pages\/30223\/\"><svg enable-background=\"new 0 0 477.175 477.175\" version=\"1.1\" viewBox=\"0 0 477.18 477.18\"><path d=\"m145.19 238.58 215.5-215.5c5.3-5.3 5.3-13.8 0-19.1s-13.8-5.3-19.1 0l-225.1 225.1c-5.3 5.3-5.3 13.8 0 19.1l225.1 225c2.6 2.6 6.1 4 9.5 4s6.9-1.3 9.5-4c5.3-5.3 5.3-13.8 0-19.1l-215.4-215.5z\"><\/path><\/svg> Previous<\/a><\/li><li class=\"ultp-first-pages\" style=\"display:none\" data-current=\"1\"><a href=\"https:\/\/pureobagi.com\/de\/wp-json\/wp\/v2\/pages\/30223\/\">1<\/a><\/li><li class=\"ultp-first-dot\"style=\"display:none\"><a href=\"#\">&#8230;<\/a><\/li><li class=\"ultp-center-item pagination-active\" data-current=\"1\"><a href=\"https:\/\/pureobagi.com\/de\/wp-json\/wp\/v2\/pages\/30223\/\">1<\/a><\/li><li class=\"ultp-center-item\" data-current=\"2\" ><a href=\"https:\/\/pureobagi.com\/de\/wp-json\/wp\/v2\/pages\/30223\/page\/2\/\">2<\/a><\/li><li class=\"ultp-center-item\" data-current=\"3\" ><a href=\"https:\/\/pureobagi.com\/de\/wp-json\/wp\/v2\/pages\/30223\/page\/3\/\">3<\/a><\/li><li class=\"ultp-last-dot\" ><a href=\"#\">&#8230;<\/a><\/li><li class=\"ultp-last-pages\" data-current=\"40\"><a href=\"https:\/\/pureobagi.com\/de\/wp-json\/wp\/v2\/pages\/30223\/page\/40\/\">40<\/a><\/li><li class=\"ultp-next-page-numbers\"><a href=\"https:\/\/pureobagi.com\/de\/wp-json\/wp\/v2\/pages\/30223\/page\/2\/\">Next<svg enable-background=\"new 0 0 477.175 477.175\" version=\"1.1\" viewBox=\"0 0 477.18 477.18\"><path d=\"m360.73 229.08-225.1-225.1c-5.3-5.3-13.8-5.3-19.1 0s-5.3 13.8 0 19.1l215.5 215.5-215.5 215.5c-5.3 5.3-5.3 13.8 0 19.1 2.6 2.6 6.1 4 9.5 4s6.9-1.3 9.5-4l225.1-225.1c5.3-5.2 5.3-13.8 0.1-19z\"><\/path><\/svg><\/a><\/li><\/ul><\/div><\/div><\/div>","protected":false},"excerpt":{"rendered":"<p>Pure Obagi Warum Obagi Medical ? Obagi\u00ae ist davon \u00fcberzeugt, dass es bei der Hautpflege um mehr geht als um Korrektur und Pr\u00e4vention. Es geht darum, das volle Potenzial deiner Haut zu entfesseln.Mit \u00fcber 30 Jahren klinisch erprobter Ergebnisse hat Obagi nur eine Vision: die Hautindustrie zu transformieren und das Feld der Hautpflege, die funktioniert, [&hellip;]<\/p>\n","protected":false},"author":1,"featured_media":0,"parent":0,"menu_order":0,"comment_status":"closed","ping_status":"closed","template":"template-fullwidth.php","meta":{"_acf_changed":false,"footnotes":""},"class_list":["post-30223","page","type-page","status-publish","hentry"],"acf":[],"_links":{"self":[{"href":"https:\/\/pureobagi.com\/de\/wp-json\/wp\/v2\/pages\/30223","targetHints":{"allow":["GET"]}}],"collection":[{"href":"https:\/\/pureobagi.com\/de\/wp-json\/wp\/v2\/pages"}],"about":[{"href":"https:\/\/pureobagi.com\/de\/wp-json\/wp\/v2\/types\/page"}],"author":[{"embeddable":true,"href":"https:\/\/pureobagi.com\/de\/wp-json\/wp\/v2\/users\/1"}],"replies":[{"embeddable":true,"href":"https:\/\/pureobagi.com\/de\/wp-json\/wp\/v2\/comments?post=30223"}],"version-history":[{"count":7,"href":"https:\/\/pureobagi.com\/de\/wp-json\/wp\/v2\/pages\/30223\/revisions"}],"predecessor-version":[{"id":31186,"href":"https:\/\/pureobagi.com\/de\/wp-json\/wp\/v2\/pages\/30223\/revisions\/31186"}],"wp:attachment":[{"href":"https:\/\/pureobagi.com\/de\/wp-json\/wp\/v2\/media?parent=30223"}],"curies":[{"name":"wp","href":"https:\/\/api.w.org\/{rel}","templated":true}]}}