{"id":30768,"date":"2020-12-04T12:36:17","date_gmt":"2020-12-04T12:36:17","guid":{"rendered":"https:\/\/pureobagi.com\/erkunde-das-sortiment\/obagi-c-fx-systems\/"},"modified":"2022-04-01T17:15:24","modified_gmt":"2022-04-01T16:15:24","slug":"obagi-c-fx-systems","status":"publish","type":"page","link":"https:\/\/pureobagi.com\/de\/erkunde-das-sortiment\/obagi-c-fx-systems\/","title":{"rendered":"Obagi-C\u00ae Fx Systems"},"content":{"rendered":"\n<div class=\"wp-block-columns is-layout-flex wp-container-core-columns-is-layout-28f84493 wp-block-columns-is-layout-flex\">\n<div class=\"wp-block-column is-layout-flow wp-block-column-is-layout-flow\">\n<div class=\"wp-block-cover aligncenter is-light\"><span aria-hidden=\"true\" class=\"has-background-dim-0 wp-block-cover__gradient-background has-background-dim\"><\/span><img decoding=\"async\" width=\"1000\" height=\"1000\" class=\"wp-block-cover__image-background wp-image-50900\" alt=\"Obagi-C\u00ae Fx System\" src=\"https:\/\/pureobagi.com\/wp-content\/uploads\/2022\/04\/c-fx-system.jpg\" data-object-fit=\"cover\" srcset=\"https:\/\/pureobagi.com\/wp-content\/uploads\/2022\/04\/c-fx-system.jpg 1000w, https:\/\/pureobagi.com\/wp-content\/uploads\/2022\/04\/c-fx-system-300x300.jpg 300w, https:\/\/pureobagi.com\/wp-content\/uploads\/2022\/04\/c-fx-system-150x150.jpg 150w, https:\/\/pureobagi.com\/wp-content\/uploads\/2022\/04\/c-fx-system-768x768.jpg 768w, https:\/\/pureobagi.com\/wp-content\/uploads\/2022\/04\/c-fx-system-600x600.jpg 600w, https:\/\/pureobagi.com\/wp-content\/uploads\/2022\/04\/c-fx-system-324x324.jpg 324w, https:\/\/pureobagi.com\/wp-content\/uploads\/2022\/04\/c-fx-system-416x416.jpg 416w, https:\/\/pureobagi.com\/wp-content\/uploads\/2022\/04\/c-fx-system-100x100.jpg 100w\" sizes=\"(max-width: 1000px) 100vw, 1000px\" \/><div class=\"wp-block-cover__inner-container is-layout-flow wp-block-cover-is-layout-flow\">\n<p class=\"has-text-align-center has-large-font-size\"><\/p>\n<\/div><\/div>\n<\/div>\n\n\n\n<div class=\"wp-block-column is-layout-flow wp-block-column-is-layout-flow\">\n<p>Obagi-C\u00ae Fx Systems ist ein komplettes Hautpflegesystem, das die Kraft von 4 % Arbutin und 10 % L-Ascorbins\u00e4ure (Vitamin C) nutzt, um Zeichen der Hautalterung und Hyperpigmentierung zu bek\u00e4mpfen und ein strahlendes Aussehen zu verleihen.<\/p>\n\n\n\n<p>Erh\u00e4ltlich f\u00fcr normale bis fettige und normale bis trockene Hauttypen, helfen die Produkte der Obagi-C\u00ae Fx Systems-Serie dabei, eine klarere, gleichm\u00e4\u00dfigere und gesund aussehende Haut zu erhalten, wodurch das Auftreten von feinen Linien und Falten, Hautverf\u00e4rbungen und Sonnensch\u00e4den reduziert wird.<\/p>\n\n\n\n<div class=\"wp-block-buttons is-layout-flex wp-block-buttons-is-layout-flex\">\n<div class=\"wp-block-button\"><a class=\"wp-block-button__link\" href=\"https:\/\/pureobagi.com\/de\/produkt-kategorie\/produktpalette\/obagi-c-fx-system-de\/\">Kaufen Obagi-C Fx<\/a><\/div>\n<\/div>\n<\/div>\n<\/div>\n\n\n\n<div class=\"wp-block-columns is-layout-flex wp-container-core-columns-is-layout-28f84493 wp-block-columns-is-layout-flex\">\n<div class=\"wp-block-column is-layout-flow wp-block-column-is-layout-flow\">\n<h3 class=\"po-standout-text wp-block-heading\">12-24 Wochen<\/h3>\n\n\n\n<p>Obagi-C\u00ae Fx System verbessert das Aussehen von:<\/p>\n\n\n\n<ul class=\"wp-block-list\"><li>Feine Linien und F\u00e4ltchen<\/li><li>Mild bis m\u00e4\u00dfig ungleichm\u00e4\u00dfiger Hautton<\/li><li>Hyperpigmentation<\/li><li>Raue Haut<\/li><li>Hauterschlaffung<br><\/li><\/ul>\n\n\n\n<h3 class=\"po-standout-text wp-block-heading\">97%<\/h3>\n\n\n\n<p>97&nbsp;% der Patienten berichteten \u00fcber eine glattere Haut, w\u00e4hrend 90&nbsp;% der Patienten berichteten, dass ihre Haut in Woche&nbsp;12 gleichm\u00e4\u00dfiger get\u00f6nt und strahlender aussah.<\/p>\n\n\n\n<p>100 % der Patienten sagten, dass Obagi-C\u00ae Fx System gut, sehr gut oder ausgezeichnet war im Vergleich zu anderen Hautpflegebehandlungen, die sie vorher verwendet hatten.*<\/p>\n<\/div>\n\n\n\n<div class=\"wp-block-column is-layout-flow wp-block-column-is-layout-flow\">\n<div class=\"wp-block-cover aligncenter is-light\"><span aria-hidden=\"true\" class=\"has-background-dim-0 wp-block-cover__gradient-background has-background-dim\"><\/span><img decoding=\"async\" class=\"wp-block-cover__image-background wp-image-15566\" alt=\"\" src=\"https:\/\/pureobagi.com\/wp-content\/uploads\/2020\/12\/Product_Range_Images_0007_Obagi-C_Fx_2.jpg\" data-object-fit=\"cover\"\/><div class=\"wp-block-cover__inner-container is-layout-flow wp-block-cover-is-layout-flow\">\n<p class=\"has-text-align-center has-large-font-size\"><\/p>\n<\/div><\/div>\n<\/div>\n<\/div>\n\n\n\n<div class=\"wp-block-columns reverse-mobile is-layout-flex wp-container-core-columns-is-layout-28f84493 wp-block-columns-is-layout-flex\">\n<div class=\"wp-block-column is-layout-flow wp-block-column-is-layout-flow\">\n<div class=\"wp-block-cover is-light\"><span aria-hidden=\"true\" class=\"has-background-dim-0 wp-block-cover__gradient-background has-background-dim\"><\/span><img decoding=\"async\" width=\"1000\" height=\"1000\" class=\"wp-block-cover__image-background wp-image-50676\" alt=\"Obagi-C\u00ae Fx C-Clarifying Serum\" src=\"https:\/\/pureobagi.com\/wp-content\/uploads\/2020\/12\/obagi-c-c-clarifying-serum-lifestyle.jpg\" style=\"object-position:43% 100%\" data-object-fit=\"cover\" data-object-position=\"43% 100%\" srcset=\"https:\/\/pureobagi.com\/wp-content\/uploads\/2020\/12\/obagi-c-c-clarifying-serum-lifestyle.jpg 1000w, https:\/\/pureobagi.com\/wp-content\/uploads\/2020\/12\/obagi-c-c-clarifying-serum-lifestyle-300x300.jpg 300w, https:\/\/pureobagi.com\/wp-content\/uploads\/2020\/12\/obagi-c-c-clarifying-serum-lifestyle-150x150.jpg 150w, https:\/\/pureobagi.com\/wp-content\/uploads\/2020\/12\/obagi-c-c-clarifying-serum-lifestyle-768x768.jpg 768w, https:\/\/pureobagi.com\/wp-content\/uploads\/2020\/12\/obagi-c-c-clarifying-serum-lifestyle-600x600.jpg 600w, https:\/\/pureobagi.com\/wp-content\/uploads\/2020\/12\/obagi-c-c-clarifying-serum-lifestyle-324x324.jpg 324w, https:\/\/pureobagi.com\/wp-content\/uploads\/2020\/12\/obagi-c-c-clarifying-serum-lifestyle-416x416.jpg 416w, https:\/\/pureobagi.com\/wp-content\/uploads\/2020\/12\/obagi-c-c-clarifying-serum-lifestyle-100x100.jpg 100w\" sizes=\"(max-width: 1000px) 100vw, 1000px\" \/><div class=\"wp-block-cover__inner-container is-layout-flow wp-block-cover-is-layout-flow\">\n<p class=\"has-text-align-center has-large-font-size\"><\/p>\n<\/div><\/div>\n<\/div>\n\n\n\n<div class=\"wp-block-column is-layout-flow wp-block-column-is-layout-flow\">\n<h2 class=\"wp-block-heading\">WICHTIGE INHALTSSTOFFE<\/h2>\n\n\n\n<p>Obagi-C\u00ae Fx sind mit L-Ascorbins\u00e4ure (Vitamin C) angereichert <br>Individuelle Produkte verwenden eine Reihe von wichtigen Inhaltsstoffen, darunter:<\/p>\n\n\n\n<ul class=\"wp-block-list\"><li>Arbutin 4%<\/li><li>Kamillenextrakt<\/li><li>Glykols\u00e4ure<\/li><li>Glycerin<\/li><li>Hyalurons\u00e4ure<\/li><li>Vitamin&nbsp;C<\/li><li>Vitamin&nbsp;E<\/li><li>Hamamelis<\/li><\/ul>\n\n\n\n<p>Erfahre mehr \u00fcber diese wichtigen Inhaltsstoffe, die in unseren Blogs vorgestellt werden<\/p>\n<\/div>\n<\/div>\n\n\n\n<div class=\"wp-block-columns is-layout-flex wp-container-core-columns-is-layout-28f84493 wp-block-columns-is-layout-flex\">\n<div class=\"wp-block-column is-layout-flow wp-block-column-is-layout-flow\">\n<h2 class=\"wp-block-heading\">OBAGI-C\u00ae FX HAUTPFLEGEPRODUKTE<\/h2>\n\n\n\n<ul class=\"wp-block-list\"><li>Obagi-C\u00ae C-Cleansing Gel<\/li><li>Obagi-C\u00ae C-Balancing Toner (Fettig)<\/li><li>Obagi-C\u00ae C-Clarifying Serum<\/li><li>Obagi-C\u00ae C-Exfoliating Day Lotion (Trocken)<\/li><\/ul>\n\n\n\n<p>Bist du unsicher, ob Obagi-C\u00ae Fx etwas f\u00fcr dich ist? Frag unseren medizinischen Partner<\/p>\n\n\n\n<div class=\"wp-block-buttons is-layout-flex wp-block-buttons-is-layout-flex\">\n<div class=\"wp-block-button\"><a class=\"wp-block-button__link\" href=\"https:\/\/pureobagi.com\/de\/skinstation\/\">Kontakt<\/a><\/div>\n<\/div>\n<\/div>\n\n\n\n<div class=\"wp-block-column is-layout-flow wp-block-column-is-layout-flow\">\n<figure class=\"wp-block-embed aligncenter is-type-video is-provider-vimeo wp-block-embed-vimeo wp-embed-aspect-16-9 wp-has-aspect-ratio\"><div class=\"wp-block-embed__wrapper\">\n<iframe loading=\"lazy\" title=\"How to Minimise the Appearance of Skin Ageing\" src=\"https:\/\/player.vimeo.com\/video\/492104551?h=1c244cef6c&amp;dnt=1&amp;app_id=122963\" width=\"980\" height=\"551\" frameborder=\"0\" allow=\"autoplay; fullscreen; picture-in-picture\" allowfullscreen><\/iframe>\n<\/div><\/figure>\n<\/div>\n<\/div>\n\n\n<div  class=\"wp-block-product-blocks-product-grid-3 wopb-block-abe831 \"><div class=\"wopb-block-wrapper\"><div class=\"wopb-wrapper-main-content\"><div class=\"wopb-product-blocks-slide\" data-slidestoshow=\"3-2-1\" data-autoplay=\"\" data-slidespeed=\"3000\" data-showdots=\"\" data-showarrows=\"1\"><div class=\"wopb-block-item \"><div class=\"wopb-block-content-wrap\"><div class=\"wopb-block-image wopb-block-image-none\"><div class=\"wopb-onsale-hot\"><\/div><div class=\"wopb-product-new-meta\"><\/div><div class=\"wopb-quick-cart\"><div class=\"wopb-product-btn\"><div class=\"wopb-product-btn \"><span class=\"wopb-cart-action \" data-postid=\"29477\"><a href=\"\/de\/wp-json\/wp\/v2\/pages\/30768?add-to-cart=29477\" class=\"add_to_cart_button ajax_add_to_cart wopb-cart-normal\" data-stock=\"47\" aria-label=\"In den Warenkorb legen: \u201eObagi360\u00ae Retinol 0.5\u201c\" data-quantity=\"1\" data-product_id=\"29477\" data-product_sku=\"RET050OBA05\" rel=\"nofollow\">In den Warenkorb<\/a><a href=\"https:\/\/pureobagi.com\/de\/cart-2\/\" class=\"wopb-cart-active\">View Cart<\/a><\/span><\/div><\/div><\/div><a href=\"https:\/\/pureobagi.com\/de\/produkt\/obagi360-retinol-0-5\/\"><img decoding=\"async\" src=\"https:\/\/pureobagi.com\/wp-content\/uploads\/2020\/10\/retinol-0.5-e1647617873185.png\" alt=\"Obagi360\u00ae Retinol 0.5\" \/><\/a><\/div><div class=\"wopb-pg-cl wopb-pg-cl1\"><div class=\"wopb-product-cat-price\"><div class=\"wopb-product-price\"><span class=\"woocommerce-Price-amount amount\"><bdi><span class=\"woocommerce-Price-currencySymbol\">&euro;<\/span>70.00<\/bdi><\/span> <small class=\"woocommerce-price-suffix\">inkl. MwSt.<\/small><\/div><\/div><div class=\"wopb-product-title-review\"><h3 class=\"wopb-block-title\"><a title=\"Obagi360\u00ae Retinol 0.5\"  href=\"https:\/\/pureobagi.com\/de\/produkt\/obagi360-retinol-0-5\/\">Obagi360\u00ae Retinol 0.5<\/a><\/h3><\/div><\/div><\/div><\/div><div class=\"wopb-block-item \"><div class=\"wopb-block-content-wrap\"><div class=\"wopb-block-image wopb-block-image-none\"><div class=\"wopb-onsale-hot\"><\/div><div class=\"wopb-product-new-meta\"><\/div><div class=\"wopb-quick-cart\"><div class=\"wopb-product-btn\"><div class=\"wopb-product-btn \"><span class=\"wopb-cart-action \" data-postid=\"29494\"><a href=\"https:\/\/pureobagi.com\/de\/produkt\/obagi-hydrate\/\" class=\"add_to_cart_button ajax_add_to_cart wopb-cart-normal\" data-stock=\"0\" aria-label=\"Lese mehr \u00fcber &#8222;Obagi Hydrate\u00ae&#8220;\" data-quantity=\"1\" data-product_id=\"29494\" data-product_sku=\"HYD048OBA01\" rel=\"nofollow\">Weiterlesen<\/a><a href=\"https:\/\/pureobagi.com\/de\/cart-2\/\" class=\"wopb-cart-active\">View Cart<\/a><\/span><\/div><\/div><\/div><div class=\"wopb-product-outofstock\"><span>Nicht vorr\u00e4tig<\/span><\/div><a href=\"https:\/\/pureobagi.com\/de\/produkt\/obagi-hydrate\/\"><img decoding=\"async\" src=\"https:\/\/pureobagi.com\/wp-content\/uploads\/2020\/10\/hydrate-bottle-1000x1000-1.png\" alt=\"Obagi Hydrate\u00ae\" \/><\/a><\/div><div class=\"wopb-pg-cl wopb-pg-cl1\"><div class=\"wopb-product-cat-price\"><div class=\"wopb-product-price\"><span class=\"woocommerce-Price-amount amount\"><bdi><span class=\"woocommerce-Price-currencySymbol\">&euro;<\/span>53.00<\/bdi><\/span> <small class=\"woocommerce-price-suffix\">inkl. MwSt.<\/small><\/div><\/div><div class=\"wopb-product-title-review\"><h3 class=\"wopb-block-title\"><a title=\"Obagi Hydrate\u00ae\"  href=\"https:\/\/pureobagi.com\/de\/produkt\/obagi-hydrate\/\">Obagi Hydrate\u00ae<\/a><\/h3><\/div><\/div><\/div><\/div><div class=\"wopb-block-item \"><div class=\"wopb-block-content-wrap\"><div class=\"wopb-block-image wopb-block-image-none\"><div class=\"wopb-onsale-hot\"><\/div><div class=\"wopb-product-new-meta\"><\/div><div class=\"wopb-quick-cart\"><div class=\"wopb-product-btn\"><div class=\"wopb-product-btn \"><span class=\"wopb-cart-action \" data-postid=\"29513\"><a href=\"\/de\/wp-json\/wp\/v2\/pages\/30768?add-to-cart=29513\" class=\"add_to_cart_button ajax_add_to_cart wopb-cart-normal\" data-stock=\"\" aria-label=\"In den Warenkorb legen: \u201eObagi Daily Hydro-Drops\u2122 Facial Serum 30ml\u201c\" data-quantity=\"1\" data-product_id=\"29513\" data-product_sku=\"HYDROPOBA03\" rel=\"nofollow\">In den Warenkorb<\/a><a href=\"https:\/\/pureobagi.com\/de\/cart-2\/\" class=\"wopb-cart-active\">View Cart<\/a><\/span><\/div><\/div><\/div><a href=\"https:\/\/pureobagi.com\/de\/produkt\/daily-hydro-drops-facial-serum-30ml\/\"><img decoding=\"async\" src=\"https:\/\/pureobagi.com\/wp-content\/uploads\/2020\/12\/DHD-main-1000x1000-1.png\" alt=\"Obagi Daily Hydro-Drops\u2122 Facial Serum 30ml\" \/><\/a><\/div><div class=\"wopb-pg-cl wopb-pg-cl1\"><div class=\"wopb-product-cat-price\"><div class=\"wopb-product-price\"><span class=\"woocommerce-Price-amount amount\"><bdi><span class=\"woocommerce-Price-currencySymbol\">&euro;<\/span>94.00<\/bdi><\/span> <small class=\"woocommerce-price-suffix\">inkl. MwSt.<\/small><\/div><\/div><div class=\"wopb-product-title-review\"><h3 class=\"wopb-block-title\"><a title=\"Obagi Daily Hydro-Drops\u2122 Facial Serum 30ml\"  href=\"https:\/\/pureobagi.com\/de\/produkt\/daily-hydro-drops-facial-serum-30ml\/\">Obagi Daily Hydro-Drops\u2122 Facial Serum 30ml<\/a><\/h3><\/div><\/div><\/div><\/div><div class=\"wopb-block-item \"><div class=\"wopb-block-content-wrap\"><div class=\"wopb-block-image wopb-block-image-none\"><div class=\"wopb-onsale-hot\"><\/div><div class=\"wopb-product-new-meta\"><\/div><div class=\"wopb-quick-cart\"><div class=\"wopb-product-btn\"><div class=\"wopb-product-btn \"><span class=\"wopb-cart-action \" data-postid=\"29468\"><a href=\"\/de\/wp-json\/wp\/v2\/pages\/30768?add-to-cart=29468\" class=\"add_to_cart_button ajax_add_to_cart wopb-cart-normal\" data-stock=\"\" aria-label=\"In den Warenkorb legen: \u201eObagi CLENZIderm Daily Care Foaming Cleanser\u201c\" data-quantity=\"1\" data-product_id=\"29468\" data-product_sku=\"CLE001OBA01\" rel=\"nofollow\">In den Warenkorb<\/a><a href=\"https:\/\/pureobagi.com\/de\/cart-2\/\" class=\"wopb-cart-active\">View Cart<\/a><\/span><\/div><\/div><\/div><a href=\"https:\/\/pureobagi.com\/de\/produkt\/clenziderm-daily-care-foaming-cleanser\/\"><img decoding=\"async\" src=\"https:\/\/pureobagi.com\/wp-content\/uploads\/2020\/10\/clenziderm-bottle-1000x1000-1.png\" alt=\"Obagi CLENZIderm Daily Care Foaming Cleanser\" \/><\/a><\/div><div class=\"wopb-pg-cl wopb-pg-cl1\"><div class=\"wopb-product-cat-price\"><div class=\"wopb-product-price\"><span class=\"woocommerce-Price-amount amount\"><bdi><span class=\"woocommerce-Price-currencySymbol\">&euro;<\/span>41.00<\/bdi><\/span> <small class=\"woocommerce-price-suffix\">inkl. MwSt.<\/small><\/div><\/div><div class=\"wopb-product-title-review\"><h3 class=\"wopb-block-title\"><a title=\"Obagi CLENZIderm Daily Care Foaming Cleanser\"  href=\"https:\/\/pureobagi.com\/de\/produkt\/clenziderm-daily-care-foaming-cleanser\/\">Obagi CLENZIderm Daily Care Foaming Cleanser<\/a><\/h3><\/div><\/div><\/div><\/div><div class=\"wopb-block-item \"><div class=\"wopb-block-content-wrap\"><div class=\"wopb-block-image wopb-block-image-none\"><div class=\"wopb-onsale-hot\"><\/div><div class=\"wopb-product-new-meta\"><\/div><div class=\"wopb-quick-cart\"><div class=\"wopb-product-btn\"><div class=\"wopb-product-btn \"><span class=\"wopb-cart-action \" data-postid=\"29470\"><a href=\"\/de\/wp-json\/wp\/v2\/pages\/30768?add-to-cart=29470\" class=\"add_to_cart_button ajax_add_to_cart wopb-cart-normal\" data-stock=\"\" aria-label=\"In den Warenkorb legen: \u201eObagi Hydrate Luxe\u00ae\u201c\" data-quantity=\"1\" data-product_id=\"29470\" data-product_sku=\"HYDLUXOBA01\" rel=\"nofollow\">In den Warenkorb<\/a><a href=\"https:\/\/pureobagi.com\/de\/cart-2\/\" class=\"wopb-cart-active\">View Cart<\/a><\/span><\/div><\/div><\/div><a href=\"https:\/\/pureobagi.com\/de\/produkt\/obagi-hydrate-luxe\/\"><img decoding=\"async\" src=\"https:\/\/pureobagi.com\/wp-content\/uploads\/2020\/10\/hydrate-luxe-bottle-1000x1000-1.jpg\" alt=\"Obagi Hydrate Luxe\u00ae\" \/><\/a><\/div><div class=\"wopb-pg-cl wopb-pg-cl1\"><div class=\"wopb-product-cat-price\"><div class=\"wopb-product-price\"><span class=\"woocommerce-Price-amount amount\"><bdi><span class=\"woocommerce-Price-currencySymbol\">&euro;<\/span>75.00<\/bdi><\/span> <small class=\"woocommerce-price-suffix\">inkl. MwSt.<\/small><\/div><\/div><div class=\"wopb-product-title-review\"><h3 class=\"wopb-block-title\"><a title=\"Obagi Hydrate Luxe\u00ae\"  href=\"https:\/\/pureobagi.com\/de\/produkt\/obagi-hydrate-luxe\/\">Obagi Hydrate Luxe\u00ae<\/a><\/h3><\/div><\/div><\/div><\/div><div class=\"wopb-block-item \"><div class=\"wopb-block-content-wrap\"><div class=\"wopb-block-image wopb-block-image-none\"><div class=\"wopb-onsale-hot\"><\/div><div class=\"wopb-product-new-meta\"><\/div><div class=\"wopb-quick-cart\"><div class=\"wopb-product-btn\"><div class=\"wopb-product-btn \"><span class=\"wopb-cart-action \" data-postid=\"29469\"><a href=\"\/de\/wp-json\/wp\/v2\/pages\/30768?add-to-cart=29469\" class=\"add_to_cart_button ajax_add_to_cart wopb-cart-normal\" data-stock=\"\" aria-label=\"In den Warenkorb legen: \u201eObagi Professional-C\u00ae Serum 15%\u201c\" data-quantity=\"1\" data-product_id=\"29469\" data-product_sku=\"PRO015OBA02\" rel=\"nofollow\">In den Warenkorb<\/a><a href=\"https:\/\/pureobagi.com\/de\/cart-2\/\" class=\"wopb-cart-active\">View Cart<\/a><\/span><\/div><\/div><\/div><a href=\"https:\/\/pureobagi.com\/de\/produkt\/obagi-professional-c-serum-15\/\"><img decoding=\"async\" src=\"https:\/\/pureobagi.com\/wp-content\/uploads\/2020\/10\/pro-c-15-bottle-1000x1000-1.png\" alt=\"Obagi Professional-C\u00ae Serum 15%\" \/><\/a><\/div><div class=\"wopb-pg-cl wopb-pg-cl1\"><div class=\"wopb-product-cat-price\"><div class=\"wopb-product-price\"><span class=\"woocommerce-Price-amount amount\"><bdi><span class=\"woocommerce-Price-currencySymbol\">&euro;<\/span>111.00<\/bdi><\/span> <small class=\"woocommerce-price-suffix\">inkl. MwSt.<\/small><\/div><\/div><div class=\"wopb-product-title-review\"><h3 class=\"wopb-block-title\"><a title=\"Obagi Professional-C\u00ae Serum 15%\"  href=\"https:\/\/pureobagi.com\/de\/produkt\/obagi-professional-c-serum-15\/\">Obagi Professional-C\u00ae Serum 15%<\/a><\/h3><\/div><\/div><\/div><\/div><\/div><div class=\"wopb-slick-nav\" style=\"display:none\"><div class=\"wopb-slick-prev\"><div class=\"slick-arrow slick-prev\"><svg enable-background=\"new 0 0 477.175 477.175\" version=\"1.1\" viewBox=\"0 0 477.18 477.18\"><path d=\"m145.19 238.58 215.5-215.5c5.3-5.3 5.3-13.8 0-19.1s-13.8-5.3-19.1 0l-225.1 225.1c-5.3 5.3-5.3 13.8 0 19.1l225.1 225c2.6 2.6 6.1 4 9.5 4s6.9-1.3 9.5-4c5.3-5.3 5.3-13.8 0-19.1l-215.4-215.5z\"\/><\/svg><\/div><\/div><div class=\"wopb-slick-next\"><div class=\"slick-arrow slick-next\"><svg enable-background=\"new 0 0 477.175 477.175\" version=\"1.1\" viewBox=\"0 0 477.18 477.18\"><path d=\"m360.73 229.08-225.1-225.1c-5.3-5.3-13.8-5.3-19.1 0s-5.3 13.8 0 19.1l215.5 215.5-215.5 215.5c-5.3 5.3-5.3 13.8 0 19.1 2.6 2.6 6.1 4 9.5 4s6.9-1.3 9.5-4l225.1-225.1c5.3-5.2 5.3-13.8 0.1-19z\"\/><\/svg><\/div><\/div><\/div><\/div><\/div><\/div>","protected":false},"excerpt":{"rendered":"<p>Obagi-C\u00ae Fx Systems ist ein komplettes Hautpflegesystem, das die Kraft von 4 % Arbutin und 10 % L-Ascorbins\u00e4ure (Vitamin C) nutzt, um Zeichen der Hautalterung und Hyperpigmentierung zu bek\u00e4mpfen und ein strahlendes Aussehen zu verleihen. Erh\u00e4ltlich f\u00fcr normale bis fettige und normale bis trockene Hauttypen, helfen die Produkte der Obagi-C\u00ae Fx Systems-Serie dabei, eine klarere, [&hellip;]<\/p>\n","protected":false},"author":1,"featured_media":20074,"parent":26437,"menu_order":0,"comment_status":"closed","ping_status":"closed","template":"template-fullwidth.php","meta":{"_acf_changed":false,"footnotes":""},"class_list":["post-30768","page","type-page","status-publish","has-post-thumbnail","hentry"],"acf":[],"_links":{"self":[{"href":"https:\/\/pureobagi.com\/de\/wp-json\/wp\/v2\/pages\/30768","targetHints":{"allow":["GET"]}}],"collection":[{"href":"https:\/\/pureobagi.com\/de\/wp-json\/wp\/v2\/pages"}],"about":[{"href":"https:\/\/pureobagi.com\/de\/wp-json\/wp\/v2\/types\/page"}],"author":[{"embeddable":true,"href":"https:\/\/pureobagi.com\/de\/wp-json\/wp\/v2\/users\/1"}],"replies":[{"embeddable":true,"href":"https:\/\/pureobagi.com\/de\/wp-json\/wp\/v2\/comments?post=30768"}],"version-history":[{"count":6,"href":"https:\/\/pureobagi.com\/de\/wp-json\/wp\/v2\/pages\/30768\/revisions"}],"predecessor-version":[{"id":50920,"href":"https:\/\/pureobagi.com\/de\/wp-json\/wp\/v2\/pages\/30768\/revisions\/50920"}],"up":[{"embeddable":true,"href":"https:\/\/pureobagi.com\/de\/wp-json\/wp\/v2\/pages\/26437"}],"wp:featuredmedia":[{"embeddable":true,"href":"https:\/\/pureobagi.com\/de\/wp-json\/wp\/v2\/media\/20074"}],"wp:attachment":[{"href":"https:\/\/pureobagi.com\/de\/wp-json\/wp\/v2\/media?parent=30768"}],"curies":[{"name":"wp","href":"https:\/\/api.w.org\/{rel}","templated":true}]}}