{"id":34480,"date":"2021-07-08T11:19:06","date_gmt":"2021-07-08T10:19:06","guid":{"rendered":"https:\/\/pureobagi.com\/summer-sale\/"},"modified":"2021-10-07T10:50:56","modified_gmt":"2021-10-07T09:50:56","slug":"summer-sale","status":"publish","type":"page","link":"https:\/\/pureobagi.com\/de\/summer-sale\/","title":{"rendered":"Summer Sale"},"content":{"rendered":"\n<p>Der Sommer ist manchmal eine vernachl\u00e4ssigte Jahreszeit f\u00fcr die Hautpflege, da wir die Sonne und das Strahlen unserer Haut genie\u00dfen. Aber nicht nur im Sommer wird Sonnenschutz ben\u00f6tigt \u2013 es ist wichtig, Ihre Hautpflege auch in den hei\u00dfen Monaten beizubehalten, um diesen Glanz zu erhalten und ihn auf die kommenden Jahreszeiten vorzubereiten. Vitamin C ist ein gro\u00dfartiger Inhaltsstoff, den Sie in Ihre Routine aufnehmen k\u00f6nnen, da er nicht nur den Lichtschutzfaktor erh\u00f6ht, sondern auch Anzeichen von Alterung und Sonnensch\u00e4den bek\u00e4mpft, \u00fcber die wir uns nach dem Sommer eher Sorgen machen. Dehydrierte Haut kann f\u00fcr viele auch ein Hautproblem sein, aber zum Gl\u00fcck hat Obagi die richtigen Produkte, um dem entgegenzuwirken.<\/p>\n\n<p>Der Pure Obagi Summer Sale ist beendet, aber es werden noch viele weitere Sonderangebote folgen.<\/p>\n\n<p>Seien Sie der Erste, der Bescheid wei\u00df! Melden Sie sich f\u00fcr unsere E-Mail-Updates an und erhalten Sie als Erster unsere Sonderangebote. Wir geben auch 15% Rabatt auf Ihre erste Bestellung!<\/p>\n\n<div class=\"_form_19\"><\/div><script src=\"https:\/\/pureobagi.activehosted.com\/f\/embed.php?id=19\" type=\"text\/javascript\" charset=\"utf-8\"><\/script>\n","protected":false},"excerpt":{"rendered":"<p>Der Sommer ist manchmal eine vernachl\u00e4ssigte Jahreszeit f\u00fcr die Hautpflege, da wir die Sonne und das Strahlen unserer Haut genie\u00dfen. Aber nicht nur im Sommer wird Sonnenschutz ben\u00f6tigt \u2013 es ist wichtig, Ihre Hautpflege auch in den hei\u00dfen Monaten beizubehalten, um diesen Glanz zu erhalten und ihn auf die kommenden Jahreszeiten vorzubereiten. Vitamin C ist [&hellip;]<\/p>\n","protected":false},"author":178,"featured_media":0,"parent":0,"menu_order":0,"comment_status":"closed","ping_status":"closed","template":"","meta":{"_acf_changed":false,"footnotes":""},"class_list":["post-34480","page","type-page","status-publish","hentry"],"acf":[],"_links":{"self":[{"href":"https:\/\/pureobagi.com\/de\/wp-json\/wp\/v2\/pages\/34480","targetHints":{"allow":["GET"]}}],"collection":[{"href":"https:\/\/pureobagi.com\/de\/wp-json\/wp\/v2\/pages"}],"about":[{"href":"https:\/\/pureobagi.com\/de\/wp-json\/wp\/v2\/types\/page"}],"author":[{"embeddable":true,"href":"https:\/\/pureobagi.com\/de\/wp-json\/wp\/v2\/users\/178"}],"replies":[{"embeddable":true,"href":"https:\/\/pureobagi.com\/de\/wp-json\/wp\/v2\/comments?post=34480"}],"version-history":[{"count":1,"href":"https:\/\/pureobagi.com\/de\/wp-json\/wp\/v2\/pages\/34480\/revisions"}],"predecessor-version":[{"id":34481,"href":"https:\/\/pureobagi.com\/de\/wp-json\/wp\/v2\/pages\/34480\/revisions\/34481"}],"wp:attachment":[{"href":"https:\/\/pureobagi.com\/de\/wp-json\/wp\/v2\/media?parent=34480"}],"curies":[{"name":"wp","href":"https:\/\/api.w.org\/{rel}","templated":true}]}}