{"id":34490,"date":"2021-10-04T12:56:01","date_gmt":"2021-10-04T11:56:01","guid":{"rendered":"https:\/\/pureobagi.com\/danke-fuers-abonnieren\/"},"modified":"2021-10-07T11:04:14","modified_gmt":"2021-10-07T10:04:14","slug":"danke-fuers-abonnieren","status":"publish","type":"page","link":"https:\/\/pureobagi.com\/de\/danke-fuers-abonnieren\/","title":{"rendered":"Danke f\u00fcrs Abonnieren"},"content":{"rendered":"\n<p>Vielen Dank, dass Sie sich f\u00fcr Pure Obagi-Updates angemeldet haben. In K\u00fcrze erhalten Sie eine E-Mail mit einem exklusiven Coupon, den Sie bei Ihrem ersten Einkauf verwenden k\u00f6nnen. Sie erfahren auch als Erster alles \u00fcber exklusive Produkteinf\u00fchrungen, Aktionen und Sonderangebote.\r\n<\/p>\n\n\n\n<p>Weiter einkaufen oder direkt zum Warenkorb!<\/p>\n\n\n\n<div class=\"wp-block-columns is-layout-flex wp-container-core-columns-is-layout-28f84493 wp-block-columns-is-layout-flex\">\n<div class=\"wp-block-column is-layout-flow wp-block-column-is-layout-flow\">\n<div class=\"wp-block-buttons is-layout-flex wp-block-buttons-is-layout-flex\">\n<div class=\"wp-block-button\"><a class=\"wp-block-button__link\" href=\"https:\/\/pureobagi.com\/de\/shop\/\">JETZT&nbsp;EINKAUFEN<\/a><\/div>\n<\/div>\n<\/div>\n\n\n\n<div class=\"wp-block-column is-layout-flow wp-block-column-is-layout-flow\">\n<div class=\"wp-block-buttons is-layout-flex wp-block-buttons-is-layout-flex\">\n<div class=\"wp-block-button\"><a class=\"wp-block-button__link\" href=\"https:\/\/pureobagi.com\/de\/warenkorb\/\">WARENKORB ANZEIGEN<\/a><\/div>\n<\/div>\n<\/div>\n<\/div>\n\n\n\n<div class=\"wp-block-buttons is-layout-flex wp-block-buttons-is-layout-flex\"><\/div>\n\n\n<div  class=\"wp-block-product-blocks-product-grid-1 wopb-block-100078 \"><div class=\"wopb-block-wrapper\"><div class=\"wopb-wrapper-main-content\"><div class=\"wopb-block-items-wrap wopb-block-row wopb-block-column-3\"><div class=\"wopb-block-item \"><div class=\"wopb-block-content-wrap\"><div class=\"wopb-block-image wopb-block-image-none\"><div class=\"wopb-onsale-hot\"><\/div><div class=\"wopb-product-new-meta\"><\/div><a href=\"https:\/\/pureobagi.com\/de\/produkt\/obagi-sun-shield-tint-broad-spectrum-spf-50-cool-2\/\"><img decoding=\"async\" src=\"https:\/\/pureobagi.com\/wp-content\/uploads\/2022\/02\/Sun-Shield-Tint-cool-1000x1000-1.png\" alt=\"Obagi Sun Shield Matte\u2122 Broad Spectrum SPF\u00a050 Cool\" \/><\/a><\/div><h3 class=\"wopb-block-title\"><a title=\"Obagi Sun Shield Matte\u2122 Broad Spectrum SPF\u00a050 Cool\"  href=\"https:\/\/pureobagi.com\/de\/produkt\/obagi-sun-shield-tint-broad-spectrum-spf-50-cool-2\/\">Obagi Sun Shield Matte\u2122 Broad Spectrum SPF\u00a050 Cool<\/a><\/h3><div class=\"wopb-product-price\"><span class=\"woocommerce-Price-amount amount\"><bdi><span class=\"woocommerce-Price-currencySymbol\">&euro;<\/span>53.00<\/bdi><\/span> <small class=\"woocommerce-price-suffix\">inkl. MwSt.<\/small><\/div><div class=\"wopb-star-rating\"><span style=\"width: 100%\"><strong itemprop=\"ratingValue\" class=\"wopb-rating\">5.00<\/strong>out of 5<\/span><\/div><div class=\"wopb-product-btn\"><div class=\"wopb-product-btn \"><span class=\"wopb-cart-action \" data-postid=\"47543\"><a href=\"\/de\/wp-json\/wp\/v2\/pages\/34490?add-to-cart=47543\" class=\"add_to_cart_button ajax_add_to_cart wopb-cart-normal\" data-stock=\"\" aria-label=\"In den Warenkorb legen: \u201eObagi Sun Shield Matte\u2122 Broad Spectrum SPF\u00a050 Cool\u201c\" data-quantity=\"1\" data-product_id=\"47543\" data-product_sku=\"SUNCOOLOBA02\" rel=\"nofollow\">In den Warenkorb<\/a><a href=\"https:\/\/pureobagi.com\/de\/cart-2\/\" class=\"wopb-cart-active\">View Cart<\/a><\/span><\/div><\/div><\/div><\/div><div class=\"wopb-block-item \"><div class=\"wopb-block-content-wrap\"><div class=\"wopb-block-image wopb-block-image-none\"><div class=\"wopb-onsale-hot\"><\/div><div class=\"wopb-product-new-meta\"><\/div><a href=\"https:\/\/pureobagi.com\/de\/produkt\/obagi-sun-shield-tint-broad-spectrum-spf-50-warm-2\/\"><img decoding=\"async\" src=\"https:\/\/pureobagi.com\/wp-content\/uploads\/2022\/02\/Sun-Shield-Tint-Warm-1000x1000-1.png\" alt=\"Obagi Sun Shield\u2122 Tint Broad Spectrum SPF\u00a050 Warm\" \/><\/a><\/div><h3 class=\"wopb-block-title\"><a title=\"Obagi Sun Shield\u2122 Tint Broad Spectrum SPF\u00a050 Warm\"  href=\"https:\/\/pureobagi.com\/de\/produkt\/obagi-sun-shield-tint-broad-spectrum-spf-50-warm-2\/\">Obagi Sun Shield\u2122 Tint Broad Spectrum SPF\u00a050 Warm<\/a><\/h3><div class=\"wopb-product-price\"><span class=\"woocommerce-Price-amount amount\"><bdi><span class=\"woocommerce-Price-currencySymbol\">&euro;<\/span>53.00<\/bdi><\/span> <small class=\"woocommerce-price-suffix\">inkl. MwSt.<\/small><\/div><div class=\"wopb-star-rating\"><span style=\"width: 0%\"><strong itemprop=\"ratingValue\" class=\"wopb-rating\">0<\/strong>out of 5<\/span><\/div><div class=\"wopb-product-btn\"><div class=\"wopb-product-btn \"><span class=\"wopb-cart-action \" data-postid=\"47547\"><a href=\"\/de\/wp-json\/wp\/v2\/pages\/34490?add-to-cart=47547\" class=\"add_to_cart_button ajax_add_to_cart wopb-cart-normal\" data-stock=\"\" aria-label=\"In den Warenkorb legen: \u201eObagi Sun Shield\u2122 Tint Broad Spectrum SPF\u00a050 Warm\u201c\" data-quantity=\"1\" data-product_id=\"47547\" data-product_sku=\"SUNWARMOBA01\" rel=\"nofollow\">In den Warenkorb<\/a><a href=\"https:\/\/pureobagi.com\/de\/cart-2\/\" class=\"wopb-cart-active\">View Cart<\/a><\/span><\/div><\/div><\/div><\/div><div class=\"wopb-block-item \"><div class=\"wopb-block-content-wrap\"><div class=\"wopb-block-image wopb-block-image-none\"><div class=\"wopb-onsale-hot\"><\/div><div class=\"wopb-product-new-meta\"><\/div><a href=\"https:\/\/pureobagi.com\/de\/produkt\/obagi-gentle-men-kit-normal-dry\/\"><img decoding=\"async\" src=\"https:\/\/pureobagi.com\/wp-content\/uploads\/2021\/05\/Gentle-Men-Kit-1000x1000-1-e1634131248948.png\" alt=\"Obagi Gentle Men&#039;s Kit for Normal-Dry Skin\" \/><\/a><\/div><h3 class=\"wopb-block-title\"><a title=\"Obagi Gentle Men&#039;s Kit for Normal-Dry Skin\"  href=\"https:\/\/pureobagi.com\/de\/produkt\/obagi-gentle-men-kit-normal-dry\/\">Obagi Gentle Men&#8217;s Kit for Normal-Dry Skin<\/a><\/h3><div class=\"wopb-product-price\"><span class=\"woocommerce-Price-amount amount\"><bdi><span class=\"woocommerce-Price-currencySymbol\">&euro;<\/span>173.70<\/bdi><\/span> <small class=\"woocommerce-price-suffix\">inkl. MwSt.<\/small><\/div><div class=\"wopb-star-rating\"><span style=\"width: 0%\"><strong itemprop=\"ratingValue\" class=\"wopb-rating\">0<\/strong>out of 5<\/span><\/div><div class=\"wopb-product-btn\"><div class=\"wopb-product-btn \"><span class=\"wopb-cart-action \" data-postid=\"29508\"><a href=\"\/de\/wp-json\/wp\/v2\/pages\/34490?add-to-cart=29508\" class=\"add_to_cart_button ajax_add_to_cart wopb-cart-normal\" data-stock=\"\" aria-label=\"In den Warenkorb legen: \u201eObagi Gentle Men&#039;s Kit for Normal-Dry Skin\u201c\" data-quantity=\"1\" data-product_id=\"29508\" data-product_sku=\"OBAGENMENDRY\" rel=\"nofollow\">In den Warenkorb<\/a><a href=\"https:\/\/pureobagi.com\/de\/cart-2\/\" class=\"wopb-cart-active\">View Cart<\/a><\/span><\/div><\/div><\/div><\/div><div class=\"wopb-block-item \"><div class=\"wopb-block-content-wrap\"><div class=\"wopb-block-image wopb-block-image-none\"><div class=\"wopb-onsale-hot\"><\/div><div class=\"wopb-product-new-meta\"><\/div><a href=\"https:\/\/pureobagi.com\/de\/produkt\/vitamin-c-advanced-kit\/\"><img decoding=\"async\" src=\"https:\/\/pureobagi.com\/wp-content\/uploads\/2021\/03\/Vitamin-C-Advanced-V2.jpg\" alt=\"Obagi Vitamin C Advanced Kit\" \/><\/a><\/div><h3 class=\"wopb-block-title\"><a title=\"Obagi Vitamin C Advanced Kit\"  href=\"https:\/\/pureobagi.com\/de\/produkt\/vitamin-c-advanced-kit\/\">Obagi Vitamin C Advanced Kit<\/a><\/h3><div class=\"wopb-product-price\"><span class=\"woocommerce-Price-amount amount\"><bdi><span class=\"woocommerce-Price-currencySymbol\">&euro;<\/span>209.70<\/bdi><\/span> <small class=\"woocommerce-price-suffix\">inkl. MwSt.<\/small><\/div><div class=\"wopb-star-rating\"><span style=\"width: 100%\"><strong itemprop=\"ratingValue\" class=\"wopb-rating\">5.00<\/strong>out of 5<\/span><\/div><div class=\"wopb-product-btn\"><div class=\"wopb-product-btn \"><span class=\"wopb-cart-action \" data-postid=\"29520\"><a href=\"\/de\/wp-json\/wp\/v2\/pages\/34490?add-to-cart=29520\" class=\"add_to_cart_button ajax_add_to_cart wopb-cart-normal\" data-stock=\"\" aria-label=\"In den Warenkorb legen: \u201eObagi Vitamin C Advanced Kit\u201c\" data-quantity=\"1\" data-product_id=\"29520\" data-product_sku=\"OBAVITCADV\" rel=\"nofollow\">In den Warenkorb<\/a><a href=\"https:\/\/pureobagi.com\/de\/cart-2\/\" class=\"wopb-cart-active\">View Cart<\/a><\/span><\/div><\/div><\/div><\/div><div class=\"wopb-block-item \"><div class=\"wopb-block-content-wrap\"><div class=\"wopb-block-image wopb-block-image-none\"><div class=\"wopb-onsale-hot\"><\/div><div class=\"wopb-product-new-meta\"><\/div><a href=\"https:\/\/pureobagi.com\/de\/produkt\/vitamin-c-intermediate-kit\/\"><img decoding=\"async\" src=\"https:\/\/pureobagi.com\/wp-content\/uploads\/2021\/03\/Vitamin-C-Intermediate-V2.jpg\" alt=\"Obagi Vitamin C Intermediate Kit\" \/><\/a><\/div><h3 class=\"wopb-block-title\"><a title=\"Obagi Vitamin C Intermediate Kit\"  href=\"https:\/\/pureobagi.com\/de\/produkt\/vitamin-c-intermediate-kit\/\">Obagi Vitamin C Intermediate Kit<\/a><\/h3><div class=\"wopb-product-price\"><span class=\"woocommerce-Price-amount amount\"><bdi><span class=\"woocommerce-Price-currencySymbol\">&euro;<\/span>186.30<\/bdi><\/span> <small class=\"woocommerce-price-suffix\">inkl. MwSt.<\/small><\/div><div class=\"wopb-star-rating\"><span style=\"width: 100%\"><strong itemprop=\"ratingValue\" class=\"wopb-rating\">5.00<\/strong>out of 5<\/span><\/div><div class=\"wopb-product-btn\"><div class=\"wopb-product-btn \"><span class=\"wopb-cart-action \" data-postid=\"29517\"><a href=\"\/de\/wp-json\/wp\/v2\/pages\/34490?add-to-cart=29517\" class=\"add_to_cart_button ajax_add_to_cart wopb-cart-normal\" data-stock=\"\" aria-label=\"In den Warenkorb legen: \u201eObagi Vitamin C Intermediate Kit\u201c\" data-quantity=\"1\" data-product_id=\"29517\" data-product_sku=\"OBAVITCMED\" rel=\"nofollow\">In den Warenkorb<\/a><a href=\"https:\/\/pureobagi.com\/de\/cart-2\/\" class=\"wopb-cart-active\">View Cart<\/a><\/span><\/div><\/div><\/div><\/div><div class=\"wopb-block-item \"><div class=\"wopb-block-content-wrap\"><div class=\"wopb-block-image wopb-block-image-none\"><div class=\"wopb-onsale-hot\"><\/div><div class=\"wopb-product-new-meta\"><\/div><a href=\"https:\/\/pureobagi.com\/de\/produkt\/vitamin-c-starter-set\/\"><img decoding=\"async\" src=\"https:\/\/pureobagi.com\/wp-content\/uploads\/2021\/03\/Vitamin-C-Starter-V2.jpg\" alt=\"Obagi Vitamin C Starter Kit\" \/><\/a><\/div><h3 class=\"wopb-block-title\"><a title=\"Obagi Vitamin C Starter Kit\"  href=\"https:\/\/pureobagi.com\/de\/produkt\/vitamin-c-starter-set\/\">Obagi Vitamin C Starter Kit<\/a><\/h3><div class=\"wopb-product-price\"><span class=\"woocommerce-Price-amount amount\"><bdi><span class=\"woocommerce-Price-currencySymbol\">&euro;<\/span>169.20<\/bdi><\/span> <small class=\"woocommerce-price-suffix\">inkl. MwSt.<\/small><\/div><div class=\"wopb-star-rating\"><span style=\"width: 100%\"><strong itemprop=\"ratingValue\" class=\"wopb-rating\">5.00<\/strong>out of 5<\/span><\/div><div class=\"wopb-product-btn\"><div class=\"wopb-product-btn \"><span class=\"wopb-cart-action \" data-postid=\"29514\"><a href=\"\/de\/wp-json\/wp\/v2\/pages\/34490?add-to-cart=29514\" class=\"add_to_cart_button ajax_add_to_cart wopb-cart-normal\" data-stock=\"\" aria-label=\"In den Warenkorb legen: \u201eObagi Vitamin C Starter Kit\u201c\" data-quantity=\"1\" data-product_id=\"29514\" data-product_sku=\"OBAVITCSTART\" rel=\"nofollow\">In den Warenkorb<\/a><a href=\"https:\/\/pureobagi.com\/de\/cart-2\/\" class=\"wopb-cart-active\">View Cart<\/a><\/span><\/div><\/div><\/div><\/div><\/div><\/div><\/div><\/div>","protected":false},"excerpt":{"rendered":"<p>Vielen Dank, dass Sie sich f\u00fcr Pure Obagi-Updates angemeldet haben. In K\u00fcrze erhalten Sie eine E-Mail mit einem exklusiven Coupon, den Sie bei Ihrem ersten Einkauf verwenden k\u00f6nnen. Sie erfahren auch als Erster alles \u00fcber exklusive Produkteinf\u00fchrungen, Aktionen und Sonderangebote. Weiter einkaufen oder direkt zum Warenkorb!<\/p>\n","protected":false},"author":178,"featured_media":0,"parent":0,"menu_order":0,"comment_status":"closed","ping_status":"closed","template":"","meta":{"_acf_changed":false,"footnotes":""},"class_list":["post-34490","page","type-page","status-publish","hentry"],"acf":[],"_links":{"self":[{"href":"https:\/\/pureobagi.com\/de\/wp-json\/wp\/v2\/pages\/34490","targetHints":{"allow":["GET"]}}],"collection":[{"href":"https:\/\/pureobagi.com\/de\/wp-json\/wp\/v2\/pages"}],"about":[{"href":"https:\/\/pureobagi.com\/de\/wp-json\/wp\/v2\/types\/page"}],"author":[{"embeddable":true,"href":"https:\/\/pureobagi.com\/de\/wp-json\/wp\/v2\/users\/178"}],"replies":[{"embeddable":true,"href":"https:\/\/pureobagi.com\/de\/wp-json\/wp\/v2\/comments?post=34490"}],"version-history":[{"count":2,"href":"https:\/\/pureobagi.com\/de\/wp-json\/wp\/v2\/pages\/34490\/revisions"}],"predecessor-version":[{"id":34493,"href":"https:\/\/pureobagi.com\/de\/wp-json\/wp\/v2\/pages\/34490\/revisions\/34493"}],"wp:attachment":[{"href":"https:\/\/pureobagi.com\/de\/wp-json\/wp\/v2\/media?parent=34490"}],"curies":[{"name":"wp","href":"https:\/\/api.w.org\/{rel}","templated":true}]}}