{"id":48724,"date":"2022-03-01T10:50:10","date_gmt":"2022-03-01T10:50:10","guid":{"rendered":"https:\/\/pureobagi.com\/sale\/"},"modified":"2022-08-04T22:11:08","modified_gmt":"2022-08-04T21:11:08","slug":"sale","status":"publish","type":"page","link":"https:\/\/pureobagi.com\/de\/sale\/","title":{"rendered":"SALE"},"content":{"rendered":"\n<p>Genie\u00dfen Sie eine Auswahl an Obagi Medical Products\u00ae zu einem Sonderpreis f\u00fcr eine begrenzte Zeit. L\u00f6sungen f\u00fcr h\u00e4ufige Hautprobleme wie feine Linien und Falten, fahle Haut oder Pigmentierung, erh\u00e4ltlich f\u00fcr alle Hauttypen, einschlie\u00dflich trockener oder empfindlicher Haut, zu Akne neigender Haut, fettiger und normaler Haut.<\/p>\n\n\n\n<h2 class=\"wp-block-heading\">Begrenzte Zeitersparnis<\/h2>\n\n\n<div  class=\"wp-block-product-blocks-product-grid-1 wopb-block-42967c \"><div class=\"wopb-block-wrapper\"><div class=\"wopb-wrapper-main-content\"><div class=\"wopb-block-items-wrap wopb-block-row wopb-block-column-3\"><div class=\"wopb-block-item \"><div class=\"wopb-block-content-wrap\"><div class=\"wopb-block-image wopb-block-image-none\"><div class=\"wopb-onsale-hot\"><\/div><div class=\"wopb-product-new-meta\"><\/div><a href=\"https:\/\/pureobagi.com\/de\/produkt\/obagi-professional-c-microdermabrasion-polish-mask\/\"><img decoding=\"async\" src=\"https:\/\/pureobagi.com\/wp-content\/uploads\/2020\/12\/Pure_Obagi__0000s_0026_Obagi_Professional-C_Microdermabrasio_PolishMask_Bottle.jpg\" alt=\"Obagi Professional-C\u00ae Microdermabrasion Polish + Mask\" \/><\/a><\/div><h3 class=\"wopb-block-title\"><a title=\"Obagi Professional-C\u00ae Microdermabrasion Polish + Mask\"  href=\"https:\/\/pureobagi.com\/de\/produkt\/obagi-professional-c-microdermabrasion-polish-mask\/\">Obagi Professional-C\u00ae Microdermabrasion Polish + Mask<\/a><\/h3><div class=\"wopb-product-price\"><span class=\"woocommerce-Price-amount amount\"><bdi><span class=\"woocommerce-Price-currencySymbol\">&euro;<\/span>75.60<\/bdi><\/span> <small class=\"woocommerce-price-suffix\">inkl. MwSt.<\/small><\/div><div class=\"wopb-star-rating\"><span style=\"width: 98.6%\"><strong itemprop=\"ratingValue\" class=\"wopb-rating\">4.93<\/strong>out of 5<\/span><\/div><div class=\"wopb-product-btn\"><div class=\"wopb-product-btn \"><span class=\"wopb-cart-action \" data-postid=\"29479\"><a href=\"\/de\/wp-json\/wp\/v2\/pages\/48724?add-to-cart=29479\" class=\"add_to_cart_button ajax_add_to_cart wopb-cart-normal\" data-stock=\"236\" aria-label=\"In den Warenkorb legen: \u201eObagi Professional-C\u00ae Microdermabrasion Polish + Mask\u201c\" data-quantity=\"1\" data-product_id=\"29479\" data-product_sku=\"PROPOLOBA01\" rel=\"nofollow\">In den Warenkorb<\/a><a href=\"https:\/\/pureobagi.com\/de\/cart-2\/\" class=\"wopb-cart-active\">View Cart<\/a><\/span><\/div><\/div><\/div><\/div><div class=\"wopb-block-item \"><div class=\"wopb-block-content-wrap\"><div class=\"wopb-block-image wopb-block-image-none\"><div class=\"wopb-onsale-hot\"><\/div><div class=\"wopb-product-new-meta\"><\/div><a href=\"https:\/\/pureobagi.com\/de\/produkt\/obagi-nu-derm-exfoderm-forte\/\"><img decoding=\"async\" src=\"https:\/\/pureobagi.com\/wp-content\/uploads\/2020\/10\/exfoderm-forte-bottle-1000x1000-1.png\" alt=\"Obagi Nu-Derm\u00ae Fx Exfoderm\u00ae Forte\" \/><\/a><\/div><h3 class=\"wopb-block-title\"><a title=\"Obagi Nu-Derm\u00ae Fx Exfoderm\u00ae Forte\"  href=\"https:\/\/pureobagi.com\/de\/produkt\/obagi-nu-derm-exfoderm-forte\/\">Obagi Nu-Derm\u00ae Fx Exfoderm\u00ae Forte<\/a><\/h3><div class=\"wopb-product-price\"><span class=\"woocommerce-Price-amount amount\"><bdi><span class=\"woocommerce-Price-currencySymbol\">&euro;<\/span>85.00<\/bdi><\/span> <small class=\"woocommerce-price-suffix\">inkl. MwSt.<\/small><\/div><div class=\"wopb-star-rating\"><span style=\"width: 93.4%\"><strong itemprop=\"ratingValue\" class=\"wopb-rating\">4.67<\/strong>out of 5<\/span><\/div><div class=\"wopb-product-btn\"><div class=\"wopb-product-btn \"><span class=\"wopb-cart-action \" data-postid=\"29462\"><a href=\"\/de\/wp-json\/wp\/v2\/pages\/48724?add-to-cart=29462\" class=\"add_to_cart_button ajax_add_to_cart wopb-cart-normal\" data-stock=\"15\" aria-label=\"In den Warenkorb legen: \u201eObagi Nu-Derm\u00ae Fx Exfoderm\u00ae Forte\u201c\" data-quantity=\"1\" data-product_id=\"29462\" data-product_sku=\"EXF060POL02\" rel=\"nofollow\">In den Warenkorb<\/a><a href=\"https:\/\/pureobagi.com\/de\/cart-2\/\" class=\"wopb-cart-active\">View Cart<\/a><\/span><\/div><\/div><\/div><\/div><div class=\"wopb-block-item \"><div class=\"wopb-block-content-wrap\"><div class=\"wopb-block-image wopb-block-image-none\"><div class=\"wopb-onsale-hot\"><\/div><div class=\"wopb-product-new-meta\"><\/div><a href=\"https:\/\/pureobagi.com\/de\/produkt\/obagi-c-fx-clarifying-serum-30ml\/\"><img decoding=\"async\" src=\"https:\/\/pureobagi.com\/wp-content\/uploads\/2020\/12\/clarifying-serum-bottle-1000x1000-1.jpg\" alt=\"Obagi-C\u00ae Fx C-Clarifying Serum 30ml\" \/><\/a><\/div><h3 class=\"wopb-block-title\"><a title=\"Obagi-C\u00ae Fx C-Clarifying Serum 30ml\"  href=\"https:\/\/pureobagi.com\/de\/produkt\/obagi-c-fx-clarifying-serum-30ml\/\">Obagi-C\u00ae Fx C-Clarifying Serum 30ml<\/a><\/h3><div class=\"wopb-product-price\"><span class=\"woocommerce-Price-amount amount\"><bdi><span class=\"woocommerce-Price-currencySymbol\">&euro;<\/span>132.00<\/bdi><\/span> <small class=\"woocommerce-price-suffix\">inkl. MwSt.<\/small><\/div><div class=\"wopb-star-rating\"><span style=\"width: 100%\"><strong itemprop=\"ratingValue\" class=\"wopb-rating\">5.00<\/strong>out of 5<\/span><\/div><div class=\"wopb-product-btn\"><div class=\"wopb-product-btn \"><span class=\"wopb-cart-action \" data-postid=\"29496\"><a href=\"\/de\/wp-json\/wp\/v2\/pages\/48724?add-to-cart=29496\" class=\"add_to_cart_button ajax_add_to_cart wopb-cart-normal\" data-stock=\"8\" aria-label=\"In den Warenkorb legen: \u201eObagi-C\u00ae Fx C-Clarifying Serum 30ml\u201c\" data-quantity=\"1\" data-product_id=\"29496\" data-product_sku=\"CLA0FXOBA03\" rel=\"nofollow\">In den Warenkorb<\/a><a href=\"https:\/\/pureobagi.com\/de\/cart-2\/\" class=\"wopb-cart-active\">View Cart<\/a><\/span><\/div><\/div><\/div><\/div><div class=\"wopb-block-item \"><div class=\"wopb-block-content-wrap\"><div class=\"wopb-block-image wopb-block-image-none\"><div class=\"wopb-onsale-hot\"><\/div><div class=\"wopb-product-new-meta\"><\/div><a href=\"https:\/\/pureobagi.com\/de\/produkt\/suzanobagimd-retivance-skin-rejuvenating-complex\/\"><img decoding=\"async\" src=\"https:\/\/pureobagi.com\/wp-content\/uploads\/2020\/10\/retivance-bottle-1000x1000-1.png\" alt=\"SUZANOBAGIMD Retivance\u00ae Skin Rejuvenating Complex\" \/><\/a><\/div><h3 class=\"wopb-block-title\"><a title=\"SUZANOBAGIMD Retivance\u00ae Skin Rejuvenating Complex\"  href=\"https:\/\/pureobagi.com\/de\/produkt\/suzanobagimd-retivance-skin-rejuvenating-complex\/\">SUZANOBAGIMD Retivance\u00ae Skin Rejuvenating Complex<\/a><\/h3><div class=\"wopb-product-price\"><span class=\"woocommerce-Price-amount amount\"><bdi><span class=\"woocommerce-Price-currencySymbol\">&euro;<\/span>116.10<\/bdi><\/span> <small class=\"woocommerce-price-suffix\">inkl. MwSt.<\/small><\/div><div class=\"wopb-star-rating\"><span style=\"width: 100%\"><strong itemprop=\"ratingValue\" class=\"wopb-rating\">5.00<\/strong>out of 5<\/span><\/div><div class=\"wopb-product-btn\"><div class=\"wopb-product-btn \"><span class=\"wopb-cart-action \" data-postid=\"29488\"><a href=\"\/de\/wp-json\/wp\/v2\/pages\/48724?add-to-cart=29488\" class=\"add_to_cart_button ajax_add_to_cart wopb-cart-normal\" data-stock=\"4\" aria-label=\"In den Warenkorb legen: \u201eSUZANOBAGIMD Retivance\u00ae Skin Rejuvenating Complex\u201c\" data-quantity=\"1\" data-product_id=\"29488\" data-product_sku=\"SOMDRETIVAN\" rel=\"nofollow\">In den Warenkorb<\/a><a href=\"https:\/\/pureobagi.com\/de\/cart-2\/\" class=\"wopb-cart-active\">View Cart<\/a><\/span><\/div><\/div><\/div><\/div><div class=\"wopb-block-item \"><div class=\"wopb-block-content-wrap\"><div class=\"wopb-block-image wopb-block-image-none\"><div class=\"wopb-onsale-hot\"><\/div><div class=\"wopb-product-new-meta\"><\/div><a href=\"https:\/\/pureobagi.com\/de\/produkt\/obagi-elastiderm-facial-serum\/\"><img decoding=\"async\" src=\"https:\/\/pureobagi.com\/wp-content\/uploads\/2020\/12\/EFS-bottle-1000x1000-1.jpg\" alt=\"Obagi ELASTIderm\u00ae Facial Serum\" \/><\/a><\/div><h3 class=\"wopb-block-title\"><a title=\"Obagi ELASTIderm\u00ae Facial Serum\"  href=\"https:\/\/pureobagi.com\/de\/produkt\/obagi-elastiderm-facial-serum\/\">Obagi ELASTIderm\u00ae Facial Serum<\/a><\/h3><div class=\"wopb-product-price\"><span class=\"woocommerce-Price-amount amount\"><bdi><span class=\"woocommerce-Price-currencySymbol\">&euro;<\/span>186.00<\/bdi><\/span> <small class=\"woocommerce-price-suffix\">inkl. MwSt.<\/small><\/div><div class=\"wopb-star-rating\"><span style=\"width: 95.6%\"><strong itemprop=\"ratingValue\" class=\"wopb-rating\">4.78<\/strong>out of 5<\/span><\/div><div class=\"wopb-product-btn\"><div class=\"wopb-product-btn \"><span class=\"wopb-cart-action \" data-postid=\"29495\"><a href=\"\/de\/wp-json\/wp\/v2\/pages\/48724?add-to-cart=29495\" class=\"add_to_cart_button ajax_add_to_cart wopb-cart-normal\" data-stock=\"35\" aria-label=\"In den Warenkorb legen: \u201eObagi ELASTIderm\u00ae Facial Serum\u201c\" data-quantity=\"1\" data-product_id=\"29495\" data-product_sku=\"ELAFACOBA01\" rel=\"nofollow\">In den Warenkorb<\/a><a href=\"https:\/\/pureobagi.com\/de\/cart-2\/\" class=\"wopb-cart-active\">View Cart<\/a><\/span><\/div><\/div><\/div><\/div><\/div><\/div><\/div><\/div>\n\n\n\n\n\n\n\n\n<div class=\"wp-block-columns is-layout-flex wp-container-core-columns-is-layout-28f84493 wp-block-columns-is-layout-flex\">\n<div class=\"wp-block-column is-layout-flow wp-block-column-is-layout-flow\" style=\"flex-basis:100%\">\n\n\n<div class=\"wp-block-columns is-layout-flex wp-container-core-columns-is-layout-28f84493 wp-block-columns-is-layout-flex\">\n<div class=\"wp-block-column is-layout-flow wp-block-column-is-layout-flow\"><\/div>\n<\/div>\n<\/div>\n<\/div>\n\n\n\n\n\n<figure class=\"wp-block-gallery has-nested-images columns-default is-cropped wp-block-gallery-1 is-layout-flex wp-block-gallery-is-layout-flex\">\n\n\n\n<\/figure>\n\n\n\n\n\n\n","protected":false},"excerpt":{"rendered":"<p>Genie\u00dfen Sie eine Auswahl an Obagi Medical Products\u00ae zu einem Sonderpreis f\u00fcr eine begrenzte Zeit. L\u00f6sungen f\u00fcr h\u00e4ufige Hautprobleme wie feine Linien und Falten, fahle Haut oder Pigmentierung, erh\u00e4ltlich f\u00fcr alle Hauttypen, einschlie\u00dflich trockener oder empfindlicher Haut, zu Akne neigender Haut, fettiger und normaler Haut. Begrenzte Zeitersparnis<\/p>\n","protected":false},"author":178,"featured_media":0,"parent":0,"menu_order":0,"comment_status":"closed","ping_status":"closed","template":"","meta":{"_acf_changed":false,"footnotes":""},"class_list":["post-48724","page","type-page","status-publish","hentry"],"acf":[],"_links":{"self":[{"href":"https:\/\/pureobagi.com\/de\/wp-json\/wp\/v2\/pages\/48724","targetHints":{"allow":["GET"]}}],"collection":[{"href":"https:\/\/pureobagi.com\/de\/wp-json\/wp\/v2\/pages"}],"about":[{"href":"https:\/\/pureobagi.com\/de\/wp-json\/wp\/v2\/types\/page"}],"author":[{"embeddable":true,"href":"https:\/\/pureobagi.com\/de\/wp-json\/wp\/v2\/users\/178"}],"replies":[{"embeddable":true,"href":"https:\/\/pureobagi.com\/de\/wp-json\/wp\/v2\/comments?post=48724"}],"version-history":[{"count":21,"href":"https:\/\/pureobagi.com\/de\/wp-json\/wp\/v2\/pages\/48724\/revisions"}],"predecessor-version":[{"id":66608,"href":"https:\/\/pureobagi.com\/de\/wp-json\/wp\/v2\/pages\/48724\/revisions\/66608"}],"wp:attachment":[{"href":"https:\/\/pureobagi.com\/de\/wp-json\/wp\/v2\/media?parent=48724"}],"curies":[{"name":"wp","href":"https:\/\/api.w.org\/{rel}","templated":true}]}}