{"id":26548,"date":"2021-05-18T15:35:47","date_gmt":"2021-05-18T14:35:47","guid":{"rendered":"https:\/\/pureobagi.com\/product\/obagi-antioxidant-kit\/"},"modified":"2025-06-06T14:29:43","modified_gmt":"2025-06-06T13:29:43","slug":"obagi-antioxidant-kit","status":"publish","type":"product","link":"https:\/\/pureobagi.com\/de\/produkt\/obagi-antioxidant-kit\/","title":{"rendered":"Obagi Antioxidant Kit"},"content":{"rendered":"<p>Entspanne dich und verbessere die Ausstrahlung deiner Haut mit dem Pure Obagi Antioxidant Kit. Dieses Kit ist reich an Vitamin&nbsp;C und hilft, deine Haut zu korrigieren und vor Sch\u00e4den durch freie Radikale und Umwelteinfl\u00fcsse, wie z.&nbsp;B. UV-Strahlung, zu sch\u00fctzen.<\/p>\n<p>Das Obagi-C<sup>\u00ae<\/sup> C-Cleansing Gel wird deine Haut reinigen, kl\u00e4ren und vorbereiten. Der alkoholfreie und nicht austrocknende Obagi-C\u00ae Balancing Toner sorgt daf\u00fcr, dass keine Spuren von Schmutz oder \u00d6lablagerungen auf deiner Haut zur\u00fcckbleiben. Verbessere deine w\u00f6chentliche Routine mit der Obagi Professional-C<sup>\u00ae<\/sup> Microdermabrasion Polish + Mask, die mit 30&nbsp;% L-Ascorbins\u00e4ure und ultrafeinen Kristallen exfoliert und grundiert und so eine glatte und strahlende Haut hinterl\u00e4sst \u2013 ein echter Spielver\u00e4nderer. Die Inhaltsstoffe des Obagi Professional-C<sup>\u00ae<\/sup> 15&nbsp;%-Serums f\u00f6rdern die Kollagenproduktion und helfen, das Erscheinungsbild von feinen Linien und Falten zu mindern. Verj\u00fcnge und spende Feuchtigkeit mit Obagi Hydrate<sup>\u00ae<\/sup>, mit Mango- und Sheabutter als Hauptbestandteile. Dieses Kit ist komplett mit Obagi&#39;s Sun Shield Matte\u2122 Broad Spectrum SPF&nbsp;50, das deine Haut vor UVA- und UVB-Strahlen sch\u00fctzt, mit einer nicht fettenden Formel, die du lieben wirst.<\/p>\n","protected":false},"excerpt":{"rendered":"<p>Entspanne dich und verbessere die Ausstrahlung deiner Haut mit dem Pure Obagi Antioxidant Kit. Dieses Kit ist reich an Vitamin&nbsp;C und hilft, deine Haut zu korrigieren und vor Sch\u00e4den durch freie Radikale und Umwelteinfl\u00fcsse, wie z.&nbsp;B. UV-Strahlung, zu sch\u00fctzen. Das Obagi-C\u00ae C-Cleansing Gel wird deine Haut reinigen, kl\u00e4ren und vorbereiten. Der alkoholfreie und nicht austrocknende [&hellip;]<\/p>\n","protected":false},"featured_media":20364,"comment_status":"open","ping_status":"closed","template":"","meta":{"_acf_changed":false},"product_brand":[],"product_cat":[406,396,407,397,408,398,409,399,410,400,411,401,412,402,403,404,405,395],"product_tag":[],"class_list":{"0":"post-26548","1":"product","2":"type-product","3":"status-publish","4":"has-post-thumbnail","6":"product_cat-sonnenschaden","7":"product_cat-hydrators-de","8":"product_cat-raue-haut","9":"product_cat-professional-c-portfolio-de","10":"product_cat-mischhaut","11":"product_cat-cleanser","12":"product_cat-normale-haut","13":"product_cat-feuchtigkeitsspender-und-hydratoren","14":"product_cat-sonnenschutz","15":"product_cat-vitamin-c-de","16":"product_cat-hautpflege-kits","17":"product_cat-fettige-haut","18":"product_cat-obagi-sun-protection-de","19":"product_cat-peeling","20":"product_cat-toner","21":"product_cat-alternde-haut-einschlieslich-feiner-linien-und-faltchen","22":"product_cat-fahle-haut","23":"product_cat-obagi-c-fx-system-de","25":"first","26":"outofstock","27":"taxable","28":"shipping-taxable","29":"purchasable","30":"product-type-simple"},"acf":[],"_links":{"self":[{"href":"https:\/\/pureobagi.com\/de\/wp-json\/wp\/v2\/product\/26548","targetHints":{"allow":["GET"]}}],"collection":[{"href":"https:\/\/pureobagi.com\/de\/wp-json\/wp\/v2\/product"}],"about":[{"href":"https:\/\/pureobagi.com\/de\/wp-json\/wp\/v2\/types\/product"}],"replies":[{"embeddable":true,"href":"https:\/\/pureobagi.com\/de\/wp-json\/wp\/v2\/comments?post=26548"}],"wp:featuredmedia":[{"embeddable":true,"href":"https:\/\/pureobagi.com\/de\/wp-json\/wp\/v2\/media\/20364"}],"wp:attachment":[{"href":"https:\/\/pureobagi.com\/de\/wp-json\/wp\/v2\/media?parent=26548"}],"wp:term":[{"taxonomy":"product_brand","embeddable":true,"href":"https:\/\/pureobagi.com\/de\/wp-json\/wp\/v2\/product_brand?post=26548"},{"taxonomy":"product_cat","embeddable":true,"href":"https:\/\/pureobagi.com\/de\/wp-json\/wp\/v2\/product_cat?post=26548"},{"taxonomy":"product_tag","embeddable":true,"href":"https:\/\/pureobagi.com\/de\/wp-json\/wp\/v2\/product_tag?post=26548"}],"curies":[{"name":"wp","href":"https:\/\/api.w.org\/{rel}","templated":true}]}}