{"id":29445,"date":"2020-10-14T12:04:07","date_gmt":"2020-10-14T11:04:07","guid":{"rendered":"https:\/\/pureobagi.com\/product\/obagi-nu-derm-fx-gentle-cleanser\/"},"modified":"2023-01-10T12:39:42","modified_gmt":"2023-01-10T12:39:42","slug":"obagi-nu-derm-gentle-cleanser","status":"publish","type":"product","link":"https:\/\/pureobagi.com\/de\/produkt\/obagi-nu-derm-gentle-cleanser\/","title":{"rendered":"Obagi Nu-Derm\u00ae Fx Gentle Cleanser"},"content":{"rendered":"<p><strong>Obagi Nu-Derm<sup>\u00ae<\/sup> Fx Gentle Cleanser f\u00fcr normale bis trockene Haut entfernt effektiv Make-up, \u00d6lr\u00fcckst\u00e4nde und Unreinheiten, die t\u00e4glich durch die Umwelt verursacht werden.<\/strong><strong>Obagi Nu-Derm<sup>\u00ae<\/sup> Fx Gentle Cleanser unterst\u00fctzt dich auf deinem Weg zu einer klaren, glatten und ges\u00fcnder aussehenden Haut, wenn du es als Teil des Obagi Nu-Derm<sup>\u00ae<\/sup> Fx-Systems anwendest.<\/strong><\/p>\n<p>Obagi Nu-Derm<sup>\u00ae<\/sup> Fx Gentle Cleanser wurde speziell f\u00fcr normale bis trockene Haut formuliert. Die sanfte Formulierung entfernt Make-up und allt\u00e4gliche Verunreinigungen durch die Umwelt, so dass deine Haut sauber und frisch aussieht, bevor du weitere Pflegeprodukte auftr\u00e4gst.<\/p>\n<p>Obagi Nu-Derm<sup>\u00ae<\/sup> Die Inhaltsstoffe des Fx Gentle Cleanser sind aus nat\u00fcrlichen Produkten gewonnen, darunter: Hafer-Aminos\u00e4uren, Aloe, Aprikosenkern\u00f6l, Panthenol, Salbeibl\u00e4tter-Extrakt und Borago Officinalis-Extrakt, sowie Glycerin, um die Haut zu beruhigen und mit Feuchtigkeit zu versorgen.<\/p>\n<p>Die Reinigung der Haut morgens und abends mit Obagi Nu-Derm<sup>\u00ae<\/sup> Gentle Cleanser #1 ist ein wesentlicher erster Schritt bei der Anwendung des Obagi Nu-Derm Fx<sup>\u00ae<\/sup>-Systems, um dir zu helfen, eine hellere, gesund aussehende Haut zu bekommen.<\/p>\n","protected":false},"excerpt":{"rendered":"<p>Obagi Nu-Derm\u00ae Fx Gentle Cleanser f\u00fcr normale bis trockene Haut entfernt effektiv Make-up, \u00d6lr\u00fcckst\u00e4nde und Unreinheiten, die t\u00e4glich durch die Umwelt verursacht werden.Obagi Nu-Derm\u00ae Fx Gentle Cleanser unterst\u00fctzt dich auf deinem Weg zu einer klaren, glatten und ges\u00fcnder aussehenden Haut, wenn du es als Teil des Obagi Nu-Derm\u00ae Fx-Systems anwendest. Obagi Nu-Derm\u00ae Fx Gentle Cleanser [&hellip;]<\/p>\n","protected":false},"featured_media":38587,"comment_status":"open","ping_status":"closed","template":"","meta":{"_acf_changed":false},"product_brand":[],"product_cat":[542,543,544,545,546,398,404,405,409,540,541],"product_tag":[],"class_list":{"0":"post-29445","1":"product","2":"type-product","3":"status-publish","4":"has-post-thumbnail","6":"product_cat-trockene-haut","7":"product_cat-reifer-hauttyp","8":"product_cat-rosacea-de","9":"product_cat-dehydrierte-haut","10":"product_cat-durch-maskne-strapazierte-haut","11":"product_cat-cleanser","12":"product_cat-alternde-haut-einschlieslich-feiner-linien-und-faltchen","13":"product_cat-fahle-haut","14":"product_cat-normale-haut","15":"product_cat-nu-derm-fx-system-de","16":"product_cat-empfindliche-haut","18":"first","19":"instock","20":"taxable","21":"shipping-taxable","22":"purchasable","23":"product-type-simple"},"acf":[],"_links":{"self":[{"href":"https:\/\/pureobagi.com\/de\/wp-json\/wp\/v2\/product\/29445","targetHints":{"allow":["GET"]}}],"collection":[{"href":"https:\/\/pureobagi.com\/de\/wp-json\/wp\/v2\/product"}],"about":[{"href":"https:\/\/pureobagi.com\/de\/wp-json\/wp\/v2\/types\/product"}],"replies":[{"embeddable":true,"href":"https:\/\/pureobagi.com\/de\/wp-json\/wp\/v2\/comments?post=29445"}],"wp:featuredmedia":[{"embeddable":true,"href":"https:\/\/pureobagi.com\/de\/wp-json\/wp\/v2\/media\/38587"}],"wp:attachment":[{"href":"https:\/\/pureobagi.com\/de\/wp-json\/wp\/v2\/media?parent=29445"}],"wp:term":[{"taxonomy":"product_brand","embeddable":true,"href":"https:\/\/pureobagi.com\/de\/wp-json\/wp\/v2\/product_brand?post=29445"},{"taxonomy":"product_cat","embeddable":true,"href":"https:\/\/pureobagi.com\/de\/wp-json\/wp\/v2\/product_cat?post=29445"},{"taxonomy":"product_tag","embeddable":true,"href":"https:\/\/pureobagi.com\/de\/wp-json\/wp\/v2\/product_tag?post=29445"}],"curies":[{"name":"wp","href":"https:\/\/api.w.org\/{rel}","templated":true}]}}