{"id":29455,"date":"2020-10-14T12:20:27","date_gmt":"2020-10-14T11:20:27","guid":{"rendered":"https:\/\/pureobagi.com\/product\/obagi-nu-derm-clear-fx\/"},"modified":"2026-02-17T18:13:15","modified_gmt":"2026-02-17T18:13:15","slug":"obagi-nu-derm-clear-fx","status":"publish","type":"product","link":"https:\/\/pureobagi.com\/de\/produkt\/obagi-nu-derm-clear-fx\/","title":{"rendered":"Obagi Nu-Derm\u00ae Clear Fx"},"content":{"rendered":"<p><strong>Obagi Nu-Derm<sup>\u00ae<\/sup> Clear Fx<\/strong> hautaufhellende Creme korrigiert dunkle Flecken und Sonnenflecken f\u00fcr eine klare, glatte und ges\u00fcnder aussehende Haut, wenn sie als Teil des Obagi Nu-Derm Fx<sup>\u00ae<\/sup>-Systems angewendet wird.<\/p>\n<p><em>Wusstest du schon:<\/em> UV-Licht, das von der Sonne ausgestrahlt wird, kann deine Haut sch\u00e4digen und sogar eine vorzeitige Alterung des Teints verursachen, was oft zu Hyperpigmentierung f\u00fchrt.<\/p>\n<p>Obagi Nu-Derm<sup>\u00ae<\/sup> Clear Fx arbeitet daran, diese dunklen Flecken verblassen zu lassen und dir einen helleren, gleichm\u00e4\u00dfigeren Hautton zu verleihen.<\/p>\n<p>Diese auf Arbutin basierende, hautaufhellende Creme wirkt in einer sanften Formel, um Unvollkommenheiten und Pigmentierungen zu minimieren, die durch Flecken, Ausbr\u00fcche und Sonnensch\u00e4den verursacht werden. Das in Obagi Nu-Derm<sup>\u00ae<\/sup> Clear Fx verwendete Arbutin (7&nbsp;%) wird aus der B\u00e4rentraubenpflanze gewonnen und verhindert die Produktion von Tyrosinase \u2013 dem Enzym in der Haut, das f\u00fcr die Melaninproduktion verantwortlich ist, die zu dunklen Flecken, auch bekannt als Sonnenflecken, f\u00fchrt.<\/p>\n<p>Zus\u00e4tzliche Antioxidantien, einschlie\u00dflich Milchs\u00e4ure, helfen dabei, das Erscheinungsbild eines gleichm\u00e4\u00dfigen Hauttons zu verbessern, w\u00e4hrend sie die Haut vor freien Radikalen sch\u00fctzen. Obagi Nu-Derm<sup>\u00ae<\/sup> Clear Fx #3 ist der dritte Schritt in deinem morgendlichen Hautpflegesystem, wenn du das Obagi Nu-Derm Fx<sup>\u00ae <\/sup>-System anwendest.<\/p>\n<p><em>*Enth\u00e4lt Natriummetabisulfit, ein Sulfit, das bei bestimmten anf\u00e4lligen Personen allergische Reaktionen einschlie\u00dflich anaphylaktischer Symptome und lebensbedrohliche oder weniger schwere asthmatische Episoden verursachen kann. Die Gesamtpr\u00e4valenz der Sulfit-Empfindlichkeit in der Allgemeinbev\u00f6lkerung ist unbekannt und wahrscheinlich gering. Sulfit-Empfindlichkeit tritt bei Asthmatikern h\u00e4ufiger auf als bei Nicht-Asthmatikern.<\/em><\/p>\n","protected":false},"excerpt":{"rendered":"<p>Obagi Nu-Derm\u00ae Clear Fx hautaufhellende Creme korrigiert dunkle Flecken und Sonnenflecken f\u00fcr eine klare, glatte und ges\u00fcnder aussehende Haut, wenn sie als Teil des Obagi Nu-Derm Fx\u00ae-Systems angewendet wird. Wusstest du schon: UV-Licht, das von der Sonne ausgestrahlt wird, kann deine Haut sch\u00e4digen und sogar eine vorzeitige Alterung des Teints verursachen, was oft zu Hyperpigmentierung [&hellip;]<\/p>\n","protected":false},"featured_media":36180,"comment_status":"open","ping_status":"closed","template":"","meta":{"_acf_changed":false},"product_brand":[],"product_cat":[547,406,548,407,549,408,550,409,540,541,542,543,544,401,545,405],"product_tag":[],"class_list":{"0":"post-29455","1":"product","2":"type-product","3":"status-publish","4":"has-post-thumbnail","6":"product_cat-zu-akne-neigende-haut","7":"product_cat-sonnenschaden","8":"product_cat-hyperpigmentation-de","9":"product_cat-raue-haut","10":"product_cat-hautaufheller","11":"product_cat-mischhaut","12":"product_cat-bestseller","13":"product_cat-normale-haut","14":"product_cat-nu-derm-fx-system-de","15":"product_cat-empfindliche-haut","16":"product_cat-trockene-haut","17":"product_cat-reifer-hauttyp","18":"product_cat-rosacea-de","19":"product_cat-fettige-haut","20":"product_cat-dehydrierte-haut","21":"product_cat-fahle-haut","23":"first","24":"instock","25":"taxable","26":"shipping-taxable","27":"purchasable","28":"product-type-simple"},"acf":[],"_links":{"self":[{"href":"https:\/\/pureobagi.com\/de\/wp-json\/wp\/v2\/product\/29455","targetHints":{"allow":["GET"]}}],"collection":[{"href":"https:\/\/pureobagi.com\/de\/wp-json\/wp\/v2\/product"}],"about":[{"href":"https:\/\/pureobagi.com\/de\/wp-json\/wp\/v2\/types\/product"}],"replies":[{"embeddable":true,"href":"https:\/\/pureobagi.com\/de\/wp-json\/wp\/v2\/comments?post=29455"}],"wp:featuredmedia":[{"embeddable":true,"href":"https:\/\/pureobagi.com\/de\/wp-json\/wp\/v2\/media\/36180"}],"wp:attachment":[{"href":"https:\/\/pureobagi.com\/de\/wp-json\/wp\/v2\/media?parent=29455"}],"wp:term":[{"taxonomy":"product_brand","embeddable":true,"href":"https:\/\/pureobagi.com\/de\/wp-json\/wp\/v2\/product_brand?post=29455"},{"taxonomy":"product_cat","embeddable":true,"href":"https:\/\/pureobagi.com\/de\/wp-json\/wp\/v2\/product_cat?post=29455"},{"taxonomy":"product_tag","embeddable":true,"href":"https:\/\/pureobagi.com\/de\/wp-json\/wp\/v2\/product_tag?post=29455"}],"curies":[{"name":"wp","href":"https:\/\/api.w.org\/{rel}","templated":true}]}}