{"id":29457,"date":"2020-10-14T12:23:30","date_gmt":"2020-10-14T11:23:30","guid":{"rendered":"https:\/\/pureobagi.com\/product\/obagi-nu-derm-fx-exfoderm\/"},"modified":"2023-05-30T16:23:45","modified_gmt":"2023-05-30T15:23:45","slug":"obagi-nu-derm-exfoderm","status":"publish","type":"product","link":"https:\/\/pureobagi.com\/de\/produkt\/obagi-nu-derm-exfoderm\/","title":{"rendered":"Obagi Nu-Derm\u00ae Fx Exfoderm"},"content":{"rendered":"<p><strong>Obagi Nu-Derm<sup>\u00ae<\/sup> Fx Exfoderm<\/strong> f\u00f6rdert das Peeling, steigert den Zellumsatz der Haut und enth\u00fcllt neue, hellere, strahlende Haut. Am besten angewendet als Teil des Obagi Nu-Derm Fx<sup>\u00ae<\/sup>-Systems f\u00fcr normale bis trockene Haut.<\/p>\n<p>Obagi Nu-Derm<sup>\u00ae <\/sup>Exfoderm enth\u00e4lt Phytins\u00e4ure, eine nat\u00fcrliche Fruchts\u00e4ure, die die notwendige Exfoliation der obersten Hautschicht f\u00f6rdert. Das Peeling trennt stumpfe, abgenutzte und gesch\u00e4digte Hautzellen ab und hinterl\u00e4sst einen strahlenden, helleren Teint.<\/p>\n<p><em>Wusstest du schon:<\/em> Wenn wir altern, kann sich unser nat\u00fcrlicher Zellumsatz verlangsamen. Aber ein Peeling h\u00e4lt deine Haut geschmeidig und gesund und sch\u00fctzt dich vor den t\u00e4glichen Umwelteinfl\u00fcssen. Au\u00dferdem hilft es, den Zellumsatz der Haut zu beschleunigen und die darunter liegenden, frischen neuen Hautzellen freizulegen, damit du deine Hautziele erreichen kannst.<\/p>\n<p>Obagi Nu-Derm<sup>\u00ae <\/sup>Exfoderm #4 ist eine leichte Lotion, die f\u00fcr normale bis trockene Hauttypen entwickelt wurde und ein wichtiger Schritt im Obagi Nu-Derm Fx<sup>\u00ae<\/sup>-System und hilft dir, eine klare, strahlende und gesund aussehende Haut zu bekommen.<\/p>\n<p><em>*Sonnenbrandwarnung: Dieses Produkt enth\u00e4lt eine Alphahydroxys\u00e4ure (AHA), die die Empfindlichkeit deiner Haut gegen\u00fcber der Sonne und insbesondere die M\u00f6glichkeit eines Sonnenbrandes erh\u00f6hen kann. Benutze einen Sonnenschutz, trage sch\u00fctzende Kleidung und schr\u00e4nke die Sonnenexposition w\u00e4hrend der Anwendung dieses Produktes und f\u00fcr eine Woche danach ein.<\/em><\/p>\n","protected":false},"excerpt":{"rendered":"<p>Obagi Nu-Derm\u00ae Fx Exfoderm f\u00f6rdert das Peeling, steigert den Zellumsatz der Haut und enth\u00fcllt neue, hellere, strahlende Haut. Am besten angewendet als Teil des Obagi Nu-Derm Fx\u00ae-Systems f\u00fcr normale bis trockene Haut. Obagi Nu-Derm\u00ae Exfoderm enth\u00e4lt Phytins\u00e4ure, eine nat\u00fcrliche Fruchts\u00e4ure, die die notwendige Exfoliation der obersten Hautschicht f\u00f6rdert. Das Peeling trennt stumpfe, abgenutzte und gesch\u00e4digte [&hellip;]<\/p>\n","protected":false},"featured_media":37906,"comment_status":"open","ping_status":"closed","template":"","meta":{"_acf_changed":false},"product_brand":[],"product_cat":[405,408,540,541,542,544,545,546,550,402,404],"product_tag":[],"class_list":{"0":"post-29457","1":"product","2":"type-product","3":"status-publish","4":"has-post-thumbnail","6":"product_cat-fahle-haut","7":"product_cat-mischhaut","8":"product_cat-nu-derm-fx-system-de","9":"product_cat-empfindliche-haut","10":"product_cat-trockene-haut","11":"product_cat-rosacea-de","12":"product_cat-dehydrierte-haut","13":"product_cat-durch-maskne-strapazierte-haut","14":"product_cat-bestseller","15":"product_cat-peeling","16":"product_cat-alternde-haut-einschlieslich-feiner-linien-und-faltchen","18":"first","19":"instock","20":"taxable","21":"shipping-taxable","22":"purchasable","23":"product-type-simple"},"acf":[],"_links":{"self":[{"href":"https:\/\/pureobagi.com\/de\/wp-json\/wp\/v2\/product\/29457","targetHints":{"allow":["GET"]}}],"collection":[{"href":"https:\/\/pureobagi.com\/de\/wp-json\/wp\/v2\/product"}],"about":[{"href":"https:\/\/pureobagi.com\/de\/wp-json\/wp\/v2\/types\/product"}],"replies":[{"embeddable":true,"href":"https:\/\/pureobagi.com\/de\/wp-json\/wp\/v2\/comments?post=29457"}],"wp:featuredmedia":[{"embeddable":true,"href":"https:\/\/pureobagi.com\/de\/wp-json\/wp\/v2\/media\/37906"}],"wp:attachment":[{"href":"https:\/\/pureobagi.com\/de\/wp-json\/wp\/v2\/media?parent=29457"}],"wp:term":[{"taxonomy":"product_brand","embeddable":true,"href":"https:\/\/pureobagi.com\/de\/wp-json\/wp\/v2\/product_brand?post=29457"},{"taxonomy":"product_cat","embeddable":true,"href":"https:\/\/pureobagi.com\/de\/wp-json\/wp\/v2\/product_cat?post=29457"},{"taxonomy":"product_tag","embeddable":true,"href":"https:\/\/pureobagi.com\/de\/wp-json\/wp\/v2\/product_tag?post=29457"}],"curies":[{"name":"wp","href":"https:\/\/api.w.org\/{rel}","templated":true}]}}