{"id":29460,"date":"2020-10-14T12:39:28","date_gmt":"2020-10-14T11:39:28","guid":{"rendered":"https:\/\/pureobagi.com\/product\/obagi-nu-derm-blend-fx\/"},"modified":"2023-05-16T16:58:37","modified_gmt":"2023-05-16T15:58:37","slug":"obagi-blend-fx","status":"publish","type":"product","link":"https:\/\/pureobagi.com\/de\/produkt\/obagi-blend-fx\/","title":{"rendered":"Obagi Nu-Derm\u00ae Blend Fx"},"content":{"rendered":"<p><strong>Obagi Nu-Derm<sup>\u00ae<\/sup> Blend Fx hautaufhellende Creme ist mit 7&nbsp;% Arbutin und Milchs\u00e4ure, AHA, formuliert, um die Haut zu exfolieren, zu kl\u00e4ren und aufzuhellen. Blend Fx ist Schritt Nr. 5 im Obagi Nu-Derm Fx<sup>\u00ae<\/sup> System f\u00fcr feine Linien und Falten, Hauterschlaffung, raue, ungleichm\u00e4\u00dfige Hauttextur und Akne bei Erwachsenen.<\/strong><\/p>\n<p>Obagi Nu-Derm<sup>\u00ae <\/sup>Blend Fx verwendet den nat\u00fcrlich vorkommenden Pflanzenextrakt Arbutin, um Anzeichen von Hyperpigmentierung zu behandeln.<\/p>\n<p>Arbutin 7&nbsp;% hellt deine Haut sanft auf und reduziert das Erscheinungsbild von Sonnenflecken, Altersflecken, Melasma und dunklen Flecken von Hautverf\u00e4rbungen, die oft durch Ausbr\u00fcche verursacht werden.<\/p>\n<p>Obagi Nu-Derm<sup>\u00ae <\/sup>Blend Fx wurde entwickelt, um sich mit Retinoiden, einschlie\u00dflich Obagi<sup>\u00ae<\/sup> Retinol&nbsp;0,5, zu vermischen und deren Aufnahme zu unterst\u00fctzen, um das Erscheinungsbild von Sonnensch\u00e4den zu verbessern, ohne Irritationen zu verursachen, und den Aufbau von Kollagen zu unterst\u00fctzen, um die Elastizit\u00e4t der Haut zu f\u00f6rdern.<\/p>\n<p>Obagi Nu-Derm<sup>\u00ae <\/sup>Blend Fx #5 ist das f\u00fcnfte Produkt im Obagi Nu-Derm Fx<sup>\u00ae<\/sup>.System, und wirkt neben den Produkten als Teil deines Abendregimes.<\/p>\n<p><em>*Sonnenbrandalarm: Dieses Produkt enth\u00e4lt eine Alpha-Hydroxys\u00e4ure (AHA), die die Empfindlichkeit deiner Haut gegen\u00fcber der Sonne und insbesondere die M\u00f6glichkeit eines Sonnenbrandes erh\u00f6hen kann. Benutze einen Sonnenschutz, trage sch\u00fctzende Kleidung und schr\u00e4nke die Sonnenexposition w\u00e4hrend der Anwendung dieses Produktes und f\u00fcr eine Woche danach ein.<\/em><\/p>\n","protected":false},"excerpt":{"rendered":"<p>Obagi Nu-Derm\u00ae Blend Fx hautaufhellende Creme ist mit 7&nbsp;% Arbutin und Milchs\u00e4ure, AHA, formuliert, um die Haut zu exfolieren, zu kl\u00e4ren und aufzuhellen. Blend Fx ist Schritt Nr. 5 im Obagi Nu-Derm Fx\u00ae System f\u00fcr feine Linien und Falten, Hauterschlaffung, raue, ungleichm\u00e4\u00dfige Hauttextur und Akne bei Erwachsenen. Obagi Nu-Derm\u00ae Blend Fx verwendet den nat\u00fcrlich vorkommenden [&hellip;]<\/p>\n","protected":false},"featured_media":38562,"comment_status":"open","ping_status":"closed","template":"","meta":{"_acf_changed":false},"product_brand":[],"product_cat":[549,408,409,540,541,542,543,544,401,545,405,547,406,548,407],"product_tag":[],"class_list":{"0":"post-29460","1":"product","2":"type-product","3":"status-publish","4":"has-post-thumbnail","6":"product_cat-hautaufheller","7":"product_cat-mischhaut","8":"product_cat-normale-haut","9":"product_cat-nu-derm-fx-system-de","10":"product_cat-empfindliche-haut","11":"product_cat-trockene-haut","12":"product_cat-reifer-hauttyp","13":"product_cat-rosacea-de","14":"product_cat-fettige-haut","15":"product_cat-dehydrierte-haut","16":"product_cat-fahle-haut","17":"product_cat-zu-akne-neigende-haut","18":"product_cat-sonnenschaden","19":"product_cat-hyperpigmentation-de","20":"product_cat-raue-haut","22":"first","23":"instock","24":"taxable","25":"shipping-taxable","26":"purchasable","27":"product-type-simple"},"acf":[],"_links":{"self":[{"href":"https:\/\/pureobagi.com\/de\/wp-json\/wp\/v2\/product\/29460","targetHints":{"allow":["GET"]}}],"collection":[{"href":"https:\/\/pureobagi.com\/de\/wp-json\/wp\/v2\/product"}],"about":[{"href":"https:\/\/pureobagi.com\/de\/wp-json\/wp\/v2\/types\/product"}],"replies":[{"embeddable":true,"href":"https:\/\/pureobagi.com\/de\/wp-json\/wp\/v2\/comments?post=29460"}],"wp:featuredmedia":[{"embeddable":true,"href":"https:\/\/pureobagi.com\/de\/wp-json\/wp\/v2\/media\/38562"}],"wp:attachment":[{"href":"https:\/\/pureobagi.com\/de\/wp-json\/wp\/v2\/media?parent=29460"}],"wp:term":[{"taxonomy":"product_brand","embeddable":true,"href":"https:\/\/pureobagi.com\/de\/wp-json\/wp\/v2\/product_brand?post=29460"},{"taxonomy":"product_cat","embeddable":true,"href":"https:\/\/pureobagi.com\/de\/wp-json\/wp\/v2\/product_cat?post=29460"},{"taxonomy":"product_tag","embeddable":true,"href":"https:\/\/pureobagi.com\/de\/wp-json\/wp\/v2\/product_tag?post=29460"}],"curies":[{"name":"wp","href":"https:\/\/api.w.org\/{rel}","templated":true}]}}