{"id":29461,"date":"2020-10-14T11:39:14","date_gmt":"2020-10-14T10:39:14","guid":{"rendered":"https:\/\/pureobagi.com\/product\/obagi-nu-derm-fx-foaming-gel\/"},"modified":"2023-01-10T12:36:23","modified_gmt":"2023-01-10T12:36:23","slug":"obagi-nu-derm-foaming-gel","status":"publish","type":"product","link":"https:\/\/pureobagi.com\/de\/produkt\/obagi-nu-derm-foaming-gel\/","title":{"rendered":"Obagi Nu-Derm\u00ae Fx Foaming Gel"},"content":{"rendered":"<p><strong>Obagi Nu-Derm<sup>\u00ae<\/sup> Fx Foaming Gel f\u00fcr normale bis fettige Haut entfernt effektiv Make-up, \u00d6lr\u00fcckst\u00e4nde und Unreinheiten, die t\u00e4glich durch die Umwelt verursacht werden. Obagi Nu-Derm<sup>\u00ae<\/sup> Fx Foaming Gel hilft dir auf dem Weg zu einer klaren, glatten und ges\u00fcnder aussehenden Haut, wenn du es als Teil des Obagi Nu-Derm Fx<sup>\u00ae<\/sup>-Systems anwendest.<\/strong><\/p>\n<p>Obagi Nu-Derm<sup>\u00ae<\/sup> besteht aus nat\u00fcrlichen Produkten wie Haferaminos\u00e4uren, Aloe Vera, Alfalfa-Extrakt und Borago Officinalis-Extrakt. Das sch\u00e4umende Gel-Reinigungsprodukt enth\u00e4lt au\u00dferdem Kamillenextrakt, um Reizungen zu reduzieren und von seinen entz\u00fcndungshemmenden Eigenschaften zu profitieren.<\/p>\n<p>Obagi Nu-Derm<sup>\u00ae <\/sup>Das Foaming Gel #1 ist ein unverzichtbarer Schritt in deinem morgendlichen und abendlichen Hautpflegeprogramm.<\/p>\n","protected":false},"excerpt":{"rendered":"<p>Obagi Nu-Derm\u00ae Fx Foaming Gel f\u00fcr normale bis fettige Haut entfernt effektiv Make-up, \u00d6lr\u00fcckst\u00e4nde und Unreinheiten, die t\u00e4glich durch die Umwelt verursacht werden. Obagi Nu-Derm\u00ae Fx Foaming Gel hilft dir auf dem Weg zu einer klaren, glatten und ges\u00fcnder aussehenden Haut, wenn du es als Teil des Obagi Nu-Derm Fx\u00ae-Systems anwendest. Obagi Nu-Derm\u00ae besteht aus [&hellip;]<\/p>\n","protected":false},"featured_media":38582,"comment_status":"open","ping_status":"closed","template":"","meta":{"_acf_changed":false},"product_brand":[],"product_cat":[398,401,405,406,407,408,409,540,547,548],"product_tag":[],"class_list":{"0":"post-29461","1":"product","2":"type-product","3":"status-publish","4":"has-post-thumbnail","6":"product_cat-cleanser","7":"product_cat-fettige-haut","8":"product_cat-fahle-haut","9":"product_cat-sonnenschaden","10":"product_cat-raue-haut","11":"product_cat-mischhaut","12":"product_cat-normale-haut","13":"product_cat-nu-derm-fx-system-de","14":"product_cat-zu-akne-neigende-haut","15":"product_cat-hyperpigmentation-de","17":"first","18":"instock","19":"taxable","20":"shipping-taxable","21":"purchasable","22":"product-type-simple"},"acf":[],"_links":{"self":[{"href":"https:\/\/pureobagi.com\/de\/wp-json\/wp\/v2\/product\/29461","targetHints":{"allow":["GET"]}}],"collection":[{"href":"https:\/\/pureobagi.com\/de\/wp-json\/wp\/v2\/product"}],"about":[{"href":"https:\/\/pureobagi.com\/de\/wp-json\/wp\/v2\/types\/product"}],"replies":[{"embeddable":true,"href":"https:\/\/pureobagi.com\/de\/wp-json\/wp\/v2\/comments?post=29461"}],"wp:featuredmedia":[{"embeddable":true,"href":"https:\/\/pureobagi.com\/de\/wp-json\/wp\/v2\/media\/38582"}],"wp:attachment":[{"href":"https:\/\/pureobagi.com\/de\/wp-json\/wp\/v2\/media?parent=29461"}],"wp:term":[{"taxonomy":"product_brand","embeddable":true,"href":"https:\/\/pureobagi.com\/de\/wp-json\/wp\/v2\/product_brand?post=29461"},{"taxonomy":"product_cat","embeddable":true,"href":"https:\/\/pureobagi.com\/de\/wp-json\/wp\/v2\/product_cat?post=29461"},{"taxonomy":"product_tag","embeddable":true,"href":"https:\/\/pureobagi.com\/de\/wp-json\/wp\/v2\/product_tag?post=29461"}],"curies":[{"name":"wp","href":"https:\/\/api.w.org\/{rel}","templated":true}]}}