{"id":29462,"date":"2020-10-14T12:34:50","date_gmt":"2020-10-14T11:34:50","guid":{"rendered":"https:\/\/pureobagi.com\/product\/obagi-nu-derm-fx-exfoderm-forte\/"},"modified":"2023-03-10T17:12:18","modified_gmt":"2023-03-10T17:12:18","slug":"obagi-nu-derm-exfoderm-forte","status":"publish","type":"product","link":"https:\/\/pureobagi.com\/de\/produkt\/obagi-nu-derm-exfoderm-forte\/","title":{"rendered":"Obagi Nu-Derm\u00ae Fx Exfoderm\u00ae Forte"},"content":{"rendered":"<p><strong>Obagi Nu-Derm<sup>\u00ae<\/sup> Fx Exfoderm<sup>\u00ae<\/sup> Forte<\/strong> f\u00f6rdert die Exfoliation, steigert den Zellumsatz der Haut und enth\u00fcllt neue, hellere, strahlende Haut. Am besten verwendet als Teil des Obagi Nu-Derm Fx<sup>\u00ae<\/sup>-Systems f\u00fcr normale bis fettige Haut.<\/p>\n<p>Obagi Nu-Derm<sup>\u00ae<\/sup> Fx Exfoderm<sup>\u00ae<\/sup> Forte exfoliert stumpfe, abgestorbene Hautzellen, um einen glatten, strahlenden Teint zu enth\u00fcllen.<\/p>\n<p>Mit den Alpha-Hydroxys\u00e4uren Glykols\u00e4ure und Milchs\u00e4ure hilft Obagi Nu-Derm<sup>\u00ae<\/sup> Exfoderm<sup>\u00ae<\/sup> Forte, dunkle Flecken, Sonnenflecken und andere Zeichen der Hautalterung zu verringern.<\/p>\n<p>Obagi Nu-Derm<sup>\u00ae<\/sup> Exfoderm<sup>\u00ae<\/sup> Forte #4 ist f\u00fcr normale bis fettige Hauttypen entwickelt worden. Es ist ein wichtiger Schritt im Obagi Nu-Derm Fx<sup>\u00ae<\/sup> System und arbeitet mit der Produktlinie des Systems zusammen, um dir zu helfen, eine klare, strahlende und gesund aussehende Haut zu bekommen.<\/p>\n","protected":false},"excerpt":{"rendered":"<p>Obagi Nu-Derm\u00ae Fx Exfoderm\u00ae Forte f\u00f6rdert die Exfoliation, steigert den Zellumsatz der Haut und enth\u00fcllt neue, hellere, strahlende Haut. Am besten verwendet als Teil des Obagi Nu-Derm Fx\u00ae-Systems f\u00fcr normale bis fettige Haut. Obagi Nu-Derm\u00ae Fx Exfoderm\u00ae Forte exfoliert stumpfe, abgestorbene Hautzellen, um einen glatten, strahlenden Teint zu enth\u00fcllen. Mit den Alpha-Hydroxys\u00e4uren Glykols\u00e4ure und Milchs\u00e4ure [&hellip;]<\/p>\n","protected":false},"featured_media":38572,"comment_status":"open","ping_status":"closed","template":"","meta":{"_acf_changed":false},"product_brand":[],"product_cat":[547,401,548,402,550,404,405,406,407,408,409,540,543],"product_tag":[],"class_list":{"0":"post-29462","1":"product","2":"type-product","3":"status-publish","4":"has-post-thumbnail","6":"product_cat-zu-akne-neigende-haut","7":"product_cat-fettige-haut","8":"product_cat-hyperpigmentation-de","9":"product_cat-peeling","10":"product_cat-bestseller","11":"product_cat-alternde-haut-einschlieslich-feiner-linien-und-faltchen","12":"product_cat-fahle-haut","13":"product_cat-sonnenschaden","14":"product_cat-raue-haut","15":"product_cat-mischhaut","16":"product_cat-normale-haut","17":"product_cat-nu-derm-fx-system-de","18":"product_cat-reifer-hauttyp","20":"first","21":"instock","22":"taxable","23":"shipping-taxable","24":"purchasable","25":"product-type-simple"},"acf":[],"_links":{"self":[{"href":"https:\/\/pureobagi.com\/de\/wp-json\/wp\/v2\/product\/29462","targetHints":{"allow":["GET"]}}],"collection":[{"href":"https:\/\/pureobagi.com\/de\/wp-json\/wp\/v2\/product"}],"about":[{"href":"https:\/\/pureobagi.com\/de\/wp-json\/wp\/v2\/types\/product"}],"replies":[{"embeddable":true,"href":"https:\/\/pureobagi.com\/de\/wp-json\/wp\/v2\/comments?post=29462"}],"wp:featuredmedia":[{"embeddable":true,"href":"https:\/\/pureobagi.com\/de\/wp-json\/wp\/v2\/media\/38572"}],"wp:attachment":[{"href":"https:\/\/pureobagi.com\/de\/wp-json\/wp\/v2\/media?parent=29462"}],"wp:term":[{"taxonomy":"product_brand","embeddable":true,"href":"https:\/\/pureobagi.com\/de\/wp-json\/wp\/v2\/product_brand?post=29462"},{"taxonomy":"product_cat","embeddable":true,"href":"https:\/\/pureobagi.com\/de\/wp-json\/wp\/v2\/product_cat?post=29462"},{"taxonomy":"product_tag","embeddable":true,"href":"https:\/\/pureobagi.com\/de\/wp-json\/wp\/v2\/product_tag?post=29462"}],"curies":[{"name":"wp","href":"https:\/\/api.w.org\/{rel}","templated":true}]}}