{"id":29466,"date":"2020-10-14T12:55:23","date_gmt":"2020-10-14T11:55:23","guid":{"rendered":"https:\/\/pureobagi.com\/product\/obagi-c-fx-c-cleansing-gel\/"},"modified":"2023-01-10T12:36:30","modified_gmt":"2023-01-10T12:36:30","slug":"obagi-c-cleansing-gel","status":"publish","type":"product","link":"https:\/\/pureobagi.com\/de\/produkt\/obagi-c-cleansing-gel\/","title":{"rendered":"Obagi-C\u00ae Fx C-Cleansing Gel"},"content":{"rendered":"<p>Obagi-C<sup>\u00ae<\/sup> Fx C-Cleansing Gel&gt; mit L-Ascorbins\u00e4ure (Vitamin&nbsp;C) entfernt effektiv Make-up, \u00d6l und Schmutz und kl\u00e4rt deine Haut. <\/p>\n<p>Verbessere deine Hautpflege mit dem Obagi-C<sup>\u00ae<\/sup> Fx C-Cleansing Gel: ein 2-in-1-Reiniger, der Vitamin&nbsp;C f\u00fcr einen jugendlichen Teint enth\u00e4lt. <\/p>\n<p>Das Obagi-C<sup>\u00ae<\/sup> Fx C-Cleansing Gel enth\u00e4lt L-Ascorbins\u00e4ure (Vitamin&nbsp;C), um die Haut zu reinigen, zu kl\u00e4ren und vorzubereiten \u2013 perfekt f\u00fcr alle, die das Erscheinungsbild der Hautalterung minimieren wollen. Vitamin&nbsp;C hat antioxidative Eigenschaften, die helfen, deine Haut vor freien Radikalen zu sch\u00fctzen, das Auftreten von feinen Linien und Falten zu reduzieren und die Produktion von neuem Kollagen zu erg\u00e4nzen. Obagi-C<sup>\u00ae<\/sup> Fx C-Cleansing Gel enth\u00e4lt au\u00dferdem Aloe Barbadensis Leaf Juice, um die Haut mit Feuchtigkeit zu versorgen und weich zu machen, um so Trockenheit zu verhindern und klebrige R\u00fcckst\u00e4nde nach der Anwendung zu vermeiden.<\/p>\n<p>Am besten als erster Schritt im Obagi-C<sup>\u00ae<\/sup> Fx-System angewendet, bereitet das Obagi-C<sup>\u00ae<\/sup> Fx C-Cleansing Gel deine Haut darauf vor, die Vorteile deiner Hautpflege-Routine aufzunehmen und verleiht dir einen leuchtenden, gleichm\u00e4\u00dfigen, strahlenden Teint.<\/p>\n<p>Wusstest du schon: L-Ascorbin, die Art von Vitamin&nbsp;C, die in den Obagi Medical Produkten verwendet wird, ist die st\u00e4rkste Form von Vitamin&nbsp;C.<\/p>\n","protected":false},"excerpt":{"rendered":"<p>Obagi-C\u00ae Fx C-Cleansing Gel&gt; mit L-Ascorbins\u00e4ure (Vitamin&nbsp;C) entfernt effektiv Make-up, \u00d6l und Schmutz und kl\u00e4rt deine Haut. Verbessere deine Hautpflege mit dem Obagi-C\u00ae Fx C-Cleansing Gel: ein 2-in-1-Reiniger, der Vitamin&nbsp;C f\u00fcr einen jugendlichen Teint enth\u00e4lt. Das Obagi-C\u00ae Fx C-Cleansing Gel enth\u00e4lt L-Ascorbins\u00e4ure (Vitamin&nbsp;C), um die Haut zu reinigen, zu kl\u00e4ren und vorzubereiten \u2013 perfekt f\u00fcr [&hellip;]<\/p>\n","protected":false},"featured_media":38632,"comment_status":"open","ping_status":"closed","template":"","meta":{"_acf_changed":false},"product_brand":[],"product_cat":[409,541,395,542,398,543,400,544,401,545,404,546,405,548,406,407,408],"product_tag":[],"class_list":{"0":"post-29466","1":"product","2":"type-product","3":"status-publish","4":"has-post-thumbnail","6":"product_cat-normale-haut","7":"product_cat-empfindliche-haut","8":"product_cat-obagi-c-fx-system-de","9":"product_cat-trockene-haut","10":"product_cat-cleanser","11":"product_cat-reifer-hauttyp","12":"product_cat-vitamin-c-de","13":"product_cat-rosacea-de","14":"product_cat-fettige-haut","15":"product_cat-dehydrierte-haut","16":"product_cat-alternde-haut-einschlieslich-feiner-linien-und-faltchen","17":"product_cat-durch-maskne-strapazierte-haut","18":"product_cat-fahle-haut","19":"product_cat-hyperpigmentation-de","20":"product_cat-sonnenschaden","21":"product_cat-raue-haut","22":"product_cat-mischhaut","24":"first","25":"instock","26":"taxable","27":"shipping-taxable","28":"purchasable","29":"product-type-simple"},"acf":[],"_links":{"self":[{"href":"https:\/\/pureobagi.com\/de\/wp-json\/wp\/v2\/product\/29466","targetHints":{"allow":["GET"]}}],"collection":[{"href":"https:\/\/pureobagi.com\/de\/wp-json\/wp\/v2\/product"}],"about":[{"href":"https:\/\/pureobagi.com\/de\/wp-json\/wp\/v2\/types\/product"}],"replies":[{"embeddable":true,"href":"https:\/\/pureobagi.com\/de\/wp-json\/wp\/v2\/comments?post=29466"}],"wp:featuredmedia":[{"embeddable":true,"href":"https:\/\/pureobagi.com\/de\/wp-json\/wp\/v2\/media\/38632"}],"wp:attachment":[{"href":"https:\/\/pureobagi.com\/de\/wp-json\/wp\/v2\/media?parent=29466"}],"wp:term":[{"taxonomy":"product_brand","embeddable":true,"href":"https:\/\/pureobagi.com\/de\/wp-json\/wp\/v2\/product_brand?post=29466"},{"taxonomy":"product_cat","embeddable":true,"href":"https:\/\/pureobagi.com\/de\/wp-json\/wp\/v2\/product_cat?post=29466"},{"taxonomy":"product_tag","embeddable":true,"href":"https:\/\/pureobagi.com\/de\/wp-json\/wp\/v2\/product_tag?post=29466"}],"curies":[{"name":"wp","href":"https:\/\/api.w.org\/{rel}","templated":true}]}}