{"id":29467,"date":"2020-10-14T14:05:39","date_gmt":"2020-10-14T13:05:39","guid":{"rendered":"https:\/\/pureobagi.com\/product\/obagi360-exfoliating-cleanser\/"},"modified":"2022-08-18T10:46:08","modified_gmt":"2022-08-18T09:46:08","slug":"obagi360-exfoliating-cleanser","status":"publish","type":"product","link":"https:\/\/pureobagi.com\/de\/produkt\/obagi360-exfoliating-cleanser\/","title":{"rendered":"OBAGI360 Exfoliating Cleanser"},"content":{"rendered":"<p><strong>Reinige und belebe deine Haut mit dem Obagi360 Exfoliating Cleanser. Mit sanften, biologisch abbaubaren Perlen in Kombination mit Papaya-Fruchtenzymen l\u00f6st und hebt OBAGI360 Exfoliating Cleanser abgestorbene Hautzellen ab, um morgens und abends einen weichen, glatten und strahlenderen Teint zu enth\u00fcllen.<\/strong><\/p>\n<p>Ideal f\u00fcr die Anwendung in den 20er und 30er Jahren. Dieses 2-in-1-Peeling ist der erste Schritt des Obagi360-Systems, das entwickelt wurde, um jugendlich aussehende Haut proaktiv zu erhalten und die Zeichen der Hautalterung zu bek\u00e4mpfen, einschlie\u00dflich Hautverf\u00e4rbungen, ungleichm\u00e4\u00dfiger Textur und feiner Linien und Falten.<\/p>\n<p>Sanft genug f\u00fcr die t\u00e4gliche Anwendung, reinigt der OBAGI360 Cleanser die Haut sanft von Schmutz, \u00d6l und Make-up, w\u00e4hrend wichtige Peeling-Wirkstoffe die abgestorbenen Hautzellen, die zu verstopften Poren f\u00fchren k\u00f6nnen, l\u00f6sen und abheben. Biologisch abbaubare Polymilchk\u00fcgelchen sorgen f\u00fcr ein mechanisches Peeling, w\u00e4hrend Linked Papain, eine innovative, stabilisierte Form des Papaya-Fruchtenzyms, die Haut chemisch auffrischt, um einen weichen, glatten und strahlenden Teint zu hinterlassen.<\/p>\n<p>Obagi360 Exfoliating Cleanser enth\u00e4lt au\u00dferdem Panthenol, um Entz\u00fcndungen zu lindern, so dass sich deine Haut morgens und abends sauber und erfrischt anf\u00fchlt.<\/p>\n<p><em>Wusstest du das?<\/em> Regelm\u00e4\u00dfiges Peeling verbessert die Aufnahme und das Eindringen zus\u00e4tzlicher Hautpflegeprodukte und hilft dir so, das Beste aus deinen Produkten herauszuholen.<\/p>\n","protected":false},"excerpt":{"rendered":"<p>Reinige und belebe deine Haut mit dem Obagi360 Exfoliating Cleanser. Mit sanften, biologisch abbaubaren Perlen in Kombination mit Papaya-Fruchtenzymen l\u00f6st und hebt OBAGI360 Exfoliating Cleanser abgestorbene Hautzellen ab, um morgens und abends einen weichen, glatten und strahlenderen Teint zu enth\u00fcllen. Ideal f\u00fcr die Anwendung in den 20er und 30er Jahren. Dieses 2-in-1-Peeling ist der erste [&hellip;]<\/p>\n","protected":false},"featured_media":8812,"comment_status":"open","ping_status":"closed","template":"","meta":{"_acf_changed":false},"product_brand":[],"product_cat":[398,547,401,548,402,551,404,405,406,407,408,409,542,543],"product_tag":[],"class_list":{"0":"post-29467","1":"product","2":"type-product","3":"status-publish","4":"has-post-thumbnail","6":"product_cat-cleanser","7":"product_cat-zu-akne-neigende-haut","8":"product_cat-fettige-haut","9":"product_cat-hyperpigmentation-de","10":"product_cat-peeling","11":"product_cat-obagi360-system-de","12":"product_cat-alternde-haut-einschlieslich-feiner-linien-und-faltchen","13":"product_cat-fahle-haut","14":"product_cat-sonnenschaden","15":"product_cat-raue-haut","16":"product_cat-mischhaut","17":"product_cat-normale-haut","18":"product_cat-trockene-haut","19":"product_cat-reifer-hauttyp","21":"first","22":"outofstock","23":"taxable","24":"shipping-taxable","25":"purchasable","26":"product-type-simple"},"acf":[],"_links":{"self":[{"href":"https:\/\/pureobagi.com\/de\/wp-json\/wp\/v2\/product\/29467","targetHints":{"allow":["GET"]}}],"collection":[{"href":"https:\/\/pureobagi.com\/de\/wp-json\/wp\/v2\/product"}],"about":[{"href":"https:\/\/pureobagi.com\/de\/wp-json\/wp\/v2\/types\/product"}],"replies":[{"embeddable":true,"href":"https:\/\/pureobagi.com\/de\/wp-json\/wp\/v2\/comments?post=29467"}],"wp:featuredmedia":[{"embeddable":true,"href":"https:\/\/pureobagi.com\/de\/wp-json\/wp\/v2\/media\/8812"}],"wp:attachment":[{"href":"https:\/\/pureobagi.com\/de\/wp-json\/wp\/v2\/media?parent=29467"}],"wp:term":[{"taxonomy":"product_brand","embeddable":true,"href":"https:\/\/pureobagi.com\/de\/wp-json\/wp\/v2\/product_brand?post=29467"},{"taxonomy":"product_cat","embeddable":true,"href":"https:\/\/pureobagi.com\/de\/wp-json\/wp\/v2\/product_cat?post=29467"},{"taxonomy":"product_tag","embeddable":true,"href":"https:\/\/pureobagi.com\/de\/wp-json\/wp\/v2\/product_tag?post=29467"}],"curies":[{"name":"wp","href":"https:\/\/api.w.org\/{rel}","templated":true}]}}