{"id":29468,"date":"2020-10-14T15:51:41","date_gmt":"2020-10-14T14:51:41","guid":{"rendered":"https:\/\/pureobagi.com\/product\/obagi-clenziderm-daily-care-foaming-cleanser\/"},"modified":"2023-05-15T01:26:41","modified_gmt":"2023-05-15T00:26:41","slug":"clenziderm-daily-care-foaming-cleanser","status":"publish","type":"product","link":"https:\/\/pureobagi.com\/de\/produkt\/clenziderm-daily-care-foaming-cleanser\/","title":{"rendered":"Obagi CLENZIderm Daily Care Foaming Cleanser"},"content":{"rendered":"<p><strong>Obagi CLENZIderm M.D.\u00ae Daily Care Foaming Cleanser mit 2&nbsp;% Salicyls\u00e4ure kl\u00e4rt effektiv verstopfte Poren und reduziert so die Wahrscheinlichkeit, dass sich Pickel oder L\u00e4sionen bilden.<\/strong><\/p>\n<p>Obagi CLENZIderm M.D.\u00ae Daily Care Foaming Cleanser ist ein leichter, sch\u00e4umender Reiniger mit 2&nbsp;% Salicyls\u00e4ure, um die Poren zu \u00f6ffnen und abgestorbene Hautzellen abzuwaschen.<\/p>\n<p>Salicyls\u00e4ure l\u00f6st effektiv die abgestorbenen Hautzellen und \u00d6le auf, die die Poren verstopfen und Akneanzeichen, wie Mitesser und Pickel, verursachen k\u00f6nnen.<\/p>\n<p>Der Obagi CLENZIderm M.D.\u00ae Daily Care Foaming Cleanser ist sanft genug, um ihn morgens und abends zu verwenden. Er reinigt und erfrischt deine Haut, ohne sie auszutrocknen und ohne dass sie spannt oder schuppt. Mit Menthol, um irritierte Haut zu k\u00fchlen.<\/p>\n<p><em>Wusstest du schon:<\/em> Salicyls\u00e4ure wirkt, indem sie tief in die Poren eindringt, um zu verhindern, dass die Haarfollikel verstopfen, und sie verbessert die Aufnahme und das Eindringen der folgenden Hauptinhaltsstoffe.<\/p>\n","protected":false},"excerpt":{"rendered":"<p>Obagi CLENZIderm M.D.\u00ae Daily Care Foaming Cleanser mit 2&nbsp;% Salicyls\u00e4ure kl\u00e4rt effektiv verstopfte Poren und reduziert so die Wahrscheinlichkeit, dass sich Pickel oder L\u00e4sionen bilden. Obagi CLENZIderm M.D.\u00ae Daily Care Foaming Cleanser ist ein leichter, sch\u00e4umender Reiniger mit 2&nbsp;% Salicyls\u00e4ure, um die Poren zu \u00f6ffnen und abgestorbene Hautzellen abzuwaschen. Salicyls\u00e4ure l\u00f6st effektiv die abgestorbenen Hautzellen [&hellip;]<\/p>\n","protected":false},"featured_media":38557,"comment_status":"open","ping_status":"closed","template":"","meta":{"_acf_changed":false},"product_brand":[],"product_cat":[546,547,548,550,554,398,401,408],"product_tag":[],"class_list":{"0":"post-29468","1":"product","2":"type-product","3":"status-publish","4":"has-post-thumbnail","6":"product_cat-durch-maskne-strapazierte-haut","7":"product_cat-zu-akne-neigende-haut","8":"product_cat-hyperpigmentation-de","9":"product_cat-bestseller","10":"product_cat-clenziderm-m-d-de","11":"product_cat-cleanser","12":"product_cat-fettige-haut","13":"product_cat-mischhaut","15":"first","16":"instock","17":"taxable","18":"shipping-taxable","19":"purchasable","20":"product-type-simple"},"acf":[],"_links":{"self":[{"href":"https:\/\/pureobagi.com\/de\/wp-json\/wp\/v2\/product\/29468","targetHints":{"allow":["GET"]}}],"collection":[{"href":"https:\/\/pureobagi.com\/de\/wp-json\/wp\/v2\/product"}],"about":[{"href":"https:\/\/pureobagi.com\/de\/wp-json\/wp\/v2\/types\/product"}],"replies":[{"embeddable":true,"href":"https:\/\/pureobagi.com\/de\/wp-json\/wp\/v2\/comments?post=29468"}],"wp:featuredmedia":[{"embeddable":true,"href":"https:\/\/pureobagi.com\/de\/wp-json\/wp\/v2\/media\/38557"}],"wp:attachment":[{"href":"https:\/\/pureobagi.com\/de\/wp-json\/wp\/v2\/media?parent=29468"}],"wp:term":[{"taxonomy":"product_brand","embeddable":true,"href":"https:\/\/pureobagi.com\/de\/wp-json\/wp\/v2\/product_brand?post=29468"},{"taxonomy":"product_cat","embeddable":true,"href":"https:\/\/pureobagi.com\/de\/wp-json\/wp\/v2\/product_cat?post=29468"},{"taxonomy":"product_tag","embeddable":true,"href":"https:\/\/pureobagi.com\/de\/wp-json\/wp\/v2\/product_tag?post=29468"}],"curies":[{"name":"wp","href":"https:\/\/api.w.org\/{rel}","templated":true}]}}