{"id":29469,"date":"2020-10-14T16:23:21","date_gmt":"2020-10-14T15:23:21","guid":{"rendered":"https:\/\/pureobagi.com\/product\/obagi-professional-c-serum-15\/"},"modified":"2025-06-27T14:46:17","modified_gmt":"2025-06-27T13:46:17","slug":"obagi-professional-c-serum-15","status":"publish","type":"product","link":"https:\/\/pureobagi.com\/de\/produkt\/obagi-professional-c-serum-15\/","title":{"rendered":"Obagi Professional-C\u00ae Serum 15%"},"content":{"rendered":"<p><strong>Obagi Professional-C<sup>\u00ae<\/sup> Serum 15\u00a0% bietet starken antioxidativen Schutz und sofortige Ausstrahlung. F\u00fcr die meisten Hauttypen geeignet.<\/strong><\/p>\n<p>Obagi Professional-C<sup>\u00ae<\/sup> Serum 15\u00a0% ist ein luxuri\u00f6ses und intensives Vitamin\u00a0C Serum, das entwickelt wurde, um sofort einzuziehen und hervorragende Ergebnisse zu liefern. F\u00fcr die meisten Hauttypen geeignet.<\/p>\n<p>Obagi Professional-C<sup>\u00ae<\/sup> Serum 15\u00a0% enth\u00e4lt 15\u00a0% L-Ascorbins\u00e4ure \u2013 die st\u00e4rkste Form von Vitamin\u00a0C \u2013 und hilft, deine Haut zu beruhigen und aufzuhellen, w\u00e4hrend es Feuchtigkeit speichert und dir einen sofortigen Glow verleiht.<\/p>\n<p>In Kombination mit einem kompletten Obagi Hautpflegesystem kann das Obagi Professional-C<sup>\u00ae<\/sup> Serum 15\u00a0% helfen, Feuchtigkeit zu bewahren und Entz\u00fcndungen zu reduzieren.<\/p>\n<p>Wusstest du schon: Das Hinzuf\u00fcgen von Vitamin\u00a0C zu deinem Hautpflegeprogramm hat viele Vorteile f\u00fcr deine Haut. Vitamin\u00a0C regt die Produktion von neuem Kollagen an, reduziert feine Linien und F\u00e4ltchen und sch\u00fctzt deine Haut vor sch\u00e4dlichen freien Radikalen und UV-Strahlung.<\/p>\n<p><em>*Begrenzter Vorrat verf\u00fcgbar.<\/em><\/p>\n","protected":false},"excerpt":{"rendered":"<p>Obagi Professional-C\u00ae Serum 15\u00a0% bietet starken antioxidativen Schutz und sofortige Ausstrahlung. F\u00fcr die meisten Hauttypen geeignet. Obagi Professional-C\u00ae Serum 15\u00a0% ist ein luxuri\u00f6ses und intensives Vitamin\u00a0C Serum, das entwickelt wurde, um sofort einzuziehen und hervorragende Ergebnisse zu liefern. F\u00fcr die meisten Hauttypen geeignet. Obagi Professional-C\u00ae Serum 15\u00a0% enth\u00e4lt 15\u00a0% L-Ascorbins\u00e4ure \u2013 die st\u00e4rkste Form von [&hellip;]<\/p>\n","protected":false},"featured_media":36231,"comment_status":"open","ping_status":"closed","template":"","meta":{"_acf_changed":false},"product_brand":[],"product_cat":[409,542,543,545,548,397,400,404,405,406,408],"product_tag":[],"class_list":{"0":"post-29469","1":"product","2":"type-product","3":"status-publish","4":"has-post-thumbnail","6":"product_cat-normale-haut","7":"product_cat-trockene-haut","8":"product_cat-reifer-hauttyp","9":"product_cat-dehydrierte-haut","10":"product_cat-hyperpigmentation-de","11":"product_cat-professional-c-portfolio-de","12":"product_cat-vitamin-c-de","13":"product_cat-alternde-haut-einschlieslich-feiner-linien-und-faltchen","14":"product_cat-fahle-haut","15":"product_cat-sonnenschaden","16":"product_cat-mischhaut","18":"first","19":"instock","20":"taxable","21":"shipping-taxable","22":"purchasable","23":"product-type-simple"},"acf":[],"_links":{"self":[{"href":"https:\/\/pureobagi.com\/de\/wp-json\/wp\/v2\/product\/29469","targetHints":{"allow":["GET"]}}],"collection":[{"href":"https:\/\/pureobagi.com\/de\/wp-json\/wp\/v2\/product"}],"about":[{"href":"https:\/\/pureobagi.com\/de\/wp-json\/wp\/v2\/types\/product"}],"replies":[{"embeddable":true,"href":"https:\/\/pureobagi.com\/de\/wp-json\/wp\/v2\/comments?post=29469"}],"wp:featuredmedia":[{"embeddable":true,"href":"https:\/\/pureobagi.com\/de\/wp-json\/wp\/v2\/media\/36231"}],"wp:attachment":[{"href":"https:\/\/pureobagi.com\/de\/wp-json\/wp\/v2\/media?parent=29469"}],"wp:term":[{"taxonomy":"product_brand","embeddable":true,"href":"https:\/\/pureobagi.com\/de\/wp-json\/wp\/v2\/product_brand?post=29469"},{"taxonomy":"product_cat","embeddable":true,"href":"https:\/\/pureobagi.com\/de\/wp-json\/wp\/v2\/product_cat?post=29469"},{"taxonomy":"product_tag","embeddable":true,"href":"https:\/\/pureobagi.com\/de\/wp-json\/wp\/v2\/product_tag?post=29469"}],"curies":[{"name":"wp","href":"https:\/\/api.w.org\/{rel}","templated":true}]}}