{"id":29470,"date":"2020-10-14T20:01:08","date_gmt":"2020-10-14T19:01:08","guid":{"rendered":"https:\/\/pureobagi.com\/product\/obagi-hydrate-luxe\/"},"modified":"2023-04-05T18:23:41","modified_gmt":"2023-04-05T17:23:41","slug":"obagi-hydrate-luxe","status":"publish","type":"product","link":"https:\/\/pureobagi.com\/de\/produkt\/obagi-hydrate-luxe\/","title":{"rendered":"Obagi Hydrate Luxe\u00ae"},"content":{"rendered":"<p><strong>Obagi Hydrate Luxe\u00ae<\/strong> bietet ultra-reichhaltige Feuchtigkeitspflege f\u00fcr die Nacht in einer luxuri\u00f6sen, balsamartigen Textur. Mit biomimetischen Peptiden zur St\u00e4rkung der Hautbarrierefunktion und der Hydromanil-Technologie f\u00fcr sofortige und kontinuierliche Feuchtigkeitszufuhr, klinisch erwiesen f\u00fcr bis zu 8&nbsp;Stunden.<\/p>\n<p>F\u00fcr die ultimative Feuchtigkeitszufuhr w\u00e4hrend du schl\u00e4fst, probiere Obagi Hydrate Luxe\u00ae.<\/p>\n<p>Obagi Hydrate Luxe\u00ae ist eine ultra-reichhaltige, luxuri\u00f6se Feuchtigkeitscreme f\u00fcr das Gesicht. Sie enth\u00e4lt die Hydromanil-Technologie, die f\u00fcr sofortige Feuchtigkeitszufuhr sorgt und klinisch erwiesenerma\u00dfen bis zu 8&nbsp;Stunden lang Feuchtigkeit speichert.<\/p>\n<p>Sheabutter, Mangobutter und Avocado-\u00d6l spenden tiefgehende Feuchtigkeit, bek\u00e4mpfen Trockenheit und helfen, deine Haut weich und strahlend aussehen zu lassen. Enth\u00e4lt au\u00dferdem wichtige biomimetische Peptide, die die Zeichen der Hautalterung reduzieren.<\/p>\n","protected":false},"excerpt":{"rendered":"<p>Obagi Hydrate Luxe\u00ae bietet ultra-reichhaltige Feuchtigkeitspflege f\u00fcr die Nacht in einer luxuri\u00f6sen, balsamartigen Textur. Mit biomimetischen Peptiden zur St\u00e4rkung der Hautbarrierefunktion und der Hydromanil-Technologie f\u00fcr sofortige und kontinuierliche Feuchtigkeitszufuhr, klinisch erwiesen f\u00fcr bis zu 8&nbsp;Stunden. F\u00fcr die ultimative Feuchtigkeitszufuhr w\u00e4hrend du schl\u00e4fst, probiere Obagi Hydrate Luxe\u00ae. Obagi Hydrate Luxe\u00ae ist eine ultra-reichhaltige, luxuri\u00f6se Feuchtigkeitscreme f\u00fcr [&hellip;]<\/p>\n","protected":false},"featured_media":36817,"comment_status":"open","ping_status":"closed","template":"","meta":{"_acf_changed":false},"product_brand":[],"product_cat":[404,407,540,541,542,543,545,550,396,399],"product_tag":[],"class_list":{"0":"post-29470","1":"product","2":"type-product","3":"status-publish","4":"has-post-thumbnail","6":"product_cat-alternde-haut-einschlieslich-feiner-linien-und-faltchen","7":"product_cat-raue-haut","8":"product_cat-nu-derm-fx-system-de","9":"product_cat-empfindliche-haut","10":"product_cat-trockene-haut","11":"product_cat-reifer-hauttyp","12":"product_cat-dehydrierte-haut","13":"product_cat-bestseller","14":"product_cat-hydrators-de","15":"product_cat-feuchtigkeitsspender-und-hydratoren","17":"first","18":"instock","19":"taxable","20":"shipping-taxable","21":"purchasable","22":"product-type-simple"},"acf":[],"_links":{"self":[{"href":"https:\/\/pureobagi.com\/de\/wp-json\/wp\/v2\/product\/29470","targetHints":{"allow":["GET"]}}],"collection":[{"href":"https:\/\/pureobagi.com\/de\/wp-json\/wp\/v2\/product"}],"about":[{"href":"https:\/\/pureobagi.com\/de\/wp-json\/wp\/v2\/types\/product"}],"replies":[{"embeddable":true,"href":"https:\/\/pureobagi.com\/de\/wp-json\/wp\/v2\/comments?post=29470"}],"wp:featuredmedia":[{"embeddable":true,"href":"https:\/\/pureobagi.com\/de\/wp-json\/wp\/v2\/media\/36817"}],"wp:attachment":[{"href":"https:\/\/pureobagi.com\/de\/wp-json\/wp\/v2\/media?parent=29470"}],"wp:term":[{"taxonomy":"product_brand","embeddable":true,"href":"https:\/\/pureobagi.com\/de\/wp-json\/wp\/v2\/product_brand?post=29470"},{"taxonomy":"product_cat","embeddable":true,"href":"https:\/\/pureobagi.com\/de\/wp-json\/wp\/v2\/product_cat?post=29470"},{"taxonomy":"product_tag","embeddable":true,"href":"https:\/\/pureobagi.com\/de\/wp-json\/wp\/v2\/product_tag?post=29470"}],"curies":[{"name":"wp","href":"https:\/\/api.w.org\/{rel}","templated":true}]}}