{"id":29476,"date":"2020-10-14T12:58:21","date_gmt":"2020-10-14T11:58:21","guid":{"rendered":"https:\/\/pureobagi.com\/product\/obagi-c-fx-c-balancing-toner\/"},"modified":"2023-01-10T12:36:28","modified_gmt":"2023-01-10T12:36:28","slug":"obagi-c-balancing-toner","status":"publish","type":"product","link":"https:\/\/pureobagi.com\/de\/produkt\/obagi-c-balancing-toner\/","title":{"rendered":"Obagi-C\u00ae Fx C-Balancing Toner"},"content":{"rendered":"<p>Obagi-C<sup>\u00ae<\/sup> Fx C-Balancing Toner wurde entwickelt, um die Haut aufzuhellen und den pH-Wert von normaler bis fettiger Haut auszugleichen.<\/p>\n<p>Der Obagi-C<sup>\u00ae<\/sup> Fx C-Balancing Toner wurde f\u00fcr normale bis fettige Haut entwickelt und ist alkoholfrei und nicht austrocknend. Mit Hamamelis, was daf\u00fcr bekannt ist, die Poren zu verkleinern und entz\u00fcndungshemmende Eigenschaften zu besitzen, sowie Aloe, was die Haut beruhigt und mit Feuchtigkeit versorgt und sicherstellt, dass Irritationen und Spannungsgef\u00fchle der Vergangenheit angeh\u00f6ren!<\/p>\n<p>Der Obagi-C<sup>\u00ae<\/sup> Fx C-Balancing Toner ist ein wesentlicher Schritt in deiner Hautpflegeroutine. Fx C-Balancing Toner bereitet die Haut auf den n\u00e4chsten Schritt im Obagi-C<sup>\u00ae<\/sup> Fx System vor, indem es nach der Reinigung verbliebene Schmutzspuren entfernt und \u00d6lbildung verhindert, ohne der Haut etwas zu entziehen. Morgens und abends anwenden f\u00fcr eine klarere, strahlendere und gesund aussehende Haut.<\/p>\n","protected":false},"excerpt":{"rendered":"<p>Obagi-C\u00ae Fx C-Balancing Toner wurde entwickelt, um die Haut aufzuhellen und den pH-Wert von normaler bis fettiger Haut auszugleichen. Der Obagi-C\u00ae Fx C-Balancing Toner wurde f\u00fcr normale bis fettige Haut entwickelt und ist alkoholfrei und nicht austrocknend. Mit Hamamelis, was daf\u00fcr bekannt ist, die Poren zu verkleinern und entz\u00fcndungshemmende Eigenschaften zu besitzen, sowie Aloe, was [&hellip;]<\/p>\n","protected":false},"featured_media":8876,"comment_status":"open","ping_status":"closed","template":"","meta":{"_acf_changed":false},"product_brand":[],"product_cat":[408,409,541,542,395,543,400,544,401,545,403,547,404,548,405,406],"product_tag":[],"class_list":{"0":"post-29476","1":"product","2":"type-product","3":"status-publish","4":"has-post-thumbnail","6":"product_cat-mischhaut","7":"product_cat-normale-haut","8":"product_cat-empfindliche-haut","9":"product_cat-trockene-haut","10":"product_cat-obagi-c-fx-system-de","11":"product_cat-reifer-hauttyp","12":"product_cat-vitamin-c-de","13":"product_cat-rosacea-de","14":"product_cat-fettige-haut","15":"product_cat-dehydrierte-haut","16":"product_cat-toner","17":"product_cat-zu-akne-neigende-haut","18":"product_cat-alternde-haut-einschlieslich-feiner-linien-und-faltchen","19":"product_cat-hyperpigmentation-de","20":"product_cat-fahle-haut","21":"product_cat-sonnenschaden","23":"first","24":"instock","25":"taxable","26":"shipping-taxable","27":"purchasable","28":"product-type-simple"},"acf":[],"_links":{"self":[{"href":"https:\/\/pureobagi.com\/de\/wp-json\/wp\/v2\/product\/29476","targetHints":{"allow":["GET"]}}],"collection":[{"href":"https:\/\/pureobagi.com\/de\/wp-json\/wp\/v2\/product"}],"about":[{"href":"https:\/\/pureobagi.com\/de\/wp-json\/wp\/v2\/types\/product"}],"replies":[{"embeddable":true,"href":"https:\/\/pureobagi.com\/de\/wp-json\/wp\/v2\/comments?post=29476"}],"wp:featuredmedia":[{"embeddable":true,"href":"https:\/\/pureobagi.com\/de\/wp-json\/wp\/v2\/media\/8876"}],"wp:attachment":[{"href":"https:\/\/pureobagi.com\/de\/wp-json\/wp\/v2\/media?parent=29476"}],"wp:term":[{"taxonomy":"product_brand","embeddable":true,"href":"https:\/\/pureobagi.com\/de\/wp-json\/wp\/v2\/product_brand?post=29476"},{"taxonomy":"product_cat","embeddable":true,"href":"https:\/\/pureobagi.com\/de\/wp-json\/wp\/v2\/product_cat?post=29476"},{"taxonomy":"product_tag","embeddable":true,"href":"https:\/\/pureobagi.com\/de\/wp-json\/wp\/v2\/product_tag?post=29476"}],"curies":[{"name":"wp","href":"https:\/\/api.w.org\/{rel}","templated":true}]}}