{"id":29477,"date":"2020-10-14T14:14:29","date_gmt":"2020-10-14T13:14:29","guid":{"rendered":"https:\/\/pureobagi.com\/product\/obagi360-retinol-0-5\/"},"modified":"2026-03-25T16:53:04","modified_gmt":"2026-03-25T16:53:04","slug":"obagi360-retinol-0-5","status":"publish","type":"product","link":"https:\/\/pureobagi.com\/de\/produkt\/obagi360-retinol-0-5\/","title":{"rendered":"Obagi360\u00ae Retinol 0.5"},"content":{"rendered":"<p><strong>OBAGI360\u00ae Retinol&nbsp;0.5<\/strong> ist eine Low-Level-Retinol-Creme, die hilft, deinen Teint zu verbessern und Unebenheiten zu gl\u00e4tten, um klarer aussehende Haut mit minimalen Irritationen zu enth\u00fcllen. OBAGI360\u00ae Retinol&nbsp;0.5 wird allm\u00e4hlich in die Haut freigesetzt, um Irritationen zu minimieren.<\/p>\n<p>OBAGI360\u00ae Retinol&nbsp;0.5 reduziert effektiv das Erscheinungsbild der Hautalterung und beugt zuk\u00fcnftigen Hautsch\u00e4den vor. Die Verwendung des Retinols als Teil des OBAGI360\u00ae-Systems offenbart eine klarere, jugendlicher aussehende Haut.<\/p>\n<p>OBAGI360\u00ae Retinol&nbsp;0.5 wirkt durch die allm\u00e4hliche Freisetzung von eingeschlossenem Retinol in die Haut f\u00fcr minimale Irritationen. Retinol, das auch als Vitamin&nbsp;A bekannt ist, ist ein Retinoid. Retinol hilft, den Zellumsatz der Haut anzukurbeln und minimiert das Auftreten von ungleichm\u00e4\u00dfiger Hauttextur, dunklen Flecken oder Hyperpigmentierung sowie feinen Linien und Falten f\u00fcr eine klarere, gesund aussehende Haut.<\/p>\n<p>Die Retinol-Creme enth\u00e4lt au\u00dferdem Sheabutter und Kamillenextrakt, um Entz\u00fcndungen zu bek\u00e4mpfen, die Haut zu beruhigen und mit Feuchtigkeit zu versorgen sowie R\u00f6tungen und Schuppenbildung zu reduzieren. Am besten jeden Abend nach dem OBAGI360\u00ae Exfoliation Cleanser anwenden.<\/p>\n<p><em>Wusstest du schon:<\/em> Retinol gilt als einer der effektivsten Anti-Aging-Wirkstoffe in der Hautpflege! Mit zunehmendem Alter verlangsamt sich der nat\u00fcrliche Zellwechselprozess unseres K\u00f6rpers, aber Retinol kurbelt diesen Prozess an und hilft deiner Haut, glatt, gesund und gesch\u00fctzt zu bleiben.<\/p>\n","protected":false},"excerpt":{"rendered":"<p>OBAGI360\u00ae Retinol&nbsp;0.5 ist eine Low-Level-Retinol-Creme, die hilft, deinen Teint zu verbessern und Unebenheiten zu gl\u00e4tten, um klarer aussehende Haut mit minimalen Irritationen zu enth\u00fcllen. OBAGI360\u00ae Retinol&nbsp;0.5 wird allm\u00e4hlich in die Haut freigesetzt, um Irritationen zu minimieren. OBAGI360\u00ae Retinol&nbsp;0.5 reduziert effektiv das Erscheinungsbild der Hautalterung und beugt zuk\u00fcnftigen Hautsch\u00e4den vor. Die Verwendung des Retinols als Teil [&hellip;]<\/p>\n","protected":false},"featured_media":34501,"comment_status":"open","ping_status":"closed","template":"","meta":{"_acf_changed":false},"product_brand":[],"product_cat":[409,541,542,543,544,401,545,404,547,405,550,406,551,407,553,408],"product_tag":[],"class_list":{"0":"post-29477","1":"product","2":"type-product","3":"status-publish","4":"has-post-thumbnail","6":"product_cat-normale-haut","7":"product_cat-empfindliche-haut","8":"product_cat-trockene-haut","9":"product_cat-reifer-hauttyp","10":"product_cat-rosacea-de","11":"product_cat-fettige-haut","12":"product_cat-dehydrierte-haut","13":"product_cat-alternde-haut-einschlieslich-feiner-linien-und-faltchen","14":"product_cat-zu-akne-neigende-haut","15":"product_cat-fahle-haut","16":"product_cat-bestseller","17":"product_cat-sonnenschaden","18":"product_cat-obagi360-system-de","19":"product_cat-raue-haut","20":"product_cat-retinoide","21":"product_cat-mischhaut","23":"first","24":"instock","25":"taxable","26":"shipping-taxable","27":"purchasable","28":"product-type-simple"},"acf":[],"_links":{"self":[{"href":"https:\/\/pureobagi.com\/de\/wp-json\/wp\/v2\/product\/29477","targetHints":{"allow":["GET"]}}],"collection":[{"href":"https:\/\/pureobagi.com\/de\/wp-json\/wp\/v2\/product"}],"about":[{"href":"https:\/\/pureobagi.com\/de\/wp-json\/wp\/v2\/types\/product"}],"replies":[{"embeddable":true,"href":"https:\/\/pureobagi.com\/de\/wp-json\/wp\/v2\/comments?post=29477"}],"wp:featuredmedia":[{"embeddable":true,"href":"https:\/\/pureobagi.com\/de\/wp-json\/wp\/v2\/media\/34501"}],"wp:attachment":[{"href":"https:\/\/pureobagi.com\/de\/wp-json\/wp\/v2\/media?parent=29477"}],"wp:term":[{"taxonomy":"product_brand","embeddable":true,"href":"https:\/\/pureobagi.com\/de\/wp-json\/wp\/v2\/product_brand?post=29477"},{"taxonomy":"product_cat","embeddable":true,"href":"https:\/\/pureobagi.com\/de\/wp-json\/wp\/v2\/product_cat?post=29477"},{"taxonomy":"product_tag","embeddable":true,"href":"https:\/\/pureobagi.com\/de\/wp-json\/wp\/v2\/product_tag?post=29477"}],"curies":[{"name":"wp","href":"https:\/\/api.w.org\/{rel}","templated":true}]}}