{"id":29478,"date":"2020-10-14T15:56:48","date_gmt":"2020-10-14T14:56:48","guid":{"rendered":"https:\/\/pureobagi.com\/product\/obagi-elastiderm-eye-cream\/"},"modified":"2025-01-09T10:45:11","modified_gmt":"2025-01-09T10:45:11","slug":"obagi-elastiderm-eye-cream","status":"publish","type":"product","link":"https:\/\/pureobagi.com\/de\/produkt\/obagi-elastiderm-eye-cream\/","title":{"rendered":"Obagi ELASTIderm\u00ae Eye Cream"},"content":{"rendered":"<p><strong>Obagi ELASTIderm\u00ae Eye Cream<\/strong> wurde speziell entwickelt, um feine Linien und Falten zu reduzieren und die Haut um die empfindliche Augenpartie in nur zwei Wochen elastischer aussehen zu lassen. <\/p>\n<p>Kr\u00e4henf\u00fc\u00dfe \u2013 die feinen Linien und Falten um die d\u00fcnne, zarte Haut um die Augen \u2013 sind einer der ersten Bereiche, die sich im Alter sichtbar bemerkbar machen. Dies wird durch den Abbau von Kollagen und Elastin um die Augen herum verursacht, wenn wir altern.<\/p>\n<p>Leider reicht es nicht aus, die Haut mit einer Elastincreme einzucremen, um diesen nat\u00fcrlichen Elastinverlust zu bek\u00e4mpfen. Elastin muss gebildet, umgewandelt und organisiert werden, damit die Haut davon profitieren kann.<\/p>\n<p>Die Obagi ELASTIderm\u00ae Augencreme nutzt die patentierte Bi-Mineral Contour Complex\u2122, eine fortschrittliche Wirkstofftechnologie, um alternde Augen wiederherzustellen, schlaffe Haut zu straffen und deinen Augen in nur zwei Wochen ihre Spannkraft zur\u00fcckzugeben.<\/p>\n<p>Bi-Mineral Contour Complex\u2122 kombiniert zwei Mineralien \u2013 Zink und Kupfer \u2013 mit Malonat. Der Bi-Mineral Contour Complex\u2122 wurde speziell entwickelt, um die drei notwendigen Phasen der Entwicklung von gesundem Elastin zu unterst\u00fctzen: Erzeugen, Umwandeln und Organisieren.<\/p>\n","protected":false},"excerpt":{"rendered":"<p>Obagi ELASTIderm\u00ae Eye Cream wurde speziell entwickelt, um feine Linien und Falten zu reduzieren und die Haut um die empfindliche Augenpartie in nur zwei Wochen elastischer aussehen zu lassen. Kr\u00e4henf\u00fc\u00dfe \u2013 die feinen Linien und Falten um die d\u00fcnne, zarte Haut um die Augen \u2013 sind einer der ersten Bereiche, die sich im Alter sichtbar [&hellip;]<\/p>\n","protected":false},"featured_media":46769,"comment_status":"open","ping_status":"closed","template":"","meta":{"_acf_changed":false},"product_brand":[],"product_cat":[547,405,548,406,550,407,555,408,556,409,541,542,543,544,401,545,404],"product_tag":[],"class_list":{"0":"post-29478","1":"product","2":"type-product","3":"status-publish","4":"has-post-thumbnail","6":"product_cat-zu-akne-neigende-haut","7":"product_cat-fahle-haut","8":"product_cat-hyperpigmentation-de","9":"product_cat-sonnenschaden","10":"product_cat-bestseller","11":"product_cat-raue-haut","12":"product_cat-elastiderm-collection-de","13":"product_cat-mischhaut","14":"product_cat-augenbehandlungen","15":"product_cat-normale-haut","16":"product_cat-empfindliche-haut","17":"product_cat-trockene-haut","18":"product_cat-reifer-hauttyp","19":"product_cat-rosacea-de","20":"product_cat-fettige-haut","21":"product_cat-dehydrierte-haut","22":"product_cat-alternde-haut-einschlieslich-feiner-linien-und-faltchen","24":"first","25":"instock","26":"taxable","27":"shipping-taxable","28":"purchasable","29":"product-type-simple"},"acf":[],"_links":{"self":[{"href":"https:\/\/pureobagi.com\/de\/wp-json\/wp\/v2\/product\/29478","targetHints":{"allow":["GET"]}}],"collection":[{"href":"https:\/\/pureobagi.com\/de\/wp-json\/wp\/v2\/product"}],"about":[{"href":"https:\/\/pureobagi.com\/de\/wp-json\/wp\/v2\/types\/product"}],"replies":[{"embeddable":true,"href":"https:\/\/pureobagi.com\/de\/wp-json\/wp\/v2\/comments?post=29478"}],"wp:featuredmedia":[{"embeddable":true,"href":"https:\/\/pureobagi.com\/de\/wp-json\/wp\/v2\/media\/46769"}],"wp:attachment":[{"href":"https:\/\/pureobagi.com\/de\/wp-json\/wp\/v2\/media?parent=29478"}],"wp:term":[{"taxonomy":"product_brand","embeddable":true,"href":"https:\/\/pureobagi.com\/de\/wp-json\/wp\/v2\/product_brand?post=29478"},{"taxonomy":"product_cat","embeddable":true,"href":"https:\/\/pureobagi.com\/de\/wp-json\/wp\/v2\/product_cat?post=29478"},{"taxonomy":"product_tag","embeddable":true,"href":"https:\/\/pureobagi.com\/de\/wp-json\/wp\/v2\/product_tag?post=29478"}],"curies":[{"name":"wp","href":"https:\/\/api.w.org\/{rel}","templated":true}]}}