{"id":29480,"date":"2020-10-14T20:04:37","date_gmt":"2020-10-14T19:04:37","guid":{"rendered":"https:\/\/pureobagi.com\/product\/obagi-sun-shield-matte-broad-spectrum-spf-50\/"},"modified":"2025-06-05T10:21:16","modified_gmt":"2025-06-05T09:21:16","slug":"obagi-sun-shield-matte-spf50","status":"publish","type":"product","link":"https:\/\/pureobagi.com\/de\/produkt\/obagi-sun-shield-matte-spf50\/","title":{"rendered":"Obagi Sun Shield Matte\u2122 Broad Spectrum SPF 50"},"content":{"rendered":"<p><strong>Obagi Sun Shield Matte\u2122 Broad Spectrum SPF&nbsp;50<\/strong> bietet Breitspektrum-Schutz sowohl vor UVA- als auch vor UVB-Strahlen in einem schieren, matten Finish, um den Glanz zu reduzieren sowie Sonnenschutzfaktor&nbsp;50 durch chemische und physikalische Inhaltsstoffe. Zinkoxid lenkt die UV-Strahlen ab, w\u00e4hrend Homosalate und Ostisalate die Strahlung absorbieren und abgeben.<\/p>\n<p>SPF&nbsp;50 wird von der Skin Cancer Foundation f\u00fcr die t\u00e4gliche Anwendung empfohlen, um deine Haut vor der t\u00e4glichen Belastung durch UVA- und UVB-Strahlen zu sch\u00fctzen.<\/p>\n<p>Obagi Sun Shield Matte\u2122 Broad Spectrum SPF&nbsp;50 bietet Breitspektrumschutz, Sonnenschutzfaktor&nbsp;50 mit chemischen und physikalischen Inhaltsstoffen. Zinkoxid lenkt die UV-Strahlen ab, w\u00e4hrend Homosalate und Octisalate die Strahlung absorbieren und abgeben.<\/p>\n<p>Obagi Sun Shield Matte\u2122 hat ein mattes Finish, um \u00d6ligkeit und Glanz zu verhindern, ist nicht komedogen (verstopft also nicht die Poren), hypoallergen, parf\u00fcmfrei und dermatologisch getestet, wodurch sie f\u00fcr alle Hauttypen geeignet ist. Ein unverzichtbarer Schritt in deinem morgendlichen Hautpflegesystem, geeignet f\u00fcr alle Obagi Systeme.<\/p>\n<p><em>Wusstest du das?<\/em> T\u00e4gliche UVA- und UVB-Strahlung ohne LSF-Schutz sch\u00e4digt das Kollagen und Elastin deiner Haut und verursacht kurzfristige Effekte wie Verbrennungen und langfristige Probleme wie feine Linien, Falten und dunkle Flecken. Die Exposition gegen\u00fcber UV-Strahlen tr\u00e4gt zur Entstehung von Hautkrebs bei.<\/p>\n","protected":false},"excerpt":{"rendered":"<p>Obagi Sun Shield Matte\u2122 Broad Spectrum SPF&nbsp;50 bietet Breitspektrum-Schutz sowohl vor UVA- als auch vor UVB-Strahlen in einem schieren, matten Finish, um den Glanz zu reduzieren sowie Sonnenschutzfaktor&nbsp;50 durch chemische und physikalische Inhaltsstoffe. Zinkoxid lenkt die UV-Strahlen ab, w\u00e4hrend Homosalate und Ostisalate die Strahlung absorbieren und abgeben. SPF&nbsp;50 wird von der Skin Cancer Foundation f\u00fcr [&hellip;]<\/p>\n","protected":false},"featured_media":36216,"comment_status":"open","ping_status":"closed","template":"","meta":{"_acf_changed":false},"product_brand":[],"product_cat":[547,408,548,409,550,410,412,541,542,401,543,404,544,405,545,406,546,407],"product_tag":[],"class_list":{"0":"post-29480","1":"product","2":"type-product","3":"status-publish","4":"has-post-thumbnail","6":"product_cat-zu-akne-neigende-haut","7":"product_cat-mischhaut","8":"product_cat-hyperpigmentation-de","9":"product_cat-normale-haut","10":"product_cat-bestseller","11":"product_cat-sonnenschutz","12":"product_cat-obagi-sun-protection-de","13":"product_cat-empfindliche-haut","14":"product_cat-trockene-haut","15":"product_cat-fettige-haut","16":"product_cat-reifer-hauttyp","17":"product_cat-alternde-haut-einschlieslich-feiner-linien-und-faltchen","18":"product_cat-rosacea-de","19":"product_cat-fahle-haut","20":"product_cat-dehydrierte-haut","21":"product_cat-sonnenschaden","22":"product_cat-durch-maskne-strapazierte-haut","23":"product_cat-raue-haut","25":"first","26":"outofstock","27":"taxable","28":"shipping-taxable","29":"purchasable","30":"product-type-simple"},"acf":[],"_links":{"self":[{"href":"https:\/\/pureobagi.com\/de\/wp-json\/wp\/v2\/product\/29480","targetHints":{"allow":["GET"]}}],"collection":[{"href":"https:\/\/pureobagi.com\/de\/wp-json\/wp\/v2\/product"}],"about":[{"href":"https:\/\/pureobagi.com\/de\/wp-json\/wp\/v2\/types\/product"}],"replies":[{"embeddable":true,"href":"https:\/\/pureobagi.com\/de\/wp-json\/wp\/v2\/comments?post=29480"}],"wp:featuredmedia":[{"embeddable":true,"href":"https:\/\/pureobagi.com\/de\/wp-json\/wp\/v2\/media\/36216"}],"wp:attachment":[{"href":"https:\/\/pureobagi.com\/de\/wp-json\/wp\/v2\/media?parent=29480"}],"wp:term":[{"taxonomy":"product_brand","embeddable":true,"href":"https:\/\/pureobagi.com\/de\/wp-json\/wp\/v2\/product_brand?post=29480"},{"taxonomy":"product_cat","embeddable":true,"href":"https:\/\/pureobagi.com\/de\/wp-json\/wp\/v2\/product_cat?post=29480"},{"taxonomy":"product_tag","embeddable":true,"href":"https:\/\/pureobagi.com\/de\/wp-json\/wp\/v2\/product_tag?post=29480"}],"curies":[{"name":"wp","href":"https:\/\/api.w.org\/{rel}","templated":true}]}}