{"id":29481,"date":"2020-10-14T13:02:26","date_gmt":"2020-10-14T12:02:26","guid":{"rendered":"https:\/\/pureobagi.com\/product\/obagi-c-fx-c-exfoliating-day-lotion\/"},"modified":"2023-01-10T12:36:31","modified_gmt":"2023-01-10T12:36:31","slug":"obagi-c-exfoliating-day-lotion","status":"publish","type":"product","link":"https:\/\/pureobagi.com\/de\/produkt\/obagi-c-exfoliating-day-lotion\/","title":{"rendered":"Obagi-C\u00ae Fx C-Exfoliating Day Lotion"},"content":{"rendered":"<p><strong>Verbessere Hautton, Textur und Helligkeit mit der Obagi-C\u00ae Fx Exfoliating Day Lotion. Diese Lotion reduziert das Erscheinungsbild von dunklen Flecken und fahler Haut und peelt sanft, um eine neue, hellere und gesund aussehende Haut zu enth\u00fcllen.<\/strong><\/p>\n<p>Die Obagi-C\u00ae Fx C-Exfoliating Day Lotion ist eine leichte Feuchtigkeitspflege, die bei t\u00e4glicher Anwendung hilft, den Hautton aufzuhellen und zu gl\u00e4tten und die Haut zu peelen. Sanft genug, um jeden Tag verwendet zu werden, ohne Trockenheit, Schuppenbildung oder Irritationen.<\/p>\n<p>Enth\u00fclle eine neue, glattere und strahlendere Haut mit der Obagi-C\u00ae Fx C-Exfoliating Day Lotion. Enth\u00e4lt Glykols\u00e4ure, ein starkes AHA, das die Haut chemisch peelt und den Zellumsatz erh\u00f6ht. Au\u00dferdem enth\u00e4lt die Formel Kamillenextrakt, um Entz\u00fcndungen zu bek\u00e4mpfen und feuchtigkeitsspendende Inhaltsstoffe wie Glycerin und Hyalurons\u00e4ure, um den Feuchtigkeitsgehalt der Haut zu verbessern, die Haut aufzupolstern und das Erscheinungsbild von feinen Linien und Falten zu reduzieren.<\/p>\n<p>Die Obagi-C\u00ae Fx C-Exfoliating Day Lotion enth\u00e4lt au\u00dferdem 10&nbsp;% L-Ascorbins\u00e4ure (Vitamin&nbsp;C), um den Hautton aufzuhellen und zu gl\u00e4tten und einen sofortigen Glow zu verleihen. Vitamin&nbsp;C hilft auch dabei, das Erscheinungsbild von feinen Linien und Falten zu reduzieren, die Kollagenproduktion zu verbessern und die Haut vor zuk\u00fcnftigen Sch\u00e4den durch freie Radikale zu sch\u00fctzen.<\/p>\n<p>Die Obagi-C\u00ae Fx C-Exfoliating Day Lotion ist ein wichtiger Schritt im Obagi-C\u00ae Fx-System f\u00fcr normale bis trockene Haut. Sie reduziert Hyperpigmentierungen und die sichtbaren Zeichen der Hautalterung und verleiht deiner Haut einen strahlenden, verj\u00fcngten und gesund aussehenden Teint.<\/p>\n<p>*Sonnenbrandalarm: Dieses Produkt enth\u00e4lt eine Alpha-Hydroxys\u00e4ure (AHA), die die Empfindlichkeit deiner Haut gegen\u00fcber der Sonne und insbesondere die M\u00f6glichkeit eines Sonnenbrandes erh\u00f6hen kann. Benutze einen Sonnenschutz, trage sch\u00fctzende Kleidung und schr\u00e4nke die Sonnenexposition w\u00e4hrend der Anwendung dieses Produktes und f\u00fcr eine Woche danach ein.<\/p>\n","protected":false},"excerpt":{"rendered":"<p>Verbessere Hautton, Textur und Helligkeit mit der Obagi-C\u00ae Fx Exfoliating Day Lotion. Diese Lotion reduziert das Erscheinungsbild von dunklen Flecken und fahler Haut und peelt sanft, um eine neue, hellere und gesund aussehende Haut zu enth\u00fcllen. Die Obagi-C\u00ae Fx C-Exfoliating Day Lotion ist eine leichte Feuchtigkeitspflege, die bei t\u00e4glicher Anwendung hilft, den Hautton aufzuhellen und [&hellip;]<\/p>\n","protected":false},"featured_media":36242,"comment_status":"open","ping_status":"closed","template":"","meta":{"_acf_changed":false},"product_brand":[],"product_cat":[401,544,402,548,404,405,406,407,408,409,541,395,542,400,543],"product_tag":[],"class_list":{"0":"post-29481","1":"product","2":"type-product","3":"status-publish","4":"has-post-thumbnail","6":"product_cat-fettige-haut","7":"product_cat-rosacea-de","8":"product_cat-peeling","9":"product_cat-hyperpigmentation-de","10":"product_cat-alternde-haut-einschlieslich-feiner-linien-und-faltchen","11":"product_cat-fahle-haut","12":"product_cat-sonnenschaden","13":"product_cat-raue-haut","14":"product_cat-mischhaut","15":"product_cat-normale-haut","16":"product_cat-empfindliche-haut","17":"product_cat-obagi-c-fx-system-de","18":"product_cat-trockene-haut","19":"product_cat-vitamin-c-de","20":"product_cat-reifer-hauttyp","22":"first","23":"instock","24":"taxable","25":"shipping-taxable","26":"purchasable","27":"product-type-simple"},"acf":[],"_links":{"self":[{"href":"https:\/\/pureobagi.com\/de\/wp-json\/wp\/v2\/product\/29481","targetHints":{"allow":["GET"]}}],"collection":[{"href":"https:\/\/pureobagi.com\/de\/wp-json\/wp\/v2\/product"}],"about":[{"href":"https:\/\/pureobagi.com\/de\/wp-json\/wp\/v2\/types\/product"}],"replies":[{"embeddable":true,"href":"https:\/\/pureobagi.com\/de\/wp-json\/wp\/v2\/comments?post=29481"}],"wp:featuredmedia":[{"embeddable":true,"href":"https:\/\/pureobagi.com\/de\/wp-json\/wp\/v2\/media\/36242"}],"wp:attachment":[{"href":"https:\/\/pureobagi.com\/de\/wp-json\/wp\/v2\/media?parent=29481"}],"wp:term":[{"taxonomy":"product_brand","embeddable":true,"href":"https:\/\/pureobagi.com\/de\/wp-json\/wp\/v2\/product_brand?post=29481"},{"taxonomy":"product_cat","embeddable":true,"href":"https:\/\/pureobagi.com\/de\/wp-json\/wp\/v2\/product_cat?post=29481"},{"taxonomy":"product_tag","embeddable":true,"href":"https:\/\/pureobagi.com\/de\/wp-json\/wp\/v2\/product_tag?post=29481"}],"curies":[{"name":"wp","href":"https:\/\/api.w.org\/{rel}","templated":true}]}}