{"id":29482,"date":"2020-10-14T14:18:50","date_gmt":"2020-10-14T13:18:50","guid":{"rendered":"https:\/\/pureobagi.com\/product\/obagi360-hydrafactor-broad-spectrum-spf-30\/"},"modified":"2025-06-06T11:43:10","modified_gmt":"2025-06-06T10:43:10","slug":"obagi-hydrafactor-spf30","status":"publish","type":"product","link":"https:\/\/pureobagi.com\/de\/produkt\/obagi-hydrafactor-spf30\/","title":{"rendered":"Obagi360 HydraFactor\u00ae Broad Spectrum SPF 30"},"content":{"rendered":"<p><strong>OBAGI360 HydraFactor\u00ae Broad Spectrum SPF&nbsp;30<\/strong> ist eine 2-in-1-Feuchtigkeitspflege und Sonnenschutz, die den ganzen Tag Feuchtigkeit spendet und gleichzeitig vor UVA- und UVB-Sch\u00e4den sch\u00fctzt.<\/p>\n<p>Hol das Beste aus deiner Feuchtigkeitscreme heraus mit OBAGI360 HydraFactor\u00ae Broad Spectrum SPF&nbsp;30.<\/p>\n<p>Diese Doppelfunktions-Feuchtigkeitscreme mit LSF-Schutz ist ideal f\u00fcr die t\u00e4gliche Anwendung. Sie spendet deiner Haut langanhaltende Feuchtigkeit, um sie zu beruhigen und sofort aufzuhellen, w\u00e4hrend der Breitspektrum-UVA- und UVB-Schutz hilft, Sonnensch\u00e4den zu verhindern und zu sch\u00fctzen.<\/p>\n<p>OBAGI360 HydraFactor\u00ae Broad Spectrum SPF&nbsp;30 wurde entwickelt, um die Haut zu sch\u00fctzen, indem es UV-Strahlen absorbiert und sie vom K\u00f6rper abgibt. Glycerin und der innovative Inhaltsstoff Hydromanil (aus Tara-Samen gewonnen) sorgen f\u00fcr eine sofortige Feuchtigkeitszufuhr; die Haut f\u00fchlt sich den ganzen Tag \u00fcber mit Feuchtigkeit versorgt an und verleiht dir ein jugendliches, gesundes Strahlen.<\/p>\n<p>OBAGI360 HydraFactor\u00ae Broad Spectrum SPF&nbsp;30 enth\u00e4lt auch entz\u00fcndungshemmende Inhaltsstoffe, die die Elastizit\u00e4t der Haut f\u00f6rdern, feine Linien und Falten verbessern und andere Zeichen der Hautalterung bek\u00e4mpfen.<\/p>\n<p>Am besten als Teil OBAGI360\u00ae System angewendet, ist die 2-in-1 Feuchtigkeits- und Sonnenschutzcreme ideal f\u00fcr alle, die proaktiv die ersten Anzeichen der Hautalterung bek\u00e4mpfen und sich gegen zuk\u00fcnftige Sch\u00e4den sch\u00fctzen wollen.<\/p>\n","protected":false},"excerpt":{"rendered":"<p>OBAGI360 HydraFactor\u00ae Broad Spectrum SPF&nbsp;30 ist eine 2-in-1-Feuchtigkeitspflege und Sonnenschutz, die den ganzen Tag Feuchtigkeit spendet und gleichzeitig vor UVA- und UVB-Sch\u00e4den sch\u00fctzt. Hol das Beste aus deiner Feuchtigkeitscreme heraus mit OBAGI360 HydraFactor\u00ae Broad Spectrum SPF&nbsp;30. Diese Doppelfunktions-Feuchtigkeitscreme mit LSF-Schutz ist ideal f\u00fcr die t\u00e4gliche Anwendung. Sie spendet deiner Haut langanhaltende Feuchtigkeit, um sie zu [&hellip;]<\/p>\n","protected":false},"featured_media":36779,"comment_status":"open","ping_status":"closed","template":"","meta":{"_acf_changed":false},"product_brand":[],"product_cat":[545,399,551,405,406,407,408,409,410,412,542,543],"product_tag":[],"class_list":{"0":"post-29482","1":"product","2":"type-product","3":"status-publish","4":"has-post-thumbnail","6":"product_cat-dehydrierte-haut","7":"product_cat-feuchtigkeitsspender-und-hydratoren","8":"product_cat-obagi360-system-de","9":"product_cat-fahle-haut","10":"product_cat-sonnenschaden","11":"product_cat-raue-haut","12":"product_cat-mischhaut","13":"product_cat-normale-haut","14":"product_cat-sonnenschutz","15":"product_cat-obagi-sun-protection-de","16":"product_cat-trockene-haut","17":"product_cat-reifer-hauttyp","19":"first","20":"outofstock","21":"taxable","22":"shipping-taxable","23":"purchasable","24":"product-type-simple"},"acf":[],"_links":{"self":[{"href":"https:\/\/pureobagi.com\/de\/wp-json\/wp\/v2\/product\/29482","targetHints":{"allow":["GET"]}}],"collection":[{"href":"https:\/\/pureobagi.com\/de\/wp-json\/wp\/v2\/product"}],"about":[{"href":"https:\/\/pureobagi.com\/de\/wp-json\/wp\/v2\/types\/product"}],"replies":[{"embeddable":true,"href":"https:\/\/pureobagi.com\/de\/wp-json\/wp\/v2\/comments?post=29482"}],"wp:featuredmedia":[{"embeddable":true,"href":"https:\/\/pureobagi.com\/de\/wp-json\/wp\/v2\/media\/36779"}],"wp:attachment":[{"href":"https:\/\/pureobagi.com\/de\/wp-json\/wp\/v2\/media?parent=29482"}],"wp:term":[{"taxonomy":"product_brand","embeddable":true,"href":"https:\/\/pureobagi.com\/de\/wp-json\/wp\/v2\/product_brand?post=29482"},{"taxonomy":"product_cat","embeddable":true,"href":"https:\/\/pureobagi.com\/de\/wp-json\/wp\/v2\/product_cat?post=29482"},{"taxonomy":"product_tag","embeddable":true,"href":"https:\/\/pureobagi.com\/de\/wp-json\/wp\/v2\/product_tag?post=29482"}],"curies":[{"name":"wp","href":"https:\/\/api.w.org\/{rel}","templated":true}]}}