{"id":29485,"date":"2020-10-14T20:07:21","date_gmt":"2020-10-14T19:07:21","guid":{"rendered":"https:\/\/pureobagi.com\/product\/suzanobagimd-intensive-daily-repair-idr\/"},"modified":"2023-04-07T19:03:48","modified_gmt":"2023-04-07T18:03:48","slug":"suzanobagimd-intensive-daily-repair-idr","status":"publish","type":"product","link":"https:\/\/pureobagi.com\/de\/produkt\/suzanobagimd-intensive-daily-repair-idr\/","title":{"rendered":"SUZANOBAGIMD\u2122 Intensive Daily Repair (IDR)"},"content":{"rendered":"<p><strong>SUZANOBAGIMD\u2122 Intensive Daily Repair (IDR) ist eine feuchtigkeitsspendende Lotion, die die Klarheit und Textur der Haut verbessert und die Zeichen der Hautalterung reduziert. Mit PHAs f\u00fcr ein sanftes Peeling, so dass es auch f\u00fcr empfindliche Hauttypen geeignet ist.<\/strong><\/p>\n<p><strong>SUZAN<\/strong>OBAGI<strong>MD\u2122<\/strong> Intensive Daily Repair (IDR) minimiert das Erscheinungsbild von Poren und die sichtbaren Zeichen der Hautalterung. Mit Polyhydroxys\u00e4uren (PHA) f\u00fcr ein sanftes Peeling, Peptiden und Antioxidantien, um die Haut vor freien Radikalen und anderen Umweltsch\u00e4den zu sch\u00fctzen, sowie Kamillenextrakt zur Beruhigung der Haut.<\/p>\n<p>Die Haut f\u00fchlt sich jeden Tag repariert und erneuert an, und die Barrierefunktion deiner Haut ist vollst\u00e4ndig gesch\u00fctzt.<\/p>\n<p>Wusstest du schon: Regelm\u00e4\u00dfiges Peeling hilft, deine Haut glatt und gesund zu halten. Es entfernt stumpfe, abgestorbene Hautzellen, um neue, frische Hautzellen darunter freizulegen.<\/p>\n","protected":false},"excerpt":{"rendered":"<p>SUZANOBAGIMD\u2122 Intensive Daily Repair (IDR) ist eine feuchtigkeitsspendende Lotion, die die Klarheit und Textur der Haut verbessert und die Zeichen der Hautalterung reduziert. Mit PHAs f\u00fcr ein sanftes Peeling, so dass es auch f\u00fcr empfindliche Hauttypen geeignet ist. SUZANOBAGIMD\u2122 Intensive Daily Repair (IDR) minimiert das Erscheinungsbild von Poren und die sichtbaren Zeichen der Hautalterung. Mit [&hellip;]<\/p>\n","protected":false},"featured_media":38697,"comment_status":"open","ping_status":"closed","template":"","meta":{"_acf_changed":false},"product_brand":[],"product_cat":[406,558,408,409,541,542,543,544,545,402,546,404,547,405,548],"product_tag":[],"class_list":{"0":"post-29485","1":"product","2":"type-product","3":"status-publish","4":"has-post-thumbnail","6":"product_cat-sonnenschaden","7":"product_cat-suzanobagimd-de","8":"product_cat-mischhaut","9":"product_cat-normale-haut","10":"product_cat-empfindliche-haut","11":"product_cat-trockene-haut","12":"product_cat-reifer-hauttyp","13":"product_cat-rosacea-de","14":"product_cat-dehydrierte-haut","15":"product_cat-peeling","16":"product_cat-durch-maskne-strapazierte-haut","17":"product_cat-alternde-haut-einschlieslich-feiner-linien-und-faltchen","18":"product_cat-zu-akne-neigende-haut","19":"product_cat-fahle-haut","20":"product_cat-hyperpigmentation-de","22":"first","23":"instock","24":"taxable","25":"shipping-taxable","26":"purchasable","27":"product-type-simple"},"acf":[],"_links":{"self":[{"href":"https:\/\/pureobagi.com\/de\/wp-json\/wp\/v2\/product\/29485","targetHints":{"allow":["GET"]}}],"collection":[{"href":"https:\/\/pureobagi.com\/de\/wp-json\/wp\/v2\/product"}],"about":[{"href":"https:\/\/pureobagi.com\/de\/wp-json\/wp\/v2\/types\/product"}],"replies":[{"embeddable":true,"href":"https:\/\/pureobagi.com\/de\/wp-json\/wp\/v2\/comments?post=29485"}],"wp:featuredmedia":[{"embeddable":true,"href":"https:\/\/pureobagi.com\/de\/wp-json\/wp\/v2\/media\/38697"}],"wp:attachment":[{"href":"https:\/\/pureobagi.com\/de\/wp-json\/wp\/v2\/media?parent=29485"}],"wp:term":[{"taxonomy":"product_brand","embeddable":true,"href":"https:\/\/pureobagi.com\/de\/wp-json\/wp\/v2\/product_brand?post=29485"},{"taxonomy":"product_cat","embeddable":true,"href":"https:\/\/pureobagi.com\/de\/wp-json\/wp\/v2\/product_cat?post=29485"},{"taxonomy":"product_tag","embeddable":true,"href":"https:\/\/pureobagi.com\/de\/wp-json\/wp\/v2\/product_tag?post=29485"}],"curies":[{"name":"wp","href":"https:\/\/api.w.org\/{rel}","templated":true}]}}