{"id":29487,"date":"2020-10-14T16:09:47","date_gmt":"2020-10-14T15:09:47","guid":{"rendered":"https:\/\/pureobagi.com\/product\/obagi-professional-c-serum-20\/"},"modified":"2023-05-06T15:15:42","modified_gmt":"2023-05-06T14:15:42","slug":"obagi-professional-c-serum-20","status":"publish","type":"product","link":"https:\/\/pureobagi.com\/de\/produkt\/obagi-professional-c-serum-20\/","title":{"rendered":"Obagi Professional-C\u00ae Serum 20%"},"content":{"rendered":"<p><strong>Obagi Professional-C<sup>\u00ae<\/sup> Serum 20&nbsp;% bietet ultimativen antioxidativen Schutz und sofortige Ausstrahlung. Geeignet f\u00fcr normale bis fettige Haut.<\/strong><\/p>\n<p>Obagi Professional-C<sup>\u00ae<\/sup> Serum 20&nbsp;% ist das am h\u00f6chsten konzentrierte Vitamin&nbsp;C Serum in der Obagi Professional-C<sup>\u00ae<\/sup>-Reihe.<\/p>\n<p>Eine starke und kraftvolle Formel, Obagi Professional-C<sup>\u00ae <\/sup>Serum 20&nbsp;% hilft, die Sichtbarkeit von feinen Linien und Falten zu reduzieren, gleicht den Hautton aus und bewahrt die Hautfeuchtigkeit, was dir einen helleren, gesund aussehenden Teint verleiht.<\/p>\n<p>Mit 20&nbsp;% L-Ascorbins\u00e4ure (die st\u00e4rkste Form von Vitamin&nbsp;C), um die Haut zu beruhigen und aufzuhellen, sowie Feuchtigkeit zu bewahren, verleiht dieses Gesichtsserum einen sofortigen Glanz, ohne die Haut fettig zu machen. Am besten geeignet f\u00fcr normale bis fettige Hauttypen.<\/p>\n<p>Wusstest du schon: Freie Radikale zerst\u00f6ren das Kollagen und Elastin deiner Haut, was zu einer vorzeitigen Hautalterung f\u00fchrt \u2013 die Ursache f\u00fcr feine Linien, Falten und dunkle Flecken. Vitamin&nbsp;C regt die Produktion von neuem Kollagen an, reduziert feine Linien und F\u00e4ltchen und sch\u00fctzt deine Haut vor sch\u00e4dlichen freien Radikalen und UV-Strahlung.<\/p>\n","protected":false},"excerpt":{"rendered":"<p>Obagi Professional-C\u00ae Serum 20&nbsp;% bietet ultimativen antioxidativen Schutz und sofortige Ausstrahlung. Geeignet f\u00fcr normale bis fettige Haut. Obagi Professional-C\u00ae Serum 20&nbsp;% ist das am h\u00f6chsten konzentrierte Vitamin&nbsp;C Serum in der Obagi Professional-C\u00ae-Reihe. Eine starke und kraftvolle Formel, Obagi Professional-C\u00ae Serum 20&nbsp;% hilft, die Sichtbarkeit von feinen Linien und Falten zu reduzieren, gleicht den Hautton aus [&hellip;]<\/p>\n","protected":false},"featured_media":36205,"comment_status":"open","ping_status":"closed","template":"","meta":{"_acf_changed":false},"product_brand":[],"product_cat":[408,409,543,548,397,550,400,401,404,405,406,407],"product_tag":[],"class_list":{"0":"post-29487","1":"product","2":"type-product","3":"status-publish","4":"has-post-thumbnail","6":"product_cat-mischhaut","7":"product_cat-normale-haut","8":"product_cat-reifer-hauttyp","9":"product_cat-hyperpigmentation-de","10":"product_cat-professional-c-portfolio-de","11":"product_cat-bestseller","12":"product_cat-vitamin-c-de","13":"product_cat-fettige-haut","14":"product_cat-alternde-haut-einschlieslich-feiner-linien-und-faltchen","15":"product_cat-fahle-haut","16":"product_cat-sonnenschaden","17":"product_cat-raue-haut","19":"first","20":"instock","21":"taxable","22":"shipping-taxable","23":"purchasable","24":"product-type-simple"},"acf":[],"_links":{"self":[{"href":"https:\/\/pureobagi.com\/de\/wp-json\/wp\/v2\/product\/29487","targetHints":{"allow":["GET"]}}],"collection":[{"href":"https:\/\/pureobagi.com\/de\/wp-json\/wp\/v2\/product"}],"about":[{"href":"https:\/\/pureobagi.com\/de\/wp-json\/wp\/v2\/types\/product"}],"replies":[{"embeddable":true,"href":"https:\/\/pureobagi.com\/de\/wp-json\/wp\/v2\/comments?post=29487"}],"wp:featuredmedia":[{"embeddable":true,"href":"https:\/\/pureobagi.com\/de\/wp-json\/wp\/v2\/media\/36205"}],"wp:attachment":[{"href":"https:\/\/pureobagi.com\/de\/wp-json\/wp\/v2\/media?parent=29487"}],"wp:term":[{"taxonomy":"product_brand","embeddable":true,"href":"https:\/\/pureobagi.com\/de\/wp-json\/wp\/v2\/product_brand?post=29487"},{"taxonomy":"product_cat","embeddable":true,"href":"https:\/\/pureobagi.com\/de\/wp-json\/wp\/v2\/product_cat?post=29487"},{"taxonomy":"product_tag","embeddable":true,"href":"https:\/\/pureobagi.com\/de\/wp-json\/wp\/v2\/product_tag?post=29487"}],"curies":[{"name":"wp","href":"https:\/\/api.w.org\/{rel}","templated":true}]}}