{"id":29488,"date":"2020-10-14T20:14:59","date_gmt":"2020-10-14T19:14:59","guid":{"rendered":"https:\/\/pureobagi.com\/product\/retivance-in-bathroom-sink-1000x1000\/"},"modified":"2026-04-13T16:46:29","modified_gmt":"2026-04-13T15:46:29","slug":"suzanobagimd-retivance-skin-rejuvenating-complex","status":"publish","type":"product","link":"https:\/\/pureobagi.com\/de\/produkt\/suzanobagimd-retivance-skin-rejuvenating-complex\/","title":{"rendered":"SUZANOBAGIMD Retivance\u00ae Skin Rejuvenating Complex"},"content":{"rendered":"<p><strong>SUZANOBAGIMD Retivance\u00ae Skin Rejuvenating Complex<\/strong> wurde entwickelt, um das Erscheinungsbild von feinen Linien und Falten zu minimieren und gleichzeitig die allgemeine Struktur und den Ton deiner Haut zu verbessern.<\/p>\n<p><strong>SUZAN<\/strong>OBAGI<strong>MD<\/strong> Retivance\u00ae Skin Rejuvenating Complex enth\u00e4lt eine revolution\u00e4re Kombination von Inhaltsstoffen. Retinaldehyd, Retinoid (Vitamin&nbsp;A) und Peptide, um eine wirklich effektive Formel zu schaffen und gleichzeitig Irritationen zu minimieren, mit wenig bis keiner Ausfallzeit. Auch f\u00fcr sensible Hauttypen geeignet.<\/p>\n<p>Retinoide sind der am h\u00e4ufigsten verwendete Inhaltsstoff, um das Auftreten von feinen Linien und Falten und anderen Zeichen der Hautalterung zu reduzieren. Nicht verschreibungspflichtige Formen von Vitamin&nbsp;A werden im K\u00f6rper umgewandelt. W\u00e4hrend Retinol einen zweistufigen Oxidationsprozess durchl\u00e4uft, wird Retinaldehyd direkt von der Haut in Retins\u00e4ure umgewandelt. Retinaldehyd verbessert nachweislich das Erscheinungsbild der Hautfestigkeit und -elastizit\u00e4t, einschlie\u00dflich feiner Linien und F\u00e4ltchen. <strong>SUZAN<\/strong>OBAGI<strong>MD<\/strong> Retivance\u00ae Skin Rejuvenating Complex verwendet Retinaldehyd, einen gut vertr\u00e4glichen Inhaltsstoff f\u00fcr alle Hauttypen, einschlie\u00dflich empfindlicher oder sensibler Haut.<\/p>\n<p>Zus\u00e4tzliche Inhaltsstoffe wie Peptide und Antioxidantien wirken zusammen, um die Ergebnisse zu verbessern und Schutz vor freien Radikalen zu bieten, w\u00e4hrend Kamillenextrakt die Haut beruhigt.<\/p>\n<p><strong>SUZAN<\/strong>OBAGI<strong>MD\u2122<\/strong> ist f\u00fcr die Verwendung mit medizinischen Produkten von Obagi geeignet.<\/p>\n","protected":false},"excerpt":{"rendered":"<p>SUZANOBAGIMD Retivance\u00ae Skin Rejuvenating Complex wurde entwickelt, um das Erscheinungsbild von feinen Linien und Falten zu minimieren und gleichzeitig die allgemeine Struktur und den Ton deiner Haut zu verbessern. SUZANOBAGIMD Retivance\u00ae Skin Rejuvenating Complex enth\u00e4lt eine revolution\u00e4re Kombination von Inhaltsstoffen. Retinaldehyd, Retinoid (Vitamin&nbsp;A) und Peptide, um eine wirklich effektive Formel zu schaffen und gleichzeitig Irritationen [&hellip;]<\/p>\n","protected":false},"featured_media":38652,"comment_status":"open","ping_status":"closed","template":"","meta":{"_acf_changed":false},"product_brand":[],"product_cat":[542,543,544,401,545,404,547,405,548,406,550,407,553,408,558,409,541],"product_tag":[],"class_list":{"0":"post-29488","1":"product","2":"type-product","3":"status-publish","4":"has-post-thumbnail","6":"product_cat-trockene-haut","7":"product_cat-reifer-hauttyp","8":"product_cat-rosacea-de","9":"product_cat-fettige-haut","10":"product_cat-dehydrierte-haut","11":"product_cat-alternde-haut-einschlieslich-feiner-linien-und-faltchen","12":"product_cat-zu-akne-neigende-haut","13":"product_cat-fahle-haut","14":"product_cat-hyperpigmentation-de","15":"product_cat-sonnenschaden","16":"product_cat-bestseller","17":"product_cat-raue-haut","18":"product_cat-retinoide","19":"product_cat-mischhaut","20":"product_cat-suzanobagimd-de","21":"product_cat-normale-haut","22":"product_cat-empfindliche-haut","24":"first","25":"instock","26":"taxable","27":"shipping-taxable","28":"purchasable","29":"product-type-simple"},"acf":[],"_links":{"self":[{"href":"https:\/\/pureobagi.com\/de\/wp-json\/wp\/v2\/product\/29488","targetHints":{"allow":["GET"]}}],"collection":[{"href":"https:\/\/pureobagi.com\/de\/wp-json\/wp\/v2\/product"}],"about":[{"href":"https:\/\/pureobagi.com\/de\/wp-json\/wp\/v2\/types\/product"}],"replies":[{"embeddable":true,"href":"https:\/\/pureobagi.com\/de\/wp-json\/wp\/v2\/comments?post=29488"}],"wp:featuredmedia":[{"embeddable":true,"href":"https:\/\/pureobagi.com\/de\/wp-json\/wp\/v2\/media\/38652"}],"wp:attachment":[{"href":"https:\/\/pureobagi.com\/de\/wp-json\/wp\/v2\/media?parent=29488"}],"wp:term":[{"taxonomy":"product_brand","embeddable":true,"href":"https:\/\/pureobagi.com\/de\/wp-json\/wp\/v2\/product_brand?post=29488"},{"taxonomy":"product_cat","embeddable":true,"href":"https:\/\/pureobagi.com\/de\/wp-json\/wp\/v2\/product_cat?post=29488"},{"taxonomy":"product_tag","embeddable":true,"href":"https:\/\/pureobagi.com\/de\/wp-json\/wp\/v2\/product_tag?post=29488"}],"curies":[{"name":"wp","href":"https:\/\/api.w.org\/{rel}","templated":true}]}}