{"id":29494,"date":"2020-10-14T19:56:57","date_gmt":"2020-10-14T18:56:57","guid":{"rendered":"https:\/\/pureobagi.com\/product\/obagi-hydrate\/"},"modified":"2023-04-04T20:25:10","modified_gmt":"2023-04-04T19:25:10","slug":"obagi-hydrate","status":"publish","type":"product","link":"https:\/\/pureobagi.com\/de\/produkt\/obagi-hydrate\/","title":{"rendered":"Obagi Hydrate\u00ae"},"content":{"rendered":"<p><strong>Obagi Hydrate\u00ae<\/strong> bietet sofortige und ganzt\u00e4gige Feuchtigkeitszufuhr, um die Haut weich und geschmeidig zu halten. Klinisch erprobt f\u00fcr bis zu 8&nbsp;Stunden.<\/p>\n<p>Durch die fortschrittliche Hydromanil-Technologie zur Verhinderung von Wasserverlust auf Oberfl\u00e4chenebene, werden mit Obagi Hydrate\u00ae kontinuierlich feuchtigkeitsspendende Inhaltsstoffe freigesetzt, um deine Haut von innen zu hydratisieren. Die Feuchtigkeitscreme enth\u00e4lt au\u00dferdem Sheabutter, Mangobutter, Avocado\u00f6l und Glycerin, um die Haut zu n\u00e4hren und sie weich und geschmeidig zu halten.<\/p>\n<p>Obagi Hydrate\u00ae ist dermatologisch getestet, nicht reizend, nicht sensibilisierend, allergiegetestet, hypoallergen und verstopft nicht die Poren: somit ist es f\u00fcr alle Hauttypen geeignet! Diese Feuchtigkeitscreme f\u00fcr das Gesicht hilft auch, empfindliche Haut vor den Umweltstressoren, die zu feinen Linien und dunklen Flecken f\u00fchren, zu sch\u00fctzen.<\/p>\n<p>Hol dir sofortige und langanhaltende Feuchtigkeit mit Obagi Hydrate\u00ae, klinisch erwiesen f\u00fcr bis zu 8&nbsp;Stunden.<\/p>\n","protected":false},"excerpt":{"rendered":"<p>Obagi Hydrate\u00ae bietet sofortige und ganzt\u00e4gige Feuchtigkeitszufuhr, um die Haut weich und geschmeidig zu halten. Klinisch erprobt f\u00fcr bis zu 8&nbsp;Stunden. Durch die fortschrittliche Hydromanil-Technologie zur Verhinderung von Wasserverlust auf Oberfl\u00e4chenebene, werden mit Obagi Hydrate\u00ae kontinuierlich feuchtigkeitsspendende Inhaltsstoffe freigesetzt, um deine Haut von innen zu hydratisieren. Die Feuchtigkeitscreme enth\u00e4lt au\u00dferdem Sheabutter, Mangobutter, Avocado\u00f6l und Glycerin, [&hellip;]<\/p>\n","protected":false},"featured_media":36797,"comment_status":"open","ping_status":"closed","template":"","meta":{"_acf_changed":false},"product_brand":[],"product_cat":[543,401,544,404,545,405,546,406,547,407,548,408,409,540,541,396,542,399],"product_tag":[],"class_list":{"0":"post-29494","1":"product","2":"type-product","3":"status-publish","4":"has-post-thumbnail","6":"product_cat-reifer-hauttyp","7":"product_cat-fettige-haut","8":"product_cat-rosacea-de","9":"product_cat-alternde-haut-einschlieslich-feiner-linien-und-faltchen","10":"product_cat-dehydrierte-haut","11":"product_cat-fahle-haut","12":"product_cat-durch-maskne-strapazierte-haut","13":"product_cat-sonnenschaden","14":"product_cat-zu-akne-neigende-haut","15":"product_cat-raue-haut","16":"product_cat-hyperpigmentation-de","17":"product_cat-mischhaut","18":"product_cat-normale-haut","19":"product_cat-nu-derm-fx-system-de","20":"product_cat-empfindliche-haut","21":"product_cat-hydrators-de","22":"product_cat-trockene-haut","23":"product_cat-feuchtigkeitsspender-und-hydratoren","25":"first","26":"instock","27":"taxable","28":"shipping-taxable","29":"purchasable","30":"product-type-simple"},"acf":[],"_links":{"self":[{"href":"https:\/\/pureobagi.com\/de\/wp-json\/wp\/v2\/product\/29494","targetHints":{"allow":["GET"]}}],"collection":[{"href":"https:\/\/pureobagi.com\/de\/wp-json\/wp\/v2\/product"}],"about":[{"href":"https:\/\/pureobagi.com\/de\/wp-json\/wp\/v2\/types\/product"}],"replies":[{"embeddable":true,"href":"https:\/\/pureobagi.com\/de\/wp-json\/wp\/v2\/comments?post=29494"}],"wp:featuredmedia":[{"embeddable":true,"href":"https:\/\/pureobagi.com\/de\/wp-json\/wp\/v2\/media\/36797"}],"wp:attachment":[{"href":"https:\/\/pureobagi.com\/de\/wp-json\/wp\/v2\/media?parent=29494"}],"wp:term":[{"taxonomy":"product_brand","embeddable":true,"href":"https:\/\/pureobagi.com\/de\/wp-json\/wp\/v2\/product_brand?post=29494"},{"taxonomy":"product_cat","embeddable":true,"href":"https:\/\/pureobagi.com\/de\/wp-json\/wp\/v2\/product_cat?post=29494"},{"taxonomy":"product_tag","embeddable":true,"href":"https:\/\/pureobagi.com\/de\/wp-json\/wp\/v2\/product_tag?post=29494"}],"curies":[{"name":"wp","href":"https:\/\/api.w.org\/{rel}","templated":true}]}}