{"id":29495,"date":"2020-12-03T11:29:47","date_gmt":"2020-12-03T11:29:47","guid":{"rendered":"https:\/\/pureobagi.com\/product\/obagi-elastiderm-facial-serum\/"},"modified":"2023-05-31T23:35:55","modified_gmt":"2023-05-31T22:35:55","slug":"obagi-elastiderm-facial-serum","status":"publish","type":"product","link":"https:\/\/pureobagi.com\/de\/produkt\/obagi-elastiderm-facial-serum\/","title":{"rendered":"Obagi ELASTIderm\u00ae Facial Serum"},"content":{"rendered":"<p><strong>Das Obagi ELASTIderm\u00ae Facial Serum ist klinisch erprobt und sorgt f\u00fcr eine straffere Haut, die Wirkung setzt schon in 24&nbsp;Stunden ein. Mit der patentierten Bi-Mineral Contour Complex\u2122-Technologie verbessert das Obagi ELASTIderm\u00ae Facial Serum das Erscheinungsbild von kreppiger Haut im Gesicht, am Hals und Dekollet\u00e9.<\/strong><\/p>\n<p>Gib deiner Haut ihre verlorene Kraft zur\u00fcck. Verbessere das Erscheinungsbild von faltiger Haut im Gesicht, am Hals und am Dekollet\u00e9 mit dem Obagi ELASTIderm\u00ae Facial Serum, das klinisch erwiesenerma\u00dfen f\u00fcr eine straffere Haut sorgt und innerhalb von nur 24 Stunden seine Wirkung entfaltet.<\/p>\n<p>Mit dem patentierten Bi-Mineral Contour Complex\u2122 unterst\u00fctzt dieses fortschrittliche Serum die Hautelastizit\u00e4t und -erschlaffung und sorgt f\u00fcr eine lang anhaltende Verbesserung der Festigkeit. Die Schl\u00fcsselbestandteile Kupfer, Zink und Malonat sind in einer leichten FlexFluid\u2122-Technologie suspendiert. Schon nach der ersten Anwendung kannst du Festigkeit, Spannkraft, Elastizit\u00e4t und ein vermindertes Auftreten der kreppigen Hauttextur feststellen.<\/p>\n<p>Die Formel des Obagi ELASTIderm\u00ae Facial Serum wurde speziell mit Inhaltsstoffen entwickelt, die alle drei Phasen der gesunden Elastinproduktion unterst\u00fctzen, dem Protein, das f\u00fcr eine jugendliche, gesund aussehende Haut verantwortlich ist.<\/p>\n","protected":false},"excerpt":{"rendered":"<p>Das Obagi ELASTIderm\u00ae Facial Serum ist klinisch erprobt und sorgt f\u00fcr eine straffere Haut, die Wirkung setzt schon in 24&nbsp;Stunden ein. Mit der patentierten Bi-Mineral Contour Complex\u2122-Technologie verbessert das Obagi ELASTIderm\u00ae Facial Serum das Erscheinungsbild von kreppiger Haut im Gesicht, am Hals und Dekollet\u00e9. Gib deiner Haut ihre verlorene Kraft zur\u00fcck. Verbessere das Erscheinungsbild von [&hellip;]<\/p>\n","protected":false},"featured_media":37895,"comment_status":"open","ping_status":"closed","template":"","meta":{"_acf_changed":false},"product_brand":[],"product_cat":[542,543,545,550,404,555,405,557,406,407,408,409,541],"product_tag":[],"class_list":{"0":"post-29495","1":"product","2":"type-product","3":"status-publish","4":"has-post-thumbnail","6":"product_cat-trockene-haut","7":"product_cat-reifer-hauttyp","8":"product_cat-dehydrierte-haut","9":"product_cat-bestseller","10":"product_cat-alternde-haut-einschlieslich-feiner-linien-und-faltchen","11":"product_cat-elastiderm-collection-de","12":"product_cat-fahle-haut","13":"product_cat-behandlungen-fur-gesicht-und-hals","14":"product_cat-sonnenschaden","15":"product_cat-raue-haut","16":"product_cat-mischhaut","17":"product_cat-normale-haut","18":"product_cat-empfindliche-haut","20":"first","21":"instock","22":"featured","23":"taxable","24":"shipping-taxable","25":"purchasable","26":"product-type-simple"},"acf":[],"_links":{"self":[{"href":"https:\/\/pureobagi.com\/de\/wp-json\/wp\/v2\/product\/29495","targetHints":{"allow":["GET"]}}],"collection":[{"href":"https:\/\/pureobagi.com\/de\/wp-json\/wp\/v2\/product"}],"about":[{"href":"https:\/\/pureobagi.com\/de\/wp-json\/wp\/v2\/types\/product"}],"replies":[{"embeddable":true,"href":"https:\/\/pureobagi.com\/de\/wp-json\/wp\/v2\/comments?post=29495"}],"wp:featuredmedia":[{"embeddable":true,"href":"https:\/\/pureobagi.com\/de\/wp-json\/wp\/v2\/media\/37895"}],"wp:attachment":[{"href":"https:\/\/pureobagi.com\/de\/wp-json\/wp\/v2\/media?parent=29495"}],"wp:term":[{"taxonomy":"product_brand","embeddable":true,"href":"https:\/\/pureobagi.com\/de\/wp-json\/wp\/v2\/product_brand?post=29495"},{"taxonomy":"product_cat","embeddable":true,"href":"https:\/\/pureobagi.com\/de\/wp-json\/wp\/v2\/product_cat?post=29495"},{"taxonomy":"product_tag","embeddable":true,"href":"https:\/\/pureobagi.com\/de\/wp-json\/wp\/v2\/product_tag?post=29495"}],"curies":[{"name":"wp","href":"https:\/\/api.w.org\/{rel}","templated":true}]}}