{"id":29496,"date":"2020-12-15T23:59:35","date_gmt":"2020-12-15T23:59:35","guid":{"rendered":"https:\/\/pureobagi.com\/product\/obagi-c-fx-c-clarifying-serum-30-ml\/"},"modified":"2023-01-10T12:36:44","modified_gmt":"2023-01-10T12:36:44","slug":"obagi-c-fx-clarifying-serum-30ml","status":"publish","type":"product","link":"https:\/\/pureobagi.com\/de\/produkt\/obagi-c-fx-clarifying-serum-30ml\/","title":{"rendered":"Obagi-C\u00ae Fx C-Clarifying Serum 30ml"},"content":{"rendered":"<p>Obagi-C<sup>\u00ae<\/sup> Fx C-Clarifying Serum ist eine klinisch erprobte Formulierung zur Aufhellung der Haut.<\/p>\n<p>Die wichtigsten Inhaltsstoffe in Obagi-C<sup>\u00ae<\/sup> Fx C-Clarifying Serum sind Arbutin (4 %) and 10 % L-Ascorbins\u00e4ure (Vitamin C).<\/p>\n<p>Arbutin ist ein wichtiger Inhaltsstoff f\u00fcr die Hautaufhellung. Arbutin wirkt, indem es das Erscheinungsbild von Hyperpigmentierungen verbessert und f\u00fcr einen gleichm\u00e4\u00dfigeren Hautton sorgt. L-Ascorbins\u00e4ure ist ein potenter Vertreter des Vitamin\u00a0C. L-Ascorbins\u00e4ure hat antioxidative Eigenschaften, die die Zeichen der Hautalterung minimieren. Vitamin\u00a0C hilft, das Erscheinungsbild von feinen Linien und F\u00e4ltchen zu reduzieren, kurbelt die Kollagenproduktion an und sch\u00fctzt vor zuk\u00fcnftigen Sch\u00e4den. Obagi-C<sup>\u00ae<\/sup> Fx C-Clarifying Serum ist nicht komedogen, verstopft also nicht die Poren.<\/p>\n<p>Am besten verwendet als Teil des Obagi-C<sup>\u00ae<\/sup> Fx-System. Das Obagi-C<sup>\u00ae<\/sup> Fx C-Clarifying Serum verleiht deiner Haut einen strahlenden, gesunden Glanz<\/p>\n<p><em>Wusstest du schon:<\/em> Hyperpigmentierung \u2013 auch bekannt als dunkle Flecken oder Sonnenflecken \u2013 werden durch die \u00dcberproduktion von Melanin verursacht, die durch UV- und Lichtsch\u00e4den, hormonelle Ver\u00e4nderungen und die Genetik hervorgerufen wird.<\/p>\n","protected":false},"excerpt":{"rendered":"<p>Obagi-C\u00ae Fx C-Clarifying Serum ist eine klinisch erprobte Formulierung zur Aufhellung der Haut. Die wichtigsten Inhaltsstoffe in Obagi-C\u00ae Fx C-Clarifying Serum sind Arbutin (4 %) and 10 % L-Ascorbins\u00e4ure (Vitamin C). Arbutin ist ein wichtiger Inhaltsstoff f\u00fcr die Hautaufhellung. Arbutin wirkt, indem es das Erscheinungsbild von Hyperpigmentierungen verbessert und f\u00fcr einen gleichm\u00e4\u00dfigeren Hautton sorgt. L-Ascorbins\u00e4ure [&hellip;]<\/p>\n","protected":false},"featured_media":38612,"comment_status":"open","ping_status":"closed","template":"","meta":{"_acf_changed":false},"product_brand":[],"product_cat":[395,544,400,545,401,548,404,549,405,406,408,409,541,542,543],"product_tag":[],"class_list":{"0":"post-29496","1":"product","2":"type-product","3":"status-publish","4":"has-post-thumbnail","6":"product_cat-obagi-c-fx-system-de","7":"product_cat-rosacea-de","8":"product_cat-vitamin-c-de","9":"product_cat-dehydrierte-haut","10":"product_cat-fettige-haut","11":"product_cat-hyperpigmentation-de","12":"product_cat-alternde-haut-einschlieslich-feiner-linien-und-faltchen","13":"product_cat-hautaufheller","14":"product_cat-fahle-haut","15":"product_cat-sonnenschaden","16":"product_cat-mischhaut","17":"product_cat-normale-haut","18":"product_cat-empfindliche-haut","19":"product_cat-trockene-haut","20":"product_cat-reifer-hauttyp","22":"first","23":"instock","24":"taxable","25":"shipping-taxable","26":"purchasable","27":"product-type-simple"},"acf":[],"_links":{"self":[{"href":"https:\/\/pureobagi.com\/de\/wp-json\/wp\/v2\/product\/29496","targetHints":{"allow":["GET"]}}],"collection":[{"href":"https:\/\/pureobagi.com\/de\/wp-json\/wp\/v2\/product"}],"about":[{"href":"https:\/\/pureobagi.com\/de\/wp-json\/wp\/v2\/types\/product"}],"replies":[{"embeddable":true,"href":"https:\/\/pureobagi.com\/de\/wp-json\/wp\/v2\/comments?post=29496"}],"wp:featuredmedia":[{"embeddable":true,"href":"https:\/\/pureobagi.com\/de\/wp-json\/wp\/v2\/media\/38612"}],"wp:attachment":[{"href":"https:\/\/pureobagi.com\/de\/wp-json\/wp\/v2\/media?parent=29496"}],"wp:term":[{"taxonomy":"product_brand","embeddable":true,"href":"https:\/\/pureobagi.com\/de\/wp-json\/wp\/v2\/product_brand?post=29496"},{"taxonomy":"product_cat","embeddable":true,"href":"https:\/\/pureobagi.com\/de\/wp-json\/wp\/v2\/product_cat?post=29496"},{"taxonomy":"product_tag","embeddable":true,"href":"https:\/\/pureobagi.com\/de\/wp-json\/wp\/v2\/product_tag?post=29496"}],"curies":[{"name":"wp","href":"https:\/\/api.w.org\/{rel}","templated":true}]}}