{"id":29497,"date":"2020-10-14T16:20:25","date_gmt":"2020-10-14T15:20:25","guid":{"rendered":"https:\/\/pureobagi.com\/product\/obagi-professional-c-serum-10\/"},"modified":"2023-05-03T21:45:25","modified_gmt":"2023-05-03T20:45:25","slug":"obagi-professional-c-serum-10","status":"publish","type":"product","link":"https:\/\/pureobagi.com\/de\/produkt\/obagi-professional-c-serum-10\/","title":{"rendered":"Obagi Professional-C\u00ae Serum 10%"},"content":{"rendered":"<p><strong>Obagi Professional-C<sup>\u00ae<\/sup> Serum 10&nbsp;% bietet sanften antioxidativen Schutz und sofortige Ausstrahlung. Geeignet f\u00fcr trockene, gereizte oder empfindliche Haut.<\/strong><\/p>\n<p>Obagi Professional-C<sup>\u00ae<\/sup> Serum 10&nbsp;% ist eine reichhaltige, konzentrierte Vitamin-C-Formel, die sofort in die Haut eindringt und optimale Ergebnisse liefert. Das Gesichtsserum enth\u00e4lt 10&nbsp;% L-Ascorbins\u00e4ure (Vitamin&nbsp;C) und ist sanft genug f\u00fcr irritierte oder empfindliche Haut.<\/p>\n<p>Das Hinzuf\u00fcgen von Vitamin&nbsp;C zu deinem Hautpflegeprogramm hat viele Vorteile f\u00fcr deine Haut. Vitamin&nbsp;C regt die Produktion von neuem Kollagen an, reduziert feine Linien und F\u00e4ltchen und sch\u00fctzt deine Haut vor sch\u00e4dlichen freien Radikalen und UV-Strahlung.<\/p>\n<p>Wenn es in Kombination mit einem kompletten Hautpflegesystem verwendet wird, kann Obagi Professional-C<sup>\u00ae<\/sup> 10&nbsp;% Serum helfen, Feuchtigkeit zu bewahren und Entz\u00fcndungen zu reduzieren.<\/p>\n<p>Wusstest du schon: L-Ascorbins\u00e4ure ist die st\u00e4rkste Form von Vitamin&nbsp;C und hilft, deine Haut zu beruhigen und aufzuhellen, w\u00e4hrend sie gleichzeitig Feuchtigkeit speichert und dir ein sofortiges Strahlen verleiht.<\/p>\n","protected":false},"excerpt":{"rendered":"<p>Obagi Professional-C\u00ae Serum 10&nbsp;% bietet sanften antioxidativen Schutz und sofortige Ausstrahlung. Geeignet f\u00fcr trockene, gereizte oder empfindliche Haut. Obagi Professional-C\u00ae Serum 10&nbsp;% ist eine reichhaltige, konzentrierte Vitamin-C-Formel, die sofort in die Haut eindringt und optimale Ergebnisse liefert. Das Gesichtsserum enth\u00e4lt 10&nbsp;% L-Ascorbins\u00e4ure (Vitamin&nbsp;C) und ist sanft genug f\u00fcr irritierte oder empfindliche Haut. Das Hinzuf\u00fcgen von [&hellip;]<\/p>\n","protected":false},"featured_media":36195,"comment_status":"open","ping_status":"closed","template":"","meta":{"_acf_changed":false},"product_brand":[],"product_cat":[544,397,545,400,548,404,550,405,406,408,409,541,542,543],"product_tag":[],"class_list":{"0":"post-29497","1":"product","2":"type-product","3":"status-publish","4":"has-post-thumbnail","6":"product_cat-rosacea-de","7":"product_cat-professional-c-portfolio-de","8":"product_cat-dehydrierte-haut","9":"product_cat-vitamin-c-de","10":"product_cat-hyperpigmentation-de","11":"product_cat-alternde-haut-einschlieslich-feiner-linien-und-faltchen","12":"product_cat-bestseller","13":"product_cat-fahle-haut","14":"product_cat-sonnenschaden","15":"product_cat-mischhaut","16":"product_cat-normale-haut","17":"product_cat-empfindliche-haut","18":"product_cat-trockene-haut","19":"product_cat-reifer-hauttyp","21":"first","22":"instock","23":"taxable","24":"shipping-taxable","25":"purchasable","26":"product-type-simple"},"acf":[],"_links":{"self":[{"href":"https:\/\/pureobagi.com\/de\/wp-json\/wp\/v2\/product\/29497","targetHints":{"allow":["GET"]}}],"collection":[{"href":"https:\/\/pureobagi.com\/de\/wp-json\/wp\/v2\/product"}],"about":[{"href":"https:\/\/pureobagi.com\/de\/wp-json\/wp\/v2\/types\/product"}],"replies":[{"embeddable":true,"href":"https:\/\/pureobagi.com\/de\/wp-json\/wp\/v2\/comments?post=29497"}],"wp:featuredmedia":[{"embeddable":true,"href":"https:\/\/pureobagi.com\/de\/wp-json\/wp\/v2\/media\/36195"}],"wp:attachment":[{"href":"https:\/\/pureobagi.com\/de\/wp-json\/wp\/v2\/media?parent=29497"}],"wp:term":[{"taxonomy":"product_brand","embeddable":true,"href":"https:\/\/pureobagi.com\/de\/wp-json\/wp\/v2\/product_brand?post=29497"},{"taxonomy":"product_cat","embeddable":true,"href":"https:\/\/pureobagi.com\/de\/wp-json\/wp\/v2\/product_cat?post=29497"},{"taxonomy":"product_tag","embeddable":true,"href":"https:\/\/pureobagi.com\/de\/wp-json\/wp\/v2\/product_tag?post=29497"}],"curies":[{"name":"wp","href":"https:\/\/api.w.org\/{rel}","templated":true}]}}