{"id":29498,"date":"2020-10-14T20:18:01","date_gmt":"2020-10-14T19:18:01","guid":{"rendered":"https:\/\/pureobagi.com\/product\/suzanobagimd-cleansing-wipes\/"},"modified":"2025-06-05T10:28:35","modified_gmt":"2025-06-05T09:28:35","slug":"suzanobagimd-cleansing-wipes","status":"publish","type":"product","link":"https:\/\/pureobagi.com\/de\/produkt\/suzanobagimd-cleansing-wipes\/","title":{"rendered":"SUZANOBAGIMD\u2122 Cleansing Wipes"},"content":{"rendered":"<p><strong>SUZANOBAGIMD\u2122 Cleansing Wipes sind mit BioDTox angereichert; deine L\u00f6sung f\u00fcr die Reinigung unterwegs.<\/strong><\/p>\n<p><strong>SUZAN<\/strong>OBAGI<strong>MD\u2122 <\/strong>Cleansing Wipes reinigen und erfrischen deine Haut schnell und effektiv mit BioDTox; einem antioxidativen Power-Trio aus Aloe, Brokkoli und Zitrusextrakten.<\/p>\n<p>Mit Aloe, um deiner Haut Feuchtigkeit zu spenden und sie zu beruhigen, sowie Brokkoli-Extrakt und Citrus Bioflavanoide, um sie vor freien Radikalen und Umweltschadstoffen zu sch\u00fctzen.<\/p>\n<p>Perfekt f\u00fcr die Anwendung nach dem Fitnessstudio, unterwegs oder nach dem Tragen einer Gesichtsmaske, <strong>SUZAN<\/strong>OBAGI<strong>MD\u2122<\/strong> Cleansing Wipes sind vorgefeuchtet und strukturiert, um \u00fcbersch\u00fcssiges \u00d6l, Make-up, Schmutz und andere Unreinheiten von der Haut zu entfernen, wenn dein komplettes Hautpflegeprogramm unpraktisch ist.<\/p>\n<p>Die <strong>SUZAN<\/strong>OBAGI<strong>MD\u2122<\/strong> Cleansing Wipes sind wie alle anderen Produkte der <strong>SUZAN<\/strong>OBAGI<strong>MD\u2122<\/strong>-Serie hypoallergen, nicht reizend und frei von Parabenen.<\/p>\n","protected":false},"excerpt":{"rendered":"<p>SUZANOBAGIMD\u2122 Cleansing Wipes sind mit BioDTox angereichert; deine L\u00f6sung f\u00fcr die Reinigung unterwegs. SUZANOBAGIMD\u2122 Cleansing Wipes reinigen und erfrischen deine Haut schnell und effektiv mit BioDTox; einem antioxidativen Power-Trio aus Aloe, Brokkoli und Zitrusextrakten. Mit Aloe, um deiner Haut Feuchtigkeit zu spenden und sie zu beruhigen, sowie Brokkoli-Extrakt und Citrus Bioflavanoide, um sie vor freien [&hellip;]<\/p>\n","protected":false},"featured_media":38723,"comment_status":"open","ping_status":"closed","template":"","meta":{"_acf_changed":false},"product_brand":[],"product_cat":[558,404,405,406,408,409,542,543,545,546,548,398],"product_tag":[],"class_list":{"0":"post-29498","1":"product","2":"type-product","3":"status-publish","4":"has-post-thumbnail","6":"product_cat-suzanobagimd-de","7":"product_cat-alternde-haut-einschlieslich-feiner-linien-und-faltchen","8":"product_cat-fahle-haut","9":"product_cat-sonnenschaden","10":"product_cat-mischhaut","11":"product_cat-normale-haut","12":"product_cat-trockene-haut","13":"product_cat-reifer-hauttyp","14":"product_cat-dehydrierte-haut","15":"product_cat-durch-maskne-strapazierte-haut","16":"product_cat-hyperpigmentation-de","17":"product_cat-cleanser","19":"first","20":"outofstock","21":"taxable","22":"shipping-taxable","23":"purchasable","24":"product-type-simple"},"acf":[],"_links":{"self":[{"href":"https:\/\/pureobagi.com\/de\/wp-json\/wp\/v2\/product\/29498","targetHints":{"allow":["GET"]}}],"collection":[{"href":"https:\/\/pureobagi.com\/de\/wp-json\/wp\/v2\/product"}],"about":[{"href":"https:\/\/pureobagi.com\/de\/wp-json\/wp\/v2\/types\/product"}],"replies":[{"embeddable":true,"href":"https:\/\/pureobagi.com\/de\/wp-json\/wp\/v2\/comments?post=29498"}],"wp:featuredmedia":[{"embeddable":true,"href":"https:\/\/pureobagi.com\/de\/wp-json\/wp\/v2\/media\/38723"}],"wp:attachment":[{"href":"https:\/\/pureobagi.com\/de\/wp-json\/wp\/v2\/media?parent=29498"}],"wp:term":[{"taxonomy":"product_brand","embeddable":true,"href":"https:\/\/pureobagi.com\/de\/wp-json\/wp\/v2\/product_brand?post=29498"},{"taxonomy":"product_cat","embeddable":true,"href":"https:\/\/pureobagi.com\/de\/wp-json\/wp\/v2\/product_cat?post=29498"},{"taxonomy":"product_tag","embeddable":true,"href":"https:\/\/pureobagi.com\/de\/wp-json\/wp\/v2\/product_tag?post=29498"}],"curies":[{"name":"wp","href":"https:\/\/api.w.org\/{rel}","templated":true}]}}