{"id":29504,"date":"2020-12-03T11:29:52","date_gmt":"2020-12-03T11:29:52","guid":{"rendered":"https:\/\/pureobagi.com\/product\/obagi-elastiderm-eye-complete-complex-serum\/"},"modified":"2023-05-13T16:53:32","modified_gmt":"2023-05-13T15:53:32","slug":"obagi-elastiderm-eye-complete-complex-serum","status":"publish","type":"product","link":"https:\/\/pureobagi.com\/de\/produkt\/obagi-elastiderm-eye-complete-complex-serum\/","title":{"rendered":"Obagi ELASTIderm\u00ae Eye Complete Complex Serum"},"content":{"rendered":"<p><strong>Obagi ELASTIderm\u00ae Eye Complete Complex Serum<\/strong> wurde speziell entwickelt, um das Auftreten von feinen Linien und F\u00e4ltchen um die Augen zu reduzieren. Mit zus\u00e4tzlichem Koffein, um das Erscheinungsbild von geschwollenen Augen zu reduzieren.<\/p>\n<p>ELASTIderm\u00ae Eye Complete Complex Serum kombiniert den patentierten Bi-Mineral Contour Complex\u2122 mit der Rollerball-Technologie und Koffein, um alternde Augen wiederherzustellen, die Haut zu beruhigen und das Erscheinungsbild von Schwellungen unter den Augen zu reduzieren.<\/p>\n<p>Kr\u00e4henf\u00fc\u00dfe \u2013 die feinen Linien und Falten um die Augen \u2013 sind auch einer der ersten Bereiche, die sich im Alter sichtbar bemerkbar machen.<\/p>\n<p>Das ELASTIderm\u00ae Eye Complete Complex Serum nutzt die patentierte Bi-Mineral Contour Complex\u2122-Technologie, um alternde Augen wiederherzustellen, schlaffe Haut zu straffen und deine Augen wieder zum Strahlen zu bringen.<\/p>\n<p><em>Wusstest du schon: <\/em>Mit zunehmendem Alter wird das Gewebe um deine Augen schw\u00e4cher und Schwellungen und Verf\u00e4rbungen \u2013 auch bekannt als \u201egeschwollene Augen\u201c oder \u201eTr\u00e4nens\u00e4cke\u201c \u2013 k\u00f6nnen h\u00e4ufig auftreten. Geschwollene Tr\u00e4nens\u00e4cke k\u00f6nnen dich \u00e4lter und m\u00fcder aussehen lassen, als du dich f\u00fchlst.<\/p>\n","protected":false},"excerpt":{"rendered":"<p>Obagi ELASTIderm\u00ae Eye Complete Complex Serum wurde speziell entwickelt, um das Auftreten von feinen Linien und F\u00e4ltchen um die Augen zu reduzieren. Mit zus\u00e4tzlichem Koffein, um das Erscheinungsbild von geschwollenen Augen zu reduzieren. ELASTIderm\u00ae Eye Complete Complex Serum kombiniert den patentierten Bi-Mineral Contour Complex\u2122 mit der Rollerball-Technologie und Koffein, um alternde Augen wiederherzustellen, die Haut [&hellip;]<\/p>\n","protected":false},"featured_media":46743,"comment_status":"open","ping_status":"closed","template":"","meta":{"_acf_changed":false},"product_brand":[],"product_cat":[542,543,544,401,545,404,547,405,548,406,555,407,556,408,409,541],"product_tag":[],"class_list":{"0":"post-29504","1":"product","2":"type-product","3":"status-publish","4":"has-post-thumbnail","6":"product_cat-trockene-haut","7":"product_cat-reifer-hauttyp","8":"product_cat-rosacea-de","9":"product_cat-fettige-haut","10":"product_cat-dehydrierte-haut","11":"product_cat-alternde-haut-einschlieslich-feiner-linien-und-faltchen","12":"product_cat-zu-akne-neigende-haut","13":"product_cat-fahle-haut","14":"product_cat-hyperpigmentation-de","15":"product_cat-sonnenschaden","16":"product_cat-elastiderm-collection-de","17":"product_cat-raue-haut","18":"product_cat-augenbehandlungen","19":"product_cat-mischhaut","20":"product_cat-normale-haut","21":"product_cat-empfindliche-haut","23":"first","24":"instock","25":"taxable","26":"shipping-taxable","27":"purchasable","28":"product-type-simple"},"acf":[],"_links":{"self":[{"href":"https:\/\/pureobagi.com\/de\/wp-json\/wp\/v2\/product\/29504","targetHints":{"allow":["GET"]}}],"collection":[{"href":"https:\/\/pureobagi.com\/de\/wp-json\/wp\/v2\/product"}],"about":[{"href":"https:\/\/pureobagi.com\/de\/wp-json\/wp\/v2\/types\/product"}],"replies":[{"embeddable":true,"href":"https:\/\/pureobagi.com\/de\/wp-json\/wp\/v2\/comments?post=29504"}],"wp:featuredmedia":[{"embeddable":true,"href":"https:\/\/pureobagi.com\/de\/wp-json\/wp\/v2\/media\/46743"}],"wp:attachment":[{"href":"https:\/\/pureobagi.com\/de\/wp-json\/wp\/v2\/media?parent=29504"}],"wp:term":[{"taxonomy":"product_brand","embeddable":true,"href":"https:\/\/pureobagi.com\/de\/wp-json\/wp\/v2\/product_brand?post=29504"},{"taxonomy":"product_cat","embeddable":true,"href":"https:\/\/pureobagi.com\/de\/wp-json\/wp\/v2\/product_cat?post=29504"},{"taxonomy":"product_tag","embeddable":true,"href":"https:\/\/pureobagi.com\/de\/wp-json\/wp\/v2\/product_tag?post=29504"}],"curies":[{"name":"wp","href":"https:\/\/api.w.org\/{rel}","templated":true}]}}