{"id":29505,"date":"2021-03-17T16:14:46","date_gmt":"2021-03-17T16:14:46","guid":{"rendered":"https:\/\/pureobagi.com\/product\/obagi-nu-derm-fx-system-normal-bis-fettig\/"},"modified":"2025-06-06T13:55:03","modified_gmt":"2025-06-06T12:55:03","slug":"nu-derm-fx-normal-to-oily","status":"publish","type":"product","link":"https:\/\/pureobagi.com\/de\/produkt\/nu-derm-fx-normal-to-oily\/","title":{"rendered":"Obagi Nu-Derm Fx\u00ae System &#8211; Normal to Oily"},"content":{"rendered":"<p>Enth\u00e4lt:<br \/>\nObagi Nu-Derm<sup>\u00ae<\/sup> Foaming Gel<br \/>\nObagi Nu-Derm<sup>\u00ae<\/sup> Toner<br \/>\nObagi Nu-Derm<sup>\u00ae<\/sup> Clear Fx<br \/>\nObagi Nu-Derm<sup>\u00ae<\/sup> Exfoderm<sup>\u00ae<\/sup> Forte<br \/>\nObagi Hydrate<sup>\u00ae<\/sup> Facial Moisturiser<br \/>\nObagi Nu-Derm<sup>\u00ae<\/sup> Blend Fx<br \/>\nOBAGI360 Retinol&nbsp;0.5<br \/>\nObagi Sun Shield Matte<sup>\u2122<\/sup> Broad Spectrum SPF&nbsp;50<\/p>\n<p>F\u00fcr fettige bis normale Haut. Obagi Nu-Derm Fx<sup>\u00ae<\/sup> Das Kit verbessert effektiv das Erscheinungsbild von Hyperpigmentierungen und l\u00e4sst die Haut heller und strahlender aussehen.<br \/>\nMit nat\u00fcrlichen, vitaminreichen Inhaltsstoffen, vollgepackt mit Antioxidantien wie Mangobutter, Aloe Vera und Aprikosenkern\u00f6l, die die Haut weich und geschmeidig machen. Enth\u00e4lt au\u00dferdem 7&nbsp;% Arbutin, ein nat\u00fcrliches und effektives Mittel zur Hautaufhellung, um das Erscheinungsbild des Hauttons f\u00fcr eine ges\u00fcndere, strahlende Haut zu verbessern.<\/p>\n","protected":false},"excerpt":{"rendered":"<p>Enth\u00e4lt: Obagi Nu-Derm\u00ae Foaming Gel Obagi Nu-Derm\u00ae Toner Obagi Nu-Derm\u00ae Clear Fx Obagi Nu-Derm\u00ae Exfoderm\u00ae Forte Obagi Hydrate\u00ae Facial Moisturiser Obagi Nu-Derm\u00ae Blend Fx OBAGI360 Retinol&nbsp;0.5 Obagi Sun Shield Matte\u2122 Broad Spectrum SPF&nbsp;50 F\u00fcr fettige bis normale Haut. Obagi Nu-Derm Fx\u00ae Das Kit verbessert effektiv das Erscheinungsbild von Hyperpigmentierungen und l\u00e4sst die Haut heller und [&hellip;]<\/p>\n","protected":false},"featured_media":18413,"comment_status":"open","ping_status":"closed","template":"","meta":{"_acf_changed":false},"product_brand":[],"product_cat":[408,409,411,540,543,544,547,401,548,404,552,405,406],"product_tag":[],"class_list":{"0":"post-29505","1":"product","2":"type-product","3":"status-publish","4":"has-post-thumbnail","6":"product_cat-mischhaut","7":"product_cat-normale-haut","8":"product_cat-hautpflege-kits","9":"product_cat-nu-derm-fx-system-de","10":"product_cat-reifer-hauttyp","11":"product_cat-rosacea-de","12":"product_cat-zu-akne-neigende-haut","13":"product_cat-fettige-haut","14":"product_cat-hyperpigmentation-de","15":"product_cat-alternde-haut-einschlieslich-feiner-linien-und-faltchen","16":"product_cat-full-transformation-systeme","17":"product_cat-fahle-haut","18":"product_cat-sonnenschaden","20":"first","21":"outofstock","22":"taxable","23":"shipping-taxable","24":"purchasable","25":"product-type-simple"},"acf":[],"_links":{"self":[{"href":"https:\/\/pureobagi.com\/de\/wp-json\/wp\/v2\/product\/29505","targetHints":{"allow":["GET"]}}],"collection":[{"href":"https:\/\/pureobagi.com\/de\/wp-json\/wp\/v2\/product"}],"about":[{"href":"https:\/\/pureobagi.com\/de\/wp-json\/wp\/v2\/types\/product"}],"replies":[{"embeddable":true,"href":"https:\/\/pureobagi.com\/de\/wp-json\/wp\/v2\/comments?post=29505"}],"wp:featuredmedia":[{"embeddable":true,"href":"https:\/\/pureobagi.com\/de\/wp-json\/wp\/v2\/media\/18413"}],"wp:attachment":[{"href":"https:\/\/pureobagi.com\/de\/wp-json\/wp\/v2\/media?parent=29505"}],"wp:term":[{"taxonomy":"product_brand","embeddable":true,"href":"https:\/\/pureobagi.com\/de\/wp-json\/wp\/v2\/product_brand?post=29505"},{"taxonomy":"product_cat","embeddable":true,"href":"https:\/\/pureobagi.com\/de\/wp-json\/wp\/v2\/product_cat?post=29505"},{"taxonomy":"product_tag","embeddable":true,"href":"https:\/\/pureobagi.com\/de\/wp-json\/wp\/v2\/product_tag?post=29505"}],"curies":[{"name":"wp","href":"https:\/\/api.w.org\/{rel}","templated":true}]}}