{"id":29506,"date":"2020-12-15T21:03:21","date_gmt":"2020-12-15T21:03:21","guid":{"rendered":"https:\/\/pureobagi.com\/product\/suzanobagimd-balancing-toner-200-ml\/"},"modified":"2023-01-10T12:36:37","modified_gmt":"2023-01-10T12:36:37","slug":"suzanobagimd-balancing-toner-200ml","status":"publish","type":"product","link":"https:\/\/pureobagi.com\/de\/produkt\/suzanobagimd-balancing-toner-200ml\/","title":{"rendered":"SUZANOBAGIMD\u2122 Balancing Toner 200ml"},"content":{"rendered":"<p><strong>SUZANOBAGIMD\u2122 Balancing Toner minimiert das Erscheinungsbild der Poren und fettiger Haut<\/strong><\/p>\n<p>Der <strong>SUZAN<\/strong>OBAGI<strong>MD\u2122<\/strong> Balancing Toner enth\u00e4lt das kraftvolle Trio der antioxidativen Inhaltsstoffe Aloe Polyphenole, Brassica Sulforaphan und Citrus Bioflavonoide sowie Hamamelis, um die Haut vor Umweltverunreinigungen zu sch\u00fctzen<\/p>\n<p>\u00dcbersch\u00fcssiges \u00d6l und Unreinheiten werden von der Haut entfernt, w\u00e4hrend der nat\u00fcrliche pH-Wert der Haut sanft wiederhergestellt wird, ohne dass deine Haut nach der Anwendung gl\u00e4nzt.<\/p>\n","protected":false},"excerpt":{"rendered":"<p>&nbsp;<\/p>\n<p>&nbsp;<\/p>\n","protected":false},"featured_media":38677,"comment_status":"open","ping_status":"closed","template":"","meta":{"_acf_changed":false},"product_brand":[],"product_cat":[405,548,406,558,408,409,541,542,543,544,401,545,403,546,404,547],"product_tag":[],"class_list":{"0":"post-29506","1":"product","2":"type-product","3":"status-publish","4":"has-post-thumbnail","6":"product_cat-fahle-haut","7":"product_cat-hyperpigmentation-de","8":"product_cat-sonnenschaden","9":"product_cat-suzanobagimd-de","10":"product_cat-mischhaut","11":"product_cat-normale-haut","12":"product_cat-empfindliche-haut","13":"product_cat-trockene-haut","14":"product_cat-reifer-hauttyp","15":"product_cat-rosacea-de","16":"product_cat-fettige-haut","17":"product_cat-dehydrierte-haut","18":"product_cat-toner","19":"product_cat-durch-maskne-strapazierte-haut","20":"product_cat-alternde-haut-einschlieslich-feiner-linien-und-faltchen","21":"product_cat-zu-akne-neigende-haut","23":"first","24":"instock","25":"taxable","26":"shipping-taxable","27":"purchasable","28":"product-type-simple"},"acf":[],"_links":{"self":[{"href":"https:\/\/pureobagi.com\/de\/wp-json\/wp\/v2\/product\/29506","targetHints":{"allow":["GET"]}}],"collection":[{"href":"https:\/\/pureobagi.com\/de\/wp-json\/wp\/v2\/product"}],"about":[{"href":"https:\/\/pureobagi.com\/de\/wp-json\/wp\/v2\/types\/product"}],"replies":[{"embeddable":true,"href":"https:\/\/pureobagi.com\/de\/wp-json\/wp\/v2\/comments?post=29506"}],"wp:featuredmedia":[{"embeddable":true,"href":"https:\/\/pureobagi.com\/de\/wp-json\/wp\/v2\/media\/38677"}],"wp:attachment":[{"href":"https:\/\/pureobagi.com\/de\/wp-json\/wp\/v2\/media?parent=29506"}],"wp:term":[{"taxonomy":"product_brand","embeddable":true,"href":"https:\/\/pureobagi.com\/de\/wp-json\/wp\/v2\/product_brand?post=29506"},{"taxonomy":"product_cat","embeddable":true,"href":"https:\/\/pureobagi.com\/de\/wp-json\/wp\/v2\/product_cat?post=29506"},{"taxonomy":"product_tag","embeddable":true,"href":"https:\/\/pureobagi.com\/de\/wp-json\/wp\/v2\/product_tag?post=29506"}],"curies":[{"name":"wp","href":"https:\/\/api.w.org\/{rel}","templated":true}]}}