{"id":29507,"date":"2021-03-22T07:05:53","date_gmt":"2021-03-22T07:05:53","guid":{"rendered":"https:\/\/pureobagi.com\/product\/obagi-nu-derm-fx-system-normal-bis-trocken\/"},"modified":"2025-06-06T13:55:51","modified_gmt":"2025-06-06T12:55:51","slug":"nu-derm-fx-system-normal-dry","status":"publish","type":"product","link":"https:\/\/pureobagi.com\/de\/produkt\/nu-derm-fx-system-normal-dry\/","title":{"rendered":"Obagi Nu-Derm Fx\u00ae System &#8211; Normal to Dry"},"content":{"rendered":"<p>Obagi Nu-Derm Fx System &#8211; Normal To Dry<\/p>\n<p>Enth\u00e4lt:<br \/>\nObagi Nu-Derm<sup>\u00ae<\/sup> Gentle Cleanser<br \/>\nObagi Nu-Derm<sup>\u00ae<\/sup> Toner<br \/>\nObagi Nu-Derm<sup>\u00ae<\/sup> Clear Fx<br \/>\nObagi Nu-Derm<sup>\u00ae<\/sup> Exfoderm<sup>\u00ae<\/sup><br \/>\nObagi Nu-Derm<sup>\u00ae<\/sup> Blend Fx<br \/>\nOBAGI360 Retinol&nbsp;0.5<br \/>\nObagi Hydrate<sup>\u00ae<\/sup> Facial Moisturiser<br \/>\nObagi Sun Shield Matte<sup>\u2122<\/sup> Broad Spectrum SPF&nbsp;50<\/p>\n<p>F\u00fcr normale bis trockene Haut. Obagi Nu-Derm Fx<sup>\u00ae<\/sup> Das Kit verbessert effektiv das Erscheinungsbild von Hyperpigmentierungen und l\u00e4sst die Haut heller und strahlender aussehen.<\/p>\n<p>Mit nat\u00fcrlichen, vitaminreichen Inhaltsstoffen, vollgepackt mit Antioxidantien wie Mangobutter, Aloe Vera und Aprikosenkern\u00f6l, die die Haut weich und geschmeidig machen. Enth\u00e4lt au\u00dferdem 7&nbsp;% Arbutin, ein nat\u00fcrliches und effektives Mittel zur Hautaufhellung, um das Erscheinungsbild des Hauttons f\u00fcr eine ges\u00fcndere, strahlende Haut zu verbessern.<\/p>\n","protected":false},"excerpt":{"rendered":"<p>Obagi Nu-Derm Fx System &#8211; Normal To Dry Enth\u00e4lt: Obagi Nu-Derm\u00ae Gentle Cleanser Obagi Nu-Derm\u00ae Toner Obagi Nu-Derm\u00ae Clear Fx Obagi Nu-Derm\u00ae Exfoderm\u00ae Obagi Nu-Derm\u00ae Blend Fx OBAGI360 Retinol&nbsp;0.5 Obagi Hydrate\u00ae Facial Moisturiser Obagi Sun Shield Matte\u2122 Broad Spectrum SPF&nbsp;50 F\u00fcr normale bis trockene Haut. Obagi Nu-Derm Fx\u00ae Das Kit verbessert effektiv das Erscheinungsbild von [&hellip;]<\/p>\n","protected":false},"featured_media":18234,"comment_status":"open","ping_status":"closed","template":"","meta":{"_acf_changed":false},"product_brand":[],"product_cat":[408,552,409,411,540,542,543,544,404,545,405,548,406,549,407,550],"product_tag":[],"class_list":{"0":"post-29507","1":"product","2":"type-product","3":"status-publish","4":"has-post-thumbnail","6":"product_cat-mischhaut","7":"product_cat-full-transformation-systeme","8":"product_cat-normale-haut","9":"product_cat-hautpflege-kits","10":"product_cat-nu-derm-fx-system-de","11":"product_cat-trockene-haut","12":"product_cat-reifer-hauttyp","13":"product_cat-rosacea-de","14":"product_cat-alternde-haut-einschlieslich-feiner-linien-und-faltchen","15":"product_cat-dehydrierte-haut","16":"product_cat-fahle-haut","17":"product_cat-hyperpigmentation-de","18":"product_cat-sonnenschaden","19":"product_cat-hautaufheller","20":"product_cat-raue-haut","21":"product_cat-bestseller","23":"first","24":"outofstock","25":"taxable","26":"shipping-taxable","27":"purchasable","28":"product-type-simple"},"acf":[],"_links":{"self":[{"href":"https:\/\/pureobagi.com\/de\/wp-json\/wp\/v2\/product\/29507","targetHints":{"allow":["GET"]}}],"collection":[{"href":"https:\/\/pureobagi.com\/de\/wp-json\/wp\/v2\/product"}],"about":[{"href":"https:\/\/pureobagi.com\/de\/wp-json\/wp\/v2\/types\/product"}],"replies":[{"embeddable":true,"href":"https:\/\/pureobagi.com\/de\/wp-json\/wp\/v2\/comments?post=29507"}],"wp:featuredmedia":[{"embeddable":true,"href":"https:\/\/pureobagi.com\/de\/wp-json\/wp\/v2\/media\/18234"}],"wp:attachment":[{"href":"https:\/\/pureobagi.com\/de\/wp-json\/wp\/v2\/media?parent=29507"}],"wp:term":[{"taxonomy":"product_brand","embeddable":true,"href":"https:\/\/pureobagi.com\/de\/wp-json\/wp\/v2\/product_brand?post=29507"},{"taxonomy":"product_cat","embeddable":true,"href":"https:\/\/pureobagi.com\/de\/wp-json\/wp\/v2\/product_cat?post=29507"},{"taxonomy":"product_tag","embeddable":true,"href":"https:\/\/pureobagi.com\/de\/wp-json\/wp\/v2\/product_tag?post=29507"}],"curies":[{"name":"wp","href":"https:\/\/api.w.org\/{rel}","templated":true}]}}