{"id":29508,"date":"2021-05-18T15:25:33","date_gmt":"2021-05-18T14:25:33","guid":{"rendered":"https:\/\/pureobagi.com\/product\/obagi-gentle-mens-kit-fuer-normale-bis-trockene-haut\/"},"modified":"2022-01-26T12:57:01","modified_gmt":"2022-01-26T12:57:01","slug":"obagi-gentle-men-kit-normal-dry","status":"publish","type":"product","link":"https:\/\/pureobagi.com\/de\/produkt\/obagi-gentle-men-kit-normal-dry\/","title":{"rendered":"Obagi Gentle Men&#8217;s Kit for Normal-Dry Skin"},"content":{"rendered":"<p>Das Pure Obagi Gentle Men&#39;s Kit f\u00fcr Normale bis Trockene Haut wurde f\u00fcr M\u00e4nner mit empfindlicher Haut entwickelt und reinigt, pflegt und sch\u00fctzt die Haut einfach und effektiv. Der Obagi Nu-Derm\u00ae Gentle Cleanser wurde speziell f\u00fcr normale bis trockene Haut entwickelt und reinigt sie von allt\u00e4glichen Umweltunreinheiten. Das Obagi Professional-C\u00ae Serum 10&nbsp;% hilft, feine Linien und Falten zu bek\u00e4mpfen, w\u00e4hrend es die gesunde Ausstrahlung deiner Haut f\u00f6rdert. Dieses Serum enth\u00e4lt 10&nbsp;% L-Ascorbins\u00e4ure (Vitamin&nbsp;C), was es effektiv, aber sanft zu empfindlicher und gereizter Haut ist. Vervollst\u00e4ndige deine Obagi Hautpflegeroutine mit OBAGI360 HydraFactor\u00ae SPF&nbsp;30 Sunscreen Moisturiser, einem 2-in-1-Bestseller, der Feuchtigkeit und Schutz vor UVA und UVB mit einer Breitspektrum-Formel bietet.<\/p>\n","protected":false},"excerpt":{"rendered":"<p>Das Pure Obagi Gentle Men&#39;s Kit f\u00fcr Normale bis Trockene Haut wurde f\u00fcr M\u00e4nner mit empfindlicher Haut entwickelt und reinigt, pflegt und sch\u00fctzt die Haut einfach und effektiv. Der Obagi Nu-Derm\u00ae Gentle Cleanser wurde speziell f\u00fcr normale bis trockene Haut entwickelt und reinigt sie von allt\u00e4glichen Umweltunreinheiten. Das Obagi Professional-C\u00ae Serum 10&nbsp;% hilft, feine Linien [&hellip;]<\/p>\n","protected":false},"featured_media":28071,"comment_status":"open","ping_status":"closed","template":"","meta":{"_acf_changed":false},"product_brand":[],"product_cat":[410,411,540,541,397,542,398,548,400,551,404,559,406,408,409],"product_tag":[],"class_list":{"0":"post-29508","1":"product","2":"type-product","3":"status-publish","4":"has-post-thumbnail","6":"product_cat-sonnenschutz","7":"product_cat-hautpflege-kits","8":"product_cat-nu-derm-fx-system-de","9":"product_cat-empfindliche-haut","10":"product_cat-professional-c-portfolio-de","11":"product_cat-trockene-haut","12":"product_cat-cleanser","13":"product_cat-hyperpigmentation-de","14":"product_cat-vitamin-c-de","15":"product_cat-obagi360-system-de","16":"product_cat-alternde-haut-einschlieslich-feiner-linien-und-faltchen","17":"product_cat-produktpalette","18":"product_cat-sonnenschaden","19":"product_cat-mischhaut","20":"product_cat-normale-haut","22":"first","23":"instock","24":"taxable","25":"shipping-taxable","26":"purchasable","27":"product-type-simple"},"acf":[],"_links":{"self":[{"href":"https:\/\/pureobagi.com\/de\/wp-json\/wp\/v2\/product\/29508","targetHints":{"allow":["GET"]}}],"collection":[{"href":"https:\/\/pureobagi.com\/de\/wp-json\/wp\/v2\/product"}],"about":[{"href":"https:\/\/pureobagi.com\/de\/wp-json\/wp\/v2\/types\/product"}],"replies":[{"embeddable":true,"href":"https:\/\/pureobagi.com\/de\/wp-json\/wp\/v2\/comments?post=29508"}],"wp:featuredmedia":[{"embeddable":true,"href":"https:\/\/pureobagi.com\/de\/wp-json\/wp\/v2\/media\/28071"}],"wp:attachment":[{"href":"https:\/\/pureobagi.com\/de\/wp-json\/wp\/v2\/media?parent=29508"}],"wp:term":[{"taxonomy":"product_brand","embeddable":true,"href":"https:\/\/pureobagi.com\/de\/wp-json\/wp\/v2\/product_brand?post=29508"},{"taxonomy":"product_cat","embeddable":true,"href":"https:\/\/pureobagi.com\/de\/wp-json\/wp\/v2\/product_cat?post=29508"},{"taxonomy":"product_tag","embeddable":true,"href":"https:\/\/pureobagi.com\/de\/wp-json\/wp\/v2\/product_tag?post=29508"}],"curies":[{"name":"wp","href":"https:\/\/api.w.org\/{rel}","templated":true}]}}