{"id":29509,"date":"2021-03-17T12:02:15","date_gmt":"2021-03-17T12:02:15","guid":{"rendered":"https:\/\/pureobagi.com\/product\/obagi-exfoliating-kit-normal-bis-trocken\/"},"modified":"2021-08-23T11:29:37","modified_gmt":"2021-08-23T10:29:37","slug":"exfoliating-kit-normal-dry","status":"publish","type":"product","link":"https:\/\/pureobagi.com\/de\/produkt\/exfoliating-kit-normal-dry\/","title":{"rendered":"Obagi Exfoliating Kit &#8211; Normal to Dry"},"content":{"rendered":"<p>Enth\u00e4lt:<br \/>\nObagi Nu-Derm<sup>\u00ae<\/sup> Gentle Cleanser<br \/>\nObagi Nu-Derm<sup>\u00ae<\/sup> Toner<br \/>\nObagi Nu-Derm Fx<sup>\u00ae<\/sup> Exfoderm<sup>\u00ae<\/sup><br \/>\nOBAGI360 HydraFactor<sup>\u00ae<\/sup> Broad Spectrum SPF&nbsp;30<\/p>\n<p>Das Obagi Exfoliating Kit f\u00fcr normale bis trockene Haut sorgt f\u00fcr einen strahlenden und glatten Teint, w\u00e4hrend es die Zeichen der Hautalterung bek\u00e4mpft und deine Haut auf m\u00f6gliche zuk\u00fcnftige Sch\u00e4den vorbereitet. Der Obagi Nu-Derm<sup>\u00ae<\/sup> Gentle Cleanser enth\u00e4lt nat\u00fcrliche Inhaltsstoffe, die R\u00fcckst\u00e4nde und Unreinheiten entfernen und dein Gesicht auf den Rest des Tages vorbereiten. Obagi Nu-Derm<sup>\u00ae<\/sup> Gentle Cleanser entfernt effektiv abgestorbene Hautzellen und l\u00e4sst die Haut strahlender und heller aussehen.<\/p>\n<p>OBAGI360 HydraFactor<sup>\u00ae<\/sup> Broad Spectrum SPF&nbsp;30 offenbart einen glatteren, strahlenden Teint, w\u00e4hrend die ersten Anzeichen der Hautalterung proaktiv bek\u00e4mpft und vor zuk\u00fcnftigen Sch\u00e4den gesch\u00fctzt wird. Enth\u00e4lt auch die wichtigen Inhaltsstoffe Aloe und Hamamelis, um die Haut zu beruhigen und zu straffen. Au\u00dferdem sorgen AHAs f\u00fcr ein sanftes Peeling und Hydromanil Technology spendet den ganzen Tag lang Feuchtigkeit.<\/p>\n","protected":false},"excerpt":{"rendered":"<p>Enth\u00e4lt: Obagi Nu-Derm\u00ae Gentle Cleanser Obagi Nu-Derm\u00ae Toner Obagi Nu-Derm Fx\u00ae Exfoderm\u00ae OBAGI360 HydraFactor\u00ae Broad Spectrum SPF&nbsp;30 Das Obagi Exfoliating Kit f\u00fcr normale bis trockene Haut sorgt f\u00fcr einen strahlenden und glatten Teint, w\u00e4hrend es die Zeichen der Hautalterung bek\u00e4mpft und deine Haut auf m\u00f6gliche zuk\u00fcnftige Sch\u00e4den vorbereitet. Der Obagi Nu-Derm\u00ae Gentle Cleanser enth\u00e4lt nat\u00fcrliche [&hellip;]<\/p>\n","protected":false},"featured_media":18481,"comment_status":"open","ping_status":"closed","template":"","meta":{"_acf_changed":false},"product_brand":[],"product_cat":[404,551,405,406,408,411,540,542,543,544,545,402,548],"product_tag":[],"class_list":{"0":"post-29509","1":"product","2":"type-product","3":"status-publish","4":"has-post-thumbnail","6":"product_cat-alternde-haut-einschlieslich-feiner-linien-und-faltchen","7":"product_cat-obagi360-system-de","8":"product_cat-fahle-haut","9":"product_cat-sonnenschaden","10":"product_cat-mischhaut","11":"product_cat-hautpflege-kits","12":"product_cat-nu-derm-fx-system-de","13":"product_cat-trockene-haut","14":"product_cat-reifer-hauttyp","15":"product_cat-rosacea-de","16":"product_cat-dehydrierte-haut","17":"product_cat-peeling","18":"product_cat-hyperpigmentation-de","20":"first","21":"instock","22":"taxable","23":"shipping-taxable","24":"purchasable","25":"product-type-simple"},"acf":[],"_links":{"self":[{"href":"https:\/\/pureobagi.com\/de\/wp-json\/wp\/v2\/product\/29509","targetHints":{"allow":["GET"]}}],"collection":[{"href":"https:\/\/pureobagi.com\/de\/wp-json\/wp\/v2\/product"}],"about":[{"href":"https:\/\/pureobagi.com\/de\/wp-json\/wp\/v2\/types\/product"}],"replies":[{"embeddable":true,"href":"https:\/\/pureobagi.com\/de\/wp-json\/wp\/v2\/comments?post=29509"}],"wp:featuredmedia":[{"embeddable":true,"href":"https:\/\/pureobagi.com\/de\/wp-json\/wp\/v2\/media\/18481"}],"wp:attachment":[{"href":"https:\/\/pureobagi.com\/de\/wp-json\/wp\/v2\/media?parent=29509"}],"wp:term":[{"taxonomy":"product_brand","embeddable":true,"href":"https:\/\/pureobagi.com\/de\/wp-json\/wp\/v2\/product_brand?post=29509"},{"taxonomy":"product_cat","embeddable":true,"href":"https:\/\/pureobagi.com\/de\/wp-json\/wp\/v2\/product_cat?post=29509"},{"taxonomy":"product_tag","embeddable":true,"href":"https:\/\/pureobagi.com\/de\/wp-json\/wp\/v2\/product_tag?post=29509"}],"curies":[{"name":"wp","href":"https:\/\/api.w.org\/{rel}","templated":true}]}}