{"id":29511,"date":"2021-03-19T11:28:36","date_gmt":"2021-03-19T11:28:36","guid":{"rendered":"https:\/\/pureobagi.com\/product\/suzanobagimd-balance-and-refresh-kit\/"},"modified":"2022-05-26T10:30:25","modified_gmt":"2022-05-26T09:30:25","slug":"suzanobagimd-balance-and-refresh-kit","status":"publish","type":"product","link":"https:\/\/pureobagi.com\/de\/produkt\/suzanobagimd-balance-and-refresh-kit\/","title":{"rendered":"SUZANOBAGIMD\u2122 Balance and Refresh Kit"},"content":{"rendered":"<p>SUZANOBAGI<strong>MD<sup>\u2122<\/sup><\/strong> Balance and Refresh Kit<\/p>\n<p>Enth\u00e4lt:<br \/>\n<strong>SUZAN<\/strong>OBAGI<strong>MD<sup>\u2122<\/sup><\/strong> Balancing Toner<br \/>\n<strong>SUZAN<\/strong>OBAGI<strong>MD<sup>\u2122<\/sup><\/strong> Cleansing Wipes<\/p>\n<p><strong>SUZAN<\/strong>OBAGI<strong>MD<sup>\u2122<\/sup><\/strong> sind perfekt f\u00fcr alle, die auf der Suche nach einfachen, effektiven Hautpflegeprodukten sind, die auch empfindliche Haut schonen. Jedes Produkt der <strong>SUZAN<\/strong>OBAGI<strong>MD<sup>\u2122<\/sup><\/strong>-Reihe wurde von Dermatologen getestet, ist hypoallergen und nicht sensibilisierend. Alle <strong>SUZAN<\/strong>OBAGI<strong>MD<sup>\u2122<\/sup><\/strong>-Produkte werden ohne Parabene, synthetische Duft- oder Farbstoffe hergestellt.<\/p>\n<p>Die <strong>SUZAN<\/strong>OBAGI<strong>MD<sup>\u2122<\/sup><\/strong>-Serie enth\u00e4lt eine breite Palette an nat\u00fcrlichen Inhaltsstoffen, darunter Brassica Sulforaphan \u2013 eine gro\u00dfartige Quelle f\u00fcr Vitamin&nbsp;A, um die Regeneration der Hautzellen zu unterst\u00fctzen. Das <strong>SUZAN<\/strong>OBAGI<strong>MD<sup>\u2122<\/sup><\/strong> Balance and Refresh Kit verwendet au\u00dferdem den beliebten Aloe Vera Extrakt, sowie die Anti-Aging-Inhaltsstoffe Vitamin&nbsp;E und Beta-Carotin. Enth\u00e4lt au\u00dferdem Brokkolisamen\u00f6l, das reich an den hautgl\u00e4ttenden Fetts\u00e4uren Omega&nbsp;6 und&nbsp;9 sowie Bioflavonoiden ist.<\/p>\n","protected":false},"excerpt":{"rendered":"<p>SUZANOBAGIMD\u2122 Balance and Refresh Kit Enth\u00e4lt: SUZANOBAGIMD\u2122 Balancing Toner SUZANOBAGIMD\u2122 Cleansing Wipes SUZANOBAGIMD\u2122 sind perfekt f\u00fcr alle, die auf der Suche nach einfachen, effektiven Hautpflegeprodukten sind, die auch empfindliche Haut schonen. Jedes Produkt der SUZANOBAGIMD\u2122-Reihe wurde von Dermatologen getestet, ist hypoallergen und nicht sensibilisierend. Alle SUZANOBAGIMD\u2122-Produkte werden ohne Parabene, synthetische Duft- oder Farbstoffe hergestellt. Die [&hellip;]<\/p>\n","protected":false},"featured_media":18380,"comment_status":"open","ping_status":"closed","template":"","meta":{"_acf_changed":false},"product_brand":[],"product_cat":[398,541,558,559],"product_tag":[],"class_list":{"0":"post-29511","1":"product","2":"type-product","3":"status-publish","4":"has-post-thumbnail","6":"product_cat-cleanser","7":"product_cat-empfindliche-haut","8":"product_cat-suzanobagimd-de","9":"product_cat-produktpalette","11":"first","12":"outofstock","13":"taxable","14":"shipping-taxable","15":"purchasable","16":"product-type-simple"},"acf":[],"_links":{"self":[{"href":"https:\/\/pureobagi.com\/de\/wp-json\/wp\/v2\/product\/29511","targetHints":{"allow":["GET"]}}],"collection":[{"href":"https:\/\/pureobagi.com\/de\/wp-json\/wp\/v2\/product"}],"about":[{"href":"https:\/\/pureobagi.com\/de\/wp-json\/wp\/v2\/types\/product"}],"replies":[{"embeddable":true,"href":"https:\/\/pureobagi.com\/de\/wp-json\/wp\/v2\/comments?post=29511"}],"wp:featuredmedia":[{"embeddable":true,"href":"https:\/\/pureobagi.com\/de\/wp-json\/wp\/v2\/media\/18380"}],"wp:attachment":[{"href":"https:\/\/pureobagi.com\/de\/wp-json\/wp\/v2\/media?parent=29511"}],"wp:term":[{"taxonomy":"product_brand","embeddable":true,"href":"https:\/\/pureobagi.com\/de\/wp-json\/wp\/v2\/product_brand?post=29511"},{"taxonomy":"product_cat","embeddable":true,"href":"https:\/\/pureobagi.com\/de\/wp-json\/wp\/v2\/product_cat?post=29511"},{"taxonomy":"product_tag","embeddable":true,"href":"https:\/\/pureobagi.com\/de\/wp-json\/wp\/v2\/product_tag?post=29511"}],"curies":[{"name":"wp","href":"https:\/\/api.w.org\/{rel}","templated":true}]}}