{"id":29512,"date":"2021-05-18T15:18:14","date_gmt":"2021-05-18T14:18:14","guid":{"rendered":"https:\/\/pureobagi.com\/product\/obagi-fierce-mens-kit-fuer-normale-bis-fettige-haut\/"},"modified":"2022-01-26T12:56:26","modified_gmt":"2022-01-26T12:56:26","slug":"obagi-fierce-men-kit-normal-oily","status":"publish","type":"product","link":"https:\/\/pureobagi.com\/de\/produkt\/obagi-fierce-men-kit-normal-oily\/","title":{"rendered":"Obagi Fierce Men&#8217;s Kit for Normal-Oily Skin"},"content":{"rendered":"<p>Entdecke das Obagi Fierce Men&#39;s Kit f\u00fcr normale bis fettige Haut, eine einfache und dennoch leistungsstarke Vier-Schritte-Routine, die deine Haut reinigt, zum Strahlen bringt, f\u00fcr sie k\u00e4mpft und sie sch\u00fctzt.&nbsp; Obagi-C<sup>\u00ae<\/sup> C-Cleansing Gel ist eine Reinigung mit Vitamin&nbsp;C Antioxidantien, die dir hilft, Unreinheiten zu entfernen und deine Haut vor freien Radikalen zu sch\u00fctzen. Mit dem Obagi Professional-C<sup>\u00ae<\/sup> 15&nbsp;% Serum kannst du deine Haut zum Strahlen bringen und gleichzeitig das Auftreten von feinen Linien und F\u00e4ltchen minimieren. Mit wichtigen Inhaltsstoffen wie Koffein hilft das Obagi ELASTIderm<sup>\u00ae<\/sup> Eye Serum das Erscheinungsbild von geschwollenen Augen zu reduzieren, w\u00e4hrend seine Bi-Mineral Contour Complex\u2122-Technologie deiner Haut die Elastizit\u00e4t zur\u00fcckgibt und ihr hilft, sich zu erholen.<\/p>\n<p>Beende deine einfache Vier-Schritte-Routine mit dem nicht fettenden Obagi Sun Shield&nbsp;Matte<sup>\u2122<\/sup> Broad Spectrum SPF&nbsp;50, der einen Breitbandschutz vor UVA- und UVB-Strahlen bietet, um deine Haut vor Hyperpigmentierung und Sonnenflecken zu sch\u00fctzen.<\/p>\n","protected":false},"excerpt":{"rendered":"<p>Entdecke das Obagi Fierce Men&#39;s Kit f\u00fcr normale bis fettige Haut, eine einfache und dennoch leistungsstarke Vier-Schritte-Routine, die deine Haut reinigt, zum Strahlen bringt, f\u00fcr sie k\u00e4mpft und sie sch\u00fctzt.&nbsp; Obagi-C\u00ae C-Cleansing Gel ist eine Reinigung mit Vitamin&nbsp;C Antioxidantien, die dir hilft, Unreinheiten zu entfernen und deine Haut vor freien Radikalen zu sch\u00fctzen. Mit dem [&hellip;]<\/p>\n","protected":false},"featured_media":28076,"comment_status":"open","ping_status":"closed","template":"","meta":{"_acf_changed":false},"product_brand":[],"product_cat":[404,559,405,408,409,410,395,411,397,412,398,543,399,548,400,555,401,556],"product_tag":[],"class_list":{"0":"post-29512","1":"product","2":"type-product","3":"status-publish","4":"has-post-thumbnail","6":"product_cat-alternde-haut-einschlieslich-feiner-linien-und-faltchen","7":"product_cat-produktpalette","8":"product_cat-fahle-haut","9":"product_cat-mischhaut","10":"product_cat-normale-haut","11":"product_cat-sonnenschutz","12":"product_cat-obagi-c-fx-system-de","13":"product_cat-hautpflege-kits","14":"product_cat-professional-c-portfolio-de","15":"product_cat-obagi-sun-protection-de","16":"product_cat-cleanser","17":"product_cat-reifer-hauttyp","18":"product_cat-feuchtigkeitsspender-und-hydratoren","19":"product_cat-hyperpigmentation-de","20":"product_cat-vitamin-c-de","21":"product_cat-elastiderm-collection-de","22":"product_cat-fettige-haut","23":"product_cat-augenbehandlungen","25":"first","26":"outofstock","27":"taxable","28":"shipping-taxable","29":"purchasable","30":"product-type-simple"},"acf":[],"_links":{"self":[{"href":"https:\/\/pureobagi.com\/de\/wp-json\/wp\/v2\/product\/29512","targetHints":{"allow":["GET"]}}],"collection":[{"href":"https:\/\/pureobagi.com\/de\/wp-json\/wp\/v2\/product"}],"about":[{"href":"https:\/\/pureobagi.com\/de\/wp-json\/wp\/v2\/types\/product"}],"replies":[{"embeddable":true,"href":"https:\/\/pureobagi.com\/de\/wp-json\/wp\/v2\/comments?post=29512"}],"wp:featuredmedia":[{"embeddable":true,"href":"https:\/\/pureobagi.com\/de\/wp-json\/wp\/v2\/media\/28076"}],"wp:attachment":[{"href":"https:\/\/pureobagi.com\/de\/wp-json\/wp\/v2\/media?parent=29512"}],"wp:term":[{"taxonomy":"product_brand","embeddable":true,"href":"https:\/\/pureobagi.com\/de\/wp-json\/wp\/v2\/product_brand?post=29512"},{"taxonomy":"product_cat","embeddable":true,"href":"https:\/\/pureobagi.com\/de\/wp-json\/wp\/v2\/product_cat?post=29512"},{"taxonomy":"product_tag","embeddable":true,"href":"https:\/\/pureobagi.com\/de\/wp-json\/wp\/v2\/product_tag?post=29512"}],"curies":[{"name":"wp","href":"https:\/\/api.w.org\/{rel}","templated":true}]}}