{"id":29513,"date":"2020-12-15T23:45:43","date_gmt":"2020-12-15T23:45:43","guid":{"rendered":"https:\/\/pureobagi.com\/product\/obagi-daily-hydro-drops-facial-serum-30ml\/"},"modified":"2023-05-27T12:47:28","modified_gmt":"2023-05-27T11:47:28","slug":"daily-hydro-drops-facial-serum-30ml","status":"publish","type":"product","link":"https:\/\/pureobagi.com\/de\/produkt\/daily-hydro-drops-facial-serum-30ml\/","title":{"rendered":"Obagi Daily Hydro-Drops\u2122 Facial Serum 30ml"},"content":{"rendered":"<p><strong>Obagi Daily Hydro-Drops\u2122<\/strong> ist ein leichtes, nicht komedogenes, feuchtigkeitsspendendes Serum, das ein glattes und erfrischtes Hautgef\u00fchl hinterl\u00e4sst.<\/p>\n<p>Durch die Mikrofluid-Technologie werden die reinsten Formen des abessinischen Hibiskus\u00f6ls separat suspendiert. Obagi Daily Hydro-Drops\u2122 ist frei von Emulgatoren und erm\u00f6glicht eine sofortige Infusion bei der Anwendung f\u00fcr eine strahlendere, gesund aussehende Haut bei kontinuierlicher Anwendung.<\/p>\n<p>Omega-9- und Omega-6-Fetts\u00e4uren unterst\u00fctzen die nat\u00fcrliche Barrierefunktion der Haut, um Feuchtigkeit zu bewahren, und sch\u00fctzen vor freien Radikalen, UV-Sch\u00e4den und anderen Umwelteinfl\u00fcssen. Zus\u00e4tzlicher antioxidativer Schutz und Vitamin&nbsp;B3 k\u00f6nnen helfen, das Erscheinungsbild von feinen Linien und Falten im Laufe der Zeit zu vermindern.<\/p>\n<p>Obagi Daily Hydro-Drops\u2122 ist hypoallergen, dermatologisch und augen\u00e4rztlich getestet, was bedeutet, dass es sicher f\u00fcr die Anwendung um die Augen ist. Geeignet f\u00fcr Menschen mit empfindlicher oder gereizter Haut, da der Ausschluss von Emulgatoren manchmal das Irritationspotential eines Produktes bei Menschen mit empfindlicher Haut erh\u00f6hen kann.<\/p>\n<p><em>Mythos<\/em>: \u201eFettige Haut braucht keine Feuchtigkeitscreme.\u201c<br \/>\n<em>Fakt:<\/em> Die \u201eguten\u201c \u00d6le k\u00f6nnen tats\u00e4chlich den \u201eschlechten\u201c \u00d6len, die bei fettiger Haut \u00fcberproduziert werden, entgegenwirken und sie somit reduzieren. Diejenigen mit fettiger Haut sollten sich auf eine Feuchtigkeitscreme mit h\u00f6herem Wassergehalt konzentrieren, statt auf ein \u00d6l.<\/p>\n","protected":false},"excerpt":{"rendered":"<p>Obagi Daily Hydro-Drops\u2122 ist ein leichtes, nicht komedogenes, feuchtigkeitsspendendes Serum, das ein glattes und erfrischtes Hautgef\u00fchl hinterl\u00e4sst. Durch die Mikrofluid-Technologie werden die reinsten Formen des abessinischen Hibiskus\u00f6ls separat suspendiert. Obagi Daily Hydro-Drops\u2122 ist frei von Emulgatoren und erm\u00f6glicht eine sofortige Infusion bei der Anwendung f\u00fcr eine strahlendere, gesund aussehende Haut bei kontinuierlicher Anwendung. Omega-9- und [&hellip;]<\/p>\n","protected":false},"featured_media":34516,"comment_status":"open","ping_status":"closed","template":"","meta":{"_acf_changed":false},"product_brand":[],"product_cat":[547,405,548,406,550,408,557,409,541,542,543,396,544,399,545,401,546,404],"product_tag":[],"class_list":{"0":"post-29513","1":"product","2":"type-product","3":"status-publish","4":"has-post-thumbnail","6":"product_cat-zu-akne-neigende-haut","7":"product_cat-fahle-haut","8":"product_cat-hyperpigmentation-de","9":"product_cat-sonnenschaden","10":"product_cat-bestseller","11":"product_cat-mischhaut","12":"product_cat-behandlungen-fur-gesicht-und-hals","13":"product_cat-normale-haut","14":"product_cat-empfindliche-haut","15":"product_cat-trockene-haut","16":"product_cat-reifer-hauttyp","17":"product_cat-hydrators-de","18":"product_cat-rosacea-de","19":"product_cat-feuchtigkeitsspender-und-hydratoren","20":"product_cat-dehydrierte-haut","21":"product_cat-fettige-haut","22":"product_cat-durch-maskne-strapazierte-haut","23":"product_cat-alternde-haut-einschlieslich-feiner-linien-und-faltchen","25":"first","26":"instock","27":"featured","28":"taxable","29":"shipping-taxable","30":"purchasable","31":"product-type-simple"},"acf":[],"_links":{"self":[{"href":"https:\/\/pureobagi.com\/de\/wp-json\/wp\/v2\/product\/29513","targetHints":{"allow":["GET"]}}],"collection":[{"href":"https:\/\/pureobagi.com\/de\/wp-json\/wp\/v2\/product"}],"about":[{"href":"https:\/\/pureobagi.com\/de\/wp-json\/wp\/v2\/types\/product"}],"replies":[{"embeddable":true,"href":"https:\/\/pureobagi.com\/de\/wp-json\/wp\/v2\/comments?post=29513"}],"wp:featuredmedia":[{"embeddable":true,"href":"https:\/\/pureobagi.com\/de\/wp-json\/wp\/v2\/media\/34516"}],"wp:attachment":[{"href":"https:\/\/pureobagi.com\/de\/wp-json\/wp\/v2\/media?parent=29513"}],"wp:term":[{"taxonomy":"product_brand","embeddable":true,"href":"https:\/\/pureobagi.com\/de\/wp-json\/wp\/v2\/product_brand?post=29513"},{"taxonomy":"product_cat","embeddable":true,"href":"https:\/\/pureobagi.com\/de\/wp-json\/wp\/v2\/product_cat?post=29513"},{"taxonomy":"product_tag","embeddable":true,"href":"https:\/\/pureobagi.com\/de\/wp-json\/wp\/v2\/product_tag?post=29513"}],"curies":[{"name":"wp","href":"https:\/\/api.w.org\/{rel}","templated":true}]}}