{"id":29514,"date":"2021-03-19T15:43:33","date_gmt":"2021-03-19T15:43:33","guid":{"rendered":"https:\/\/pureobagi.com\/product\/obagi-vitamin-c-starter-kit\/"},"modified":"2026-04-13T16:57:52","modified_gmt":"2026-04-13T15:57:52","slug":"vitamin-c-starter-set","status":"publish","type":"product","link":"https:\/\/pureobagi.com\/de\/produkt\/vitamin-c-starter-set\/","title":{"rendered":"Obagi Vitamin C Starter Kit"},"content":{"rendered":"<p>Vitamin&nbsp;C Starter Kit<\/p>\n<p>Enth\u00e4lt:<br \/>\nObagi-C<sup>\u00ae<\/sup> C-Cleansing Gel<br \/>\nObagi Professional-C<sup>\u00ae<\/sup> Serum 10&nbsp;%<br \/>\nObagi Hydrate<sup>\u00ae<\/sup> Facial Moisturiser<\/p>\n<p>Das Pure Obagi Vitamin&nbsp;C Starter Kit wurde speziell f\u00fcr Menschen mit empfindlicher und\/oder trockener Haut entwickelt. Das Obagi-C<sup>\u00ae<\/sup> C-Cleansing Gel entfernt \u00d6l und Schmutz von der Hautoberfl\u00e4che und bereitet sie gleichzeitig auf die maximale Aufnahme der restlichen Hautpflege vor. Das Obagi Professional-C<sup>\u00ae<\/sup> Serum 10&nbsp;% ist reich an Antioxidantien, um die Haut vor Sch\u00e4den durch freie Radikale und Umwelteinfl\u00fcsse wie UV-Strahlung zu sch\u00fctzen. Obagi Professional-C<sup>\u00ae<\/sup> Serum 10&nbsp;% ist f\u00fcr trockene oder empfindliche Hauttypen geeignet, sowie f\u00fcr diejenigen, die Vitamin-C-Produkte noch nicht kennen.<\/p>\n<p>Mango- und Sheabutter sind die Hauptbestandteile und die Stars der Obagi Hydrate<sup>\u00ae<\/sup> Facial Moisturiser-Formel, die helfen, deine Haut mit Feuchtigkeit zu versorgen und zu verj\u00fcngen. Noch besser: Die intensiv feuchtigkeitsspendende Obagi Hydrate<sup>\u00ae<\/sup> Facial Moisturiser ist nicht komedogen, was bedeutet, dass sie die Poren nicht verstopft und deine Haut klar und gen\u00e4hrt h\u00e4lt.<\/p>\n","protected":false},"excerpt":{"rendered":"<p>&nbsp;<\/p>\n<p>&nbsp;<\/p>\n<p>&nbsp;<\/p>\n","protected":false},"featured_media":18594,"comment_status":"open","ping_status":"closed","template":"","meta":{"_acf_changed":false},"product_brand":[],"product_cat":[544,397,545,400,548,404,405,408,411,540,541,542,543,395],"product_tag":[],"class_list":{"0":"post-29514","1":"product","2":"type-product","3":"status-publish","4":"has-post-thumbnail","6":"product_cat-rosacea-de","7":"product_cat-professional-c-portfolio-de","8":"product_cat-dehydrierte-haut","9":"product_cat-vitamin-c-de","10":"product_cat-hyperpigmentation-de","11":"product_cat-alternde-haut-einschlieslich-feiner-linien-und-faltchen","12":"product_cat-fahle-haut","13":"product_cat-mischhaut","14":"product_cat-hautpflege-kits","15":"product_cat-nu-derm-fx-system-de","16":"product_cat-empfindliche-haut","17":"product_cat-trockene-haut","18":"product_cat-reifer-hauttyp","19":"product_cat-obagi-c-fx-system-de","21":"first","22":"outofstock","23":"taxable","24":"shipping-taxable","25":"purchasable","26":"product-type-simple"},"acf":[],"_links":{"self":[{"href":"https:\/\/pureobagi.com\/de\/wp-json\/wp\/v2\/product\/29514","targetHints":{"allow":["GET"]}}],"collection":[{"href":"https:\/\/pureobagi.com\/de\/wp-json\/wp\/v2\/product"}],"about":[{"href":"https:\/\/pureobagi.com\/de\/wp-json\/wp\/v2\/types\/product"}],"replies":[{"embeddable":true,"href":"https:\/\/pureobagi.com\/de\/wp-json\/wp\/v2\/comments?post=29514"}],"wp:featuredmedia":[{"embeddable":true,"href":"https:\/\/pureobagi.com\/de\/wp-json\/wp\/v2\/media\/18594"}],"wp:attachment":[{"href":"https:\/\/pureobagi.com\/de\/wp-json\/wp\/v2\/media?parent=29514"}],"wp:term":[{"taxonomy":"product_brand","embeddable":true,"href":"https:\/\/pureobagi.com\/de\/wp-json\/wp\/v2\/product_brand?post=29514"},{"taxonomy":"product_cat","embeddable":true,"href":"https:\/\/pureobagi.com\/de\/wp-json\/wp\/v2\/product_cat?post=29514"},{"taxonomy":"product_tag","embeddable":true,"href":"https:\/\/pureobagi.com\/de\/wp-json\/wp\/v2\/product_tag?post=29514"}],"curies":[{"name":"wp","href":"https:\/\/api.w.org\/{rel}","templated":true}]}}